{"id":34,"date":"2024-04-24T16:35:22","date_gmt":"2024-04-24T16:35:22","guid":{"rendered":"https:\/\/blank.net.do\/globalmedica\/cart\/"},"modified":"2024-04-24T16:35:22","modified_gmt":"2024-04-24T16:35:22","slug":"cart","status":"publish","type":"page","link":"https:\/\/blank.net.do\/globalmedica\/es\/cart\/","title":{"rendered":"Cart"},"content":{"rendered":"<div data-block-name=\"woocommerce\/cart\" class=\"wp-block-woocommerce-cart alignwide is-loading\"><div data-block-name=\"woocommerce\/filled-cart-block\" class=\"wp-block-woocommerce-filled-cart-block\"><div data-block-name=\"woocommerce\/cart-items-block\" class=\"wp-block-woocommerce-cart-items-block\"><div data-block-name=\"woocommerce\/cart-line-items-block\" class=\"wp-block-woocommerce-cart-line-items-block\"><\/div>\n\n<div data-block-name=\"woocommerce\/cart-cross-sells-block\" class=\"wp-block-woocommerce-cart-cross-sells-block\"><h2 class=\"wp-block-heading has-large-font-size\">You may be interested in\u2026<\/h2>\n\n<div data-block-name=\"woocommerce\/cart-cross-sells-products-block\" class=\"wp-block-woocommerce-cart-cross-sells-products-block\"><\/div><\/div><\/div>\n\n<div data-block-name=\"woocommerce\/cart-totals-block\" class=\"wp-block-woocommerce-cart-totals-block\"><div data-block-name=\"woocommerce\/cart-order-summary-block\" class=\"wp-block-woocommerce-cart-order-summary-block\"><div data-block-name=\"woocommerce\/cart-order-summary-heading-block\" class=\"wp-block-woocommerce-cart-order-summary-heading-block\"><\/div><div data-block-name=\"woocommerce\/cart-order-summary-coupon-form-block\" class=\"wp-block-woocommerce-cart-order-summary-coupon-form-block\"><\/div><div data-block-name=\"woocommerce\/cart-order-summary-totals-block\" class=\"wp-block-woocommerce-cart-order-summary-totals-block\">\n<div data-block-name=\"woocommerce\/cart-order-summary-subtotal-block\" class=\"wp-block-woocommerce-cart-order-summary-subtotal-block\"><\/div>\n<div data-block-name=\"woocommerce\/cart-order-summary-discount-block\" class=\"wp-block-woocommerce-cart-order-summary-discount-block\"><\/div>\n<div data-block-name=\"woocommerce\/cart-order-summary-fee-block\" class=\"wp-block-woocommerce-cart-order-summary-fee-block\"><\/div>\n<div data-block-name=\"woocommerce\/cart-order-summary-shipping-block\" class=\"wp-block-woocommerce-cart-order-summary-shipping-block\"><\/div>\n<div data-block-name=\"woocommerce\/cart-order-summary-taxes-block\" class=\"wp-block-woocommerce-cart-order-summary-taxes-block\"><\/div><\/div><\/div>\n\n<div data-block-name=\"woocommerce\/cart-express-payment-block\" class=\"wp-block-woocommerce-cart-express-payment-block\"><\/div>\n\n<div data-block-name=\"woocommerce\/proceed-to-checkout-block\" class=\"wp-block-woocommerce-proceed-to-checkout-block\"><\/div>\n\n<div data-block-name=\"woocommerce\/cart-accepted-payment-methods-block\" class=\"wp-block-woocommerce-cart-accepted-payment-methods-block\"><\/div><\/div><\/div>\n\n<div data-block-name=\"woocommerce\/empty-cart-block\" class=\"wp-block-woocommerce-empty-cart-block\"><h2 class=\"wp-block-heading has-text-align-center with-empty-cart-icon wc-block-cart__empty-cart__title\">Your cart is currently empty!<\/h2>\n\n<hr class=\"wp-block-separator has-alpha-channel-opacity is-style-dots\"\/>\n\n<h2 class=\"wp-block-heading has-text-align-center\">New in store<\/h2>\n\n<div data-block-name=\"woocommerce\/product-new\" data-columns=\"4\" data-rows=\"1\" class=\"wc-block-grid wp-block-product-new wc-block-product-new has-4-columns\"><ul class=\"wc-block-grid__products\"><li class=\"wc-block-grid__product\">\n\t\t\t\t<a href=\"https:\/\/blank.net.do\/globalmedica\/es\/product\/accesorios-de-inmovilizacion-para-radioterapia\/\" class=\"wc-block-grid__product-link\">\n\t\t\t\t\t\n\t\t\t\t\t<div class=\"wc-block-grid__product-image\"><img fetchpriority=\"high\" decoding=\"async\" width=\"300\" height=\"300\" src=\"https:\/\/blank.net.do\/globalmedica\/wp-content\/uploads\/2025\/01\/inmovilizador-1-300x300.jpg\" class=\"attachment-woocommerce_thumbnail size-woocommerce_thumbnail\" alt=\"Accesorios de inmovilizaci\u00f3n para Radioterapia\" srcset=\"https:\/\/blank.net.do\/globalmedica\/wp-content\/uploads\/2025\/01\/inmovilizador-1-300x300.jpg 300w, https:\/\/blank.net.do\/globalmedica\/wp-content\/uploads\/2025\/01\/inmovilizador-1-150x150.jpg 150w, https:\/\/blank.net.do\/globalmedica\/wp-content\/uploads\/2025\/01\/inmovilizador-1-100x100.jpg 100w\" sizes=\"(max-width: 300px) 100vw, 300px\" \/><\/div>\n\t\t\t\t\t<div class=\"wc-block-grid__product-title\">Accesorios de inmovilizaci\u00f3n para Radioterapia<\/div>\n\t\t\t\t<\/a>\n\t\t\t\t<div class=\"wc-block-grid__product-price price\"><\/div>\n\t\t\t\t\n\t\t\t\t<div class=\"wp-block-button wc-block-grid__product-add-to-cart\"><a href=\"https:\/\/blank.net.do\/globalmedica\/es\/product\/accesorios-de-inmovilizacion-para-radioterapia\/\" aria-label=\"Lee m\u00e1s sobre &ldquo;Accesorios de inmovilizaci\u00f3n para Radioterapia&rdquo;\" data-quantity=\"1\" data-product_id=\"2826\" data-product_sku=\"\" data-price=\"0\" rel=\"nofollow\" class=\"wp-block-button__link  add_to_cart_button\">Leer m\u00e1s<\/a><\/div>\n\t\t\t<\/li><li class=\"wc-block-grid__product\">\n\t\t\t\t<a href=\"https:\/\/blank.net.do\/globalmedica\/es\/product\/proteccion-radiologica\/\" class=\"wc-block-grid__product-link\">\n\t\t\t\t\t\n\t\t\t\t\t<div class=\"wc-block-grid__product-image\"><img decoding=\"async\" width=\"300\" height=\"300\" src=\"https:\/\/blank.net.do\/globalmedica\/wp-content\/uploads\/2025\/01\/proteccion-1-300x300.jpg\" class=\"attachment-woocommerce_thumbnail size-woocommerce_thumbnail\" alt=\"Protecci\u00f3n Radiol\u00f3gica\" srcset=\"https:\/\/blank.net.do\/globalmedica\/wp-content\/uploads\/2025\/01\/proteccion-1-300x300.jpg 300w, https:\/\/blank.net.do\/globalmedica\/wp-content\/uploads\/2025\/01\/proteccion-1-150x150.jpg 150w, https:\/\/blank.net.do\/globalmedica\/wp-content\/uploads\/2025\/01\/proteccion-1-100x100.jpg 100w\" sizes=\"(max-width: 300px) 100vw, 300px\" \/><\/div>\n\t\t\t\t\t<div class=\"wc-block-grid__product-title\">Protecci\u00f3n Radiol\u00f3gica<\/div>\n\t\t\t\t<\/a>\n\t\t\t\t<div class=\"wc-block-grid__product-price price\"><\/div>\n\t\t\t\t\n\t\t\t\t<div class=\"wp-block-button wc-block-grid__product-add-to-cart\"><a href=\"https:\/\/blank.net.do\/globalmedica\/es\/product\/proteccion-radiologica\/\" aria-label=\"Lee m\u00e1s sobre &ldquo;Protecci\u00f3n Radiol\u00f3gica&rdquo;\" data-quantity=\"1\" data-product_id=\"2823\" data-product_sku=\"\" data-price=\"0\" rel=\"nofollow\" class=\"wp-block-button__link  add_to_cart_button\">Leer m\u00e1s<\/a><\/div>\n\t\t\t<\/li><li class=\"wc-block-grid__product\">\n\t\t\t\t<a href=\"https:\/\/blank.net.do\/globalmedica\/es\/product\/blindaje-plomado-para-areas-protegidas\/\" class=\"wc-block-grid__product-link\">\n\t\t\t\t\t\n\t\t\t\t\t<div class=\"wc-block-grid__product-image\"><img decoding=\"async\" width=\"300\" height=\"300\" src=\"https:\/\/blank.net.do\/globalmedica\/wp-content\/uploads\/2025\/01\/download-7-300x300.webp\" class=\"attachment-woocommerce_thumbnail size-woocommerce_thumbnail\" alt=\"Blindaje Plomado para \u00c1reas Protegidas\" srcset=\"https:\/\/blank.net.do\/globalmedica\/wp-content\/uploads\/2025\/01\/download-7-300x300.webp 300w, https:\/\/blank.net.do\/globalmedica\/wp-content\/uploads\/2025\/01\/download-7-150x150.webp 150w, https:\/\/blank.net.do\/globalmedica\/wp-content\/uploads\/2025\/01\/download-7-100x100.webp 100w\" sizes=\"(max-width: 300px) 100vw, 300px\" \/><\/div>\n\t\t\t\t\t<div class=\"wc-block-grid__product-title\">Blindaje Plomado para \u00c1reas Protegidas<\/div>\n\t\t\t\t<\/a>\n\t\t\t\t<div class=\"wc-block-grid__product-price price\"><\/div>\n\t\t\t\t\n\t\t\t\t<div class=\"wp-block-button wc-block-grid__product-add-to-cart\"><a href=\"https:\/\/blank.net.do\/globalmedica\/es\/product\/blindaje-plomado-para-areas-protegidas\/\" aria-label=\"Lee m\u00e1s sobre &ldquo;Blindaje Plomado para \u00c1reas Protegidas&rdquo;\" data-quantity=\"1\" data-product_id=\"2822\" data-product_sku=\"\" data-price=\"0\" rel=\"nofollow\" class=\"wp-block-button__link  add_to_cart_button\">Leer m\u00e1s<\/a><\/div>\n\t\t\t<\/li><li class=\"wc-block-grid__product\">\n\t\t\t\t<a href=\"https:\/\/blank.net.do\/globalmedica\/es\/product\/fmd-smart-mri-detector-de-metales-ferromagneticos-dmf\/\" class=\"wc-block-grid__product-link\">\n\t\t\t\t\t\n\t\t\t\t\t<div class=\"wc-block-grid__product-image\"><img loading=\"lazy\" decoding=\"async\" width=\"300\" height=\"300\" src=\"https:\/\/blank.net.do\/globalmedica\/wp-content\/uploads\/2025\/01\/detector-metales-1-300x300.jpg\" class=\"attachment-woocommerce_thumbnail size-woocommerce_thumbnail\" alt=\"FMD Smart MRI Detector de Metales Ferromagn\u00e9ticos (DMF)\" srcset=\"https:\/\/blank.net.do\/globalmedica\/wp-content\/uploads\/2025\/01\/detector-metales-1-300x300.jpg 300w, https:\/\/blank.net.do\/globalmedica\/wp-content\/uploads\/2025\/01\/detector-metales-1-150x150.jpg 150w, https:\/\/blank.net.do\/globalmedica\/wp-content\/uploads\/2025\/01\/detector-metales-1-100x100.jpg 100w\" sizes=\"(max-width: 300px) 100vw, 300px\" \/><\/div>\n\t\t\t\t\t<div class=\"wc-block-grid__product-title\">FMD Smart MRI Detector de Metales Ferromagn\u00e9ticos (DMF)<\/div>\n\t\t\t\t<\/a>\n\t\t\t\t<div class=\"wc-block-grid__product-price price\"><\/div>\n\t\t\t\t\n\t\t\t\t<div class=\"wp-block-button wc-block-grid__product-add-to-cart\"><a href=\"https:\/\/blank.net.do\/globalmedica\/es\/product\/fmd-smart-mri-detector-de-metales-ferromagneticos-dmf\/\" aria-label=\"Lee m\u00e1s sobre &ldquo;FMD Smart MRI Detector de Metales Ferromagn\u00e9ticos (DMF)&rdquo;\" data-quantity=\"1\" data-product_id=\"2817\" data-product_sku=\"\" data-price=\"0\" rel=\"nofollow\" class=\"wp-block-button__link  add_to_cart_button\">Leer m\u00e1s<\/a><\/div>\n\t\t\t<\/li><\/ul><\/div><\/div><\/div>","protected":false},"excerpt":{"rendered":"","protected":false},"author":1,"featured_media":0,"parent":0,"menu_order":0,"comment_status":"closed","ping_status":"closed","template":"","meta":{"footnotes":""},"class_list":["post-34","page","type-page","status-publish","hentry"],"_links":{"self":[{"href":"https:\/\/blank.net.do\/globalmedica\/es\/wp-json\/wp\/v2\/pages\/34","targetHints":{"allow":["GET"]}}],"collection":[{"href":"https:\/\/blank.net.do\/globalmedica\/es\/wp-json\/wp\/v2\/pages"}],"about":[{"href":"https:\/\/blank.net.do\/globalmedica\/es\/wp-json\/wp\/v2\/types\/page"}],"author":[{"embeddable":true,"href":"https:\/\/blank.net.do\/globalmedica\/es\/wp-json\/wp\/v2\/users\/1"}],"replies":[{"embeddable":true,"href":"https:\/\/blank.net.do\/globalmedica\/es\/wp-json\/wp\/v2\/comments?post=34"}],"version-history":[{"count":0,"href":"https:\/\/blank.net.do\/globalmedica\/es\/wp-json\/wp\/v2\/pages\/34\/revisions"}],"wp:attachment":[{"href":"https:\/\/blank.net.do\/globalmedica\/es\/wp-json\/wp\/v2\/media?parent=34"}],"curies":[{"name":"wp","href":"https:\/\/api.w.org\/{rel}","templated":true}]}}