{"id":614,"date":"2024-05-13T09:05:46","date_gmt":"2024-05-13T09:05:46","guid":{"rendered":"https:\/\/blank.net.do\/globalmedica\/?page_id=614"},"modified":"2024-06-14T11:48:44","modified_gmt":"2024-06-14T11:48:44","slug":"nosotros","status":"publish","type":"page","link":"https:\/\/blank.net.do\/globalmedica\/es\/nosotros\/","title":{"rendered":"Nosotros"},"content":{"rendered":"\t\t<div data-elementor-type=\"wp-post\" data-elementor-id=\"614\" class=\"elementor elementor-614\" data-elementor-post-type=\"page\">\n\t\t\t\t<div class=\"elementor-element elementor-element-23dd6b3 e-con-full e-flex e-con e-parent\" data-id=\"23dd6b3\" data-element_type=\"container\">\n\t\t\t\t<div class=\"elementor-element elementor-element-951340f elementor-invisible elementor-widget elementor-widget-image\" data-id=\"951340f\" data-element_type=\"widget\" data-settings=\"{&quot;_animation&quot;:&quot;fadeIn&quot;,&quot;_animation_delay&quot;:100}\" data-widget_type=\"image.default\">\n\t\t\t\t<div class=\"elementor-widget-container\">\n\t\t\t\t\t\t\t\t\t\t\t\t\t<img fetchpriority=\"high\" decoding=\"async\" width=\"1920\" height=\"200\" src=\"https:\/\/blank.net.do\/globalmedica\/wp-content\/uploads\/2024\/05\/titulobarra-01.jpg\" class=\"attachment-full size-full wp-image-631\" alt=\"\" srcset=\"https:\/\/blank.net.do\/globalmedica\/wp-content\/uploads\/2024\/05\/titulobarra-01.jpg 1920w, https:\/\/blank.net.do\/globalmedica\/wp-content\/uploads\/2024\/05\/titulobarra-01-300x31.jpg 300w, https:\/\/blank.net.do\/globalmedica\/wp-content\/uploads\/2024\/05\/titulobarra-01-1024x107.jpg 1024w, https:\/\/blank.net.do\/globalmedica\/wp-content\/uploads\/2024\/05\/titulobarra-01-768x80.jpg 768w, https:\/\/blank.net.do\/globalmedica\/wp-content\/uploads\/2024\/05\/titulobarra-01-1536x160.jpg 1536w, https:\/\/blank.net.do\/globalmedica\/wp-content\/uploads\/2024\/05\/titulobarra-01-18x2.jpg 18w, https:\/\/blank.net.do\/globalmedica\/wp-content\/uploads\/2024\/05\/titulobarra-01-600x63.jpg 600w\" sizes=\"(max-width: 1920px) 100vw, 1920px\" \/>\t\t\t\t\t\t\t\t\t\t\t\t\t<\/div>\n\t\t\t\t<\/div>\n\t\t\t\t<\/div>\n\t\t<div class=\"elementor-element elementor-element-def9947 e-flex e-con-boxed e-con e-parent\" data-id=\"def9947\" data-element_type=\"container\">\n\t\t\t\t\t<div class=\"e-con-inner\">\n\t\t<div class=\"elementor-element elementor-element-3c447dd e-con-full e-flex e-con e-child\" data-id=\"3c447dd\" data-element_type=\"container\">\n\t\t\t\t<div class=\"elementor-element elementor-element-89e2188 gm-h2 max740 elementor-widget__width-inherit elementor-invisible elementor-widget elementor-widget-heading\" data-id=\"89e2188\" data-element_type=\"widget\" data-settings=\"{&quot;_animation&quot;:&quot;fadeIn&quot;,&quot;_animation_delay&quot;:200}\" data-widget_type=\"heading.default\">\n\t\t\t\t<div class=\"elementor-widget-container\">\n\t\t\t<h2 class=\"elementor-heading-title elementor-size-default\">SOBRE NOSOTROS<\/h2>\t\t<\/div>\n\t\t\t\t<\/div>\n\t\t\t\t<div class=\"elementor-element elementor-element-c2c1980 elementor-widget__width-inherit max740 elementor-invisible elementor-widget elementor-widget-text-editor\" data-id=\"c2c1980\" data-element_type=\"widget\" data-settings=\"{&quot;_animation&quot;:&quot;fadeIn&quot;,&quot;_animation_delay&quot;:300}\" data-widget_type=\"text-editor.default\">\n\t\t\t\t<div class=\"elementor-widget-container\">\n\t\t\t\t\t\t\t<p>En Global M\u00e9dica somos <b>Respaldo, Tecnolog\u00eda y Vida<\/b> y nos dedicamos a ofrecer Soluciones Tecnol\u00f3gicas innovadoras en el \u00e1rea de Cuidado de la Salud, espec\u00edficamente en Diagn\u00f3stico por Im\u00e1genes, Soporte de Vida y Tratamiento Oncol\u00f3gico, integrando productos de calidad, Asesor\u00eda Profesional, Servicio T\u00e9cnico y Educaci\u00f3n Continua.<\/p><p>Somos parte de un grupo multinacional con operaciones en el Caribe con m\u00e1s de 37 a\u00f1os siendo Distribuidores Autorizados de General Electric Healthcare y otras grandes marcas del Sector Salud.<\/p><p>El equipo de Servicio T\u00e9cnico complementa nuestro proceso de Asesoramiento Pre y post Venta, cubriendo as\u00ed las necesidades de los clientes. Nuestros Ingenieros de Servicio T\u00e9cnico han sido entrenados y certificados de acuerdo con los lineamientos de nuestros fabricantes.<\/p><p>Nuestros aliados hacen posible que cada uno de nuestros productos sea una esperanza de diagn\u00f3stico y cura para miles de personas en todo el mundo.<\/p>\t\t\t\t\t\t<\/div>\n\t\t\t\t<\/div>\n\t\t\t\t<\/div>\n\t\t<div class=\"elementor-element elementor-element-0a87eb2 e-con-full e-flex elementor-invisible e-con e-child\" data-id=\"0a87eb2\" data-element_type=\"container\" data-settings=\"{&quot;background_background&quot;:&quot;classic&quot;,&quot;animation&quot;:&quot;fadeIn&quot;,&quot;animation_delay&quot;:400}\">\n\t\t\t\t<div class=\"elementor-element elementor-element-44b815c elementor-widget elementor-widget-image\" data-id=\"44b815c\" data-element_type=\"widget\" data-widget_type=\"image.default\">\n\t\t\t\t<div class=\"elementor-widget-container\">\n\t\t\t\t\t\t\t\t\t\t\t\t\t<img decoding=\"async\" width=\"757\" height=\"536\" src=\"https:\/\/blank.net.do\/globalmedica\/wp-content\/uploads\/2024\/05\/nos-01.png\" class=\"attachment-large size-large wp-image-620\" alt=\"\" srcset=\"https:\/\/blank.net.do\/globalmedica\/wp-content\/uploads\/2024\/05\/nos-01.png 757w, https:\/\/blank.net.do\/globalmedica\/wp-content\/uploads\/2024\/05\/nos-01-300x212.png 300w, https:\/\/blank.net.do\/globalmedica\/wp-content\/uploads\/2024\/05\/nos-01-18x12.png 18w, https:\/\/blank.net.do\/globalmedica\/wp-content\/uploads\/2024\/05\/nos-01-600x425.png 600w\" sizes=\"(max-width: 757px) 100vw, 757px\" \/>\t\t\t\t\t\t\t\t\t\t\t\t\t<\/div>\n\t\t\t\t<\/div>\n\t\t\t\t<\/div>\n\t\t\t\t\t<\/div>\n\t\t\t\t<\/div>\n\t\t<div class=\"elementor-element elementor-element-5ca1b5f e-flex e-con-boxed e-con e-parent\" data-id=\"5ca1b5f\" data-element_type=\"container\" data-settings=\"{&quot;background_background&quot;:&quot;classic&quot;}\">\n\t\t\t\t\t<div class=\"e-con-inner\">\n\t\t\t\t<div class=\"elementor-element elementor-element-d62b97a elementor-widget__width-initial elementor-widget elementor-widget-heading\" data-id=\"d62b97a\" data-element_type=\"widget\" data-widget_type=\"heading.default\">\n\t\t\t\t<div class=\"elementor-widget-container\">\n\t\t\t<h2 class=\"elementor-heading-title elementor-size-default\">Nos especializamos en proveer equipamiento m\u00e9dico para el diagn\u00f3stico de innumerables patolog\u00edas, as\u00ed como tambi\u00e9n equipos para el tratamiento de c\u00e1ncer, procesos de Reingenier\u00eda para la Digitalizaci\u00f3n de Departamentos de Im\u00e1genes, Tecnolog\u00eda Quir\u00fargica m\u00ednimamente invasiva y equipos hospitalarios de alta tecnolog\u00eda. Hacemos procesos de reingenier\u00eda para la digitalizaci\u00f3n de departamentos, impresi\u00f3n de im\u00e1genes m\u00e9dicas y, en general, equipamiento m\u00e9dico hospitalario de alta tecnolog\u00eda.<\/h2>\t\t<\/div>\n\t\t\t\t<\/div>\n\t\t\t\t\t<\/div>\n\t\t\t\t<\/div>\n\t\t<div class=\"elementor-element elementor-element-28943c6 e-flex e-con-boxed e-con e-parent\" data-id=\"28943c6\" data-element_type=\"container\" data-settings=\"{&quot;background_background&quot;:&quot;classic&quot;}\">\n\t\t\t\t\t<div class=\"e-con-inner\">\n\t\t\t\t<div class=\"elementor-element elementor-element-23110f4 gm-h2 elementor-widget__width-inherit elementor-widget elementor-widget-heading\" data-id=\"23110f4\" data-element_type=\"widget\" data-widget_type=\"heading.default\">\n\t\t\t\t<div class=\"elementor-widget-container\">\n\t\t\t<h2 class=\"elementor-heading-title elementor-size-default\">Distribuidores Autorizados<\/h2>\t\t<\/div>\n\t\t\t\t<\/div>\n\t\t<div class=\"elementor-element elementor-element-c3b1bb1 e-grid e-con-boxed e-con e-child\" data-id=\"c3b1bb1\" data-element_type=\"container\">\n\t\t\t\t\t<div class=\"e-con-inner\">\n\t\t\t\t<div class=\"elementor-element elementor-element-c00a1f1 elementor-widget elementor-widget-image\" data-id=\"c00a1f1\" data-element_type=\"widget\" data-widget_type=\"image.default\">\n\t\t\t\t<div class=\"elementor-widget-container\">\n\t\t\t\t\t\t\t\t\t\t\t\t\t<img decoding=\"async\" width=\"466\" height=\"158\" src=\"https:\/\/blank.net.do\/globalmedica\/wp-content\/uploads\/2024\/05\/001-logo.png\" class=\"attachment-large size-large wp-image-661\" alt=\"\" srcset=\"https:\/\/blank.net.do\/globalmedica\/wp-content\/uploads\/2024\/05\/001-logo.png 466w, https:\/\/blank.net.do\/globalmedica\/wp-content\/uploads\/2024\/05\/001-logo-300x102.png 300w, https:\/\/blank.net.do\/globalmedica\/wp-content\/uploads\/2024\/05\/001-logo-18x6.png 18w\" sizes=\"(max-width: 466px) 100vw, 466px\" \/>\t\t\t\t\t\t\t\t\t\t\t\t\t<\/div>\n\t\t\t\t<\/div>\n\t\t\t\t<div class=\"elementor-element elementor-element-af5e4b4 elementor-widget elementor-widget-image\" data-id=\"af5e4b4\" data-element_type=\"widget\" data-widget_type=\"image.default\">\n\t\t\t\t<div class=\"elementor-widget-container\">\n\t\t\t\t\t\t\t\t\t\t\t\t\t<img loading=\"lazy\" decoding=\"async\" width=\"466\" height=\"158\" src=\"https:\/\/blank.net.do\/globalmedica\/wp-content\/uploads\/2024\/05\/002-logo.png\" class=\"attachment-large size-large wp-image-660\" alt=\"\" srcset=\"https:\/\/blank.net.do\/globalmedica\/wp-content\/uploads\/2024\/05\/002-logo.png 466w, https:\/\/blank.net.do\/globalmedica\/wp-content\/uploads\/2024\/05\/002-logo-300x102.png 300w, https:\/\/blank.net.do\/globalmedica\/wp-content\/uploads\/2024\/05\/002-logo-18x6.png 18w\" sizes=\"(max-width: 466px) 100vw, 466px\" \/>\t\t\t\t\t\t\t\t\t\t\t\t\t<\/div>\n\t\t\t\t<\/div>\n\t\t\t\t<div class=\"elementor-element elementor-element-5476b5d elementor-widget elementor-widget-image\" data-id=\"5476b5d\" data-element_type=\"widget\" data-widget_type=\"image.default\">\n\t\t\t\t<div class=\"elementor-widget-container\">\n\t\t\t\t\t\t\t\t\t\t\t\t\t<img loading=\"lazy\" decoding=\"async\" width=\"466\" height=\"158\" src=\"https:\/\/blank.net.do\/globalmedica\/wp-content\/uploads\/2024\/05\/003-logo.png\" class=\"attachment-large size-large wp-image-659\" alt=\"\" srcset=\"https:\/\/blank.net.do\/globalmedica\/wp-content\/uploads\/2024\/05\/003-logo.png 466w, https:\/\/blank.net.do\/globalmedica\/wp-content\/uploads\/2024\/05\/003-logo-300x102.png 300w, https:\/\/blank.net.do\/globalmedica\/wp-content\/uploads\/2024\/05\/003-logo-18x6.png 18w\" sizes=\"(max-width: 466px) 100vw, 466px\" \/>\t\t\t\t\t\t\t\t\t\t\t\t\t<\/div>\n\t\t\t\t<\/div>\n\t\t\t\t\t<\/div>\n\t\t\t\t<\/div>\n\t\t<div class=\"elementor-element elementor-element-8d17101 e-grid e-con-boxed e-con e-child\" data-id=\"8d17101\" data-element_type=\"container\">\n\t\t\t\t\t<div class=\"e-con-inner\">\n\t\t\t\t<div class=\"elementor-element elementor-element-f76d19b elementor-widget elementor-widget-image\" data-id=\"f76d19b\" data-element_type=\"widget\" data-widget_type=\"image.default\">\n\t\t\t\t<div class=\"elementor-widget-container\">\n\t\t\t\t\t\t\t\t\t\t\t\t\t<img loading=\"lazy\" decoding=\"async\" width=\"466\" height=\"158\" src=\"https:\/\/blank.net.do\/globalmedica\/wp-content\/uploads\/2024\/05\/004-logo.png\" class=\"attachment-large size-large wp-image-658\" alt=\"\" srcset=\"https:\/\/blank.net.do\/globalmedica\/wp-content\/uploads\/2024\/05\/004-logo.png 466w, https:\/\/blank.net.do\/globalmedica\/wp-content\/uploads\/2024\/05\/004-logo-300x102.png 300w, https:\/\/blank.net.do\/globalmedica\/wp-content\/uploads\/2024\/05\/004-logo-18x6.png 18w\" sizes=\"(max-width: 466px) 100vw, 466px\" \/>\t\t\t\t\t\t\t\t\t\t\t\t\t<\/div>\n\t\t\t\t<\/div>\n\t\t\t\t<div class=\"elementor-element elementor-element-aeac67a elementor-widget elementor-widget-image\" data-id=\"aeac67a\" data-element_type=\"widget\" data-widget_type=\"image.default\">\n\t\t\t\t<div class=\"elementor-widget-container\">\n\t\t\t\t\t\t\t\t\t\t\t\t\t<img loading=\"lazy\" decoding=\"async\" width=\"466\" height=\"158\" src=\"https:\/\/blank.net.do\/globalmedica\/wp-content\/uploads\/2024\/05\/005-logo.png\" class=\"attachment-large size-large wp-image-657\" alt=\"\" srcset=\"https:\/\/blank.net.do\/globalmedica\/wp-content\/uploads\/2024\/05\/005-logo.png 466w, https:\/\/blank.net.do\/globalmedica\/wp-content\/uploads\/2024\/05\/005-logo-300x102.png 300w, https:\/\/blank.net.do\/globalmedica\/wp-content\/uploads\/2024\/05\/005-logo-18x6.png 18w\" sizes=\"(max-width: 466px) 100vw, 466px\" \/>\t\t\t\t\t\t\t\t\t\t\t\t\t<\/div>\n\t\t\t\t<\/div>\n\t\t\t\t\t<\/div>\n\t\t\t\t<\/div>\n\t\t\t\t\t<\/div>\n\t\t\t\t<\/div>\n\t\t<div class=\"elementor-element elementor-element-1124e81 e-flex e-con-boxed e-con e-parent\" data-id=\"1124e81\" data-element_type=\"container\">\n\t\t\t\t\t<div class=\"e-con-inner\">\n\t\t<div class=\"elementor-element elementor-element-8a205f2 e-con-full e-flex e-con e-child\" data-id=\"8a205f2\" data-element_type=\"container\">\n\t\t\t\t<div class=\"elementor-element elementor-element-91ec074 gm-h2 elementor-widget__width-inherit elementor-widget elementor-widget-heading\" data-id=\"91ec074\" data-element_type=\"widget\" data-widget_type=\"heading.default\">\n\t\t\t\t<div class=\"elementor-widget-container\">\n\t\t\t<h2 class=\"elementor-heading-title elementor-size-default\">CONTACTO<\/h2>\t\t<\/div>\n\t\t\t\t<\/div>\n\t\t\t\t<div class=\"elementor-element elementor-element-dd93351 elementor-widget elementor-widget-text-editor\" data-id=\"dd93351\" data-element_type=\"widget\" data-widget_type=\"text-editor.default\">\n\t\t\t\t<div class=\"elementor-widget-container\">\n\t\t\t\t\t\t\t<p>\n<div class=\"wpcf7 no-js\" id=\"wpcf7-f396-o1\" lang=\"en-US\" dir=\"ltr\">\n<div class=\"screen-reader-response\"><p role=\"status\" aria-live=\"polite\" aria-atomic=\"true\"><\/p> <ul><\/ul><\/div>\n<form action=\"\/globalmedica\/es\/wp-json\/wp\/v2\/pages\/614#wpcf7-f396-o1\" method=\"post\" class=\"wpcf7-form init\" aria-label=\"Contact form\" novalidate=\"novalidate\" data-status=\"init\">\n<div style=\"display: none;\">\n<input type=\"hidden\" name=\"_wpcf7\" value=\"396\" \/>\n<input type=\"hidden\" name=\"_wpcf7_version\" value=\"5.9.8\" \/>\n<input type=\"hidden\" name=\"_wpcf7_locale\" value=\"en_US\" \/>\n<input type=\"hidden\" name=\"_wpcf7_unit_tag\" value=\"wpcf7-f396-o1\" \/>\n<input type=\"hidden\" name=\"_wpcf7_container_post\" value=\"0\" \/>\n<input type=\"hidden\" name=\"_wpcf7_posted_data_hash\" value=\"\" \/>\n<\/div>\n<div class=\"formulario\">\n\t<div class=\"col1\">\n\t\t<p><span class=\"wpcf7-form-control-wrap\" data-name=\"glob-name\"><input size=\"40\" maxlength=\"400\" class=\"wpcf7-form-control wpcf7-text wpcf7-validates-as-required\" autocomplete=\"name\" aria-required=\"true\" aria-invalid=\"false\" placeholder=\"Nombre\" value=\"\" type=\"text\" name=\"glob-name\" \/><\/span>\n\t\t<\/p>\n\t<\/div>\n\t<div class=\"col2\">\n\t\t<p><span class=\"wpcf7-form-control-wrap\" data-name=\"glob-email\"><input size=\"40\" maxlength=\"400\" class=\"wpcf7-form-control wpcf7-email wpcf7-validates-as-required wpcf7-text wpcf7-validates-as-email\" autocomplete=\"email\" aria-required=\"true\" aria-invalid=\"false\" placeholder=\"Correo\" value=\"\" type=\"email\" name=\"glob-email\" \/><\/span>\n\t\t<\/p>\n\t<\/div>\n\t<p><span class=\"wpcf7-form-control-wrap\" data-name=\"glob-subject\"><input size=\"40\" maxlength=\"400\" class=\"wpcf7-form-control wpcf7-text wpcf7-validates-as-required\" aria-required=\"true\" aria-invalid=\"false\" placeholder=\"Asunto\" value=\"\" type=\"text\" name=\"glob-subject\" \/><\/span>\n\t<\/p>\n\t<p><span class=\"wpcf7-form-control-wrap\" data-name=\"glob-message\"><textarea cols=\"40\" rows=\"10\" maxlength=\"2000\" class=\"wpcf7-form-control wpcf7-textarea\" aria-invalid=\"false\" placeholder=\"Mensaje\" name=\"glob-message\"><\/textarea><\/span>\n\t<\/p>\n\t<p><input class=\"wpcf7-form-control wpcf7-submit has-spinner\" type=\"submit\" value=\"Enviar\" \/>\n\t<\/p>\n<\/div><p style=\"display: none !important;\" class=\"akismet-fields-container\" data-prefix=\"_wpcf7_ak_\"><label>&#916;<textarea name=\"_wpcf7_ak_hp_textarea\" cols=\"45\" rows=\"8\" maxlength=\"100\"><\/textarea><\/label><input type=\"hidden\" id=\"ak_js_1\" name=\"_wpcf7_ak_js\" value=\"187\"\/><script>document.getElementById( \"ak_js_1\" ).setAttribute( \"value\", ( new Date() ).getTime() );<\/script><\/p><div class=\"wpcf7-response-output\" aria-hidden=\"true\"><\/div>\n<\/form>\n<\/div>\n<\/p>\t\t\t\t\t\t<\/div>\n\t\t\t\t<\/div>\n\t\t\t\t<\/div>\n\t\t<div class=\"elementor-element elementor-element-b6cae65 e-con-full e-flex e-con e-child\" data-id=\"b6cae65\" data-element_type=\"container\">\n\t\t\t\t<div class=\"elementor-element elementor-element-138d2e3 elementor-widget elementor-widget-heading\" data-id=\"138d2e3\" data-element_type=\"widget\" data-widget_type=\"heading.default\">\n\t\t\t\t<div class=\"elementor-widget-container\">\n\t\t\t<h2 class=\"elementor-heading-title elementor-size-default\">Departamento de Ventas<\/h2>\t\t<\/div>\n\t\t\t\t<\/div>\n\t\t\t\t<div class=\"elementor-element elementor-element-7cf1970 elementor-widget elementor-widget-text-editor\" data-id=\"7cf1970\" data-element_type=\"widget\" data-widget_type=\"text-editor.default\">\n\t\t\t\t<div class=\"elementor-widget-container\">\n\t\t\t\t\t\t\t<p><img loading=\"lazy\" decoding=\"async\" class=\"alignnone size-full wp-image-917\" src=\"https:\/\/blank.net.do\/globalmedica\/wp-content\/uploads\/2024\/05\/icon-phone-1.gif\" alt=\"\" width=\"23\" height=\"22\" srcset=\"https:\/\/blank.net.do\/globalmedica\/wp-content\/uploads\/2024\/05\/icon-phone-1.gif 23w, https:\/\/blank.net.do\/globalmedica\/wp-content\/uploads\/2024\/05\/icon-phone-1-13x12.gif 13w\" sizes=\"(max-width: 23px) 100vw, 23px\" \/>+1 (809) 333-1100<br \/><img loading=\"lazy\" decoding=\"async\" class=\"alignnone size-full wp-image-915\" src=\"https:\/\/blank.net.do\/globalmedica\/wp-content\/uploads\/2024\/05\/icon-email-1.gif\" alt=\"\" width=\"23\" height=\"22\" srcset=\"https:\/\/blank.net.do\/globalmedica\/wp-content\/uploads\/2024\/05\/icon-email-1.gif 23w, https:\/\/blank.net.do\/globalmedica\/wp-content\/uploads\/2024\/05\/icon-email-1-13x12.gif 13w\" sizes=\"(max-width: 23px) 100vw, 23px\" \/>\u00a0sales@global-medica.com<\/p>\t\t\t\t\t\t<\/div>\n\t\t\t\t<\/div>\n\t\t\t\t<div class=\"elementor-element elementor-element-3da5134 elementor-widget elementor-widget-heading\" data-id=\"3da5134\" data-element_type=\"widget\" data-widget_type=\"heading.default\">\n\t\t\t\t<div class=\"elementor-widget-container\">\n\t\t\t<h2 class=\"elementor-heading-title elementor-size-default\">Servicio a todo el Caribe:<\/h2>\t\t<\/div>\n\t\t\t\t<\/div>\n\t\t\t\t<div class=\"elementor-element elementor-element-b9e7143 elementor-widget elementor-widget-text-editor\" data-id=\"b9e7143\" data-element_type=\"widget\" data-widget_type=\"text-editor.default\">\n\t\t\t\t<div class=\"elementor-widget-container\">\n\t\t\t\t\t\t\t<p><img loading=\"lazy\" decoding=\"async\" class=\"alignnone size-full wp-image-917\" src=\"https:\/\/blank.net.do\/globalmedica\/wp-content\/uploads\/2024\/05\/icon-phone-1.gif\" alt=\"\" width=\"23\" height=\"22\" srcset=\"https:\/\/blank.net.do\/globalmedica\/wp-content\/uploads\/2024\/05\/icon-phone-1.gif 23w, https:\/\/blank.net.do\/globalmedica\/wp-content\/uploads\/2024\/05\/icon-phone-1-13x12.gif 13w\" sizes=\"(max-width: 23px) 100vw, 23px\" \/>+1 (809) 333-1100 ext. 217 \/ 239 <br \/><img loading=\"lazy\" decoding=\"async\" class=\"alignnone size-medium wp-image-916\" src=\"https:\/\/blank.net.do\/globalmedica\/wp-content\/uploads\/2024\/05\/icon-whatsapp-1.gif\" alt=\"\" width=\"23\" height=\"22\" srcset=\"https:\/\/blank.net.do\/globalmedica\/wp-content\/uploads\/2024\/05\/icon-whatsapp-1.gif 23w, https:\/\/blank.net.do\/globalmedica\/wp-content\/uploads\/2024\/05\/icon-whatsapp-1-13x12.gif 13w\" sizes=\"(max-width: 23px) 100vw, 23px\" \/>+1 (829) 629 1776<br \/><img loading=\"lazy\" decoding=\"async\" class=\"alignnone size-medium wp-image-916\" src=\"https:\/\/blank.net.do\/globalmedica\/wp-content\/uploads\/2024\/05\/icon-whatsapp-1.gif\" alt=\"\" width=\"23\" height=\"22\" srcset=\"https:\/\/blank.net.do\/globalmedica\/wp-content\/uploads\/2024\/05\/icon-whatsapp-1.gif 23w, https:\/\/blank.net.do\/globalmedica\/wp-content\/uploads\/2024\/05\/icon-whatsapp-1-13x12.gif 13w\" sizes=\"(max-width: 23px) 100vw, 23px\" \/>+1 (829) 659 3671<br \/><img loading=\"lazy\" decoding=\"async\" class=\"alignnone size-full wp-image-915\" src=\"https:\/\/blank.net.do\/globalmedica\/wp-content\/uploads\/2024\/05\/icon-email-1.gif\" alt=\"\" width=\"23\" height=\"22\" srcset=\"https:\/\/blank.net.do\/globalmedica\/wp-content\/uploads\/2024\/05\/icon-email-1.gif 23w, https:\/\/blank.net.do\/globalmedica\/wp-content\/uploads\/2024\/05\/icon-email-1-13x12.gif 13w\" sizes=\"(max-width: 23px) 100vw, 23px\" \/> service@global-medica.com<\/p>\t\t\t\t\t\t<\/div>\n\t\t\t\t<\/div>\n\t\t\t\t<\/div>\n\t\t\t\t\t<\/div>\n\t\t\t\t<\/div>\n\t\t\t\t<\/div>\n\t\t","protected":false},"excerpt":{"rendered":"<p>SOBRE NOSOTROS En Global M\u00e9dica somos Respaldo, Tecnolog\u00eda y Vida y nos dedicamos a ofrecer Soluciones Tecnol\u00f3gicas innovadoras en el \u00e1rea de Cuidado de la Salud, espec\u00edficamente en Diagn\u00f3stico por Im\u00e1genes, Soporte de Vida y Tratamiento Oncol\u00f3gico, integrando productos de calidad, Asesor\u00eda Profesional, Servicio T\u00e9cnico y Educaci\u00f3n Continua. Somos parte de un grupo multinacional con [&hellip;]<\/p>\n","protected":false},"author":1,"featured_media":0,"parent":0,"menu_order":0,"comment_status":"closed","ping_status":"closed","template":"elementor_header_footer","meta":{"footnotes":""},"class_list":["post-614","page","type-page","status-publish","hentry"],"_links":{"self":[{"href":"https:\/\/blank.net.do\/globalmedica\/es\/wp-json\/wp\/v2\/pages\/614","targetHints":{"allow":["GET"]}}],"collection":[{"href":"https:\/\/blank.net.do\/globalmedica\/es\/wp-json\/wp\/v2\/pages"}],"about":[{"href":"https:\/\/blank.net.do\/globalmedica\/es\/wp-json\/wp\/v2\/types\/page"}],"author":[{"embeddable":true,"href":"https:\/\/blank.net.do\/globalmedica\/es\/wp-json\/wp\/v2\/users\/1"}],"replies":[{"embeddable":true,"href":"https:\/\/blank.net.do\/globalmedica\/es\/wp-json\/wp\/v2\/comments?post=614"}],"version-history":[{"count":91,"href":"https:\/\/blank.net.do\/globalmedica\/es\/wp-json\/wp\/v2\/pages\/614\/revisions"}],"predecessor-version":[{"id":1924,"href":"https:\/\/blank.net.do\/globalmedica\/es\/wp-json\/wp\/v2\/pages\/614\/revisions\/1924"}],"wp:attachment":[{"href":"https:\/\/blank.net.do\/globalmedica\/es\/wp-json\/wp\/v2\/media?parent=614"}],"curies":[{"name":"wp","href":"https:\/\/api.w.org\/{rel}","templated":true}]}}