{"id":668,"date":"2024-05-13T10:54:06","date_gmt":"2024-05-13T10:54:06","guid":{"rendered":"https:\/\/blank.net.do\/globalmedica\/?page_id=668"},"modified":"2024-05-28T10:01:32","modified_gmt":"2024-05-28T10:01:32","slug":"servicios","status":"publish","type":"page","link":"https:\/\/blank.net.do\/globalmedica\/es\/servicios\/","title":{"rendered":"Servicio"},"content":{"rendered":"\t\t<div data-elementor-type=\"wp-post\" data-elementor-id=\"668\" class=\"elementor elementor-668\" data-elementor-post-type=\"page\">\n\t\t\t\t<div class=\"elementor-element elementor-element-23dd6b3 e-con-full e-flex e-con e-parent\" data-id=\"23dd6b3\" data-element_type=\"container\">\n\t\t\t\t<div class=\"elementor-element elementor-element-951340f elementor-widget elementor-widget-image\" data-id=\"951340f\" data-element_type=\"widget\" data-widget_type=\"image.default\">\n\t\t\t\t<div class=\"elementor-widget-container\">\n\t\t\t\t\t\t\t\t\t\t\t\t\t<img fetchpriority=\"high\" decoding=\"async\" width=\"1920\" height=\"200\" src=\"https:\/\/blank.net.do\/globalmedica\/wp-content\/uploads\/2024\/05\/titulobarra-01.jpg\" class=\"attachment-full size-full wp-image-631\" alt=\"\" srcset=\"https:\/\/blank.net.do\/globalmedica\/wp-content\/uploads\/2024\/05\/titulobarra-01.jpg 1920w, https:\/\/blank.net.do\/globalmedica\/wp-content\/uploads\/2024\/05\/titulobarra-01-300x31.jpg 300w, https:\/\/blank.net.do\/globalmedica\/wp-content\/uploads\/2024\/05\/titulobarra-01-1024x107.jpg 1024w, https:\/\/blank.net.do\/globalmedica\/wp-content\/uploads\/2024\/05\/titulobarra-01-768x80.jpg 768w, https:\/\/blank.net.do\/globalmedica\/wp-content\/uploads\/2024\/05\/titulobarra-01-1536x160.jpg 1536w, https:\/\/blank.net.do\/globalmedica\/wp-content\/uploads\/2024\/05\/titulobarra-01-18x2.jpg 18w, https:\/\/blank.net.do\/globalmedica\/wp-content\/uploads\/2024\/05\/titulobarra-01-600x63.jpg 600w\" sizes=\"(max-width: 1920px) 100vw, 1920px\" \/>\t\t\t\t\t\t\t\t\t\t\t\t\t<\/div>\n\t\t\t\t<\/div>\n\t\t\t\t<\/div>\n\t\t<div class=\"elementor-element elementor-element-def9947 e-flex e-con-boxed e-con e-parent\" data-id=\"def9947\" data-element_type=\"container\">\n\t\t\t\t\t<div class=\"e-con-inner\">\n\t\t<div class=\"elementor-element elementor-element-3c447dd e-con-full e-flex e-con e-child\" data-id=\"3c447dd\" data-element_type=\"container\">\n\t\t\t\t<div class=\"elementor-element elementor-element-89e2188 gm-h2 max740 elementor-widget__width-inherit elementor-widget elementor-widget-heading\" data-id=\"89e2188\" data-element_type=\"widget\" data-widget_type=\"heading.default\">\n\t\t\t\t<div class=\"elementor-widget-container\">\n\t\t\t<h2 class=\"elementor-heading-title elementor-size-default\">SERVICIO T\u00c9CNICO<\/h2>\t\t<\/div>\n\t\t\t\t<\/div>\n\t\t\t\t<div class=\"elementor-element elementor-element-c2c1980 elementor-widget__width-inherit max740 elementor-widget elementor-widget-text-editor\" data-id=\"c2c1980\" data-element_type=\"widget\" data-widget_type=\"text-editor.default\">\n\t\t\t\t<div class=\"elementor-widget-container\">\n\t\t\t\t\t\t\t<p>El Servicio T\u00e9cnico complementa nuestro proceso de Asesoramiento Pre y post Venta, cubriendo as\u00ed las necesidades de los clientes.<\/p><p>El equipo de Servicio, constantemente, se adapta eficientemente a los requerimientos de una Tecnolog\u00eda en constante Evoluci\u00f3n, logrando as\u00ed mantener a nuestros clientes actualizados con los \u00faltimos avances y t\u00e9cnicas relacionados con la tecnolog\u00eda en el Sector Salud.<\/p><p>Nuestros T\u00e9cnicos e Ingenieros de Servicio, est\u00e1n especializados en el \u00e1rea cl\u00ednica y han sido capacitados bajo los estrictos est\u00e1ndares de nuestros fabricantes.<\/p><p>Actualmente tenemos Ingenieros ofreciendo Servicio en todas las Regiones del Caribe donde tenemos presencia actualmente.<\/p>\t\t\t\t\t\t<\/div>\n\t\t\t\t<\/div>\n\t\t\t\t<\/div>\n\t\t<div class=\"elementor-element elementor-element-0a87eb2 e-con-full e-flex e-con e-child\" data-id=\"0a87eb2\" data-element_type=\"container\" data-settings=\"{&quot;background_background&quot;:&quot;classic&quot;}\">\n\t\t\t\t<div class=\"elementor-element elementor-element-44b815c elementor-widget elementor-widget-image\" data-id=\"44b815c\" data-element_type=\"widget\" data-widget_type=\"image.default\">\n\t\t\t\t<div class=\"elementor-widget-container\">\n\t\t\t\t\t\t\t\t\t\t\t\t\t<img decoding=\"async\" width=\"627\" height=\"957\" src=\"https:\/\/blank.net.do\/globalmedica\/wp-content\/uploads\/2024\/05\/servicio-01.jpg\" class=\"attachment-large size-large wp-image-670\" alt=\"\" srcset=\"https:\/\/blank.net.do\/globalmedica\/wp-content\/uploads\/2024\/05\/servicio-01.jpg 627w, https:\/\/blank.net.do\/globalmedica\/wp-content\/uploads\/2024\/05\/servicio-01-197x300.jpg 197w, https:\/\/blank.net.do\/globalmedica\/wp-content\/uploads\/2024\/05\/servicio-01-8x12.jpg 8w, https:\/\/blank.net.do\/globalmedica\/wp-content\/uploads\/2024\/05\/servicio-01-600x916.jpg 600w\" sizes=\"(max-width: 627px) 100vw, 627px\" \/>\t\t\t\t\t\t\t\t\t\t\t\t\t<\/div>\n\t\t\t\t<\/div>\n\t\t\t\t<\/div>\n\t\t\t\t\t<\/div>\n\t\t\t\t<\/div>\n\t\t<div class=\"elementor-element elementor-element-41dc33f e-flex e-con-boxed e-con e-parent\" data-id=\"41dc33f\" data-element_type=\"container\">\n\t\t\t\t\t<div class=\"e-con-inner\">\n\t\t\t\t<div class=\"elementor-element elementor-element-5a7a0a0 elementor-widget-divider--view-line elementor-invisible elementor-widget elementor-widget-divider\" data-id=\"5a7a0a0\" data-element_type=\"widget\" data-settings=\"{&quot;_animation&quot;:&quot;fadeIn&quot;}\" data-widget_type=\"divider.default\">\n\t\t\t\t<div class=\"elementor-widget-container\">\n\t\t\t\t\t<div class=\"elementor-divider\">\n\t\t\t<span class=\"elementor-divider-separator\">\n\t\t\t\t\t\t<\/span>\n\t\t<\/div>\n\t\t\t\t<\/div>\n\t\t\t\t<\/div>\n\t\t\t\t\t<\/div>\n\t\t\t\t<\/div>\n\t\t<div class=\"elementor-element elementor-element-1124e81 e-flex e-con-boxed e-con e-parent\" data-id=\"1124e81\" data-element_type=\"container\">\n\t\t\t\t\t<div class=\"e-con-inner\">\n\t\t<div class=\"elementor-element elementor-element-8a205f2 e-con-full e-flex e-con e-child\" data-id=\"8a205f2\" data-element_type=\"container\">\n\t\t\t\t<div class=\"elementor-element elementor-element-91ec074 gm-h2 elementor-widget__width-inherit elementor-widget elementor-widget-heading\" data-id=\"91ec074\" data-element_type=\"widget\" data-widget_type=\"heading.default\">\n\t\t\t\t<div class=\"elementor-widget-container\">\n\t\t\t<h2 class=\"elementor-heading-title elementor-size-default\">CONTACTO<\/h2>\t\t<\/div>\n\t\t\t\t<\/div>\n\t\t\t\t<div class=\"elementor-element elementor-element-dd93351 elementor-widget elementor-widget-text-editor\" data-id=\"dd93351\" data-element_type=\"widget\" data-widget_type=\"text-editor.default\">\n\t\t\t\t<div class=\"elementor-widget-container\">\n\t\t\t\t\t\t\t<p>\n<div class=\"wpcf7 no-js\" id=\"wpcf7-f396-o1\" lang=\"en-US\" dir=\"ltr\">\n<div class=\"screen-reader-response\"><p role=\"status\" aria-live=\"polite\" aria-atomic=\"true\"><\/p> <ul><\/ul><\/div>\n<form action=\"\/globalmedica\/es\/wp-json\/wp\/v2\/pages\/668#wpcf7-f396-o1\" method=\"post\" class=\"wpcf7-form init\" aria-label=\"Contact form\" novalidate=\"novalidate\" data-status=\"init\">\n<div style=\"display: none;\">\n<input type=\"hidden\" name=\"_wpcf7\" value=\"396\" \/>\n<input type=\"hidden\" name=\"_wpcf7_version\" value=\"5.9.8\" \/>\n<input type=\"hidden\" name=\"_wpcf7_locale\" value=\"en_US\" \/>\n<input type=\"hidden\" name=\"_wpcf7_unit_tag\" value=\"wpcf7-f396-o1\" \/>\n<input type=\"hidden\" name=\"_wpcf7_container_post\" value=\"0\" \/>\n<input type=\"hidden\" name=\"_wpcf7_posted_data_hash\" value=\"\" \/>\n<\/div>\n<div class=\"formulario\">\n\t<div class=\"col1\">\n\t\t<p><span class=\"wpcf7-form-control-wrap\" data-name=\"glob-name\"><input size=\"40\" maxlength=\"400\" class=\"wpcf7-form-control wpcf7-text wpcf7-validates-as-required\" autocomplete=\"name\" aria-required=\"true\" aria-invalid=\"false\" placeholder=\"Nombre\" value=\"\" type=\"text\" name=\"glob-name\" \/><\/span>\n\t\t<\/p>\n\t<\/div>\n\t<div class=\"col2\">\n\t\t<p><span class=\"wpcf7-form-control-wrap\" data-name=\"glob-email\"><input size=\"40\" maxlength=\"400\" class=\"wpcf7-form-control wpcf7-email wpcf7-validates-as-required wpcf7-text wpcf7-validates-as-email\" autocomplete=\"email\" aria-required=\"true\" aria-invalid=\"false\" placeholder=\"Correo\" value=\"\" type=\"email\" name=\"glob-email\" \/><\/span>\n\t\t<\/p>\n\t<\/div>\n\t<p><span class=\"wpcf7-form-control-wrap\" data-name=\"glob-subject\"><input size=\"40\" maxlength=\"400\" class=\"wpcf7-form-control wpcf7-text wpcf7-validates-as-required\" aria-required=\"true\" aria-invalid=\"false\" placeholder=\"Asunto\" value=\"\" type=\"text\" name=\"glob-subject\" \/><\/span>\n\t<\/p>\n\t<p><span class=\"wpcf7-form-control-wrap\" data-name=\"glob-message\"><textarea cols=\"40\" rows=\"10\" maxlength=\"2000\" class=\"wpcf7-form-control wpcf7-textarea\" aria-invalid=\"false\" placeholder=\"Mensaje\" name=\"glob-message\"><\/textarea><\/span>\n\t<\/p>\n\t<p><input class=\"wpcf7-form-control wpcf7-submit has-spinner\" type=\"submit\" value=\"Enviar\" \/>\n\t<\/p>\n<\/div><p style=\"display: none !important;\" class=\"akismet-fields-container\" data-prefix=\"_wpcf7_ak_\"><label>&#916;<textarea name=\"_wpcf7_ak_hp_textarea\" cols=\"45\" rows=\"8\" maxlength=\"100\"><\/textarea><\/label><input type=\"hidden\" id=\"ak_js_1\" name=\"_wpcf7_ak_js\" value=\"138\"\/><script>document.getElementById( \"ak_js_1\" ).setAttribute( \"value\", ( new Date() ).getTime() );<\/script><\/p><div class=\"wpcf7-response-output\" aria-hidden=\"true\"><\/div>\n<\/form>\n<\/div>\n<\/p>\t\t\t\t\t\t<\/div>\n\t\t\t\t<\/div>\n\t\t\t\t<\/div>\n\t\t<div class=\"elementor-element elementor-element-b6cae65 e-con-full e-flex e-con e-child\" data-id=\"b6cae65\" data-element_type=\"container\">\n\t\t\t\t<div class=\"elementor-element elementor-element-138d2e3 elementor-widget elementor-widget-heading\" data-id=\"138d2e3\" data-element_type=\"widget\" data-widget_type=\"heading.default\">\n\t\t\t\t<div class=\"elementor-widget-container\">\n\t\t\t<h2 class=\"elementor-heading-title elementor-size-default\">Departamento de Ventas<\/h2>\t\t<\/div>\n\t\t\t\t<\/div>\n\t\t\t\t<div class=\"elementor-element elementor-element-7cf1970 elementor-widget elementor-widget-text-editor\" data-id=\"7cf1970\" data-element_type=\"widget\" data-widget_type=\"text-editor.default\">\n\t\t\t\t<div class=\"elementor-widget-container\">\n\t\t\t\t\t\t\t<p><img decoding=\"async\" class=\"alignnone size-full wp-image-917\" src=\"https:\/\/blank.net.do\/globalmedica\/wp-content\/uploads\/2024\/05\/icon-phone-1.gif\" alt=\"\" width=\"23\" height=\"22\" srcset=\"https:\/\/blank.net.do\/globalmedica\/wp-content\/uploads\/2024\/05\/icon-phone-1.gif 23w, https:\/\/blank.net.do\/globalmedica\/wp-content\/uploads\/2024\/05\/icon-phone-1-13x12.gif 13w\" sizes=\"(max-width: 23px) 100vw, 23px\" \/>+1 (809) 333-1100<br \/><img loading=\"lazy\" decoding=\"async\" class=\"alignnone size-full wp-image-915\" src=\"https:\/\/blank.net.do\/globalmedica\/wp-content\/uploads\/2024\/05\/icon-email-1.gif\" alt=\"\" width=\"23\" height=\"22\" srcset=\"https:\/\/blank.net.do\/globalmedica\/wp-content\/uploads\/2024\/05\/icon-email-1.gif 23w, https:\/\/blank.net.do\/globalmedica\/wp-content\/uploads\/2024\/05\/icon-email-1-13x12.gif 13w\" sizes=\"(max-width: 23px) 100vw, 23px\" \/>\u00a0sales@global-medica.com<\/p>\t\t\t\t\t\t<\/div>\n\t\t\t\t<\/div>\n\t\t\t\t<div class=\"elementor-element elementor-element-3da5134 elementor-widget elementor-widget-heading\" data-id=\"3da5134\" data-element_type=\"widget\" data-widget_type=\"heading.default\">\n\t\t\t\t<div class=\"elementor-widget-container\">\n\t\t\t<h2 class=\"elementor-heading-title elementor-size-default\">Servicio a todo el Caribe:<\/h2>\t\t<\/div>\n\t\t\t\t<\/div>\n\t\t\t\t<div class=\"elementor-element elementor-element-b9e7143 elementor-widget elementor-widget-text-editor\" data-id=\"b9e7143\" data-element_type=\"widget\" data-widget_type=\"text-editor.default\">\n\t\t\t\t<div class=\"elementor-widget-container\">\n\t\t\t\t\t\t\t<p><img decoding=\"async\" class=\"alignnone size-full wp-image-917\" src=\"https:\/\/blank.net.do\/globalmedica\/wp-content\/uploads\/2024\/05\/icon-phone-1.gif\" alt=\"\" width=\"23\" height=\"22\" srcset=\"https:\/\/blank.net.do\/globalmedica\/wp-content\/uploads\/2024\/05\/icon-phone-1.gif 23w, https:\/\/blank.net.do\/globalmedica\/wp-content\/uploads\/2024\/05\/icon-phone-1-13x12.gif 13w\" sizes=\"(max-width: 23px) 100vw, 23px\" \/>+1 (809) 333-1100 ext. 217 \/ 239 <br \/><img loading=\"lazy\" decoding=\"async\" class=\"alignnone size-medium wp-image-916\" src=\"https:\/\/blank.net.do\/globalmedica\/wp-content\/uploads\/2024\/05\/icon-whatsapp-1.gif\" alt=\"\" width=\"23\" height=\"22\" srcset=\"https:\/\/blank.net.do\/globalmedica\/wp-content\/uploads\/2024\/05\/icon-whatsapp-1.gif 23w, https:\/\/blank.net.do\/globalmedica\/wp-content\/uploads\/2024\/05\/icon-whatsapp-1-13x12.gif 13w\" sizes=\"(max-width: 23px) 100vw, 23px\" \/>+1 (829) 629-1776<br \/><img loading=\"lazy\" decoding=\"async\" class=\"alignnone size-medium wp-image-916\" src=\"https:\/\/blank.net.do\/globalmedica\/wp-content\/uploads\/2024\/05\/icon-whatsapp-1.gif\" alt=\"\" width=\"23\" height=\"22\" srcset=\"https:\/\/blank.net.do\/globalmedica\/wp-content\/uploads\/2024\/05\/icon-whatsapp-1.gif 23w, https:\/\/blank.net.do\/globalmedica\/wp-content\/uploads\/2024\/05\/icon-whatsapp-1-13x12.gif 13w\" sizes=\"(max-width: 23px) 100vw, 23px\" \/>+1 (829) 659-3671<br \/><img loading=\"lazy\" decoding=\"async\" class=\"alignnone size-full wp-image-915\" src=\"https:\/\/blank.net.do\/globalmedica\/wp-content\/uploads\/2024\/05\/icon-email-1.gif\" alt=\"\" width=\"23\" height=\"22\" srcset=\"https:\/\/blank.net.do\/globalmedica\/wp-content\/uploads\/2024\/05\/icon-email-1.gif 23w, https:\/\/blank.net.do\/globalmedica\/wp-content\/uploads\/2024\/05\/icon-email-1-13x12.gif 13w\" sizes=\"(max-width: 23px) 100vw, 23px\" \/> service@global-medica.com<\/p>\t\t\t\t\t\t<\/div>\n\t\t\t\t<\/div>\n\t\t\t\t<\/div>\n\t\t\t\t\t<\/div>\n\t\t\t\t<\/div>\n\t\t\t\t<\/div>\n\t\t","protected":false},"excerpt":{"rendered":"<p>SERVICIO T\u00c9CNICO El Servicio T\u00e9cnico complementa nuestro proceso de Asesoramiento Pre y post Venta, cubriendo as\u00ed las necesidades de los clientes. El equipo de Servicio, constantemente, se adapta eficientemente a los requerimientos de una Tecnolog\u00eda en constante Evoluci\u00f3n, logrando as\u00ed mantener a nuestros clientes actualizados con los \u00faltimos avances y t\u00e9cnicas relacionados con la tecnolog\u00eda [&hellip;]<\/p>\n","protected":false},"author":1,"featured_media":0,"parent":0,"menu_order":0,"comment_status":"closed","ping_status":"closed","template":"elementor_header_footer","meta":{"footnotes":""},"class_list":["post-668","page","type-page","status-publish","hentry"],"_links":{"self":[{"href":"https:\/\/blank.net.do\/globalmedica\/es\/wp-json\/wp\/v2\/pages\/668","targetHints":{"allow":["GET"]}}],"collection":[{"href":"https:\/\/blank.net.do\/globalmedica\/es\/wp-json\/wp\/v2\/pages"}],"about":[{"href":"https:\/\/blank.net.do\/globalmedica\/es\/wp-json\/wp\/v2\/types\/page"}],"author":[{"embeddable":true,"href":"https:\/\/blank.net.do\/globalmedica\/es\/wp-json\/wp\/v2\/users\/1"}],"replies":[{"embeddable":true,"href":"https:\/\/blank.net.do\/globalmedica\/es\/wp-json\/wp\/v2\/comments?post=668"}],"version-history":[{"count":49,"href":"https:\/\/blank.net.do\/globalmedica\/es\/wp-json\/wp\/v2\/pages\/668\/revisions"}],"predecessor-version":[{"id":1891,"href":"https:\/\/blank.net.do\/globalmedica\/es\/wp-json\/wp\/v2\/pages\/668\/revisions\/1891"}],"wp:attachment":[{"href":"https:\/\/blank.net.do\/globalmedica\/es\/wp-json\/wp\/v2\/media?parent=668"}],"curies":[{"name":"wp","href":"https:\/\/api.w.org\/{rel}","templated":true}]}}