{"id":983,"date":"2024-05-23T09:19:01","date_gmt":"2024-05-23T09:19:01","guid":{"rendered":"https:\/\/blank.net.do\/globalmedica\/?page_id=983"},"modified":"2024-06-20T00:07:55","modified_gmt":"2024-06-20T00:07:55","slug":"productos-menu","status":"publish","type":"page","link":"https:\/\/blank.net.do\/globalmedica\/es\/productos-menu\/","title":{"rendered":"Productos"},"content":{"rendered":"\t\t<div data-elementor-type=\"wp-page\" data-elementor-id=\"983\" class=\"elementor elementor-983\" data-elementor-post-type=\"page\">\n\t\t\t\t<div class=\"elementor-element elementor-element-a14c16b e-flex e-con-boxed e-con e-parent\" data-id=\"a14c16b\" data-element_type=\"container\">\n\t\t\t\t\t<div class=\"e-con-inner\">\n\t\t<div class=\"elementor-element elementor-element-91c3548 e-con-full e-flex e-con e-child\" data-id=\"91c3548\" data-element_type=\"container\">\n\t\t\t\t<div class=\"elementor-element elementor-element-8fd6ff7 elementor-widget elementor-widget-image\" data-id=\"8fd6ff7\" data-element_type=\"widget\" data-widget_type=\"image.default\">\n\t\t\t\t<div class=\"elementor-widget-container\">\n\t\t\t\t\t\t\t\t\t\t\t\t\t<img fetchpriority=\"high\" decoding=\"async\" width=\"1920\" height=\"200\" src=\"https:\/\/blank.net.do\/globalmedica\/wp-content\/uploads\/2024\/05\/titulobarra-01.jpg\" class=\"attachment-full size-full wp-image-631\" alt=\"\" srcset=\"https:\/\/blank.net.do\/globalmedica\/wp-content\/uploads\/2024\/05\/titulobarra-01.jpg 1920w, https:\/\/blank.net.do\/globalmedica\/wp-content\/uploads\/2024\/05\/titulobarra-01-300x31.jpg 300w, https:\/\/blank.net.do\/globalmedica\/wp-content\/uploads\/2024\/05\/titulobarra-01-1024x107.jpg 1024w, https:\/\/blank.net.do\/globalmedica\/wp-content\/uploads\/2024\/05\/titulobarra-01-768x80.jpg 768w, https:\/\/blank.net.do\/globalmedica\/wp-content\/uploads\/2024\/05\/titulobarra-01-1536x160.jpg 1536w, https:\/\/blank.net.do\/globalmedica\/wp-content\/uploads\/2024\/05\/titulobarra-01-18x2.jpg 18w, https:\/\/blank.net.do\/globalmedica\/wp-content\/uploads\/2024\/05\/titulobarra-01-600x63.jpg 600w\" sizes=\"(max-width: 1920px) 100vw, 1920px\" \/>\t\t\t\t\t\t\t\t\t\t\t\t\t<\/div>\n\t\t\t\t<\/div>\n\t\t\t\t<\/div>\n\t\t\t\t\t<\/div>\n\t\t\t\t<\/div>\n\t\t<div class=\"elementor-element elementor-element-26677b0 e-flex e-con-boxed e-con e-parent\" data-id=\"26677b0\" data-element_type=\"container\">\n\t\t\t\t\t<div class=\"e-con-inner\">\n\t\t\t\t<div class=\"elementor-element elementor-element-ef118dd gm-h2 elementor-widget__width-inherit elementor-widget elementor-widget-heading\" data-id=\"ef118dd\" data-element_type=\"widget\" data-widget_type=\"heading.default\">\n\t\t\t\t<div class=\"elementor-widget-container\">\n\t\t\t<h2 class=\"elementor-heading-title elementor-size-default\">PRODUCTOS<\/h2>\t\t<\/div>\n\t\t\t\t<\/div>\n\t\t\t\t<div class=\"elementor-element elementor-element-19dc19a elementor-widget__width-initial elementor-widget elementor-widget-text-editor\" data-id=\"19dc19a\" data-element_type=\"widget\" data-widget_type=\"text-editor.default\">\n\t\t\t\t<div class=\"elementor-widget-container\">\n\t\t\t\t\t\t\t<p>Para <strong>Global M\u00e9dica<\/strong>, lo m\u00e1s importante es el beneficio del paciente, a trav\u00e9s del desarrollo de soluciones verdaderamente actualizadas en tecnolog\u00eda m\u00e9dica. Nuestros aliados hacen posible que cada uno de nuestros productos sea una esperanza de diagn\u00f3stico, y\/o tratamiento para miles de personas.<\/p>\t\t\t\t\t\t<\/div>\n\t\t\t\t<\/div>\n\t\t\t\t\t<\/div>\n\t\t\t\t<\/div>\n\t\t<div class=\"elementor-element elementor-element-0772b41 e-flex e-con-boxed e-con e-parent\" data-id=\"0772b41\" data-element_type=\"container\">\n\t\t\t\t\t<div class=\"e-con-inner\">\n\t\t\t\t<div class=\"elementor-element elementor-element-8fb0713 bluecat wl-columns-tablet-4 wl-columns-mobile-2 wl-columns-2 elementor-widget__width-initial elementor-invisible elementor-widget elementor-widget-wl-category-grid\" data-id=\"8fb0713\" data-element_type=\"widget\" data-settings=\"{&quot;_animation&quot;:&quot;fadeIn&quot;}\" data-widget_type=\"wl-category-grid.default\">\n\t\t\t\t<div class=\"elementor-widget-container\">\n\t\t\t<div class=\"wl-row   \" data-settings=\"\" >                <div class=\"wl-col-2\">\n\n                                            <div class=\"ht-category-wrap\">\n                                                        <div class=\"ht-category-image ht-category-image-zoom\">\n                                <a href=\"https:\/\/blank.net.do\/globalmedica\/es\/product-category\/a-diagnostico-por-imagenes\/\">\n                                    <img decoding=\"async\" width=\"481\" height=\"406\" src=\"https:\/\/blank.net.do\/globalmedica\/wp-content\/uploads\/2024\/10\/ddd-Untitled-4.webp\" class=\"attachment-full size-full\" alt=\"\" srcset=\"https:\/\/blank.net.do\/globalmedica\/wp-content\/uploads\/2024\/10\/ddd-Untitled-4.webp 481w, https:\/\/blank.net.do\/globalmedica\/wp-content\/uploads\/2024\/10\/ddd-Untitled-4-300x253.webp 300w, https:\/\/blank.net.do\/globalmedica\/wp-content\/uploads\/2024\/10\/ddd-Untitled-4-14x12.webp 14w\" sizes=\"(max-width: 481px) 100vw, 481px\" \/>                                <\/a>\n                            <\/div>\n                                                        <div class=\"ht-category-content-4\">\n                                <h3>\n                                    <a href=\"https:\/\/blank.net.do\/globalmedica\/es\/product-category\/a-diagnostico-por-imagenes\/\">Diagn\u00f3stico por Im\u00e1genes<\/a>\n                                                                    <\/h3>\n                            <\/div>\n                                                    <\/div>\n                    \n                <\/div>\n                                <div class=\"wl-col-2\">\n\n                                            <div class=\"ht-category-wrap\">\n                                                        <div class=\"ht-category-image ht-category-image-zoom\">\n                                <a href=\"https:\/\/blank.net.do\/globalmedica\/es\/product-category\/b-ultrasonido\/\">\n                                    <img decoding=\"async\" width=\"481\" height=\"406\" src=\"https:\/\/blank.net.do\/globalmedica\/wp-content\/uploads\/2024\/10\/ccc-Untitled-4.webp\" class=\"attachment-full size-full\" alt=\"\" srcset=\"https:\/\/blank.net.do\/globalmedica\/wp-content\/uploads\/2024\/10\/ccc-Untitled-4.webp 481w, https:\/\/blank.net.do\/globalmedica\/wp-content\/uploads\/2024\/10\/ccc-Untitled-4-300x253.webp 300w, https:\/\/blank.net.do\/globalmedica\/wp-content\/uploads\/2024\/10\/ccc-Untitled-4-14x12.webp 14w\" sizes=\"(max-width: 481px) 100vw, 481px\" \/>                                <\/a>\n                            <\/div>\n                                                        <div class=\"ht-category-content-4\">\n                                <h3>\n                                    <a href=\"https:\/\/blank.net.do\/globalmedica\/es\/product-category\/b-ultrasonido\/\">Ultrasonido<\/a>\n                                                                    <\/h3>\n                            <\/div>\n                                                    <\/div>\n                    \n                <\/div>\n                                <div class=\"wl-col-2\">\n\n                                            <div class=\"ht-category-wrap\">\n                                                        <div class=\"ht-category-image ht-category-image-zoom\">\n                                <a href=\"https:\/\/blank.net.do\/globalmedica\/es\/product-category\/c-sistemas-de-informacion\/\">\n                                    <img loading=\"lazy\" decoding=\"async\" width=\"481\" height=\"406\" src=\"https:\/\/blank.net.do\/globalmedica\/wp-content\/uploads\/2024\/10\/bbb-Untitled-5.webp\" class=\"attachment-full size-full\" alt=\"\" srcset=\"https:\/\/blank.net.do\/globalmedica\/wp-content\/uploads\/2024\/10\/bbb-Untitled-5.webp 481w, https:\/\/blank.net.do\/globalmedica\/wp-content\/uploads\/2024\/10\/bbb-Untitled-5-300x253.webp 300w, https:\/\/blank.net.do\/globalmedica\/wp-content\/uploads\/2024\/10\/bbb-Untitled-5-14x12.webp 14w\" sizes=\"(max-width: 481px) 100vw, 481px\" \/>                                <\/a>\n                            <\/div>\n                                                        <div class=\"ht-category-content-4\">\n                                <h3>\n                                    <a href=\"https:\/\/blank.net.do\/globalmedica\/es\/product-category\/c-sistemas-de-informacion\/\">Sistemas de informaci\u00f3n<\/a>\n                                                                    <\/h3>\n                            <\/div>\n                                                    <\/div>\n                    \n                <\/div>\n                                <div class=\"wl-col-2\">\n\n                                            <div class=\"ht-category-wrap\">\n                                                        <div class=\"ht-category-image ht-category-image-zoom\">\n                                <a href=\"https:\/\/blank.net.do\/globalmedica\/es\/product-category\/d-suministros-y-accesorios\/\">\n                                    <img loading=\"lazy\" decoding=\"async\" width=\"481\" height=\"406\" src=\"https:\/\/blank.net.do\/globalmedica\/wp-content\/uploads\/2025\/01\/download.webp\" class=\"attachment-full size-full\" alt=\"\" srcset=\"https:\/\/blank.net.do\/globalmedica\/wp-content\/uploads\/2025\/01\/download.webp 481w, https:\/\/blank.net.do\/globalmedica\/wp-content\/uploads\/2025\/01\/download-300x253.webp 300w, https:\/\/blank.net.do\/globalmedica\/wp-content\/uploads\/2025\/01\/download-14x12.webp 14w\" sizes=\"(max-width: 481px) 100vw, 481px\" \/>                                <\/a>\n                            <\/div>\n                                                        <div class=\"ht-category-content-4\">\n                                <h3>\n                                    <a href=\"https:\/\/blank.net.do\/globalmedica\/es\/product-category\/d-suministros-y-accesorios\/\">Suministros y Accesorios<\/a>\n                                                                    <\/h3>\n                            <\/div>\n                                                    <\/div>\n                    \n                <\/div>\n                                <div class=\"wl-col-2\">\n\n                                            <div class=\"ht-category-wrap\">\n                                                        <div class=\"ht-category-image ht-category-image-zoom\">\n                                <a href=\"https:\/\/blank.net.do\/globalmedica\/es\/product-category\/e-radioterapia\/\">\n                                    <img loading=\"lazy\" decoding=\"async\" width=\"481\" height=\"406\" src=\"https:\/\/blank.net.do\/globalmedica\/wp-content\/uploads\/2024\/07\/Radioterapia.webp\" class=\"attachment-full size-full\" alt=\"\" srcset=\"https:\/\/blank.net.do\/globalmedica\/wp-content\/uploads\/2024\/07\/Radioterapia.webp 481w, https:\/\/blank.net.do\/globalmedica\/wp-content\/uploads\/2024\/07\/Radioterapia-300x253.webp 300w, https:\/\/blank.net.do\/globalmedica\/wp-content\/uploads\/2024\/07\/Radioterapia-14x12.webp 14w\" sizes=\"(max-width: 481px) 100vw, 481px\" \/>                                <\/a>\n                            <\/div>\n                                                        <div class=\"ht-category-content-4\">\n                                <h3>\n                                    <a href=\"https:\/\/blank.net.do\/globalmedica\/es\/product-category\/e-radioterapia\/\">Radioterapia<\/a>\n                                                                    <\/h3>\n                            <\/div>\n                                                    <\/div>\n                    \n                <\/div>\n                <\/div>\t\t<\/div>\n\t\t\t\t<\/div>\n\t\t\t\t<div class=\"elementor-element elementor-element-083850b elementor-hidden-desktop elementor-hidden-tablet elementor-hidden-mobile elementor-widget-divider--view-line elementor-widget elementor-widget-divider\" data-id=\"083850b\" data-element_type=\"widget\" data-widget_type=\"divider.default\">\n\t\t\t\t<div class=\"elementor-widget-container\">\n\t\t\t\t\t<div class=\"elementor-divider\">\n\t\t\t<span class=\"elementor-divider-separator\">\n\t\t\t\t\t\t<\/span>\n\t\t<\/div>\n\t\t\t\t<\/div>\n\t\t\t\t<\/div>\n\t\t\t\t\t<\/div>\n\t\t\t\t<\/div>\n\t\t<div class=\"elementor-element elementor-element-023ab29 elementor-hidden-desktop elementor-hidden-tablet elementor-hidden-mobile e-flex e-con-boxed e-con e-parent\" data-id=\"023ab29\" data-element_type=\"container\">\n\t\t\t\t\t<div class=\"e-con-inner\">\n\t\t<div class=\"elementor-element elementor-element-accbb2d e-con-full e-flex e-con e-child\" data-id=\"accbb2d\" data-element_type=\"container\">\n\t\t\t\t<div class=\"elementor-element elementor-element-21d1a31 gm-h2 elementor-widget__width-inherit elementor-widget elementor-widget-heading\" data-id=\"21d1a31\" data-element_type=\"widget\" data-widget_type=\"heading.default\">\n\t\t\t\t<div class=\"elementor-widget-container\">\n\t\t\t<h2 class=\"elementor-heading-title elementor-size-default\">CONTACTO<\/h2>\t\t<\/div>\n\t\t\t\t<\/div>\n\t\t\t\t<div class=\"elementor-element elementor-element-7ab88fe elementor-widget elementor-widget-text-editor\" data-id=\"7ab88fe\" data-element_type=\"widget\" data-widget_type=\"text-editor.default\">\n\t\t\t\t<div class=\"elementor-widget-container\">\n\t\t\t\t\t\t\t<p>\n<div class=\"wpcf7 no-js\" id=\"wpcf7-f396-o1\" lang=\"en-US\" dir=\"ltr\">\n<div class=\"screen-reader-response\"><p role=\"status\" aria-live=\"polite\" aria-atomic=\"true\"><\/p> <ul><\/ul><\/div>\n<form action=\"\/globalmedica\/es\/wp-json\/wp\/v2\/pages\/983#wpcf7-f396-o1\" method=\"post\" class=\"wpcf7-form init\" aria-label=\"Contact form\" novalidate=\"novalidate\" data-status=\"init\">\n<div style=\"display: none;\">\n<input type=\"hidden\" name=\"_wpcf7\" value=\"396\" \/>\n<input type=\"hidden\" name=\"_wpcf7_version\" value=\"5.9.8\" \/>\n<input type=\"hidden\" name=\"_wpcf7_locale\" value=\"en_US\" \/>\n<input type=\"hidden\" name=\"_wpcf7_unit_tag\" value=\"wpcf7-f396-o1\" \/>\n<input type=\"hidden\" name=\"_wpcf7_container_post\" value=\"0\" \/>\n<input type=\"hidden\" name=\"_wpcf7_posted_data_hash\" value=\"\" \/>\n<\/div>\n<div class=\"formulario\">\n\t<div class=\"col1\">\n\t\t<p><span class=\"wpcf7-form-control-wrap\" data-name=\"glob-name\"><input size=\"40\" maxlength=\"400\" class=\"wpcf7-form-control wpcf7-text wpcf7-validates-as-required\" autocomplete=\"name\" aria-required=\"true\" aria-invalid=\"false\" placeholder=\"Nombre\" value=\"\" type=\"text\" name=\"glob-name\" \/><\/span>\n\t\t<\/p>\n\t<\/div>\n\t<div class=\"col2\">\n\t\t<p><span class=\"wpcf7-form-control-wrap\" data-name=\"glob-email\"><input size=\"40\" maxlength=\"400\" class=\"wpcf7-form-control wpcf7-email wpcf7-validates-as-required wpcf7-text wpcf7-validates-as-email\" autocomplete=\"email\" aria-required=\"true\" aria-invalid=\"false\" placeholder=\"Correo\" value=\"\" type=\"email\" name=\"glob-email\" \/><\/span>\n\t\t<\/p>\n\t<\/div>\n\t<p><span class=\"wpcf7-form-control-wrap\" data-name=\"glob-subject\"><input size=\"40\" maxlength=\"400\" class=\"wpcf7-form-control wpcf7-text wpcf7-validates-as-required\" aria-required=\"true\" aria-invalid=\"false\" placeholder=\"Asunto\" value=\"\" type=\"text\" name=\"glob-subject\" \/><\/span>\n\t<\/p>\n\t<p><span class=\"wpcf7-form-control-wrap\" data-name=\"glob-message\"><textarea cols=\"40\" rows=\"10\" maxlength=\"2000\" class=\"wpcf7-form-control wpcf7-textarea\" aria-invalid=\"false\" placeholder=\"Mensaje\" name=\"glob-message\"><\/textarea><\/span>\n\t<\/p>\n\t<p><input class=\"wpcf7-form-control wpcf7-submit has-spinner\" type=\"submit\" value=\"Enviar\" \/>\n\t<\/p>\n<\/div><p style=\"display: none !important;\" class=\"akismet-fields-container\" data-prefix=\"_wpcf7_ak_\"><label>&#916;<textarea name=\"_wpcf7_ak_hp_textarea\" cols=\"45\" rows=\"8\" maxlength=\"100\"><\/textarea><\/label><input type=\"hidden\" id=\"ak_js_1\" name=\"_wpcf7_ak_js\" value=\"46\"\/><script>document.getElementById( \"ak_js_1\" ).setAttribute( \"value\", ( new Date() ).getTime() );<\/script><\/p><div class=\"wpcf7-response-output\" aria-hidden=\"true\"><\/div>\n<\/form>\n<\/div>\n<\/p>\t\t\t\t\t\t<\/div>\n\t\t\t\t<\/div>\n\t\t\t\t<\/div>\n\t\t<div class=\"elementor-element elementor-element-3c0faac e-con-full e-flex e-con e-child\" data-id=\"3c0faac\" data-element_type=\"container\">\n\t\t\t\t<div class=\"elementor-element elementor-element-ed259d5 elementor-widget elementor-widget-heading\" data-id=\"ed259d5\" data-element_type=\"widget\" data-widget_type=\"heading.default\">\n\t\t\t\t<div class=\"elementor-widget-container\">\n\t\t\t<h2 class=\"elementor-heading-title elementor-size-default\">Departamento de Ventas<\/h2>\t\t<\/div>\n\t\t\t\t<\/div>\n\t\t\t\t<div class=\"elementor-element elementor-element-35a991c elementor-widget elementor-widget-text-editor\" data-id=\"35a991c\" data-element_type=\"widget\" data-widget_type=\"text-editor.default\">\n\t\t\t\t<div class=\"elementor-widget-container\">\n\t\t\t\t\t\t\t<p><img loading=\"lazy\" decoding=\"async\" class=\"alignnone size-full wp-image-917\" src=\"https:\/\/blank.net.do\/globalmedica\/wp-content\/uploads\/2024\/05\/icon-phone-1.gif\" alt=\"\" width=\"23\" height=\"22\" srcset=\"https:\/\/blank.net.do\/globalmedica\/wp-content\/uploads\/2024\/05\/icon-phone-1.gif 23w, https:\/\/blank.net.do\/globalmedica\/wp-content\/uploads\/2024\/05\/icon-phone-1-13x12.gif 13w\" sizes=\"(max-width: 23px) 100vw, 23px\" \/>+1 (809) 333-1100<br \/><img loading=\"lazy\" decoding=\"async\" class=\"alignnone size-full wp-image-915\" src=\"https:\/\/blank.net.do\/globalmedica\/wp-content\/uploads\/2024\/05\/icon-email-1.gif\" alt=\"\" width=\"23\" height=\"22\" srcset=\"https:\/\/blank.net.do\/globalmedica\/wp-content\/uploads\/2024\/05\/icon-email-1.gif 23w, https:\/\/blank.net.do\/globalmedica\/wp-content\/uploads\/2024\/05\/icon-email-1-13x12.gif 13w\" sizes=\"(max-width: 23px) 100vw, 23px\" \/>\u00a0sales@global-medica.com<\/p>\t\t\t\t\t\t<\/div>\n\t\t\t\t<\/div>\n\t\t\t\t<div class=\"elementor-element elementor-element-efe6f26 elementor-widget elementor-widget-heading\" data-id=\"efe6f26\" data-element_type=\"widget\" data-widget_type=\"heading.default\">\n\t\t\t\t<div class=\"elementor-widget-container\">\n\t\t\t<h2 class=\"elementor-heading-title elementor-size-default\">Servicio a todo el Caribe:<\/h2>\t\t<\/div>\n\t\t\t\t<\/div>\n\t\t\t\t<div class=\"elementor-element elementor-element-f66d225 elementor-widget elementor-widget-text-editor\" data-id=\"f66d225\" data-element_type=\"widget\" data-widget_type=\"text-editor.default\">\n\t\t\t\t<div class=\"elementor-widget-container\">\n\t\t\t\t\t\t\t<p><img loading=\"lazy\" decoding=\"async\" class=\"alignnone size-full wp-image-917\" src=\"https:\/\/blank.net.do\/globalmedica\/wp-content\/uploads\/2024\/05\/icon-phone-1.gif\" alt=\"\" width=\"23\" height=\"22\" srcset=\"https:\/\/blank.net.do\/globalmedica\/wp-content\/uploads\/2024\/05\/icon-phone-1.gif 23w, https:\/\/blank.net.do\/globalmedica\/wp-content\/uploads\/2024\/05\/icon-phone-1-13x12.gif 13w\" sizes=\"(max-width: 23px) 100vw, 23px\" \/>+1 (809) 333-1100 ext. 217 \/ 239 <br \/><img loading=\"lazy\" decoding=\"async\" class=\"alignnone size-medium wp-image-916\" src=\"https:\/\/blank.net.do\/globalmedica\/wp-content\/uploads\/2024\/05\/icon-whatsapp-1.gif\" alt=\"\" width=\"23\" height=\"22\" srcset=\"https:\/\/blank.net.do\/globalmedica\/wp-content\/uploads\/2024\/05\/icon-whatsapp-1.gif 23w, https:\/\/blank.net.do\/globalmedica\/wp-content\/uploads\/2024\/05\/icon-whatsapp-1-13x12.gif 13w\" sizes=\"(max-width: 23px) 100vw, 23px\" \/>+1 (829) 629 1776<br \/><img loading=\"lazy\" decoding=\"async\" class=\"alignnone size-medium wp-image-916\" src=\"https:\/\/blank.net.do\/globalmedica\/wp-content\/uploads\/2024\/05\/icon-whatsapp-1.gif\" alt=\"\" width=\"23\" height=\"22\" srcset=\"https:\/\/blank.net.do\/globalmedica\/wp-content\/uploads\/2024\/05\/icon-whatsapp-1.gif 23w, https:\/\/blank.net.do\/globalmedica\/wp-content\/uploads\/2024\/05\/icon-whatsapp-1-13x12.gif 13w\" sizes=\"(max-width: 23px) 100vw, 23px\" \/>+1 (829) 659 3671<br \/><img loading=\"lazy\" decoding=\"async\" class=\"alignnone size-full wp-image-915\" src=\"https:\/\/blank.net.do\/globalmedica\/wp-content\/uploads\/2024\/05\/icon-email-1.gif\" alt=\"\" width=\"23\" height=\"22\" srcset=\"https:\/\/blank.net.do\/globalmedica\/wp-content\/uploads\/2024\/05\/icon-email-1.gif 23w, https:\/\/blank.net.do\/globalmedica\/wp-content\/uploads\/2024\/05\/icon-email-1-13x12.gif 13w\" sizes=\"(max-width: 23px) 100vw, 23px\" \/> service@global-medica.com<\/p>\t\t\t\t\t\t<\/div>\n\t\t\t\t<\/div>\n\t\t\t\t<\/div>\n\t\t\t\t\t<\/div>\n\t\t\t\t<\/div>\n\t\t\t\t<\/div>\n\t\t","protected":false},"excerpt":{"rendered":"<p>PRODUCTOS Para Global M\u00e9dica, lo m\u00e1s importante es el beneficio del paciente, a trav\u00e9s del desarrollo de soluciones verdaderamente actualizadas en tecnolog\u00eda m\u00e9dica. Nuestros aliados hacen posible que cada uno de nuestros productos sea una esperanza de diagn\u00f3stico, y\/o tratamiento para miles de personas. Diagn\u00f3stico por Im\u00e1genes Ultrasonido Suministros y Accesorios Sistemas de informaci\u00f3n CONTACTO [&hellip;]<\/p>\n","protected":false},"author":1,"featured_media":0,"parent":0,"menu_order":0,"comment_status":"closed","ping_status":"closed","template":"","meta":{"footnotes":""},"class_list":["post-983","page","type-page","status-publish","hentry"],"_links":{"self":[{"href":"https:\/\/blank.net.do\/globalmedica\/es\/wp-json\/wp\/v2\/pages\/983","targetHints":{"allow":["GET"]}}],"collection":[{"href":"https:\/\/blank.net.do\/globalmedica\/es\/wp-json\/wp\/v2\/pages"}],"about":[{"href":"https:\/\/blank.net.do\/globalmedica\/es\/wp-json\/wp\/v2\/types\/page"}],"author":[{"embeddable":true,"href":"https:\/\/blank.net.do\/globalmedica\/es\/wp-json\/wp\/v2\/users\/1"}],"replies":[{"embeddable":true,"href":"https:\/\/blank.net.do\/globalmedica\/es\/wp-json\/wp\/v2\/comments?post=983"}],"version-history":[{"count":91,"href":"https:\/\/blank.net.do\/globalmedica\/es\/wp-json\/wp\/v2\/pages\/983\/revisions"}],"predecessor-version":[{"id":2014,"href":"https:\/\/blank.net.do\/globalmedica\/es\/wp-json\/wp\/v2\/pages\/983\/revisions\/2014"}],"wp:attachment":[{"href":"https:\/\/blank.net.do\/globalmedica\/es\/wp-json\/wp\/v2\/media?parent=983"}],"curies":[{"name":"wp","href":"https:\/\/api.w.org\/{rel}","templated":true}]}}