{"id":1105,"date":"2024-05-24T01:50:54","date_gmt":"2024-05-24T01:50:54","guid":{"rendered":"https:\/\/blank.net.do\/globalmedica\/?post_type=product&#038;p=1105"},"modified":"2024-07-08T08:47:51","modified_gmt":"2024-07-08T08:47:51","slug":"logiq-p9","status":"publish","type":"product","link":"https:\/\/blank.net.do\/globalmedica\/es\/product\/logiq-p9\/","title":{"rendered":"LOGIQ\u2122 P9"},"content":{"rendered":"<h2 class=\"ge-h2 ge-content-module__title\" role=\"heading\">Simplicidad aplicada<\/h2>\n<div class=\"rah-static rah-static--height-auto\" aria-hidden=\"false\">\n<div>\n<div class=\"ge-rtf ge-rtf-module ge-content-module__description-wrapper\">\n<div class=\"main-content\">\n<p>El sistema de ecogr\u00e1fico LOGIQ<sup>\u2122<\/sup>\u00a0P9 est\u00e1 perfectamente equipado para las exigencias cl\u00ednicas y de flujo de trabajo de la obtenci\u00f3n de im\u00e1genes en general. El es asequible y\u00a0sistema LOGIQ P9 proporciona calidad uniforme en las im\u00e1genes, cobertura integral de aplicaciones, funciones avanzadas y facilidad de uso, a la vez que permite tomar decisiones oportunas y fiables, tanto en la fase de triaje como en la exploraci\u00f3n integral.<\/p>\n<\/div>\n<\/div>\n<\/div>\n<\/div>\n<div>\n<div class=\"rah-static rah-static--height-auto ge-s-curve__title-description-wrapper ge-s-curve__title-description-wrapper--expanded\" aria-hidden=\"false\">\n<div>\n<div>\n<h4 class=\"ge-s-curve__item-title -text--bold\">Asistencia para COVID-19 y ecograf\u00eda<\/h4>\n<div class=\"ge-rtf-module ge-s-curve__description\">\n<div>Hemos recopilado algunos recursos que le ayudar\u00e1n a tratar los problemas derivados de la pandemia y atender a sus pacientes.<\/div>\n<\/div>\n<\/div>\n<\/div>\n<\/div>\n<\/div>\n<section id=\"personalizado\" class=\"ge-module ge-content-module theme-black\">\n<div class=\"ge-module__container\">\n<h2 class=\"ge-h2 ge-content-module__title\" role=\"heading\">Sistema de ecograf\u00eda personalizada<\/h2>\n<div class=\"rah-static rah-static--height-auto\" aria-hidden=\"false\">\n<div>\n<div class=\"ge-rtf ge-rtf-module ge-content-module__description-wrapper\">\n<p>Herramientas de flujo de trabajo personalizadas y automatizaci\u00f3n. Para mayor eficacia.<\/p>\n<\/div>\n<\/div>\n<\/div>\n<div class=\"ge-content-module__cta-container\">\n<section id=\"03---s-curve\" class=\"ge-s-curve\" data-analytics-link-type=\"S-Curve Module\">\n<div class=\"ge-module__container ge-s-curve__container\">\n<div class=\"ge-s-curve__content\">\n<div>\n<div class=\"rah-static rah-static--height-auto ge-s-curve__title-description-wrapper ge-s-curve__title-description-wrapper--expanded\" aria-hidden=\"false\">\n<div>\n<div>\n<h4 class=\"ge-s-curve__item-title -text--bold\">My Page<\/h4>\n<div class=\"ge-rtf-module ge-s-curve__description\">\n<div>\n<p>La interfaz de usuario digital personalizada permite la adaptaci\u00f3n de las preferencias del flujo de trabajo con ajustes preestablecidos de usuario. Solo inicie sesi\u00f3n, seleccione el tipo de exploraci\u00f3n apropiada y comience a explorar.<\/p>\n<\/div>\n<\/div>\n<\/div>\n<\/div>\n<\/div>\n<\/div>\n<\/div>\n<div class=\"ge-s-curve__content\">\n<div>\n<div class=\"rah-static rah-static--height-auto ge-s-curve__title-description-wrapper ge-s-curve__title-description-wrapper--expanded\" aria-hidden=\"false\">\n<div>\n<div>\n<h4 class=\"ge-s-curve__item-title -text--bold\">Photo Assistant<\/h4>\n<div class=\"ge-rtf-module ge-s-curve__description\">\n<div>\n<p>Una imagen vale m\u00e1s que mil palabras. Fotograf\u00ede la anatom\u00eda relevante, como ulceraciones o hinchazones, con un dispositivo Android\u2122 e incluya en el informe las fotograf\u00edas con las im\u00e1genes cl\u00ednicas para documentaci\u00f3n y comparaci\u00f3n despu\u00e9s de un procedimiento.<\/p>\n<\/div>\n<\/div>\n<\/div>\n<\/div>\n<\/div>\n<\/div>\n<\/div>\n<div class=\"ge-s-curve__content\">\n<div>\n<div class=\"rah-static rah-static--height-auto ge-s-curve__title-description-wrapper ge-s-curve__title-description-wrapper--expanded\" aria-hidden=\"false\">\n<div>\n<div>\n<h4 class=\"ge-s-curve__item-title -text--bold\">Ergon\u00f3mico y adaptable<\/h4>\n<div class=\"ge-rtf-module ge-s-curve__description\">\n<div>\n<p>Sistema de ajuste para adaptarse a la mayor\u00eda de las necesidades y exploraciones de los usuarios<\/p>\n<ul>\n<li>Control t\u00e1ctil para ajustar f\u00e1cilmente los par\u00e1metros<\/li>\n<li>Varios puertos USB<\/li>\n<li>Monitor ajustable<\/li>\n<li>Asas frontales y traseras<\/li>\n<li>Cuatro puertos para sondas activas<\/li>\n<li>Calefactor para gel<\/li>\n<li>Bandeja de almacenamiento<\/li>\n<li>F\u00e1cil de transportar\n<div class=\"ge-s-curve__content\">\n<div>\n<div class=\"rah-static rah-static--height-auto ge-s-curve__title-description-wrapper ge-s-curve__title-description-wrapper--expanded\" aria-hidden=\"false\">\n<div><\/div>\n<\/div>\n<\/div>\n<\/div>\n<\/li>\n<\/ul>\n<\/div>\n<\/div>\n<\/div>\n<\/div>\n<\/div>\n<\/div>\n<\/div>\n<\/div>\n<\/section>\n<\/div>\n<\/div>\n<\/section>\n<section id=\"03---s-curve\" class=\"ge-s-curve\" data-analytics-link-type=\"S-Curve Module\">\n<div class=\"ge-module__container ge-s-curve__container\">\n<div class=\"ge-s-curve__content\">\n<div>\n<div class=\"rah-static rah-static--height-auto ge-s-curve__title-description-wrapper ge-s-curve__title-description-wrapper--expanded\" aria-hidden=\"false\">\n<div>\n<div>\n<div class=\"ge-rtf-module ge-s-curve__description\">\n<div>\n<div class=\"ge-s-curve__content\">\n<div>\n<div class=\"rah-static rah-static--height-auto ge-s-curve__title-description-wrapper ge-s-curve__title-description-wrapper--expanded\" aria-hidden=\"false\">\n<div>\n<div>\n<h4 class=\"ge-s-curve__item-title -text--bold\">Control remoto<\/h4>\n<div class=\"ge-rtf-module ge-s-curve__description\">\n<div>\n<p>Incremente la velocidad y la eficacia de la exploraci\u00f3n utilizando el sistema desde una tableta o tel\u00e9fono con la aplicaci\u00f3n LOGIQ Smart. El control remoto es especialmente \u00fatil en procedimientos intervencionistas para ayudar a mejorar la eficacia y la experiencia del paciente.<\/p>\n<\/div>\n<\/div>\n<\/div>\n<\/div>\n<\/div>\n<\/div>\n<\/div>\n<div class=\"ge-s-curve__content\">\n<div>\n<div class=\"rah-static rah-static--height-auto ge-s-curve__title-description-wrapper ge-s-curve__title-description-wrapper--expanded\" aria-hidden=\"false\">\n<div>\n<div>\n<h4 class=\"ge-s-curve__item-title -text--bold\">Power Assistant<\/h4>\n<div class=\"ge-rtf-module ge-s-curve__description\">\n<div>\n<p>La bater\u00eda Power Assistant opcional proporciona energ\u00eda durante el transporte para poder escanear de inmediato junto a la cama del paciente, sin necesidad de perder tiempo reiniciando. Incluso puede escanear con la energ\u00eda de la bater\u00eda.<\/p>\n<\/div>\n<\/div>\n<\/div>\n<\/div>\n<\/div>\n<\/div>\n<\/div>\n<\/div>\n<\/div>\n<\/div>\n<\/div>\n<\/div>\n<\/div>\n<\/div>\n<\/div>\n<\/section>\n<section id=\"centrado-en-el-paciente\" class=\"ge-module ge-content-module theme-grey\">\n<div class=\"ge-module__container\">\n<section id=\"centrado-en-el-paciente\" class=\"ge-module ge-content-module theme-grey\">\n<div class=\"ge-module__container\">\n<h2 class=\"ge-h2 ge-content-module__title\" role=\"heading\">Ecograf\u00eda enfocada en el paciente<\/h2>\n<div class=\"rah-static rah-static--height-auto\" aria-hidden=\"false\">\n<div>\n<div class=\"ge-rtf ge-rtf-module ge-content-module__description-wrapper\">\n<p>Prestaciones ampliadas enfocadas en el paciente. Para\u00a0mayor flexibilidad<\/p>\n<\/div>\n<\/div>\n<\/div>\n<\/div>\n<\/section>\n<\/div>\n<\/section>\n<div class=\"ge-content-module__cta-container\"><\/div>\n<div>\n<section id=\"elastograf\u00eda-por-onda-de-corte-en-2d\" class=\"ge-s-curve\" data-analytics-link-type=\"S-Curve Module\">\n<div class=\"ge-module__container ge-s-curve__container\">\n<div class=\"ge-s-curve__content\">\n<div>\n<div class=\"rah-static rah-static--height-auto ge-s-curve__title-description-wrapper ge-s-curve__title-description-wrapper--expanded\" aria-hidden=\"false\">\n<div>\n<div>\n<h4 class=\"ge-s-curve__item-title -text--bold\">Par\u00e1metro de atenuaci\u00f3n guiada por ecograf\u00eda (UGAP)<\/h4>\n<div class=\"ge-rtf-module ge-s-curve__description\">\n<div>\n<p>La prevalencia de la enfermedad del h\u00edgado graso no alcoh\u00f3lico (EHGNA) aumenta en todo el mundo con el incremento de la obesidad. Este m\u00e9todo guiado por im\u00e1genes en tiempo real mide el contenido graso en el tejido hep\u00e1tico una m\u00e9trica valiosa en las evaluaciones de EHGNA.<\/p>\n<\/div>\n<\/div>\n<\/div>\n<\/div>\n<\/div>\n<\/div>\n<\/div>\n<div class=\"ge-s-curve__media-wrapper\"><\/div>\n<div class=\"ge-s-curve__content\">\n<div>\n<div class=\"rah-static rah-static--height-auto ge-s-curve__title-description-wrapper ge-s-curve__title-description-wrapper--expanded\" aria-hidden=\"false\">\n<div>\n<div>\n<h4 class=\"ge-s-curve__item-title -text--bold\">Elastograf\u00eda por onda de corte en 2D<\/h4>\n<div class=\"ge-rtf-module ge-s-curve__description\">\n<div>\n<p>Estimativo cuantitativo de la elasticidad del tejido visualizada en elastogramas codificados por colores.<\/p>\n<ul>\n<li>Ayuda en una serie de aplicaciones cada vez mayor, incluida la enfermedad hep\u00e1tica cr\u00f3nica y los problemas de mama<\/li>\n<\/ul>\n<p>Las mediciones semiautom\u00e1ticas brindan informaci\u00f3n r\u00e1pida y cuantificable<\/p>\n<div class=\"ge-s-curve__content\">\n<div>\n<div class=\"rah-static rah-static--height-auto ge-s-curve__title-description-wrapper ge-s-curve__title-description-wrapper--expanded\" aria-hidden=\"false\">\n<div>\n<div>\n<h4 class=\"ge-s-curve__item-title -text--bold\">Procesamiento de datos en bruto<\/h4>\n<div class=\"ge-rtf-module ge-s-curve__description\">\n<div>\n<p>Los datos ac\u00fasticos originales se almacenan antes de la conversi\u00f3n de exploraci\u00f3n en un formato\u00ab\u00bb de GE Healthcare que se puede acceder con facilidad y volver a procesar en cualquier momento despu\u00e9s de finalizar la exploraci\u00f3n.<\/p>\n<\/div>\n<\/div>\n<\/div>\n<\/div>\n<\/div>\n<\/div>\n<\/div>\n<div class=\"ge-s-curve__content\">\n<div>\n<div class=\"rah-static rah-static--height-auto ge-s-curve__title-description-wrapper ge-s-curve__title-description-wrapper--expanded\" aria-hidden=\"false\">\n<div>\n<div>\n<h4 class=\"ge-s-curve__item-title -text--bold\">Im\u00e1genes de contraste<\/h4>\n<div class=\"ge-rtf-module ge-s-curve__description\">\n<div>\n<p><strong>T\u00e9cnica de modulaci\u00f3n de amplitud<\/strong><\/p>\n<ul>\n<li>Gran penetraci\u00f3n y sensibilidad de contraste<\/li>\n<li>Excelente supresi\u00f3n de tejidos<\/li>\n<li>Alta uniformidad de la imagen<\/li>\n<\/ul>\n<p><strong>T\u00e9cnica de alta resoluci\u00f3n<\/strong><\/p>\n<p>Excelente resoluci\u00f3n espacial y temporal<\/p>\n<\/div>\n<\/div>\n<\/div>\n<\/div>\n<\/div>\n<\/div>\n<\/div>\n<\/div>\n<\/div>\n<\/div>\n<\/div>\n<\/div>\n<\/div>\n<\/div>\n<\/div>\n<\/section>\n<section id=\"m\u00f3dulo-08-curva-s\" class=\"ge-s-curve\" data-analytics-link-type=\"S-Curve Module\">\n<div class=\"ge-s-curve__content\">\n<div>\n<div class=\"rah-static rah-static--height-auto ge-s-curve__title-description-wrapper ge-s-curve__title-description-wrapper--expanded\" aria-hidden=\"false\">\n<div>\n<div>\n<h4 class=\"ge-s-curve__item-title -text--bold\">B-Flow \/ B-Flow Color<\/h4>\n<div class=\"ge-rtf-module ge-s-curve__description\">\n<div>\n<ul>\n<li>No utiliza procesamiento Doppler<\/li>\n<li>Visualizaci\u00f3n directa de reflectores de sangu\u00edneos<\/li>\n<li>Aspecto din\u00e1mico del flujo<\/li>\n<li>Sobreescritura de tejido m\u00ednima en comparaci\u00f3n con Color Flow<\/li>\n<li>Excelente control de los artefactos resplandecientes en comparaci\u00f3n con Color Flow<\/li>\n<\/ul>\n<\/div>\n<\/div>\n<\/div>\n<\/div>\n<\/div>\n<\/div>\n<\/div>\n<div class=\"ge-s-curve__content\">\n<div>\n<div class=\"rah-static rah-static--height-auto ge-s-curve__title-description-wrapper ge-s-curve__title-description-wrapper--expanded\" aria-hidden=\"false\">\n<div>\n<div>\n<h4 class=\"ge-s-curve__item-title -text--bold\">Color de HD<\/h4>\n<div class=\"ge-rtf-module ge-s-curve__description\">\n<div>\n<p>Funcionalidad dentro de B-Flow Color\u2013 ofrece sensibilidad en la visualizaci\u00f3n de vasos peque\u00f1os y flujo lento para mejorar la fiabilidad en el diagn\u00f3stico.<\/p>\n<ul>\n<li>Adquisici\u00f3n de im\u00e1genes de venas, h\u00edgado y renales<\/li>\n<li>Adquisici\u00f3n de im\u00e1genes musculoesquel\u00e9ticas<\/li>\n<li>Adquisici\u00f3n de im\u00e1genes pedi\u00e1tricas<\/li>\n<li>Adquisici\u00f3n de im\u00e1genes de partes peque\u00f1as<\/li>\n<\/ul>\n<\/div>\n<\/div>\n<\/div>\n<\/div>\n<\/div>\n<\/div>\n<\/div>\n<\/section>\n<\/div>\n<div class=\"ge-s-curve__media-wrapper\"><\/div>\n<div>\n<section id=\"pr\u00e1ctico\" class=\"ge-module ge-content-module theme-white\">\n<div class=\"ge-module__container\">\n<h2 class=\"ge-h2 ge-content-module__title\" role=\"heading\">Ecograf\u00eda potente<\/h2>\n<div class=\"rah-static rah-static--height-auto\" aria-hidden=\"false\">\n<div>\n<div class=\"ge-rtf ge-rtf-module ge-content-module__description-wrapper\">\n<p>S\u00f3lida asistencia que aporta valor a largo plazo.<\/p>\n<\/div>\n<\/div>\n<\/div>\n<\/div>\n<\/section>\n<\/div>\n<div class=\"ge-content-module__cta-container\">\n<div class=\"ge-module__container ge-s-curve__container\">\n<div class=\"ge-s-curve__content\">\n<div>\n<div class=\"rah-static rah-static--height-auto ge-s-curve__title-description-wrapper ge-s-curve__title-description-wrapper--expanded\" aria-hidden=\"false\">\n<div>\n<div>\n<h4 class=\"ge-s-curve__item-title -text--bold\">My Trainer<\/h4>\n<div class=\"ge-rtf-module ge-s-curve__description\">\n<div>\n<p>M\u00f3dulos de formaci\u00f3n integrados para acelerar m\u00e1s f\u00e1cilmente la fiabilidad del usuario y las operaciones eficientes del sistema.<\/p>\n<\/div>\n<\/div>\n<\/div>\n<\/div>\n<\/div>\n<\/div>\n<\/div>\n<\/div>\n<div class=\"ge-module__container ge-s-curve__container\">\n<div class=\"ge-s-curve__content\">\n<div>\n<div class=\"rah-static rah-static--height-auto ge-s-curve__title-description-wrapper ge-s-curve__title-description-wrapper--expanded\" aria-hidden=\"false\">\n<div>\n<div>\n<h4 class=\"ge-s-curve__item-title -text--bold\">Importaci\u00f3n de navegaci\u00f3n de volumen<\/h4>\n<div class=\"ge-rtf-module ge-s-curve__description\">\n<div>\n<p>Recupere f\u00e1cilmente un conjunto de datos de una ecograf\u00eda, mamograf\u00eda, TC o RM anterior, despl\u00e1cese y visual\u00edcela con una imagen actual en una pantalla dividida en tiempo real en el monitor.<\/p>\n<\/div>\n<\/div>\n<\/div>\n<\/div>\n<\/div>\n<\/div>\n<\/div>\n<\/div>\n<\/div>\n<section id=\"asistencia-t\u00e9cnica-y-accesorios\" class=\"ge-module ge-content-module theme-white\">\n<div class=\"ge-module__container\">\n<h2 class=\"ge-h2 ge-content-module__title\" role=\"heading\">Asistencia t\u00e9cnica y accesorios para sus sistemas ecogr\u00e1ficos GE Healthcare<\/h2>\n<div class=\"ge-content-module__teaser\">En el caso de ciertos productos, el manual del usuario puede estar incluido en el sistema. Para obtener m\u00e1s informaci\u00f3n sobre la limpieza de su esc\u00e1ner, visite el sitio web de\u00a0<a href=\"https:\/\/cleaning.gehealthcare.com\/\" target=\"_blank\" rel=\"noopener\">GE<\/a>. Para obtener informaci\u00f3n sobre el procedimiento de limpieza y desinfecci\u00f3n de los transductores, visite\u00a0<a href=\"https:\/\/www.gehealthcare.co.uk\/products\/ultrasound\/ultrasound-transducers\">esta p\u00e1gina web<\/a>. Vea un video informativo del Dr. Jeff Hersh, jefe m\u00e9dico de GE Healthcare sobre el\u00a0uso de la ecograf\u00eda en una crisis sanitaria. Tricefy\u2122, dentro de Voluson y ViewPoint\u2122, ofrece un paquete de colaboraci\u00f3n COVID-19 gratuito durante 90 d\u00edas a los proveedores de atenci\u00f3n sanitaria de todo el mundo.<\/div>\n<div class=\"ge-content-module__cta-container\"><\/div>\n<\/div>\n<\/section>\n<div id=\"05-transductores\">\n<div class=\"ge-product-banner\">\n<div class=\"ge-product-banner__content ge-product-banner__content--right\">\n<div class=\"ge-product-banner__holder\"><\/div>\n<\/div>\n<\/div>\n<\/div>\n<p>&nbsp;<\/p>\n<p>&nbsp;<\/p>\n<p><a class=\"elboton\" href=\"https:\/\/www.gehealthcare.es\/products\/ultrasound\/logiq\/logiq-p9\" target=\"_blank\" rel=\"noopener\">Enlace de la marca<\/a><\/p>\n","protected":false},"excerpt":{"rendered":"<p>Personalizado, enfocado en el paciente y potente<\/p>\n","protected":false},"featured_media":2183,"comment_status":"open","ping_status":"closed","template":"","meta":[],"product_cat":[40],"product_tag":[],"class_list":{"0":"post-1105","1":"product","2":"type-product","3":"status-publish","4":"has-post-thumbnail","6":"product_cat-imagenologia-general","8":"first","9":"instock","10":"shipping-taxable","11":"purchasable","12":"product-type-simple"},"_links":{"self":[{"href":"https:\/\/blank.net.do\/globalmedica\/es\/wp-json\/wp\/v2\/product\/1105","targetHints":{"allow":["GET"]}}],"collection":[{"href":"https:\/\/blank.net.do\/globalmedica\/es\/wp-json\/wp\/v2\/product"}],"about":[{"href":"https:\/\/blank.net.do\/globalmedica\/es\/wp-json\/wp\/v2\/types\/product"}],"replies":[{"embeddable":true,"href":"https:\/\/blank.net.do\/globalmedica\/es\/wp-json\/wp\/v2\/comments?post=1105"}],"wp:featuredmedia":[{"embeddable":true,"href":"https:\/\/blank.net.do\/globalmedica\/es\/wp-json\/wp\/v2\/media\/2183"}],"wp:attachment":[{"href":"https:\/\/blank.net.do\/globalmedica\/es\/wp-json\/wp\/v2\/media?parent=1105"}],"wp:term":[{"taxonomy":"product_cat","embeddable":true,"href":"https:\/\/blank.net.do\/globalmedica\/es\/wp-json\/wp\/v2\/product_cat?post=1105"},{"taxonomy":"product_tag","embeddable":true,"href":"https:\/\/blank.net.do\/globalmedica\/es\/wp-json\/wp\/v2\/product_tag?post=1105"}],"curies":[{"name":"wp","href":"https:\/\/api.w.org\/{rel}","templated":true}]}}