{"id":1154,"date":"2024-05-24T10:49:26","date_gmt":"2024-05-24T10:49:26","guid":{"rendered":"https:\/\/blank.net.do\/globalmedica\/?post_type=product&#038;p=1154"},"modified":"2024-10-01T13:05:20","modified_gmt":"2024-10-01T13:05:20","slug":"mac-lab-sistema-de-poligrafia-hemodinamica","status":"publish","type":"product","link":"https:\/\/blank.net.do\/globalmedica\/es\/product\/mac-lab-sistema-de-poligrafia-hemodinamica\/","title":{"rendered":"Mac- Lab Sistema de poligraf\u00eda Hemodin\u00e1mica"},"content":{"rendered":"<div class=\"hero-wrapper\">\n<div class=\"rah-static rah-static--height-auto\" aria-hidden=\"false\">\n<div class=\"hero-teaser__description ge-rtf-module\">\n<h2 class=\"ge-h2 ge-content-module__title\" role=\"heading\">Ventajas<\/h2>\n<div class=\"rah-static rah-static--height-auto\" aria-hidden=\"false\">\n<div>\n<div class=\"ge-rtf ge-rtf-module ge-content-module__description-wrapper\">\n<p>El sistema Mac-Lab aporta prestaciones de tecnolog\u00eda de la informaci\u00f3n a su laboratorio de cateterismo. Mac-Lab proporciona una eficacia y velocidad excepcionales, desde el flujo de trabajo cl\u00ednico hasta la creaci\u00f3n de informes administrativos. En esencia: un conjunto de datos integrados que posibilita funciones cl\u00ednicas, administrativas y de tecnolog\u00eda de la informaci\u00f3n. A simple vista: una interfaz de usuario com\u00fan para registrar, recopilar, analizar y almacenar datos y para generar informes.<\/p>\n<p>Los pol\u00edgrafos de hemodin\u00e1mica Mac-Lab le ayudan a:<\/p>\n<ul>\n<li><strong>Optimizar la eficiencia<\/strong>\u00a0con una recopilaci\u00f3n de datos agilizada y un informe de procedimiento completo.<\/li>\n<li><strong>Reducir los errores de introducci\u00f3n de datos y ahorrar tiempo<\/strong>\u00a0gracias a la conexi\u00f3n de Mac-Lab con los sistemas de rayos X para cargar de forma autom\u00e1tica los datos personales a los sistemas de adquisici\u00f3n de im\u00e1genes y recibir par\u00e1metros radiol\u00f3gicos como las angulaciones y el producto dosis-\u00e1rea (DAP por sus siglas en ingl\u00e9s).<\/li>\n<li><strong>Obtener la reserva fraccional de flujo (FFR)<\/strong>\u00a0sin necesidad de un analizador independiente<\/li>\n<li><strong>Integrar im\u00e1genes<\/strong>\u00a0del PACS (funci\u00f3n opcional).<\/li>\n<\/ul>\n<h2 class=\"ge-h2 ge-content-module__title\" role=\"heading\">Tecnolog\u00eda<\/h2>\n<div class=\"rah-static rah-static--height-auto\" aria-hidden=\"false\">\n<div>\n<div class=\"ge-rtf ge-rtf-module ge-content-module__description-wrapper\">\n<p><strong>El pol\u00edgrafo de hemodin\u00e1mica Mac-Lab es una herramienta potente y fiable que se puede configurar para adaptarse a su forma de trabajar y que ofrece:<\/strong><\/p>\n<ul>\n<li>Macros definidas por el usuario que permiten a los m\u00e9dicos determinar el flujo de casos seg\u00fan su propio flujo de trabajo, agilizan la recopilaci\u00f3n de datos y proporcionan un detallado informe de procedimiento.<\/li>\n<li>Modo pedi\u00e1trico que ofrece algoritmos y ajustes para documentar complejos casos cong\u00e9nitos cuando es necesario.<\/li>\n<li>Herramientas de navegaci\u00f3n y documentaci\u00f3n, entre las que se incluyen: segmento ST, Holter, CardioTree y captura de im\u00e1genes.<strong>Recopilaci\u00f3n exhaustiva de datos en el punto de asistencia al paciente<\/strong><\/li>\n<li>Conexi\u00f3n con sistemas de rayos X para cargar los datos personales a los sistemas de adquisici\u00f3n de im\u00e1genes y recibir par\u00e1metros radiol\u00f3gicos como angulaciones y producto dosis-\u00e1rea (DAP por sus siglas en ingl\u00e9s), lo que reduce los errores de introducci\u00f3n de datos y ahorra tiempo.<\/li>\n<li>Conjuntos de formularios de registro compatibles con el registro de datos de ICP y de DCI del NCDR de ACC.<\/li>\n<li>Recopilaci\u00f3n\u00a0de datos de registro en el punto de asistencia que minimiza la extracci\u00f3n de datos despu\u00e9s del procedimiento.<\/li>\n<li>Obtenci\u00f3n de datos a medida gracias a formularios de datos personalizados que permiten configurar hasta 5000 campos de entrada de datos definidos por el usuario.<\/li>\n<li>Exportaci\u00f3n de los datos a sistemas de registro y gesti\u00f3n de datos de GE y de otros fabricantes.<strong>Reserva fraccional de flujo (FFR) integrada<\/strong><\/li>\n<li>Muestra y guarda mediciones de FFR en el sistema de grabaci\u00f3n Mac-Lab sin necesidad de un analizador independiente.<\/li>\n<li>Hace de la FFR un par\u00e1metro hemodin\u00e1mico m\u00e1s: siempre disponible y sin necesidad de cableado adicional.<\/li>\n<li>Adquisici\u00f3n autom\u00e1tica de im\u00e1genes fluorosc\u00f3picas al iniciar la FFR: se eval\u00faa a documentaci\u00f3n visual de las lesiones.<strong>Integraci\u00f3n de im\u00e1genes del PACS (opcional para Mac-Lab )<\/strong><\/li>\n<li>Importaci\u00f3n de im\u00e1genes DICOM de sistemas PACS a la biblioteca de im\u00e1genes.<\/li>\n<li>Selecci\u00f3n de cualquier imagen de la biblioteca de im\u00e1genes para que aparezca en la pantalla del monitor.<\/li>\n<li>Visualizaci\u00f3n de im\u00e1genes de estudios anteriores en el monitor con brazo para ayudar a los m\u00e9dicos a realizar procedimientos avanzados guiados por imagen.<\/li>\n<li>Importaci\u00f3n y anotaci\u00f3n de im\u00e1genes en informes.<\/li>\n<li>Inserci\u00f3n de im\u00e1genes de fluoroscopia y ultrasonidos y de im\u00e1genes previamente adquiridas en el informe del caso, lo que ofrece una documentaci\u00f3n del procedimiento m\u00e1s completa.<\/li>\n<\/ul>\n<\/div>\n<\/div>\n<\/div>\n<\/div>\n<div class=\"ge-content-module__button--wrapper\">\n<h2 class=\"ge-h2 ge-content-module__title\" role=\"heading\">Ecograf\u00eda sincronizada<\/h2>\n<div class=\"rah-static rah-static--height-auto\" aria-hidden=\"false\">\n<div>\n<div class=\"ge-rtf ge-rtf-module ge-content-module__description-wrapper\">\n<p><strong>Ecograf\u00eda sincronizada CardioICE*<br \/>\n<\/strong><br \/>\nCardioICE* en Mac-Lab , que ofrece una visualizaci\u00f3n continua y en tiempo real de las estructuras y los dispositivos card\u00edacos, le ofrece un acceso excepcional a la informaci\u00f3n durante procedimientos relacionados con la estructura card\u00edaca y de cateterismo.<\/p>\n<p>CardioICE fusiona im\u00e1genes de ultrasonidos, datos, ECG y se\u00f1ales de presi\u00f3n de forma continua a lo largo del caso. La documentaci\u00f3n del caso (im\u00e1genes, formas de onda, datos) se consolida en un \u00fanico y completo informe de procedimiento. Mac-Lab proporciona acceso integrado a informaci\u00f3n previamente inconexa y herramientas de visualizaci\u00f3n, combinando grabaciones de hemodin\u00e1mica con ecograf\u00eda intracard\u00edaca en tiempo real.<\/p>\n<\/div>\n<\/div>\n<\/div>\n<\/div>\n<\/div>\n<\/div>\n<\/div>\n<\/div>\n<\/div>\n","protected":false},"excerpt":{"rendered":"<p>El sistema de poligraf\u00eda de hemodin\u00e1mica Mac-Lab* ofrece una integraci\u00f3n eficiente de la informaci\u00f3n para ayudar a mejorar el rendimiento cl\u00ednico en laboratorios de alta velocidad y gran volumen.<\/p>\n","protected":false},"featured_media":2161,"comment_status":"open","ping_status":"closed","template":"","meta":[],"product_cat":[20],"product_tag":[],"class_list":{"0":"post-1154","1":"product","2":"type-product","3":"status-publish","4":"has-post-thumbnail","6":"product_cat-f-angiografia","8":"first","9":"instock","10":"shipping-taxable","11":"purchasable","12":"product-type-simple"},"_links":{"self":[{"href":"https:\/\/blank.net.do\/globalmedica\/es\/wp-json\/wp\/v2\/product\/1154","targetHints":{"allow":["GET"]}}],"collection":[{"href":"https:\/\/blank.net.do\/globalmedica\/es\/wp-json\/wp\/v2\/product"}],"about":[{"href":"https:\/\/blank.net.do\/globalmedica\/es\/wp-json\/wp\/v2\/types\/product"}],"replies":[{"embeddable":true,"href":"https:\/\/blank.net.do\/globalmedica\/es\/wp-json\/wp\/v2\/comments?post=1154"}],"wp:featuredmedia":[{"embeddable":true,"href":"https:\/\/blank.net.do\/globalmedica\/es\/wp-json\/wp\/v2\/media\/2161"}],"wp:attachment":[{"href":"https:\/\/blank.net.do\/globalmedica\/es\/wp-json\/wp\/v2\/media?parent=1154"}],"wp:term":[{"taxonomy":"product_cat","embeddable":true,"href":"https:\/\/blank.net.do\/globalmedica\/es\/wp-json\/wp\/v2\/product_cat?post=1154"},{"taxonomy":"product_tag","embeddable":true,"href":"https:\/\/blank.net.do\/globalmedica\/es\/wp-json\/wp\/v2\/product_tag?post=1154"}],"curies":[{"name":"wp","href":"https:\/\/api.w.org\/{rel}","templated":true}]}}