{"id":2073,"date":"2024-07-05T00:03:21","date_gmt":"2024-07-05T00:03:21","guid":{"rendered":"https:\/\/blank.net.do\/globalmedica\/product\/cardiolab-sistema-de-grabacion-de-electrofisiologia\/"},"modified":"2024-10-01T13:05:09","modified_gmt":"2024-10-01T13:05:09","slug":"cardiolab-sistema-de-grabacion-de-electrofisiologia","status":"publish","type":"product","link":"https:\/\/blank.net.do\/globalmedica\/es\/product\/cardiolab-sistema-de-grabacion-de-electrofisiologia\/","title":{"rendered":"Cardiolab\u2122 Sistema de grabaci\u00f3n de Electrofisiolog\u00eda"},"content":{"rendered":"<div class=\"column\">\n<p><strong>Flexible<\/strong><\/p>\n<p>Con una interfaz de usuario n\u00edtida, CardioLab ofrece una experiencia coherente con la que los usuarios se sentir\u00e1n c\u00f3modos. Las opciones flexibles de documentaci\u00f3n y flujo de trabajo ayudan a satisfacer las necesidades tanto de m\u00e9dicos individuales como del personal cl\u00ednico. Inicie un estudio en cualquier lugar de la red y contin\u00fae con la documentaci\u00f3n cuando el paciente ingrese al laboratorio. Para los usuarios registrados, la migraci\u00f3n de datos proporciona una soluci\u00f3n sencilla para presentar datos importantes del estudio del paciente.<\/p>\n<\/div>\n<div class=\"column\">\n<p><strong>Integral<\/strong><\/p>\n<p>CardioLab incluye una exportaci\u00f3n de datos HL7 mejorada que proporciona m\u00e1s datos a la HCE y a soluciones de terceros. Las funciones adicionales, incluida la documentaci\u00f3n personalizable a trav\u00e9s del nivel editable de escalas de dolor y conciencia, un cursor de reserva de flujo fraccional (FFR) ajustable y un integrador de espacio de trabajo que proporciona acceso a las soluciones de HCE y CVIT de ComboLab, optimizan el flujo de trabajo y la colaboraci\u00f3n en el lugar de trabajo.<\/p>\n<\/div>\n<div class=\"column\">\n<p><strong>Es seguro.<\/strong><\/p>\n<p>Con la tecnolog\u00eda de las plataformas Windows 10 de Microsoft<sup>\u00ae<\/sup>\u00a0y Windows Server 2016, CardioLab protege la informaci\u00f3n del paciente mediante el cifrado avanzado de datos tanto en reposo como en movimiento y logra un proceso de inicio de sesi\u00f3n m\u00e1s seguro. Hay soluciones solo de software disponibles para reducir las dependencias de hardware y permitir una integraci\u00f3n flexible en la infraestructura de TI existente.<\/p>\n<h4 class=\"ge-s-curve__item-title -text--bold\">Mant\u00e9ngase conectado<\/h4>\n<div class=\"ge-rtf-module ge-s-curve__description\">\n<div>Un entorno interoperable permite la comunicaci\u00f3n y el intercambio de informaci\u00f3n entre diferentes sistemas de tecnolog\u00eda de la informaci\u00f3n y aplicaciones de software. Esto ayuda a mejorar la prestaci\u00f3n de servicios m\u00e9dicos mediante transiciones de datos oportunas y sin problemas a los m\u00e9dicos. Los sistemas CardioLab proporcionan esta interoperabilidad necesaria a trav\u00e9s de diversas funciones.<\/div>\n<\/div>\n<\/div>\n","protected":false},"excerpt":{"rendered":"<p><strong>CardioLab\u2122<\/strong>, parte de un flujo de trabajo de laboratorio de electrofisiolog\u00eda (EP) integral, brinda una excelente calidad de se\u00f1al para la grabaci\u00f3n de EP, dise\u00f1ada para ayudar a optimizar la eficiencia y la productividad, lo que le permite centrarse m\u00e1s en la atenci\u00f3n al paciente.<\/p>\n","protected":false},"featured_media":2620,"comment_status":"open","ping_status":"closed","template":"","meta":[],"product_cat":[20],"product_tag":[],"class_list":{"0":"post-2073","1":"product","2":"type-product","3":"status-publish","4":"has-post-thumbnail","6":"product_cat-f-angiografia","8":"first","9":"instock","10":"shipping-taxable","11":"purchasable","12":"product-type-simple"},"_links":{"self":[{"href":"https:\/\/blank.net.do\/globalmedica\/es\/wp-json\/wp\/v2\/product\/2073","targetHints":{"allow":["GET"]}}],"collection":[{"href":"https:\/\/blank.net.do\/globalmedica\/es\/wp-json\/wp\/v2\/product"}],"about":[{"href":"https:\/\/blank.net.do\/globalmedica\/es\/wp-json\/wp\/v2\/types\/product"}],"replies":[{"embeddable":true,"href":"https:\/\/blank.net.do\/globalmedica\/es\/wp-json\/wp\/v2\/comments?post=2073"}],"wp:featuredmedia":[{"embeddable":true,"href":"https:\/\/blank.net.do\/globalmedica\/es\/wp-json\/wp\/v2\/media\/2620"}],"wp:attachment":[{"href":"https:\/\/blank.net.do\/globalmedica\/es\/wp-json\/wp\/v2\/media?parent=2073"}],"wp:term":[{"taxonomy":"product_cat","embeddable":true,"href":"https:\/\/blank.net.do\/globalmedica\/es\/wp-json\/wp\/v2\/product_cat?post=2073"},{"taxonomy":"product_tag","embeddable":true,"href":"https:\/\/blank.net.do\/globalmedica\/es\/wp-json\/wp\/v2\/product_tag?post=2073"}],"curies":[{"name":"wp","href":"https:\/\/api.w.org\/{rel}","templated":true}]}}