{"id":2074,"date":"2024-07-05T00:03:21","date_gmt":"2024-07-05T00:03:21","guid":{"rendered":"https:\/\/blank.net.do\/globalmedica\/product\/optima-igs-530\/"},"modified":"2024-10-01T13:01:06","modified_gmt":"2024-10-01T13:01:06","slug":"optima-igs-530","status":"publish","type":"product","link":"https:\/\/blank.net.do\/globalmedica\/es\/product\/optima-igs-530\/","title":{"rendered":"Innova\u2122 IGS 5"},"content":{"rendered":"<h2>Flexible y potente a partes iguales<\/h2>\n<p>Gracias a su vers\u00e1til detector digital con panel cuadrado y plano de 31 x 31 cm (12,2 pulg), el Innova IGS 530 es un sistema multifunci\u00f3n fijado al suelo dise\u00f1ado para adaptarse a multitud de procedimientos vasculares intervencionistas, desde exploraciones neurol\u00f3gicas a exploraciones perif\u00e9ricas. Asimismo, es capaz de adoptar \u00e1ngulos ipronunciados, necesarios para realizar angiograf\u00edas coronarias. El Innova IGS 530 est\u00e1 dise\u00f1ado desde el inicio pensando en proporcionarle im\u00e1genes con la claridad necesaria y para ayudarle al mismo tiempo a mantener la dosis lo m\u00e1s baja posible. Incluye funciones como Personalizaci\u00f3n de la dosis1, que le ofrece herramientas para elegir de hasta cuatro preferencias de exposici\u00f3n autom\u00e1tica2 para el sistema. Tambi\u00e9n puede modificar cualquiera de estas preferencias en cualquier protocolo cl\u00ednico para adaptarse a varios procedimientos o a varios usuarios y, por tanto, contribuir a la toma de decisiones fundadas3. Con la nueva generaci\u00f3n de soluciones de software de adquisici\u00f3n avanzada de im\u00e1genes intervencionistas de GE, ASSIST, puede aumentar su versatilidad cl\u00ednica y planificar, guiar y evaluar correctamente procedimientos cada vez m\u00e1s sofisticados con una mayor precisi\u00f3n y eficacia de dosis.<\/p>\n<h2>Ventajas<\/h2>\n<h3>Panel de tama\u00f1o medio que proporciona versatilidad cl\u00ednica<\/h3>\n<p>Con un \u00e1rea cuadrada de 31 x 31 cm (12,2 pulg), el detector digital con panel plano Innova IGS 530 est\u00e1 dise\u00f1ado para una gran variedad de procedimientos de adquisici\u00f3n de im\u00e1genes cardiovasculares e intervencionistas. Puede cubrir ambas piernas simult\u00e1neamente y seguir adoptando \u00e1ngulos pronunciados.<\/p>\n<div class=\"rah-static rah-static--height-auto ge-s-curve__title-description-wrapper ge-s-curve__title-description-wrapper--expanded\" aria-hidden=\"false\">\n<div>\n<div>\n<h4 class=\"ge-s-curve__item-title -text--bold\">Calidad de imagen magn\u00edfica con la alta Eficacia cu\u00e1ntica de detecci\u00f3n (DQE)<\/h4>\n<div class=\"ge-rtf-module ge-s-curve__description\">\n<div>El detector con panel plano para angiograf\u00eda patentado ofrece una de las mayores tasas de Eficacia cu\u00e1ntica de detecci\u00f3n del sector, un par\u00e1metro reconocido internacionalmente como \u00edndice de valoraci\u00f3n del rendimiento del detector en im\u00e1genes con limitaci\u00f3n de contraste y dosis utilizadas en estudios cl\u00ednicos. Un \u00edndice DQE alto permite obtener im\u00e1genes de m\u00e1s calidad con la misma dosis, o de igual calidad con una dosis inferior.<\/div>\n<\/div>\n<div>\n<div class=\"rah-static rah-static--height-auto ge-s-curve__title-description-wrapper ge-s-curve__title-description-wrapper--expanded\" aria-hidden=\"false\">\n<div>\n<div>\n<h4 class=\"ge-s-curve__item-title -text--bold\">Dise\u00f1o con menor dosis<\/h4>\n<div class=\"ge-rtf-module ge-s-curve__description\">\n<div>\n<p>GE dise\u00f1a sus sistemas a partir de la cadena de procesos de adquisici\u00f3n de im\u00e1genes de GE probada y fiable, optimizada para proporcionar la claridad de imagen que necesita al tiempo que se mantiene la dosis m\u00e1s baja posible. Nuestras funciones de reducci\u00f3n de dosis le permiten optimizar y personalizar f\u00e1cilmente los ajustes de dosis desde su mesa, al tiempo que se mantienen los detalles cl\u00ednicos que necesita para tomar decisiones fundadas. Sin embargo, la mejora de la gesti\u00f3n de dosis requiere una estrategia, que denominamos GE Blueprint, que incluye tecnolog\u00edas de adquisici\u00f3n de im\u00e1genes con dosis bajas para procedimientos m\u00ednimamente invasivos, pero tambi\u00e9n toma en cuenta las personas, la cultura y los procesos que las rodean.<\/p>\n<div class=\"rah-static rah-static--height-auto ge-s-curve__title-description-wrapper ge-s-curve__title-description-wrapper--expanded\" aria-hidden=\"false\">\n<div>\n<div>\n<h4 class=\"ge-s-curve__item-title -text--bold\">Controles simples, centralizados y automatizados<\/h4>\n<div class=\"ge-rtf-module ge-s-curve__description\">\n<div>\n<p>Manipule su sistema y sus im\u00e1genes con controles integrados e intuitivos situados en su mesa. Con men\u00fas sencillos, la pantalla t\u00e1ctil de Central le permite controlar la mayor\u00eda de las funciones de su sistema, configurar el sistema, modificar los par\u00e1metros de adquisici\u00f3n de im\u00e1genes, controlar el monitor de pantalla grande, y manipular aplicaciones avanzadas, todo desde su mesa. La rueda de control c\u00f3moda y f\u00e1cil de agarrar facilita la realizaci\u00f3n de panor\u00e1micas de la mesa, la colocaci\u00f3n del gantry y la realizaci\u00f3n de procedimientos.<\/p>\n<div class=\"rah-static rah-static--height-auto ge-s-curve__title-description-wrapper ge-s-curve__title-description-wrapper--expanded\" aria-hidden=\"false\">\n<div>\n<div>\n<h4 class=\"ge-s-curve__item-title -text--bold\">Todo en uno, monitor con pantalla grande<\/h4>\n<div class=\"ge-rtf-module ge-s-curve__description\">\n<div>\n<p>La pantalla grande a todo color de 8\u00a0megap\u00edxeles, apta para aplicaciones m\u00e9dicas, le permite ver varias im\u00e1genes procedentes de diferentes fuentes. Obtenga hasta 120 dise\u00f1os personalizados f\u00e1cilmente intercambiables desde su mesa gracias a la pantalla t\u00e1ctil Central. Acerque las im\u00e1genes con comodidad sin perder ning\u00fan detalle o pixelaci\u00f3n para obtener el enfoque cl\u00ednico que necesita.<\/p>\n<p>&nbsp;<\/p>\n<p><a class=\"elboton\" href=\"https:\/\/www.gehealthcare.es\/products\/interventional-image-guided-systems\/igs-for-interventional-radiology-and-oncology\/innova-igs-530-for-radiology-and-oncology\">Enlace de la marca<\/a><\/p>\n<\/div>\n<\/div>\n<\/div>\n<\/div>\n<\/div>\n<\/div>\n<\/div>\n<\/div>\n<\/div>\n<\/div>\n<\/div>\n<\/div>\n<\/div>\n<\/div>\n<\/div>\n<\/div>\n<\/div>\n<\/div>\n<\/div>\n","protected":false},"excerpt":{"rendered":"<p>Innova\u2122 IGS 530 es el sistema guiado por im\u00e1genes con tama\u00f1o de panel \u00f3ptimo (30 x 30) para la adquisici\u00f3n de im\u00e1genes cardiovasculares e intervencionistas.<\/p>\n","protected":false},"featured_media":2584,"comment_status":"open","ping_status":"closed","template":"","meta":[],"product_cat":[20],"product_tag":[],"class_list":{"0":"post-2074","1":"product","2":"type-product","3":"status-publish","4":"has-post-thumbnail","6":"product_cat-f-angiografia","8":"first","9":"instock","10":"shipping-taxable","11":"purchasable","12":"product-type-simple"},"_links":{"self":[{"href":"https:\/\/blank.net.do\/globalmedica\/es\/wp-json\/wp\/v2\/product\/2074","targetHints":{"allow":["GET"]}}],"collection":[{"href":"https:\/\/blank.net.do\/globalmedica\/es\/wp-json\/wp\/v2\/product"}],"about":[{"href":"https:\/\/blank.net.do\/globalmedica\/es\/wp-json\/wp\/v2\/types\/product"}],"replies":[{"embeddable":true,"href":"https:\/\/blank.net.do\/globalmedica\/es\/wp-json\/wp\/v2\/comments?post=2074"}],"wp:featuredmedia":[{"embeddable":true,"href":"https:\/\/blank.net.do\/globalmedica\/es\/wp-json\/wp\/v2\/media\/2584"}],"wp:attachment":[{"href":"https:\/\/blank.net.do\/globalmedica\/es\/wp-json\/wp\/v2\/media?parent=2074"}],"wp:term":[{"taxonomy":"product_cat","embeddable":true,"href":"https:\/\/blank.net.do\/globalmedica\/es\/wp-json\/wp\/v2\/product_cat?post=2074"},{"taxonomy":"product_tag","embeddable":true,"href":"https:\/\/blank.net.do\/globalmedica\/es\/wp-json\/wp\/v2\/product_tag?post=2074"}],"curies":[{"name":"wp","href":"https:\/\/api.w.org\/{rel}","templated":true}]}}