{"id":2075,"date":"2024-07-05T00:03:21","date_gmt":"2024-07-05T00:03:21","guid":{"rendered":"https:\/\/blank.net.do\/globalmedica\/product\/senographe-pristina\/"},"modified":"2024-10-11T10:52:01","modified_gmt":"2024-10-11T10:52:01","slug":"senographe-pristina","status":"publish","type":"product","link":"https:\/\/blank.net.do\/globalmedica\/es\/product\/senographe-pristina\/","title":{"rendered":"Senographe Pristina\u2122"},"content":{"rendered":"<h3 class=\"feature-hero-module-title\">Dise\u00f1ado para mujeres por mujeres<\/h3>\n<div class=\"feature-hero-module-copy\">El sistema de mamograf\u00eda Pristina est\u00e1 dise\u00f1ado por expertos para mejorar sus capacidades diarias y hacer que las pacientes se sientan m\u00e1s c\u00f3modas. Pristina est\u00e1 dise\u00f1ado para una mejor experiencia del paciente a lo largo de todo el proceso de cuidado de la mama, desde la detecci\u00f3n y el diagn\u00f3stico hasta la planificaci\u00f3n y el seguimiento del tratamiento.<\/div>\n<div>\n<div class=\"mdc-layout-grid__cell mdc-layout-grid__cell--span-12-desktop mdc-layout-grid__cell--span-8-tablet\">\n<h3 class=\"feature-hero-module-featureHeading\">Dosis baja para precisi\u00f3n diagn\u00f3stica<\/h3>\n<\/div>\n<div class=\"mdc-layout-grid__cell mdc-layout-grid__cell--span-12-desktop mdc-layout-grid__cell--span-8-tablet\">\n<div class=\"feature-hero-module-featureBody ptags-small\">Senographe Pristina es la \u00fanica mamograf\u00eda 3D aprobada por la FDA que proporciona, a la misma dosis baja que 2D FFDM, la dosis m\u00e1s baja para pacientes de todos los sistemas aprobados<sup>2<\/sup>\u00a0por la FDA2. La plataforma se puede actualizar para aplicaciones avanzadas, como la mamograf\u00eda y la biopsia por contraste.<\/div>\n<div>\n<div class=\"mdc-layout-grid__cell mdc-layout-grid__cell--span-12-desktop mdc-layout-grid__cell--span-8-tablet\">\n<h3 class=\"feature-hero-module-featureHeading\">Calidad de imagen y precisi\u00f3n diagn\u00f3stica<\/h3>\n<\/div>\n<div class=\"mdc-layout-grid__cell mdc-layout-grid__cell--span-12-desktop mdc-layout-grid__cell--span-8-tablet\">\n<div class=\"feature-hero-module-featureBody ptags-small\">Nuestros equipos de ingenier\u00eda trabajan con pasi\u00f3n para desarrollar soluciones dise\u00f1adas para lograr una calidad de imagen excepcional:<br \/>\n\u2022 2D con eConstrast HD: el nuevo procesamiento mejora el flujo de trabajo de lectura, reduciendo la necesidad de mostrar manualmente nuestras im\u00e1genes y la confianza del radi\u00f3logo en nuestra calidad de imagen 2D.<br \/>\n\u2022 3D con ASIR: la reconstrucci\u00f3n permite t\u00e9cnicas de gesti\u00f3n de artefactos que reducen en gran medida la propagaci\u00f3n de clips\/microcalcales, a expensas del tiempo de c\u00e1lculo adicional (Asir es m\u00e1s largo que la reconstrucci\u00f3n FBP.<br \/>\n\u2022 CCEM con NIRA: Gracias al nuevo algoritmo de recombinaci\u00f3n, el impacto de los artefactos se reduce significativamente para todos los lectores y puede mejorar la confianza del diagn\u00f3stico<\/div>\n<div>\n<div class=\"mdc-layout-grid__cell mdc-layout-grid__cell--span-12-desktop mdc-layout-grid__cell--span-8-tablet\">\n<h3 class=\"feature-hero-module-featureHeading\">Reducir los riesgos para los tecn\u00f3logos<\/h3>\n<\/div>\n<div class=\"mdc-layout-grid__cell mdc-layout-grid__cell--span-12-desktop mdc-layout-grid__cell--span-8-tablet\">\n<div class=\"feature-hero-module-featureBody ptags-small\">Con funciones espec\u00edficas para facilitar el posicionamiento del paciente, Senographe Pristina est\u00e1 dise\u00f1ado para reducir el esfuerzo f\u00edsico y ayudar a prevenir lesiones relacionadas con el trabajo. El aumento de la comodidad del paciente durante el examen tambi\u00e9n puede facilitar el posicionamiento.<\/div>\n<div>\n<div class=\"mdc-layout-grid__cell mdc-layout-grid__cell--span-12-desktop mdc-layout-grid__cell--span-8-tablet\">\n<h3 class=\"feature-hero-module-featureHeading\">Pristina Dueta pone a los pacientes en control<\/h3>\n<\/div>\n<div class=\"mdc-layout-grid__cell mdc-layout-grid__cell--span-12-desktop mdc-layout-grid__cell--span-8-tablet\">\n<div class=\"feature-hero-module-featureBody ptags-small\">Bajo la supervisi\u00f3n y gu\u00eda del radi\u00f3logo, nuestra tecnolog\u00eda permite a los pacientes controlar la compresi\u00f3n para un proceso de detecci\u00f3n m\u00e1s c\u00f3modo.<\/div>\n<\/div>\n<\/div>\n<\/div>\n<\/div>\n<\/div>\n<\/div>\n<\/div>\n<\/div>\n","protected":false},"excerpt":{"rendered":"<p>Sistema de mamograf\u00eda,\u00a0Proporciona una precisi\u00f3n diagn\u00f3stica superior a la misma dosis baja que una FFDM 2D, la dosis m\u00e1s baja para el paciente de todos los sistemas de DBT aprobados por la FDA.<sup>1<\/sup><\/p>\n","protected":false},"featured_media":2649,"comment_status":"open","ping_status":"closed","template":"","meta":[],"product_cat":[24],"product_tag":[],"class_list":{"0":"post-2075","1":"product","2":"type-product","3":"status-publish","4":"has-post-thumbnail","6":"product_cat-d-mamografia","8":"first","9":"instock","10":"shipping-taxable","11":"purchasable","12":"product-type-simple"},"_links":{"self":[{"href":"https:\/\/blank.net.do\/globalmedica\/es\/wp-json\/wp\/v2\/product\/2075","targetHints":{"allow":["GET"]}}],"collection":[{"href":"https:\/\/blank.net.do\/globalmedica\/es\/wp-json\/wp\/v2\/product"}],"about":[{"href":"https:\/\/blank.net.do\/globalmedica\/es\/wp-json\/wp\/v2\/types\/product"}],"replies":[{"embeddable":true,"href":"https:\/\/blank.net.do\/globalmedica\/es\/wp-json\/wp\/v2\/comments?post=2075"}],"wp:featuredmedia":[{"embeddable":true,"href":"https:\/\/blank.net.do\/globalmedica\/es\/wp-json\/wp\/v2\/media\/2649"}],"wp:attachment":[{"href":"https:\/\/blank.net.do\/globalmedica\/es\/wp-json\/wp\/v2\/media?parent=2075"}],"wp:term":[{"taxonomy":"product_cat","embeddable":true,"href":"https:\/\/blank.net.do\/globalmedica\/es\/wp-json\/wp\/v2\/product_cat?post=2075"},{"taxonomy":"product_tag","embeddable":true,"href":"https:\/\/blank.net.do\/globalmedica\/es\/wp-json\/wp\/v2\/product_tag?post=2075"}],"curies":[{"name":"wp","href":"https:\/\/api.w.org\/{rel}","templated":true}]}}