{"id":2076,"date":"2024-07-05T00:03:22","date_gmt":"2024-07-05T00:03:22","guid":{"rendered":"https:\/\/blank.net.do\/globalmedica\/product\/senographe-crytal-nova\/"},"modified":"2024-10-11T10:51:26","modified_gmt":"2024-10-11T10:51:26","slug":"senographe-crytal-nova","status":"publish","type":"product","link":"https:\/\/blank.net.do\/globalmedica\/es\/product\/senographe-crytal-nova\/","title":{"rendered":"Senographe Crystal Nova"},"content":{"rendered":"<h4 class=\"ge-s-curve__item-title -text--bold\">EFICIENCIA<\/h4>\n<div class=\"ge-rtf-module ge-s-curve__description\">\n<div>\n<p>Benef\u00edciese de la excelente tecnolog\u00eda de GE.<\/p>\n<p><strong>La dosis adecuada<\/strong><br \/>\nLa optimizaci\u00f3n autom\u00e1tica de los par\u00e1metros\u00a0(AOP) le permite seleccionar los valores adecuados de kV y mAs en funci\u00f3n de la densidad radiol\u00f3gica y del grosor de la mama\u00a0Im\u00e1genes de una excepcional calidad\u00a0obtenidas con una dosis de radiaci\u00f3n m\u00ednima. Dosis de radiaci\u00f3n durante la exploraci\u00f3n\u00a0considerablemente inferior a los valores establecidos en las directrices y normativas correspondientes\u00a0(EUREF).<\/p>\n<p><strong>Tecnolog\u00eda probada<\/strong><br \/>\nSe ha dise\u00f1ado con la misma eficacia del detector (DQE)\u00a0de los excelentes sistemas de mamograf\u00eda de GE. Ofrece r\u00e1pidamente\u00a0im\u00e1genes de una calidad excepcional.\u00a0Le garantiza que podr\u00e1 atender con total confianza a m\u00e1s pacientes tanto en estudios de detecci\u00f3n precoz como de diagn\u00f3stico, y tambi\u00e9n tiene la capacidad de realizar biopsia 2D.<\/p>\n<p><strong>Acceda a las im\u00e1genes de la forma que le resulte m\u00e1s pr\u00e1ctica.<\/strong><br \/>\nPosprocesado con eContrast<br \/>\nCuatro niveles de contraste para optimizar la comodidad visual y aumentar la visibilidad de las estructuras. Rendimiento diagn\u00f3stico para casi cualquier tipo de mama, incluidos los implantes.<\/p>\n<h4 class=\"ge-s-curve__item-title -text--bold\">R\u00c1PIDO<\/h4>\n<div class=\"ge-rtf-module ge-s-curve__description\">\n<div>\n<p>\u00bfC\u00f3mo obtener im\u00e1genes de hasta 18 pacientes en una hora? Puede realizar un examen con cuatro vistas en menos de 3\u00a0minutos.<\/p>\n<p><strong>Excepcional rendimiento en del flujo de pacientes\u00a0en el sector.<\/strong><\/p>\n<p>Puede adquirir\u00a0im\u00e1genes de gran calidad de forma tan r\u00e1pida y sencilla\u00a0que la velocidad de las exploraciones solo se ver\u00e1 limitada por la colocaci\u00f3n del paciente.<\/p>\n<p>Si consideramos que un t\u00e9cnico necesita 30\u00a0segundos para colocar al paciente para la adquisici\u00f3n, Un examen de cuatro vistas se puede realizar f\u00e1cilmente en\u00a0<strong>menos de 3 minutos<\/strong>, frente a los m\u00e1s de 12 minutos con procedimientos de pel\u00edcula en pantalla, incluida la adquisici\u00f3n y el procesamiento de im\u00e1genes.<\/p>\n<h4 class=\"ge-s-curve__item-title -text--bold\">F\u00c1CIL<\/h4>\n<div class=\"ge-rtf-module ge-s-curve__description\">\n<div>\n<p>Resulta sencillo aprovechar las ventajas de un sistema digital integral.<\/p>\n<p><strong>Agilice la experiencia. Ventajas para los pacientes.<\/strong><\/p>\n<ul>\n<li>Posicionador estilizado<\/li>\n<\/ul>\n<h2 class=\"ge-generic-hero__title\">FLUJO DE TRABAJO ININTERRUMPIDO<\/h2>\n<div class=\"ge-generic-hero__teaser\">\n<p>La potente estaci\u00f3n de trabajo Seno Iris Lite se integra a la perfecci\u00f3n con el sistema Senographe Crystal Nova, con lo que se logra optimizar el proceso de diagn\u00f3stico.<\/p>\n<p>Disfrute de una lectura sencilla con protocolos personalizables, automatizados e intuitivos.<br \/>\nExplore y revise los casos de forma r\u00e1pida y sencilla para emitir un diagn\u00f3stico fiable.<br \/>\nAproveche al 100% la tecnolog\u00eda de mamograf\u00eda digital para confirmar el diagn\u00f3stico, de modo que obtendr\u00e1 un flujo de trabajo cl\u00ednico sin interrupciones.<\/p>\n<p>&nbsp;<\/p>\n<\/div>\n<\/div>\n<\/div>\n<\/div>\n<\/div>\n<\/div>\n<\/div>\n","protected":false},"excerpt":{"rendered":"<p>Transformaci\u00f3n de mamograf\u00eda digital, simplificada. La forma m\u00e1s r\u00e1pida, sencilla y asequible de acceder a la mamograf\u00eda digital con las ventajas de un excelente producto de GE.<\/p>\n","protected":false},"featured_media":2648,"comment_status":"open","ping_status":"closed","template":"","meta":[],"product_cat":[24],"product_tag":[],"class_list":{"0":"post-2076","1":"product","2":"type-product","3":"status-publish","4":"has-post-thumbnail","6":"product_cat-d-mamografia","8":"first","9":"instock","10":"shipping-taxable","11":"purchasable","12":"product-type-simple"},"_links":{"self":[{"href":"https:\/\/blank.net.do\/globalmedica\/es\/wp-json\/wp\/v2\/product\/2076","targetHints":{"allow":["GET"]}}],"collection":[{"href":"https:\/\/blank.net.do\/globalmedica\/es\/wp-json\/wp\/v2\/product"}],"about":[{"href":"https:\/\/blank.net.do\/globalmedica\/es\/wp-json\/wp\/v2\/types\/product"}],"replies":[{"embeddable":true,"href":"https:\/\/blank.net.do\/globalmedica\/es\/wp-json\/wp\/v2\/comments?post=2076"}],"wp:featuredmedia":[{"embeddable":true,"href":"https:\/\/blank.net.do\/globalmedica\/es\/wp-json\/wp\/v2\/media\/2648"}],"wp:attachment":[{"href":"https:\/\/blank.net.do\/globalmedica\/es\/wp-json\/wp\/v2\/media?parent=2076"}],"wp:term":[{"taxonomy":"product_cat","embeddable":true,"href":"https:\/\/blank.net.do\/globalmedica\/es\/wp-json\/wp\/v2\/product_cat?post=2076"},{"taxonomy":"product_tag","embeddable":true,"href":"https:\/\/blank.net.do\/globalmedica\/es\/wp-json\/wp\/v2\/product_tag?post=2076"}],"curies":[{"name":"wp","href":"https:\/\/api.w.org\/{rel}","templated":true}]}}