{"id":2077,"date":"2024-07-05T00:03:22","date_gmt":"2024-07-05T00:03:22","guid":{"rendered":"https:\/\/blank.net.do\/globalmedica\/product\/pet-ct-discovery-iq\/"},"modified":"2024-10-21T02:37:27","modified_gmt":"2024-10-21T02:37:27","slug":"pet-ct-discovery-iq","status":"publish","type":"product","link":"https:\/\/blank.net.do\/globalmedica\/es\/product\/pet-ct-discovery-iq\/","title":{"rendered":"PET CT Discovery IQ"},"content":{"rendered":"<h2 class=\"ge-h2 ge-content-module__title\" style=\"text-align: left;\" role=\"heading\">Construido sobre los pilares m\u00e1s fuertes del rendimiento<\/h2>\n<p style=\"text-align: left;\">Discovery IQ Gen 2 se fundamenta el est\u00e1ndar de rendimiento de TEP\/TC establecido por Discovery IQ a trav\u00e9s de potentes actualizaciones de software y hardware dise\u00f1adas para personalizar a\u00fan m\u00e1s la atenci\u00f3n al paciente. Mientras mantiene la m\u00e1s alta sensibilidad NEMA<sup>2<\/sup>\u00a0del sector, Discovery IQ Gen 2 ofrece mejoras a los otros dos pilares esenciales de la excelente adquisici\u00f3n de im\u00e1genes de TEP\/TC: la correcci\u00f3n de movimiento y la precisi\u00f3n de cuantificaci\u00f3n. MotionFree beneficiar\u00e1 a todos los pacientes con la reducci\u00f3n del movimiento en sus im\u00e1genes, mientras que las herramientas de cuantificaci\u00f3n m\u00e1s precisas ayudar\u00e1n a producir una mayor calidad de imagen para obtener mejores resultados en los pacientes. Adem\u00e1s, el hardware redise\u00f1ado mejora tanto la experiencia del t\u00e9cnico como la del paciente. Uno de estos ejemplos es la nueva fijaci\u00f3n del punto de referencia y el nuevo posicionamiento de la mesa remotos con AutoIN que mantienen al t\u00e9cnico en la consola, de modo que reducen potencialmente su exposici\u00f3n a la radiaci\u00f3n. Junto con una interfaz de usuario mejorada para la generaci\u00f3n de informes de exploraciones y un tama\u00f1o reducido, Discovery IQ Gen 2 brinda una gran oportunidad para invertir en la plataforma de TEP\/TC m\u00e1s fiable del mundo que satisface sus necesidades de adquisici\u00f3n de im\u00e1genes moleculares.<\/p>\n<h2 class=\"ge-module__title\" style=\"text-align: left;\">Sensibilidad<\/h2>\n<h3 class=\"ge-h2 ge-content-module__title\" style=\"text-align: left;\" role=\"heading\">La mayor sensibilidad para sus necesidades m\u00e1s exigentes\u00b2<\/h3>\n<p style=\"text-align: left;\">Discovery IQ Gen 2 refuerza lo que los niveles m\u00e1s elevados de sensibilidad pueden hacer con la calidad de imagen. Fabricado con una combinaci\u00f3n de la mayor sensibilidad NEMA<sup>2<\/sup>, los valores cl\u00ednicos de NECR<sup>2<\/sup>\u00a0m\u00e1s elevados y una excelente cobertura de campo de visi\u00f3n, este sistema de PET\/TC tiene una capacidad de detecci\u00f3n de lesiones peque\u00f1as excepcional. Aparte de estas caracter\u00edsticas l\u00edderes del sector, Discovery IQ Gen 2 tambi\u00e9n cuenta con Smart MAR, que ayuda a reducir los artefactos met\u00e1licos y minimiza de manera significativa las rayas y las sombras con el fin de ahorrar tiempo en la correcci\u00f3n de im\u00e1genes. Se trata de la adquisici\u00f3n de im\u00e1genes en el sentido m\u00e1s elevado: utiliza la menor cantidad de dosis posible y tiempos de adquisici\u00f3n m\u00e1s r\u00e1pidos para adquirir im\u00e1genes de alta claridad como ning\u00fan otro sistema de PET\/TC.<\/p>\n<h2 class=\"ge-module__title\">Motion Correction (Correcci\u00f3n de movimiento)<\/h2>\n<h3 class=\"ge-h2 ge-content-module__title\" role=\"heading\">Obtenga im\u00e1genes n\u00edtidas<\/h3>\n<p>El movimiento respiratorio afecta negativamente a aproximadamente la mitad de todos los procedimientos de PET\/TC. Las soluciones actuales de sincronizaci\u00f3n son engorrosas y tardan demasiado en implementarse, lo que le pone en la dif\u00edcil situaci\u00f3n de tener que elegir en qu\u00e9 momento utilizarlas. Como resultado, solo un peque\u00f1o porcentaje de los procedimientos generales afectados por el movimiento se beneficia de la correcci\u00f3n del movimiento. Sin embargo, ahora con MotionFree, Discovery IQ Gen 2 garantiza que cada paciente se beneficie de la reducci\u00f3n del movimiento durante las exploraciones para as\u00ed obtener im\u00e1genes de una nitidez excepcional.<\/p>\n<p style=\"text-align: left;\">MotionFree es la primera soluci\u00f3n digital de gesti\u00f3n del movimiento respiratorio que elimina completamente la necesidad de un dispositivo de sincronizaci\u00f3n. Monitoriza de manera continua el movimiento respiratorio en cada PET\/TC y modifica autom\u00e1ticamente la exploraci\u00f3n y, a continuaci\u00f3n, integra lo que aprende en la imagen final en tiempo real. MotionFree es el nuevo est\u00e1ndar para la adquisici\u00f3n de im\u00e1genes PET y una herramienta esencial para obtener los mejores resultados.<\/p>\n<h3 class=\"ge-h2 ge-content-module__title\" role=\"heading\">Puntos de datos precisos para un tratamiento fiable<\/h3>\n<p>Con Discovery IQ Gen 2, la cuantificaci\u00f3n ya no est\u00e1 limitada por las tecnolog\u00edas que se utilizan para producirla. En comparaci\u00f3n con los m\u00e9todos convencionales, Discovery IQ Gen 2 utiliza herramientas cuantitativas m\u00e1s precisas y uniformes, como Q.Clear, para respaldar el tratamiento con puntos de datos precisos. Esto permite que la medici\u00f3n de SUV se convierta en m\u00e1s que un n\u00famero. Se convierte en una herramienta para la detecci\u00f3n cl\u00ednica, el diagn\u00f3stico y la evaluaci\u00f3n del tratamiento fiables.<\/p>\n<p style=\"text-align: left;\">Desde su introducci\u00f3n, Q.Clear ha proporcionado mediciones r\u00e1pidas y eficientes de lecturas de cuantificaci\u00f3n para un diagn\u00f3stico seguro y una evaluaci\u00f3n precisa de la respuesta al tratamiento, con lo que se logra hasta el doble de mejora hasta tanto en la precisi\u00f3n de la cuantificaci\u00f3n de la PET (SUV<sub>media<\/sub>) como en la calidad de la imagen (relaci\u00f3n se\u00f1al-ruido). Ahora, las mejoras en el algoritmo Q.Clear mejoran a\u00fan m\u00e1s la resoluci\u00f3n de las im\u00e1genes del cerebro en los planos vertical\/coronal.<\/p>\n<h2 class=\"ge-module__title\" style=\"text-align: left;\">Tecnolog\u00eda<\/h2>\n<h3 class=\"ge-h2 ge-content-module__title\" style=\"text-align: left;\" role=\"heading\">Detecci\u00f3n a la velocidad de la luz<\/h3>\n<p style=\"text-align: left;\">Discovery IQ Gen 2 cuenta con el detector de PET LightBurst que reduce los tiempos de exploraci\u00f3n y las cantidades de dosis a la mitad<sup>6<\/sup>. En combinaci\u00f3n con las mejoras de \u00faltima generaci\u00f3n en cuanto a sensibilidad, correcci\u00f3n del movimiento y cuantificaci\u00f3n, tambi\u00e9n disfrutar\u00e1 de aumentos en la claridad de la imagen, de la velocidad de adquisici\u00f3n de im\u00e1genes y de la confianza para ver lesiones m\u00e1s peque\u00f1as. Hemos combinado esta innovadora tecnolog\u00eda del detector con el sistema Optima\u2122 CT540, que dispone de velocidad equivalente a una TC de 50\u00a0cortes con IQE 1.75\u00a0Pitch\u00a0Booster<sup>7<\/sup> para satisfacer sus necesidades de adquisici\u00f3n de im\u00e1genes. El detector de PET LightBurst es compatible con las soluciones digitales avanzadas dise\u00f1adas para conectar equipos, personas y datos mediante una variedad de aplicaciones de an\u00e1lisis sanitarios.<\/p>\n<h3>Mejores resultados para todos<\/h3>\n<p>Los profesionales sanitarios, necesitan un sistema rentable que tenga la flexibilidad para evolucionar con las demandas de sus usuarios y que se adapte al futuro. Discovery IQ Gen 2 est\u00e1 hecho para esto. Se trata de una plataforma accesible y m\u00f3vil dise\u00f1ada con un detector totalmente escalable y listo para satisfacer las necesidades cl\u00ednicas de todo el mundo.<\/p>\n<h2>Experiencia<\/h2>\n<h3>Un sistema dise\u00f1ado en torno a usted y sus pacientes<\/h3>\n<p>Las mejoras de Discovery IQ Gen 2 no se detienen con las actualizaciones de software de alto rendimiento. Ahora con un tama\u00f1o m\u00e1s peque\u00f1o, Discovery IQ Gen 2 tambi\u00e9n ofrece mejoras de hardware que reducen la exposici\u00f3n a la radiaci\u00f3n de los t\u00e9cnicos y mejoran la interfaz de usuario para la generaci\u00f3n de informes de exploraciones. Combinado con las \u00faltimas actualizaciones de software, permite una mejor experiencia del t\u00e9cnico y del paciente, al mismo tiempo que aumenta de manera significativa la productividad y el rendimiento de la PET\/TC.<\/p>\n<h3>AutoIN<\/h3>\n<p>AutoIN le da a sus t\u00e9cnicos la capacidad de fijar y posicionar la mesa del paciente desde la consola en el quir\u00f3fano. Esto no solo mejora el flujo de trabajo de la adquisici\u00f3n de im\u00e1genes, sino que tambi\u00e9n reduce la exposici\u00f3n del t\u00e9cnico a la radiaci\u00f3n al hacerlo desde la consola.<\/p>\n<h3>La \u00faltima generaci\u00f3n ya ha llegado.<\/h3>\n<p>Discovery IQ Gen 2 es la \u00faltima generaci\u00f3n de nuestro sistema de TEP\/TC de alto rendimiento, cuidadosamente dise\u00f1ado con tiempos de exploraci\u00f3n m\u00e1s r\u00e1pidos, t\u00e9cnicas de dosis m\u00e1s bajas y la capacidad de explorar pacientes de todos los tama\u00f1os. Al aunar la mejor sensibilidad de su clase con la claridad de la imagen de MotionFree y la cuantificaci\u00f3n fiable de Q.Clear, Discovery IQ Gen 2 es la opci\u00f3n m\u00e1s inteligente para garantizar los mejores resultados a trav\u00e9s del descubrimiento real.<\/p>\n","protected":false},"excerpt":{"rendered":"<div class=\"hero-wrapper\">\n<div class=\"rah-static rah-static--height-auto\" aria-hidden=\"false\">\n<div>\n<div class=\"hero-teaser__description ge-rtf-module\">\n<div class=\"ge-rtf__columnize\">\n<div class=\"column\">\n<p class=\"ge-h2 ge-content-module__title\" role=\"heading\">La \u00faltima generaci\u00f3n de TEP\/TC m\u00e1s fiable del mundo.<br \/>\nDiscovery\u2122\u00a0IQ es el sistema de TEP\/TC m\u00e1s utilizado y de confianza entre los m\u00e9dicos de todo el mundo<sup>1<\/sup>. Se ha dise\u00f1ado y creado para ser un sistema de diagn\u00f3stico escalable de alto rendimiento con las capacidades necesarias para producir una calidad de imagen excepcional con menos dosis. Y lo que es m\u00e1s importante, se ha creado sobre una plataforma dise\u00f1ada para satisfacer y superar sus necesidades cl\u00ednicas a medida que crecen. Para continuar con ese impulso, presentamos Discovery IQ Gen 2. La \u00faltima generaci\u00f3n en rendimiento TEP\/TC dedicada a mejorar los resultados cl\u00ednicos, la productividad y la rentabilidad.<\/p>\n<\/div>\n<\/div>\n<\/div>\n<\/div>\n<\/div>\n<\/div>\n","protected":false},"featured_media":2772,"comment_status":"open","ping_status":"closed","template":"","meta":[],"product_cat":[61],"product_tag":[],"class_list":{"0":"post-2077","1":"product","2":"type-product","3":"status-publish","4":"has-post-thumbnail","6":"product_cat-e-radioterapia","8":"first","9":"instock","10":"shipping-taxable","11":"purchasable","12":"product-type-simple"},"_links":{"self":[{"href":"https:\/\/blank.net.do\/globalmedica\/es\/wp-json\/wp\/v2\/product\/2077","targetHints":{"allow":["GET"]}}],"collection":[{"href":"https:\/\/blank.net.do\/globalmedica\/es\/wp-json\/wp\/v2\/product"}],"about":[{"href":"https:\/\/blank.net.do\/globalmedica\/es\/wp-json\/wp\/v2\/types\/product"}],"replies":[{"embeddable":true,"href":"https:\/\/blank.net.do\/globalmedica\/es\/wp-json\/wp\/v2\/comments?post=2077"}],"wp:featuredmedia":[{"embeddable":true,"href":"https:\/\/blank.net.do\/globalmedica\/es\/wp-json\/wp\/v2\/media\/2772"}],"wp:attachment":[{"href":"https:\/\/blank.net.do\/globalmedica\/es\/wp-json\/wp\/v2\/media?parent=2077"}],"wp:term":[{"taxonomy":"product_cat","embeddable":true,"href":"https:\/\/blank.net.do\/globalmedica\/es\/wp-json\/wp\/v2\/product_cat?post=2077"},{"taxonomy":"product_tag","embeddable":true,"href":"https:\/\/blank.net.do\/globalmedica\/es\/wp-json\/wp\/v2\/product_tag?post=2077"}],"curies":[{"name":"wp","href":"https:\/\/api.w.org\/{rel}","templated":true}]}}