{"id":2079,"date":"2024-07-05T00:03:22","date_gmt":"2024-07-05T00:03:22","guid":{"rendered":"https:\/\/blank.net.do\/globalmedica\/product\/truebeam\/"},"modified":"2024-10-21T02:36:07","modified_gmt":"2024-10-21T02:36:07","slug":"truebeam","status":"publish","type":"product","link":"https:\/\/blank.net.do\/globalmedica\/es\/product\/truebeam\/","title":{"rendered":"TrueBeam\u00ae"},"content":{"rendered":"<h3>Opciones de tratamiento flexibles<\/h3>\n<p>Proporciona diferentes t\u00e9cnicas de tratamiento, como HyperArc y RapidArc, para cubrir una amplia variedad de casos de c\u00e1ncer.<\/p>\n<h3>Obtenci\u00f3n de im\u00e1genes avanzada<\/h3>\n<p>Radiograf\u00edas de MV\/kV sincronizadas con la respiraci\u00f3n, CBCT 4D, CBCT interativa, obtenci\u00f3n autom\u00e1tica de im\u00e1genes, etc.<\/p>\n<h3>Control de dosificaci\u00f3n de alta precisi\u00f3n<\/h3>\n<p>La precisi\u00f3n submilim\u00e9trica garantiza la conformidad de la entrega.<\/p>\n<h3>Tratamientos m\u00e1s \u00e1giles<\/h3>\n<p>Nuestro sistema de control s\u00edncrono patentado Maestro permite un funcionamiento del sistema sin problemas.<\/p>\n<h3>Seguro y fiable<\/h3>\n<p>Incluye funciones de seguridad del paciente que permiten a los m\u00e9dicos superar con seguridad las complejidades del tratamiento del c\u00e1ncer.<\/p>\n<h3>HyperSight en TrueBeam<\/h3>\n<p>La adquisici\u00f3n mejorada de im\u00e1genes IGRT y CBCT para la planificaci\u00f3n del tratamiento ampl\u00eda su versatilidad cl\u00ednica<\/p>\n<h2 class=\"center-text small-vertical-margin\">Tratamiento oncol\u00f3gico de alta precisi\u00f3n<\/h2>\n<h3>Intuitivo<\/h3>\n<p>El dise\u00f1o centrado en el usuario facilita la administraci\u00f3n del tratamiento y permite dar prioridad a los pacientes.<\/p>\n<h3>Innovador<\/h3>\n<p>Facilita la innovaci\u00f3n y la colaboraci\u00f3n que se traduce en nuevas opciones de tratamiento para pacientes, nuevas oprotunidades para las cl\u00ednicas y nuevos avances en la lucha contra el c\u00e1ncer.<\/p>\n<h3>Integrado<\/h3>\n<p>La integraci\u00f3n de la tecnolog\u00eda permite que el personal cl\u00ednico trate una mayor variedad de casos oncol\u00f3gicos gracias a una amplia gama de radioterapias.<\/p>\n<h2>Complementos para TrueBeam<\/h2>\n<div class=\"text-container center-vertically small-vertical-margin-top\">TrueBeam funciona correctamente con una amplia variedad programas de planificaci\u00f3n del tratamiento y otras herramientas. Int\u00e9grelo con estos componentes para sacar el m\u00e1ximo partido a los sistemas Varian.<\/div>\n","protected":false},"excerpt":{"rendered":"<p>Administre dosis precisas con rapidez y devuelva a los pacientes su tiempo: el sistema de radioterapia TrueBeam se ha dise\u00f1ado pensando en las necesidades de las personas. Dise\u00f1ado para tratar el c\u00e1ncer en cualquier parte del cuerpo, tiene la flexibilidad necesaria para atender sus necesidades cl\u00ednicas.<\/p>\n","protected":false},"featured_media":2771,"comment_status":"open","ping_status":"closed","template":"","meta":[],"product_cat":[61],"product_tag":[],"class_list":{"0":"post-2079","1":"product","2":"type-product","3":"status-publish","4":"has-post-thumbnail","6":"product_cat-e-radioterapia","8":"first","9":"instock","10":"shipping-taxable","11":"purchasable","12":"product-type-simple"},"_links":{"self":[{"href":"https:\/\/blank.net.do\/globalmedica\/es\/wp-json\/wp\/v2\/product\/2079","targetHints":{"allow":["GET"]}}],"collection":[{"href":"https:\/\/blank.net.do\/globalmedica\/es\/wp-json\/wp\/v2\/product"}],"about":[{"href":"https:\/\/blank.net.do\/globalmedica\/es\/wp-json\/wp\/v2\/types\/product"}],"replies":[{"embeddable":true,"href":"https:\/\/blank.net.do\/globalmedica\/es\/wp-json\/wp\/v2\/comments?post=2079"}],"wp:featuredmedia":[{"embeddable":true,"href":"https:\/\/blank.net.do\/globalmedica\/es\/wp-json\/wp\/v2\/media\/2771"}],"wp:attachment":[{"href":"https:\/\/blank.net.do\/globalmedica\/es\/wp-json\/wp\/v2\/media?parent=2079"}],"wp:term":[{"taxonomy":"product_cat","embeddable":true,"href":"https:\/\/blank.net.do\/globalmedica\/es\/wp-json\/wp\/v2\/product_cat?post=2079"},{"taxonomy":"product_tag","embeddable":true,"href":"https:\/\/blank.net.do\/globalmedica\/es\/wp-json\/wp\/v2\/product_tag?post=2079"}],"curies":[{"name":"wp","href":"https:\/\/api.w.org\/{rel}","templated":true}]}}