{"id":2080,"date":"2024-07-05T00:03:22","date_gmt":"2024-07-05T00:03:22","guid":{"rendered":"https:\/\/blank.net.do\/globalmedica\/product\/gammamed-plus-ix\/"},"modified":"2024-10-21T02:35:20","modified_gmt":"2024-10-21T02:35:20","slug":"gammamed-plus-ix","status":"publish","type":"product","link":"https:\/\/blank.net.do\/globalmedica\/es\/product\/gammamed-plus-ix\/","title":{"rendered":"Gammamed Plus IX"},"content":{"rendered":"<h3>Distancia de tratamiento de longitud fija<\/h3>\n<p>Reduzca los errores asociados con la conexi\u00f3n entre el aplicador y el dispositivo de carga diferida.<\/p>\n<h3>Prueba final del aplicador \u00fanico<\/h3>\n<p>Verifique f\u00e1cilmente la integridad de la conexi\u00f3n del aplicador y la duraci\u00f3n del tratamiento.<\/p>\n<h2>Movimiento de fuente distal a proximal<\/h2>\n<h3>F\u00e1cil integraci\u00f3n<\/h3>\n<p>Funciona perfectamente con el sistema de planificaci\u00f3n de tratamientos BrachyVision\u2122 y el sistema de informaci\u00f3n oncol\u00f3gica ARIA\u00ae.<\/p>\n<h3>Unidad 1X de 3\/24 (3 canales) disponible<\/h3>\n<p>Cambie a HDR de forma f\u00e1cil y rentable.<\/p>\n<p>Se puede actualizar a 24 canales<\/p>\n<h2>Ampl\u00ede el uso a todos los sitios del cuerpo con poco tiempo de inactividad.<\/h2>\n<h3>Fiable<\/h3>\n<p>La l\u00ednea GammaMedplus ha estado en uso durante m\u00e1s de cincuenta a\u00f1os, y la \u00faltima generaci\u00f3n funciona mejor que nunca.<\/p>\n<h3>Flexible<\/h3>\n<p>Las actualizaciones r\u00e1pidas permiten realizar los tratamientos HDR y PDR que ordenan los m\u00e9dicos.<\/p>\n<h3>F\u00e1cil de usar<\/h3>\n<p>La interfaz intuitiva y la integraci\u00f3n con el software de planificaci\u00f3n hacen que el tratamiento sea m\u00e1s sencillo para los pacientes.<\/p>\n<h2>Complementos de GammaMedplus iX<\/h2>\n<p>Integre GammaMedplus iX a estas soluciones de Varian para proporcionar m\u00e1s opciones para sus pacientes.<\/p>\n","protected":false},"excerpt":{"rendered":"<p>Este dispositivo de carga diferida s\u00f3lido y fiable es la quinta generaci\u00f3n de una l\u00ednea larga y exitosa.<\/p>\n","protected":false},"featured_media":2769,"comment_status":"open","ping_status":"closed","template":"","meta":[],"product_cat":[61],"product_tag":[],"class_list":{"0":"post-2080","1":"product","2":"type-product","3":"status-publish","4":"has-post-thumbnail","6":"product_cat-e-radioterapia","8":"first","9":"instock","10":"shipping-taxable","11":"purchasable","12":"product-type-simple"},"_links":{"self":[{"href":"https:\/\/blank.net.do\/globalmedica\/es\/wp-json\/wp\/v2\/product\/2080","targetHints":{"allow":["GET"]}}],"collection":[{"href":"https:\/\/blank.net.do\/globalmedica\/es\/wp-json\/wp\/v2\/product"}],"about":[{"href":"https:\/\/blank.net.do\/globalmedica\/es\/wp-json\/wp\/v2\/types\/product"}],"replies":[{"embeddable":true,"href":"https:\/\/blank.net.do\/globalmedica\/es\/wp-json\/wp\/v2\/comments?post=2080"}],"wp:featuredmedia":[{"embeddable":true,"href":"https:\/\/blank.net.do\/globalmedica\/es\/wp-json\/wp\/v2\/media\/2769"}],"wp:attachment":[{"href":"https:\/\/blank.net.do\/globalmedica\/es\/wp-json\/wp\/v2\/media?parent=2080"}],"wp:term":[{"taxonomy":"product_cat","embeddable":true,"href":"https:\/\/blank.net.do\/globalmedica\/es\/wp-json\/wp\/v2\/product_cat?post=2080"},{"taxonomy":"product_tag","embeddable":true,"href":"https:\/\/blank.net.do\/globalmedica\/es\/wp-json\/wp\/v2\/product_tag?post=2080"}],"curies":[{"name":"wp","href":"https:\/\/api.w.org\/{rel}","templated":true}]}}