{"id":2081,"date":"2024-07-05T00:03:23","date_gmt":"2024-07-05T00:03:23","guid":{"rendered":"https:\/\/blank.net.do\/globalmedica\/product\/rf180\/"},"modified":"2024-07-06T21:11:42","modified_gmt":"2024-07-06T21:11:42","slug":"rf180","status":"publish","type":"product","link":"https:\/\/blank.net.do\/globalmedica\/es\/product\/rf180\/","title":{"rendered":"RF180"},"content":{"rendered":"<h2 class=\"ge-product-banner__title\">Un sistema dise\u00f1ado para todos.<\/h2>\n<p>Descubra el Discovery RF180. Este potente sistema remoto de adquisici\u00f3n de im\u00e1genes se hace valer sin esfuerzo. Sencillo e intuitivo, garantiza un flujo de trabajo cl\u00ednico optimizado. A los t\u00e9cnicos les encanta su sencilla configuraci\u00f3n automatizada. Los pacientes aprecian la corta duraci\u00f3n de los ex\u00e1menes. Y, por supuesto, los m\u00e9dicos aplauden la nitidiz de las im\u00e1genes. Cuando se trata de directores y administradores, sus elogios se dirigen a la productividad y la versatilidad del sistema. Es uno de los pocos sistemas del sector que puede realizar todo tipo de ex\u00e1menes.<\/p>\n<h3 class=\"ge-h2 ge-content-module__title\" role=\"heading\">Sencillo e intuitivo, hace el trabajo del d\u00eda a d\u00eda m\u00e1s f\u00e1cil.<\/h3>\n<p>Hoy en d\u00eda, la recepci\u00f3n de grandes vol\u00famenes de pacientes pone de relieve la necesidad de disponer de un sistema de fluoroscopia sencillo con un flujo de trabajo r\u00e1pido y automatizado. Por eso, el Discovery RF180 se ha dise\u00f1ado de forma inteligente. \u00bfCon qu\u00e9 objetivo? Incrementar la eficiencia durante el periodo previo y posterior a la exploraci\u00f3n.<\/p>\n<h2 class=\"ge-h2 ge-generic-module-content__title\" role=\"heading\">F\u00e1cil. Optimizado. \u00c1gil. Productivo.<\/h2>\n<h3>Descubra el Discovery RF180.<\/h3>\n<p>Este potente sistema remoto de adquisici\u00f3n de im\u00e1genes se hace valer sin esfuerzo. Sencillo e intuitivo, garantiza un flujo de trabajo cl\u00ednico optimizado. A los t\u00e9cnicos les encanta su sencilla configuraci\u00f3n automatizada. Los pacientes aprecian la corta duraci\u00f3n de los ex\u00e1menes. Y, por supuesto, los m\u00e9dicos aplauden la nitidez de las im\u00e1genes. Cuando se trata de directores y administradores, sus elogios se dirigen a la productividad y la versatilidad del sistema. Es uno de los pocos sistemas del sector que puede realizar todo de tipo de ex\u00e1menes.<\/p>\n<h2 class=\"ge-h2 ge-generic-module-content__title\" role=\"heading\">Rendimiento amplificado.<\/h2>\n<div class=\"ge-generic-module-content__description\">\n<p>Si su sistema de fluoroscopia se valora por la frecuencia con la que lo utiliza, el Discovery RF180 destaca con solidez y claridad.<\/p>\n<p>Dise\u00f1ado para cubrir todas las necesidades de su departamento de rayos X, este vers\u00e1til caballo de batalla puede realizar tomos\u00edntesis, pegado autom\u00e1tico de im\u00e1genes, DSA y exploraciones para cirug\u00eda bari\u00e1trica. Tambi\u00e9n incluye una SID variable para que pueda realizar ex\u00e1menes tor\u00e1cicos sin necesidad de equipo adicional.<\/p>\n<p>Si su poblaci\u00f3n de pacientes es diversa, este sistema se adapta a ello. La mesa soporta hasta 325\u00a0kg y, por ello, garantiza que pueda examinar incluso a los pacientes m\u00e1s pesados.<\/p>\n<p>Adem\u00e1s, con todo este uso, para ayudarle a mantener el ritmo d\u00eda tras d\u00eda, el Discovery RF180 incluye acceso integrado a uno de los sistemas de asistencia en remoto m\u00e1s grandes del sector. Conozca un nuevo nivel de rendimiento. Conozca un retorno de la inversi\u00f3n acelerado. Conozca el Discovery RF180.<\/p>\n<\/div>\n","protected":false},"excerpt":{"rendered":"<p>Sistema de radiograf\u00eda y fluoroscopia Discovery RF180 un sistema dise\u00f1ado para todos.<\/p>\n<p>Elegir el sistema de fluoroscopia adecuado para su centro significa encontrar uno que ofrezca ventajas para todos. En pocas palabras, a los pacientes, a los t\u00e9cnicos, a los m\u00e9dicos y a los directores les deber\u00eda resultar f\u00e1cil elogiar el sistema por su impacto positivo en la experiencia de los rayos X.<\/p>\n","protected":false},"featured_media":2169,"comment_status":"open","ping_status":"closed","template":"","meta":[],"product_cat":[27],"product_tag":[],"class_list":{"0":"post-2081","1":"product","2":"type-product","3":"status-publish","4":"has-post-thumbnail","6":"product_cat-c-rayos-x","8":"first","9":"instock","10":"shipping-taxable","11":"purchasable","12":"product-type-simple"},"_links":{"self":[{"href":"https:\/\/blank.net.do\/globalmedica\/es\/wp-json\/wp\/v2\/product\/2081","targetHints":{"allow":["GET"]}}],"collection":[{"href":"https:\/\/blank.net.do\/globalmedica\/es\/wp-json\/wp\/v2\/product"}],"about":[{"href":"https:\/\/blank.net.do\/globalmedica\/es\/wp-json\/wp\/v2\/types\/product"}],"replies":[{"embeddable":true,"href":"https:\/\/blank.net.do\/globalmedica\/es\/wp-json\/wp\/v2\/comments?post=2081"}],"wp:featuredmedia":[{"embeddable":true,"href":"https:\/\/blank.net.do\/globalmedica\/es\/wp-json\/wp\/v2\/media\/2169"}],"wp:attachment":[{"href":"https:\/\/blank.net.do\/globalmedica\/es\/wp-json\/wp\/v2\/media?parent=2081"}],"wp:term":[{"taxonomy":"product_cat","embeddable":true,"href":"https:\/\/blank.net.do\/globalmedica\/es\/wp-json\/wp\/v2\/product_cat?post=2081"},{"taxonomy":"product_tag","embeddable":true,"href":"https:\/\/blank.net.do\/globalmedica\/es\/wp-json\/wp\/v2\/product_tag?post=2081"}],"curies":[{"name":"wp","href":"https:\/\/api.w.org\/{rel}","templated":true}]}}