{"id":2082,"date":"2024-07-05T00:03:23","date_gmt":"2024-07-05T00:03:23","guid":{"rendered":"https:\/\/blank.net.do\/globalmedica\/product\/navigate\/"},"modified":"2024-10-01T18:40:00","modified_gmt":"2024-10-01T18:40:00","slug":"navigate","status":"publish","type":"product","link":"https:\/\/blank.net.do\/globalmedica\/es\/product\/navigate\/","title":{"rendered":"AMX\u2122 Navigate"},"content":{"rendered":"<h3>Columna telesc\u00f3pica Free Motion<\/h3>\n<p>Reduce la fuerza de elevaci\u00f3n hasta en un 70 %\u00b9 para ayudar a eliminar el estr\u00e9s y el esfuerzo del flujo de trabajo<\/p>\n<h3>Zero Click Exam<\/h3>\n<p>Elimina la necesidad de interacci\u00f3n con la pantalla t\u00e1ctil antes de la anotaci\u00f3n<\/p>\n<h3>Critical Care Suite 2.0<\/h3>\n<p>Identifica autom\u00e1ticamente las afecciones cr\u00edticas y analiza la colocaci\u00f3n del tubo ET<\/p>\n<h3>Servicios inteligentes<\/h3>\n<p>Optimice el tiempo de actividad y la productividad con la capacidad de servicio remoto<\/p>\n<p>&nbsp;<\/p>\n<h2 class=\"ge-generic-content-v2-container__heading title-s\">AMX\u2122 Navigate est\u00e1 dise\u00f1ado para ofrecer resultados constantes y confiables, cuando y donde lo necesite.<\/h2>\n<p>Pase a la obtenci\u00f3n de im\u00e1genes sin esfuerzo con AMX\u2122 Navigate, una radiograf\u00eda m\u00f3vil de \u00faltima generaci\u00f3n que es f\u00e1cil de maniobrar al tiempo que reduce el estr\u00e9s y el esfuerzo en el posicionamiento. Construido sobre el legado de fiabilidad de AMX\u2122, ofrece IA en el dispositivo para la clasificaci\u00f3n y la mejora de la productividad, una experiencia de imagen simplificada de principio a fin con Effortless Workflow y servicios remotos integrales.<\/p>\n<h2 class=\"ge-product-carousel__componentTitle title-m\">Resultados constantes y confiables<\/h2>\n<p class=\"ge-product-carousel__bodyCopy ptags\">AMX\u2122 Navigate consigue una calidad de imagen sin concesiones gracias a una amplia gama de capacidades cl\u00ednicas.<\/p>\n<h2 class=\"feature-hero-module-title feature-hero-themeV2-white-title\">Pase a la imagen sin esfuerzo<\/h2>\n<p>En el ajetreado entorno sanitario actual, hay que poder administrar el m\u00e1ximo nivel de atenci\u00f3n a cada paciente. El AMX\u2122 Navigate se mueve f\u00e1cilmente con usted para brindar una atenci\u00f3n excepcional donde sea necesario, al tiempo que proporciona resultados constantes y confiables.<\/p>\n<p>&nbsp;<\/p>\n<h2 class=\"feature-hero-module-featureHeading feature-hero-themeV2-white-title\">Dise\u00f1ado para ayudar a reducir el estr\u00e9s y el esfuerzo de posicionamiento del sistema<\/h2>\n<p><strong>F\u00e1cil posicionamento<\/strong>\u2013 la columna telesc\u00f3pica Free Motion, la primera columna telesc\u00f3pica asistida el\u00e9ctricamente del sector, reduce la fuerza de elevaci\u00f3n hasta en un 70 %.\u00b9<br \/>\n<strong>Proceso de obtenci\u00f3n de im\u00e1genes optimizado<\/strong>\u00a0\u2013 Zero Click Exam ayuda a eliminar hasta el 100 % de los clics en la interfaz de usuario.\u00b2<br \/>\n<strong>Maniobrabilidad y visibilidad mejoradas<\/strong>\u00a0\u2013 el funcionamiento del motor dual EasyDrive, la empu\u00f1adura de accionamiento sensible a la presi\u00f3n, el cabezal de tubo m\u00e1s peque\u00f1o y la altura de la columna le dan el control.<br \/>\n<strong>IMayor facilidad de uso<\/strong>\u00a0\u2013 una nueva interfaz de usuario avanzada permite procesar las im\u00e1genes en menos de 10 segundos, y el monitor de pantalla t\u00e1ctil de 21,5&#8243; contiene una pantalla de alta resoluci\u00f3n con revestimiento antirreflejos, lo que la hace ideal para que se vea en distintos entornos.<\/p>\n<p>&nbsp;<\/p>\n<h2 class=\"feature-hero-module-featureHeading feature-hero-themeV2-white-title\">Con la primera soluci\u00f3n de IA en el dispositivo para clasificar y mejorar la productividad<\/h2>\n<p><b>An\u00e1lisis automatizado de im\u00e1genes para hallazgos cr\u00edticos<\/b>\u00a0\u2013 Critical Care Suite 2.0 (CCS) identifica autom\u00e1ticamente las afecciones cr\u00edticas y ayuda a los m\u00e9dicos a evaluar la colocaci\u00f3n del tubo endotraqueal.<br \/>\n<b>Controles de calidad en pantalla\u00a0<\/b>\u2013 Quality Care Suite (QCS) proporciona controles de calidad en pantalla al t\u00e9cnico para ayudar a mejorar la calidad de la imagen y la eficiencia del flujo de trabajo.<br \/>\n<b>Reprocesamiento con un solo toque\u00a0<\/b>\u2013 QuickEnhance reprocesa im\u00e1genes con un aspecto personalizado diferente sin dosis adicionales para el paciente, y es personalizable seg\u00fan las caracter\u00edsticas anat\u00f3micas para m\u00faltiples usos.<br \/>\n<b>Calidad de imagen sin compromissos\u00a0<\/b>\u2013 los detectores digitales FlashPad\u2122 HD de 100 micras, junto con el procesamiento avanzado de im\u00e1genes Helix\u2122 2.1, muestran constantemente im\u00e1genes claras con una resoluci\u00f3n de 5 lp\/mm con dosis bajas.<\/p>\n<p>&nbsp;<\/p>\n<h2 class=\"feature-hero-module-featureHeading feature-hero-themeV2-white-title\">Continuar un legado de fiabilidad al tiempo que se ampl\u00eda el alcance de lo que los rayos X m\u00f3viles pueden hacer<\/h2>\n<p><b>Dise\u00f1ado, construido y probado<\/b>\u00a0\u2013 el AMX\u2122 Navigate se ha sometido a pruebas extremas de productos para garantizar que cumpla con las expectativas cl\u00ednicas m\u00e1s exigentes.<br \/>\n<b>Tecnolog\u00edas de servicio remoto inteligente<\/b>\u2013 cuenta con el servicio de asistencia y supervisi\u00f3n remota InSite\u2122, la carga remota de software eDelivery, la supervisi\u00f3n remota OnWatch\u2122 y la anal\u00edtica del sistema iCenter\u2122, que mantienen su sistema funcionando sin problemas y de forma segura.<br \/>\n<b>Ciberseguridad<\/b>\u2013 las aplicaciones, como la protecci\u00f3n antivirus, la detecci\u00f3n de intrusiones, el cifrado y el almacenamiento de datos, junto con un firewall de red, funcionan armoniosamente para maximizar el tiempo de actividad y la confiabilidad del sistema.<br \/>\n<b>Aplicaci\u00f3n de calidad de rayos X\u00a0<\/b>\u2013 le ayuda a administrar el control de calidad y descubrir la causa ra\u00edz de los ex\u00e1menes de rayos X rechazados.<\/p>\n<p>&nbsp;<\/p>\n<h3 class=\"full-width-media-desktop__heading title-s theme-grey-100\">Optimice su proceso de obtenci\u00f3n de im\u00e1genes con Zero Click Exam<\/h3>\n<p class=\"full-width-media-desktop__description ptags-small theme-grey-100\">Elimine hasta el 100 % de los clics\u00b2 con funciones, como el lector de tarjetas RFID, que hace coincidir al paciente con la lista de trabajo para ayudar a evitar la identificaci\u00f3n err\u00f3nea del paciente y el asistente de protocolo autom\u00e1tico, que selecciona autom\u00e1ticamente el protocolo correcto para el paciente.<\/p>\n<p>&nbsp;<\/p>\n<p><a class=\"elboton\" href=\"https:\/\/latam.gehealthcare.com\/products\/amx-navigate\" target=\"_blank\" rel=\"noopener\">Enlace de la marca<\/a><\/p>\n","protected":false},"excerpt":{"rendered":"<p>Nuestro avanzado sistema m\u00f3vil de rayos X ofrece un nuevo nivel de flujo de trabajo sin esfuerzo, excelencia cl\u00ednica y confiabilidad robusta.<\/p>\n","protected":false},"featured_media":2624,"comment_status":"open","ping_status":"closed","template":"","meta":[],"product_cat":[27],"product_tag":[],"class_list":{"0":"post-2082","1":"product","2":"type-product","3":"status-publish","4":"has-post-thumbnail","6":"product_cat-c-rayos-x","8":"first","9":"instock","10":"shipping-taxable","11":"purchasable","12":"product-type-simple"},"_links":{"self":[{"href":"https:\/\/blank.net.do\/globalmedica\/es\/wp-json\/wp\/v2\/product\/2082","targetHints":{"allow":["GET"]}}],"collection":[{"href":"https:\/\/blank.net.do\/globalmedica\/es\/wp-json\/wp\/v2\/product"}],"about":[{"href":"https:\/\/blank.net.do\/globalmedica\/es\/wp-json\/wp\/v2\/types\/product"}],"replies":[{"embeddable":true,"href":"https:\/\/blank.net.do\/globalmedica\/es\/wp-json\/wp\/v2\/comments?post=2082"}],"wp:featuredmedia":[{"embeddable":true,"href":"https:\/\/blank.net.do\/globalmedica\/es\/wp-json\/wp\/v2\/media\/2624"}],"wp:attachment":[{"href":"https:\/\/blank.net.do\/globalmedica\/es\/wp-json\/wp\/v2\/media?parent=2082"}],"wp:term":[{"taxonomy":"product_cat","embeddable":true,"href":"https:\/\/blank.net.do\/globalmedica\/es\/wp-json\/wp\/v2\/product_cat?post=2082"},{"taxonomy":"product_tag","embeddable":true,"href":"https:\/\/blank.net.do\/globalmedica\/es\/wp-json\/wp\/v2\/product_tag?post=2082"}],"curies":[{"name":"wp","href":"https:\/\/api.w.org\/{rel}","templated":true}]}}