{"id":2083,"date":"2024-07-05T00:03:23","date_gmt":"2024-07-05T00:03:23","guid":{"rendered":"https:\/\/blank.net.do\/globalmedica\/product\/definium-pace\/"},"modified":"2024-10-01T18:31:12","modified_gmt":"2024-10-01T18:31:12","slug":"definium-pace","status":"publish","type":"product","link":"https:\/\/blank.net.do\/globalmedica\/es\/product\/definium-pace\/","title":{"rendered":"Definium\u2122 Pace"},"content":{"rendered":"<h3>Calidad de imagen superior<\/h3>\n<p>Vea una claridad mejorada en cada anatom\u00eda y tipo de paciente con nueva tecnolog\u00eda<br \/>\nIcono morado de cuatro formas conectadas en un cuadrado.<\/p>\n<h3>Rendimiento consistente<\/h3>\n<p>Reduzca la variabilidad entre los radi\u00f3logos con flujos de trabajo asistidos por software<br \/>\nIcono morado de una mano tocando una pantalla.<\/p>\n<h3>Robusto y confiable<\/h3>\n<p>Reduzca las preocupaciones con un sistema dise\u00f1ado, construido y probado para entornos exigentes<br \/>\nIcono morado de un gr\u00e1fico<\/p>\n<h3>Valor excepcional<\/h3>\n<p>Garantice el m\u00e1ximo retorno de la inversi\u00f3n con equipos asequibles, confiables y f\u00e1ciles de usar<\/p>\n<h2>Reduzca la variabilidad con la confianza que tiene un precio asequible<\/h2>\n<p>Hay muchas variables en los rayos X. Pero ya sea que est\u00e9 gestionando el volumen de pacientes, la habilidad del radi\u00f3logo, el aspecto f\u00edsico del paciente o necesidades espec\u00edficas de im\u00e1genes, lo que m\u00e1s importa es la calidad de la imagen. Y eso depende del equipo y de la persona que realiza la fotograf\u00eda. Definium Pace aborda la variabilidad al proporcionar un sistema capaz pero asequible que est\u00e1 equipado para ayudar a los radi\u00f3logos a obtener la imagen correcta.<\/p>\n<h2>Incluso los radi\u00f3logos novatos pueden hacerlo bien la primera vez.<\/h2>\n<p>El sistema ayuda a los radi\u00f3logos con la selecci\u00f3n del protocolo y del factor de exposici\u00f3n, el posicionamiento del sistema y la realizaci\u00f3n de controles de calidad. Esto da como resultado im\u00e1genes consistentes y de alta calidad del personal de todos los niveles de experiencia.<\/p>\n<h3>\u00bfNecesita un sistema que respalde sus demandas esenciales de diagn\u00f3stico por rayos X digitales?<\/h3>\n<p>Con Definium Pace, ver\u00e1s c\u00f3mo se dispara la confianza del equipo. Las capacidades que antes solo estaban disponibles en sistemas m\u00e1s caros ayudan a las cl\u00ednicas a reducir las repeticiones y las repeticiones. Este sistema robusto y confiable tambi\u00e9n requiere poco mantenimiento, por lo que puede contar con un alto tiempo de actividad.<\/p>\n<h2>Reduzca las repeticiones y repeticiones con capacidades avanzadas de software y hardware<\/h2>\n<p>La cadena de im\u00e1genes de rayos X de GE HealthCare, un generador de alta potencia con alta capacidad calor\u00edfica m\u00e1s el detector FlashPad\u2122 Select de gran tama\u00f1o y densidad de p\u00edxeles\u00b9 trabajan en conjunto con una alta eficiencia de detecci\u00f3n, por lo que se pueden resolver incluso las estructuras m\u00e1s peque\u00f1as.<\/p>\n<p>El software AutoGrid produce autom\u00e1ticamente im\u00e1genes con el contraste y la calidad equivalentes a una cuadr\u00edcula f\u00edsica2 con mucho menos trabajo f\u00edsico y mental, al tiempo que reduce la posibilidad de errores inducidos por el radi\u00f3logo.<\/p>\n<p>El procesamiento de im\u00e1genes avanzado Helix\u2122 2.2 impulsado por IA ofrece im\u00e1genes consistentes de alta calidad independientemente de las variaciones en la dosis, la posici\u00f3n del paciente, el campo de visi\u00f3n y el metal.<\/p>\n<h2>Incluso los radi\u00f3logos novatos pueden ponerse al d\u00eda r\u00e1pidamente<\/h2>\n<p>Con una formaci\u00f3n m\u00ednima y funciones que les ayudan a conseguir la imagen correcta en el primer intento, una y otra vez.<\/p>\n<p>El software Auto Protocol Assist (APA)3 selecciona autom\u00e1ticamente el protocolo de examen y la exposici\u00f3n correctos, lo que reduce la carga de trabajo y proporciona coherencia de imagen en todo el equipo.<\/p>\n<p>La indicaci\u00f3n de posicionamiento clara proporciona a los radi\u00f3logos indicaciones visuales simples de angulaci\u00f3n y distancia entre la fuente y el receptor de imagen (SID) para optimizar la creaci\u00f3n de im\u00e1genes.<\/p>\n<p>Los algoritmos de IA del dispositivo Quality Care Suite3 realizan controles de calidad automatizados para detectar discrepancias de protocolo, im\u00e1genes recortadas e im\u00e1genes colgadas incorrectamente para solucionar problemas antes de enviar las im\u00e1genes para su revisi\u00f3n.<\/p>\n<h2>Una inversi\u00f3n que sigue dando sus frutos<\/h2>\n<p>Con un precio atractivo, durabilidad y conectividad de apoyo, este sistema es una inversi\u00f3n que sigue dando sus frutos.<\/p>\n<p>Dise\u00f1ado para una confiabilidad robusta y confirmado en pruebas para ayudar a cumplir con sus expectativas cl\u00ednicas m\u00e1s exigentes.<\/p>\n<p>Las descargas de software permiten actualizaciones remotas de calidad y ciberseguridad.<\/p>\n<p>La interfaz de usuario (UI) sencilla y com\u00fan permite a los radi\u00f3logos ponerse en marcha r\u00e1pidamente y moverse f\u00e1cilmente entre diferentes sistemas de rayos X de GE HealthCare.<\/p>\n<p>Las aplicaciones de servicios conectados brindan soporte que nunca duerme.<\/p>\n<p>La plataforma de servicio remoto (RSvP) de InSite y el acceso a piezas y servicios de GE HealthCare lo ayudan a evitar tiempos de inactividad no planificados.<\/p>\n<h2>Dise\u00f1ado con componentes de software y hardware para capturar im\u00e1genes de alta calidad de cualquier paciente y anatom\u00eda.<\/h2>\n<p>Los m\u00e9dicos necesitan im\u00e1genes de calidad para realizar diagn\u00f3sticos fiables. Definium Pace brinda a los m\u00e9dicos lo que necesitan al brindarles equipos capaces de tomar la mejor imagen y software que mejora esas buenas im\u00e1genes.<\/p>\n<h2>FlashPad Seleccionar detector digital<\/h2>\n<p>La digitalizaci\u00f3n significa procedimientos de examen r\u00e1pidos y eficientes. Adem\u00e1s, los detectores digitales eliminan el tiempo dedicado a manipular pel\u00edculas y casetes, y los problemas de confiabilidad inherentes a los sistemas de bandejas de casetes.<\/p>\n<h2>Dise\u00f1ado para ayudar y capacitar a los radi\u00f3logos para capturar im\u00e1genes de alta calidad de cualquier paciente y anatom\u00eda la primera vez, siempre.<\/h2>\n<p>Hay miles de combinaciones posibles de factores de exposici\u00f3n, posiciones del paciente y posiciones del equipo que los radi\u00f3logos deben acertar para crear una buena imagen. Definium Pace ayuda a los radi\u00f3logos a superar este desaf\u00edo y crear las im\u00e1genes consistentes que exigen.<\/p>\n<h2>Software de asistencia de protocolo autom\u00e1tico (APA)<\/h2>\n<p>Establece autom\u00e1ticamente el procedimiento de examen solicitado seg\u00fan la informaci\u00f3n de la lista de trabajo y as\u00ed garantiza la coherencia en la selecci\u00f3n del factor de exposici\u00f3n.<\/p>\n<h2>Dise\u00f1ado para tu tranquilidad<\/h2>\n<p>El costo total de propiedad (TCO) de un sistema puede verse muy influenciado por la frecuencia con la que el sistema falla, el tiempo que demoran las reparaciones y el costo de las reparaciones o de un contrato de servicio. Este TCO tambi\u00e9n est\u00e1 influenciado por la facilidad de aprendizaje y uso del sistema.<\/p>\n<p>&nbsp;<\/p>\n<p><a class=\"elboton\" href=\"https:\/\/www.gehealthcare.co.uk\/products\/radiography\/fixed-rad-systems\/definium-pace\" target=\"_blank\" rel=\"noopener\">Enlace de la marca<\/a><\/p>\n","protected":false},"excerpt":{"rendered":"<p>Capacite a su equipo con nuestro sistema de rayos X digital de montaje en el piso, asequible y f\u00e1cil de usar, dise\u00f1ado para ayudar a los radi\u00f3logos a adquirir constantemente im\u00e1genes con calidad de diagn\u00f3stico.<\/p>\n","protected":false},"featured_media":2623,"comment_status":"open","ping_status":"closed","template":"","meta":[],"product_cat":[27],"product_tag":[],"class_list":{"0":"post-2083","1":"product","2":"type-product","3":"status-publish","4":"has-post-thumbnail","6":"product_cat-c-rayos-x","8":"first","9":"instock","10":"shipping-taxable","11":"purchasable","12":"product-type-simple"},"_links":{"self":[{"href":"https:\/\/blank.net.do\/globalmedica\/es\/wp-json\/wp\/v2\/product\/2083","targetHints":{"allow":["GET"]}}],"collection":[{"href":"https:\/\/blank.net.do\/globalmedica\/es\/wp-json\/wp\/v2\/product"}],"about":[{"href":"https:\/\/blank.net.do\/globalmedica\/es\/wp-json\/wp\/v2\/types\/product"}],"replies":[{"embeddable":true,"href":"https:\/\/blank.net.do\/globalmedica\/es\/wp-json\/wp\/v2\/comments?post=2083"}],"wp:featuredmedia":[{"embeddable":true,"href":"https:\/\/blank.net.do\/globalmedica\/es\/wp-json\/wp\/v2\/media\/2623"}],"wp:attachment":[{"href":"https:\/\/blank.net.do\/globalmedica\/es\/wp-json\/wp\/v2\/media?parent=2083"}],"wp:term":[{"taxonomy":"product_cat","embeddable":true,"href":"https:\/\/blank.net.do\/globalmedica\/es\/wp-json\/wp\/v2\/product_cat?post=2083"},{"taxonomy":"product_tag","embeddable":true,"href":"https:\/\/blank.net.do\/globalmedica\/es\/wp-json\/wp\/v2\/product_tag?post=2083"}],"curies":[{"name":"wp","href":"https:\/\/api.w.org\/{rel}","templated":true}]}}