{"id":2084,"date":"2024-07-05T00:03:23","date_gmt":"2024-07-05T00:03:23","guid":{"rendered":"https:\/\/blank.net.do\/globalmedica\/product\/signa-prime\/"},"modified":"2024-10-01T12:02:19","modified_gmt":"2024-10-01T12:02:19","slug":"signa-prime","status":"publish","type":"product","link":"https:\/\/blank.net.do\/globalmedica\/es\/product\/signa-prime\/","title":{"rendered":"Signa\u2122 Prime"},"content":{"rendered":"<h2 class=\"ge-h2 ge-content-module__title\" role=\"heading\">Est\u00e1 listo para RM<\/h2>\n<p>SIGNA\u2122 Prime hace que el proceso de adopci\u00f3n de RM sea simple y perfecto. Funciones exclusivas, como nuestra nueva experiencia de usuario intuitiva, hacen que SIGNA\u2122 Prime sea amigable para los usuarios sin experiencia y eficiente para las operaciones diarias. SIGNA\u2122 Prime entrega en forma r\u00e1pida y f\u00e1cil im\u00e1genes de alta calidad consistentes utilizando tecnolog\u00eda de imagenolog\u00eda de \u00faltima generaci\u00f3n.<\/p>\n<h2 class=\"ge-h2 ge-content-module__title\" role=\"heading\">Verde desde el local hasta el escaneo<\/h2>\n<p>SIGNA\u2122 Prime le brinda todas las herramientas que necesita para una transici\u00f3n perfecta a RM. SIGNA\u2122 Prime tiene una empu\u00f1adura reducido que facilita su colocaci\u00f3n en una unidad. Tambi\u00e9n usted puede instalar SIGNA\u2122 Prime en condiciones exigentes de acceso a energ\u00eda, agua, refrigeraci\u00f3n y helio, lo que garantiza una mayor flexibilidad y un tiempo de instalaci\u00f3n m\u00e1s corto. Y ofrecemos soporte remoto para que pueda tratar r\u00e1pidamente cualquier problema mientras usted comienza.<\/p>\n<h2 class=\"ge-s-curve__item-title -text--bold\">\u00bfQu\u00e9 es una RM \u201cverde\u201d?<\/h2>\n<div>La RM utiliza helio l\u00edquido como refrigerante para darle al im\u00e1n las propiedades superconductoras que le permiten generar un campo magn\u00e9tico fuerte. El helio l\u00edquido no es solo caro y dif\u00edcil de obtener, sino que tambi\u00e9n se est\u00e1 volviendo escaso. Por ese motivo es que nuestros ingenieros trabajaron incansablemente para mejorar la tecnolog\u00eda existente desde cero para reducir a\u00fan m\u00e1s el consumo de helio. El resultado de ese trabajo es nuestra tecnolog\u00eda avanzada m\u00e1s reciente de administraci\u00f3n de criogenia que conserva el helio a trav\u00e9s de la instalaci\u00f3n, la operaci\u00f3n cl\u00ednica y de los servicios inteligentes. Esto ahorra dinero y conserva este precioso recurso natural. A esto es lo que llamamos una RM \u201cverde\u201d.<\/div>\n<h2 class=\"ge-h2 ge-content-module__title\" role=\"heading\">\u00bfQu\u00e9 curva de aprendizaje?<\/h2>\n<p>Hemos nivelado la curva de aprendizaje de RM con nuestra experiencia de usuario totalmente nueva. Esto le permite personalizar su sistema de RM introduciendo los modos cl\u00e1sico y expreso. Tambi\u00e9n incluye un flujo de trabajo guiado con instrucciones paso a paso, as\u00ed como una selecci\u00f3n de protocolo y planificaci\u00f3n simple para ayudarlo a conseguir un examen sin errores. Para simplificar a\u00fan m\u00e1s la experiencia, puede monitorear y escanear a su paciente actual mientras el sistema procesa las im\u00e1genes de su paciente anterior.<\/p>\n<h2 class=\"ge-s-curve__item-title -text--bold\">\u00bfPor qu\u00e9 es tan importante el dise\u00f1o de la IU?<\/h2>\n<div>La interfaz de usuario, o UI, es la interfaz gr\u00e1fica con la que usted interact\u00faa para hacer que una tecnolog\u00eda haga lo que usted quiere que ella haga. Un buen dise\u00f1o de IU es tan f\u00e1cil de usar que puede descubrir c\u00f3mo funciona con solo mirarlo, lo cual es importante para capacitar a las personas que son nuevas en RM.<\/div>\n<h2 class=\"ge-h2 ge-content-module__title\" role=\"heading\">La IA est\u00e1 aqu\u00ed para ayudar<\/h2>\n<p>Con SIGNA\u2122 Prime, no tiene que elegir entre asequibilidad y calidad. Hemos equipado SIGNA\u2122 Prime con tecnolog\u00eda de vanguardia Imagenolog\u00eda Digital Total (TDI) 2.0. Hemos unido esto con la \u00faltima tecnolog\u00eda de IA para generar im\u00e1genes que son tan f\u00e1ciles de leer como el sistema en s\u00ed mismo, es f\u00e1cil de usar. SIGNA\u2122 Prime incluye la capacidad AIR\u2122 Recon DL, el algoritmo de reconstrucci\u00f3n de im\u00e1genes basado en aprendizaje profundo l\u00edder en la industria que funciona en todas las anatom\u00edas. AIR\u2122 Recon DL mejora la calidad de imagen b\u00e1sica en el nivel de fundaci\u00f3n al aprovechar los datos brutos para remover el ruido y los artefactos de anillo de las im\u00e1genes. Tambi\u00e9n mejora la SNR y la nitidez de la imagen, lo que permite tiempos de escaneo mucho m\u00e1s cortos.<\/p>\n<h3 class=\"ge-s-curve__item-title -text--bold\">\u00bfC\u00f3mo la IA hace que las im\u00e1genes sean m\u00e1s f\u00e1ciles de leer?<\/h3>\n<div class=\"ge-rtf-module ge-s-curve__description\">\n<div>La RM utiliza un algoritmo de reconstrucci\u00f3n para capturar los datos brutos de la imagen y los traduce en una imagen. AIR\u2122 Recon DL es un algoritmo de reconstrucci\u00f3n basado en el aprendizaje profundo. El aprendizaje profundo es un tipo de inteligencia artificial, o IA, que entrena el algoritmo para identificar y remover autom\u00e1ticamente los artefactos de las im\u00e1genes, hacerlas m\u00e1s claras, n\u00edtidas y f\u00e1ciles de leer, as\u00ed como m\u00e1s r\u00e1pidas de adquirir.<\/div>\n<h2 class=\"ge-h2 ge-content-module__title\" role=\"heading\">Nos aseguraremos de que su primera experiencia con RM sea excelente.<\/h2>\n<div class=\"ge-rtf ge-rtf-module ge-content-module__description-wrapper\">Es hora de cambiar su perspectiva sobre RM. SIGNA\u2122 Prime est\u00e1 espec\u00edficamente dise\u00f1ado para ser tan intuitivo como cualquier otro sistema de imagenolog\u00eda con el que ya est\u00e9 familiarizado en su departamento de imagenolog\u00eda diagn\u00f3stica. Si se esfuerza por brindar la mejor atenci\u00f3n m\u00e9dica a la comunidad a la que sirve, est\u00e1 listo para RM. Y estamos listos para ayudarlo desde la selecci\u00f3n del local hasta su primer escaneo y todos los escaneos.<\/div>\n<\/div>\n","protected":false},"excerpt":{"rendered":"<p>Con SIGNA\u2122 Prime, hemos creado un RM que casi cualquier persona puede usar porque se basa en lo que ya conoce. Si su unidad tiene alg\u00fan tipo de imagenolog\u00eda diagn\u00f3stica dentro de sus paredes, usted est\u00e1 listo para dar el siguiente paso para RM. Aprovechamos nuestros 40 a\u00f1os de experiencia en innovaci\u00f3n de RM para desarrollar un sistema con un modelo amigable ambientalmente e ingeniosamente simple, y con una capacidad lista para el futuro.<\/p>\n","protected":false},"featured_media":2603,"comment_status":"open","ping_status":"closed","template":"","meta":[],"product_cat":[28],"product_tag":[],"class_list":{"0":"post-2084","1":"product","2":"type-product","3":"status-publish","4":"has-post-thumbnail","6":"product_cat-a-resonador","8":"first","9":"instock","10":"shipping-taxable","11":"purchasable","12":"product-type-simple"},"_links":{"self":[{"href":"https:\/\/blank.net.do\/globalmedica\/es\/wp-json\/wp\/v2\/product\/2084","targetHints":{"allow":["GET"]}}],"collection":[{"href":"https:\/\/blank.net.do\/globalmedica\/es\/wp-json\/wp\/v2\/product"}],"about":[{"href":"https:\/\/blank.net.do\/globalmedica\/es\/wp-json\/wp\/v2\/types\/product"}],"replies":[{"embeddable":true,"href":"https:\/\/blank.net.do\/globalmedica\/es\/wp-json\/wp\/v2\/comments?post=2084"}],"wp:featuredmedia":[{"embeddable":true,"href":"https:\/\/blank.net.do\/globalmedica\/es\/wp-json\/wp\/v2\/media\/2603"}],"wp:attachment":[{"href":"https:\/\/blank.net.do\/globalmedica\/es\/wp-json\/wp\/v2\/media?parent=2084"}],"wp:term":[{"taxonomy":"product_cat","embeddable":true,"href":"https:\/\/blank.net.do\/globalmedica\/es\/wp-json\/wp\/v2\/product_cat?post=2084"},{"taxonomy":"product_tag","embeddable":true,"href":"https:\/\/blank.net.do\/globalmedica\/es\/wp-json\/wp\/v2\/product_tag?post=2084"}],"curies":[{"name":"wp","href":"https:\/\/api.w.org\/{rel}","templated":true}]}}