{"id":2085,"date":"2024-07-05T00:03:24","date_gmt":"2024-07-05T00:03:24","guid":{"rendered":"https:\/\/blank.net.do\/globalmedica\/product\/signa-voyager\/"},"modified":"2024-07-06T21:56:11","modified_gmt":"2024-07-06T21:56:11","slug":"signa-voyager","status":"publish","type":"product","link":"https:\/\/blank.net.do\/globalmedica\/es\/product\/signa-voyager\/","title":{"rendered":"Signa\u2122 Voyager"},"content":{"rendered":"<h2 class=\"ge-s-curve__item-title -text--bold\">MAGiC (Magnetic Resonance Image Compilation)<\/h2>\n<p>Por primera vez en este sector, se pueden generar\u00a0<strong>varios contrastes de imagen en una sola exploraci\u00f3n de RM, incluidas las im\u00e1genes ponderadas en T1, T2, STIR, T1 FLAIR, T2 FLAIR y densidad prot\u00f3nica<\/strong>\u00a0del cerebro con una sola adquisici\u00f3n.<\/p>\n<p>Una exploraci\u00f3n que puede valer por muchas, con im\u00e1genes adquiridas en la mitad del tiempo que se emplea en adquirir secuencias independientes, completamente integrada en un flujo de trabajo sin interrupciones.<\/p>\n<p>*\u00a0Se recomienda adquirir im\u00e1genes T2 FLAIR adem\u00e1s de MAGiC.<\/p>\n<h2 class=\"ge-s-curve__item-title -text--bold\">MAGiC<\/h2>\n<h3>Flexibilidad total para m\u00faltiples cambios de contraste<\/h3>\n<p>Puede cambiar el contraste de la imagen manipulando los tiempos TR, TE y TI incluso despu\u00e9s de haber finalizado la exploraci\u00f3n y de que el paciente haya salido de la sala de RM.\u00a0<strong>El procesamiento MAGiC\u00a0<\/strong>le ofrece cualquier contraste que desee y aporta nuevas funciones de diagn\u00f3stico.<\/p>\n<p><strong>MAGiC\u00a0<\/strong>incluso va m\u00e1s all\u00e1 que las im\u00e1genes ponderadas de RM est\u00e1ndar ya que procesa los datos sin procesar en mapas param\u00e9tricos en T1, T2 y de densidad prot\u00f3nica.<\/p>\n<h3>El nuevo est\u00e1ndar es extraordinario<\/h3>\n<p>Nuestra nueva plataforma de productividad SIGNA\u2122Works redefine el concepto de productividad en nuestras principales t\u00e9cnicas de adquisici\u00f3n de im\u00e1genes con soluciones. Nuestra gama habitual de aplicaciones SIGNA\u2122Works est\u00e1 integrada por una extensa oferta de funciones de adquisici\u00f3n de im\u00e1genes eficientes y de alta calidad que le permitir\u00e1n lograr sus objetivos en todo su campo de especialidad.Aumente incre\u00edblemente su experiencia con las innovadoras aplicaciones SIGNA\u2122Works. La calidad de imagen mejorada, la mayor eficiencia y un flujo de trabajo m\u00e1s optimizado le ofrecen resultados de los que nunca antes hab\u00eda disfrutado.<\/p>\n<p>HyperWorks<\/p>\n<p>HyperWorks es sin\u00f3nimo de hiperexploraci\u00f3n con una adquisici\u00f3n de im\u00e1genes espectacular y una velocidad inigualable, lo que proporciona resultados hasta 8 veces m\u00e1s r\u00e1pido.<br \/>\n\u2022 \u00a0 \u00a0 HyperBand<br \/>\n\u2022 \u00a0 \u00a0 HyperSense<br \/>\n\u2022 \u00a0 \u00a0 HyperCube<\/p>\n<h3>ViosWorks<\/h3>\n<p>ViosWorks reduce la complejidad y el costo de la adquisici\u00f3n de im\u00e1genes card\u00edacas. Por primera vez, se pueden capturar las 7\u00a0dimensiones en una exploraci\u00f3n cardiovascular en 10\u00a0minutos o menos.<\/p>\n<h3>SilentWorks<\/h3>\n<p>SilentWorks es la tecnolog\u00eda de reducci\u00f3n de ruido m\u00e1s avanzada de GE. Los ex\u00e1menes tradicionales pueden resultar muy ruidosos. SilentWorks ofrece un nivel de ruido equivalente al ruido ambiental.<\/p>\n<h3>ImageWorks<\/h3>\n<p>ImageWorks potencia su rendimiento general en procedimientos de RM. La visualizaci\u00f3n READYView y la exploraci\u00f3n directa MAGiC ayudan a garantizar unos resultados claros y uniformes.<\/p>\n<h2>Experiencia del paciente<\/h2>\n<div class=\"rah-static rah-static--height-auto\" aria-hidden=\"false\">\n<div>\n<div class=\"ge-rtf ge-rtf-module ge-content-module__description-wrapper\">\n<h3>Transforme la experiencia del paciente con aplicaciones avanzadas<\/h3>\n<p>Con SIGNA Voyager el paciente experimentar\u00e1 una comodidad nunca vista.<\/p>\n<h3>SilentWorks<\/h3>\n<p>La exclusiva tecnolog\u00eda SilentScan de GE reduce de forma significativa el ruido de la exploraci\u00f3n de los ensordecedores 91\u00a0dB que emite una motocicleta a un intervalo de 3\u00a0dB respecto al ruido ambiental de la sala de exploraci\u00f3n. Incluye un Silent Neuro Package con Diffusion Weighted Imaging (tecnolog\u00eda de difusi\u00f3n de im\u00e1genes ponderadas o DWI, por sus siglas en ingl\u00e9s) para la adquisici\u00f3n de im\u00e1genes en completo silencio y una funci\u00f3n Silent (silenciosa) que tambi\u00e9n permite tomar im\u00e1genes musculoesquel\u00e9ticas y de la columna.<\/p>\n<h3>FreedomWorks<\/h3>\n<p>SIGNA Voyager garantiza a los pacientes una experiencia sin preocupaciones. Nuestra amplia mesa Comfort Plus con baja altura y dise\u00f1o abierto de 70\u00a0cm permite a los pacientes descansar con libertad a la vez que permite un acceso f\u00e1cil y garantiza una exploraci\u00f3n con total comodidad.<\/p>\n<ul>\n<li><strong>Respiraci\u00f3n libre:\u00a0<\/strong>los pacientes pueden respirar libremente porque nuestra tecnolog\u00eda de navegaci\u00f3n autom\u00e1tica es compatible con Turbo LAVA, Turbo LAVA Flex y DISCO, y permite la realizaci\u00f3n de adquisiciones sin contenci\u00f3n de la respiraci\u00f3n.<\/li>\n<li><strong>Movimiento libre:\u00a0<\/strong>gracias a nuestra avanzada tecnolog\u00eda de correcci\u00f3n del movimiento en 3D, como 3D PROMO para adquisici\u00f3n de im\u00e1genes neurol\u00f3gicas, o PROPELLER, la tecnolog\u00eda insignia de GE para la correcci\u00f3n de im\u00e1genes bidimensionales de la cabeza a los pies, ya no es necesario que el paciente permanezca inm\u00f3vil durante la exploraci\u00f3n y se reduce as\u00ed su nivel de ansiedad.<\/li>\n<li><strong>Sin agujas:\u00a0<\/strong>nuestras funciones permiten la toma de im\u00e1genes mediante RM sin contraste que eliminan el dolor de las agujas y el costo del contraste. La realizaci\u00f3n habitual de estudios angiogr\u00e1ficos mediante RM con Inhance 2.0 Suite, la adquisici\u00f3n avanzada de im\u00e1genes, como im\u00e1genes con indicaci\u00f3n de porcentaje de grasa hep\u00e1tica con IDEAL IQ o im\u00e1genes de perfusi\u00f3n cerebral con 3D ASL, hace posible que SIGNA Voyager adquiera im\u00e1genes mediante RM sin necesidad de contraste.<\/li>\n<\/ul>\n<p><strong>SIGNA Voyager:\u00a0<\/strong>incremente la comodidad del paciente.<\/p>\n<p>&nbsp;<\/p>\n<p><a class=\"elboton\" href=\"https:\/\/latam.gehealthcare.com\/products\/magnetic-resonance-imaging\/1-5t\/signa-voyager\" target=\"_blank\" rel=\"noopener\">Enlace de la marca<\/a><\/p>\n<\/div>\n<\/div>\n<\/div>\n","protected":false},"excerpt":{"rendered":"<p>Descubra un nuevo universo de posibilidades en RM con SIGNA\u2122 Voyager. Este sistema est\u00e1 dise\u00f1ado para maximizar la productividad y el flujo de trabajo al tiempo que ofrece un extraordinario potencial cl\u00ednico y una comodidad excepcional para el paciente. Es el sistema con t\u00fanel ancho de 1.5T m\u00e1s reducido y con menos consumo energ\u00e9tico del mercado. Prep\u00e1rese para experimentar la excelencia en RM como nunca antes. SIGNA\u2122 Voyager: Impulse el rendimiento de sus RM.<\/p>\n","protected":false},"featured_media":2172,"comment_status":"open","ping_status":"closed","template":"","meta":[],"product_cat":[28],"product_tag":[],"class_list":{"0":"post-2085","1":"product","2":"type-product","3":"status-publish","4":"has-post-thumbnail","6":"product_cat-a-resonador","8":"first","9":"instock","10":"shipping-taxable","11":"purchasable","12":"product-type-simple"},"_links":{"self":[{"href":"https:\/\/blank.net.do\/globalmedica\/es\/wp-json\/wp\/v2\/product\/2085","targetHints":{"allow":["GET"]}}],"collection":[{"href":"https:\/\/blank.net.do\/globalmedica\/es\/wp-json\/wp\/v2\/product"}],"about":[{"href":"https:\/\/blank.net.do\/globalmedica\/es\/wp-json\/wp\/v2\/types\/product"}],"replies":[{"embeddable":true,"href":"https:\/\/blank.net.do\/globalmedica\/es\/wp-json\/wp\/v2\/comments?post=2085"}],"wp:featuredmedia":[{"embeddable":true,"href":"https:\/\/blank.net.do\/globalmedica\/es\/wp-json\/wp\/v2\/media\/2172"}],"wp:attachment":[{"href":"https:\/\/blank.net.do\/globalmedica\/es\/wp-json\/wp\/v2\/media?parent=2085"}],"wp:term":[{"taxonomy":"product_cat","embeddable":true,"href":"https:\/\/blank.net.do\/globalmedica\/es\/wp-json\/wp\/v2\/product_cat?post=2085"},{"taxonomy":"product_tag","embeddable":true,"href":"https:\/\/blank.net.do\/globalmedica\/es\/wp-json\/wp\/v2\/product_tag?post=2085"}],"curies":[{"name":"wp","href":"https:\/\/api.w.org\/{rel}","templated":true}]}}