{"id":2086,"date":"2024-07-05T00:03:24","date_gmt":"2024-07-05T00:03:24","guid":{"rendered":"https:\/\/blank.net.do\/globalmedica\/product\/signa-pioneer-3t\/"},"modified":"2024-07-18T08:40:07","modified_gmt":"2024-07-18T08:40:07","slug":"signa-pioneer-3t","status":"publish","type":"product","link":"https:\/\/blank.net.do\/globalmedica\/es\/product\/signa-pioneer-3t\/","title":{"rendered":"Signa\u2122 Pioneer 3T"},"content":{"rendered":"<h3>SIGNA\u2122Works edici\u00f3n AIR\u2122 incluye lo siguiente:<\/h3>\n<p>AIR\u00a0x<strong>\u2122<\/strong>: prescripci\u00f3n autom\u00e1tica de cortes para exploraciones cerebrales, con un tiempo de preparaci\u00f3n cinco veces m\u00e1s r\u00e1pido y cuatro veces menos clics del mouse.<\/p>\n<h2 class=\"ge-s-curve__item-title -text--bold\">MAGiC (Magnetic Resonance Image Compilation)<\/h2>\n<div>\n<p>Por primera vez en este sector, se pueden generar\u00a0<strong>varios contrastes de imagen en una sola exploraci\u00f3n de RM, incluidas las im\u00e1genes ponderadas en T1, T2, STIR, T1 FLAIR, T2 FLAIR y densidad prot\u00f3nica<\/strong>\u00a0del cerebro con una sola adquisici\u00f3n.<\/p>\n<p>Una exploraci\u00f3n que puede valer por muchas, con im\u00e1genes adquiridas en la mitad del tiempo que se emplea en adquirir secuencias independientes, completamente integrada en un flujo de trabajo sin interrupciones.<\/p>\n<p>*\u00a0Se recomienda adquirir im\u00e1genes T2 FLAIR adem\u00e1s de MAGiC.<\/p>\n<\/div>\n<h2>MAGiC<\/h2>\n<h3>Flexibilidad total para m\u00faltiples cambios de contraste<\/h3>\n<p>Puede cambiar el contraste de la imagen manipulando los tiempos TR, TE y TI incluso despu\u00e9s de haber finalizado la exploraci\u00f3n y de que el paciente haya salido de la sala de RM. El procesamiento MAGiC le ofrece cualquier contraste que desee y aporta nuevas funciones de diagn\u00f3stico.<\/p>\n<p>MAGiC incluso va m\u00e1s all\u00e1 que las im\u00e1genes ponderadas de RM est\u00e1ndar ya que procesa los datos sin procesar en mapas param\u00e9tricos en T1, T2 y de densidad prot\u00f3nica.<\/p>\n<h2 class=\"ge-module__title\">Productividad<\/h2>\n<h3>Turbo LAVA\/LAVA Flex<\/h3>\n<p>Turbo LAVA\/LAVA Flex ofrece una adquisici\u00f3n de im\u00e1genes del cuerpo m\u00e1s r\u00e1pida, se acorta as\u00ed el tiempo de contenci\u00f3n de la respiraci\u00f3n y se realizan exploraciones m\u00e1s r\u00e1pidas. Incorpora una t\u00e9cnica de aceleraci\u00f3n novedosa basada en ARC que agiliza cualquier secuencia de LAVA y LAVA Flex hasta casi un 50\u00a0% sin que afecte a la calidad de imagen.<\/p>\n<h3>Menos repeticiones, menor variaci\u00f3n<\/h3>\n<p>El sistema SIGNA Pioneer\u00a0incluye la aplicaci\u00f3n 3D PROMO exclusiva de GE que permite la correcci\u00f3n de movimiento prospectivo en 3D y tiempo real as\u00ed como la t\u00e9cnica\u00a0PROPELLER\u00a0de probada eficacia.<\/p>\n<h3>Mejora en la ergonom\u00eda para los t\u00e9cnicos<\/h3>\n<ul>\n<li>Puntos de referencias intuitivos con one Touch-N-Go IntelliTouch<\/li>\n<li>Sencilla configuraci\u00f3n en la sala con doble pantalla t\u00e1ctil<\/li>\n<\/ul>\n<h2 class=\"ge-s-curve__item-title -text--bold\">RDI<\/h2>\n<div>\n<h3>Menor costo de configuraci\u00f3n y explotaci\u00f3n<br \/>\nMenor costo de implantaci\u00f3n<\/h3>\n<p>Imagine poder colocar un sistema de 3,0\u00a0T en el espacio de uno de 1,5 T. SIGNA Pioneer introduce los sistemas de 3,0\u00a0T en sitios donde nunca se hab\u00edan visto antes. Cuenta con uno de los tama\u00f1os de instalaci\u00f3n total m\u00e1s peque\u00f1os del mercado y es\u00a0un 25\u00a0% m\u00e1s peque\u00f1o que los sistemas de 3,0\u00a0T tradicionales.<\/p>\n<h3>Menor costo de funcionamiento<\/h3>\n<p>El SIGNA Pioneer est\u00e1 dise\u00f1ado para utilizar aproximadamente un\u00a050\u00a0% menos de potencia\u00a0que los dise\u00f1os convencionales con un t\u00fanel ancho de 3,0\u00a0T mediante\u00a0una tecnolog\u00eda de gradiente innovadora y de eficiencia muy elevada.\u00a0Esto implica considerables ahorros operativos y energ\u00e9ticos, al tiempo que\u00a0proporciona un rendimiento de 3,0\u00a0T superior.<\/p>\n<h2 class=\"ge-module__title\">Tecnolog\u00eda pionera<\/h2>\n<p><strong>IMAGINE exploraciones m\u00e1s n\u00edtidas de lo que cabr\u00eda pensar<\/strong><\/p>\n<p><strong>TDI (Imagen digital completa)\u00a0<\/strong><\/p>\n<p>El sistema\u00a0<strong>SIGNA Pioneer<\/strong>\u00a0ofrece sorprendentes avances en la adquisici\u00f3n de im\u00e1genes, empezando con una tecnolog\u00eda pionera denominada TDI, con lo que se logra mayor claridad y un\u00a0<strong>aumento de la relaci\u00f3n se\u00f1al-ruido de hasta el 25\u00a0%<\/strong>.<\/p>\n<p>La tecnolog\u00eda TDI se basa en tres componentes fundamentales:<\/p>\n<ul>\n<li><strong>Digitalizaci\u00f3n inteligente con DDI (Interfaz Digital Directa) de GE<\/strong>, que emplea un conversor de anal\u00f3gico a digital independiente para digitalizar las entradas de cada uno de los\u00a0<strong>97\u00a0canales de RF<\/strong>, y que literalmente redefine el concepto de canal de RF. No solo la tecnolog\u00eda DDI mejora la relaci\u00f3n se\u00f1al-ruido sino que tambi\u00e9n funciona con bobinas de GE anteriores en una flexibilidad sin parang\u00f3n.<\/li>\n<li><strong>La tecnolog\u00eda DST (envolvente digital)<\/strong>\u00a0combina la mayor\u00a0<strong>relaci\u00f3n se\u00f1al-ruido y sensibilidad<\/strong>\u00a0de las bobinas de superficie de alta densidad con la\u00a0<strong>mayor homogeneidad y profundidad de penetraci\u00f3n de la se\u00f1al\u00a0<\/strong>de la bobina de cuerpo de RF integrada, con lo que se obtiene una mayor calidad en la adquisici\u00f3n de im\u00e1genes de cuerpo y de columna.<\/li>\n<li>La tecnolog\u00eda\u00a0<strong>eMode<\/strong>\u00a0sustituye los circuitos de bloqueo anal\u00f3gicos con conmutadores ultrarr\u00e1pidos inteligentes que ampl\u00edan a\u00fan m\u00e1s la capacidad de adquisici\u00f3n de im\u00e1genes con TE cero.<\/li>\n<\/ul>\n<p>Adem\u00e1s de su exclusiva tecnolog\u00eda de 97\u00a0canales de RF, compatible con la tecnolog\u00eda actual y futura, el sistema\u00a0<strong>SIGNA Pioneer<\/strong>\u00a0emplea un\u00a0<strong>im\u00e1n de 3.0T de gran homogeneidad<\/strong>\u00a0para aportar consistencia en la calidad de imagen para todos los pacientes, lo que supone una s\u00f3lida base en su inversi\u00f3n a largo plazo.<\/p>\n<p>Gama de bobinas TDI incorporada<\/p>\n<p><strong>SIGNAPioneer\u00a0<\/strong>se beneficia de la exclusiva gama de bobinas TDI, que ofrece una notable calidad de imagen con un conjunto de bobinas dise\u00f1ado teniendo al paciente siempre presente. Incluye un conjunto posterior integrado, conjunto de cabeza y cuello de alta densidad, un conjunto anterior con cobertura anat\u00f3mica ampliada y otras bobinas musculoesquel\u00e9ticas de alto rendimiento.<\/p>\n<h2 class=\"ge-module__title\">Experiencia inigualable para el paciente<\/h2>\n<h3>ASOMBROSO \u2026 Se ha dise\u00f1ado para ofrecer una experiencia inigualable al paciente<\/h3>\n<p>Con SIGNA Pioneer, somos pioneros de un dise\u00f1o centrado en el paciente e integrado en un nuevo concepto de mayor comodidad y menos incomodidad para el paciente.<\/p>\n<h3>Silencio relajante<\/h3>\n<p>Con SilentSuite, que es una aplicaci\u00f3n patentada revolucionaria, el sistema SIGNA Pioneer reduce los niveles de dB desde los ensordecedores 91 dB de una motocicleta a los 3 dB del ruido ambiente de una sala de exploraci\u00f3n. Junto con este espectacular avance se encuentra\u00a0<strong>la primera exploraci\u00f3n Silent Neuro completa que incluye DWI (im\u00e1genes ponderadas por difusi\u00f3n).<\/strong> Asimismo, hemos ampliado nuestra funci\u00f3n de adquisici\u00f3n de im\u00e1genes en silencio desde las im\u00e1genes neurol\u00f3gicas hasta las musculoesqu\u00e9leticas y de columna.<\/p>\n<h3 class=\"ge-rtf-callout__teaser ge-rtf-module\">Respiraci\u00f3n fluida<\/h3>\n<p>Con sus aplicaciones de adquisici\u00f3n de im\u00e1genes con respiraci\u00f3n libre y el software avanzado de correcci\u00f3n del movimiento, SIGNA Pioneer compensar\u00e1 cualquier movimiento del paciente y permitir\u00e1 una completa adquisici\u00f3n de im\u00e1genes de cuerpo con respiraci\u00f3n libre. Se incluye adquisici\u00f3n de im\u00e1genes por RM din\u00e1mica contrastada, con lo que se mejora enormemente la experiencia del paciente adem\u00e1s de la calidad de imagen en situaciones muy complejas.<\/p>\n<h3>C\u00f3modo descanso<\/h3>\n<p>El dise\u00f1o de 70\u00a0cm de di\u00e1metro supone m\u00e1s espacio y menos incomodidad para el paciente. Tambi\u00e9n la mesa es m\u00e1s ancha, no solo el di\u00e1metro interior. La mesa de paciente\u00a0<strong>Comfort Plus<\/strong>\u00a0de SIGNA Pioneer se acerca m\u00e1s al suelo para que los pacientes pueden subir y bajar con mayor facilidad.<\/p>\n<h3>Procedimientos no invasivos<\/h3>\n<p>El etiquetado de spin arterial en 3D (3D ASL) ofrece valoraci\u00f3n de perfusi\u00f3n cuantitativa, sin radiaci\u00f3n ni inyecciones. IDEAL IQ proporciona total cobertura 3D de h\u00edgado en una sola contenci\u00f3n de la respiraci\u00f3n. Proporciona una\u00a0<strong>valoraci\u00f3n cuantitativa<\/strong>\u00a0y no invasiva del contenido en triglic\u00e9ridos del h\u00edgado que puede servir de ayuda en el diagn\u00f3stico. Adem\u00e1s, con Inhance Suite se ofrece un conjunto de soluciones de angiograf\u00eda sin contraste.<\/p>\n<\/div>\n<p>&nbsp;<\/p>\n<p><a class=\"elboton\" href=\"https:\/\/latam.gehealthcare.com\/products\/magnetic-resonance-imaging\/3-0t\/signa-pioneer\" target=\"_blank\" rel=\"noopener\">Enlace de la marca<\/a><\/p>\n","protected":false},"excerpt":{"rendered":"<p>As\u00f3mbrese. Vea cosas que no pod\u00eda ni imaginar.\u00a0El equipo SIGNA\u2122 Pioneer recibe su nombre de las muchas formas en que exploramos y ampliamos las posibilidades que ofrece la adquisici\u00f3n de im\u00e1genes por RM. Nuestra m\u00e1s novedosa tecnolog\u00eda pionera crea im\u00e1genes m\u00e1s n\u00edtidas de lo que esperar\u00eda para m\u00e1s pacientes al d\u00eda de lo que parecer\u00eda posible, con mayor comodidad y menos ansiedad de la que los pacientes habr\u00edan imaginado.<\/p>\n","protected":false},"featured_media":2173,"comment_status":"open","ping_status":"closed","template":"","meta":[],"product_cat":[28],"product_tag":[],"class_list":{"0":"post-2086","1":"product","2":"type-product","3":"status-publish","4":"has-post-thumbnail","6":"product_cat-a-resonador","8":"first","9":"instock","10":"shipping-taxable","11":"purchasable","12":"product-type-simple"},"_links":{"self":[{"href":"https:\/\/blank.net.do\/globalmedica\/es\/wp-json\/wp\/v2\/product\/2086","targetHints":{"allow":["GET"]}}],"collection":[{"href":"https:\/\/blank.net.do\/globalmedica\/es\/wp-json\/wp\/v2\/product"}],"about":[{"href":"https:\/\/blank.net.do\/globalmedica\/es\/wp-json\/wp\/v2\/types\/product"}],"replies":[{"embeddable":true,"href":"https:\/\/blank.net.do\/globalmedica\/es\/wp-json\/wp\/v2\/comments?post=2086"}],"wp:featuredmedia":[{"embeddable":true,"href":"https:\/\/blank.net.do\/globalmedica\/es\/wp-json\/wp\/v2\/media\/2173"}],"wp:attachment":[{"href":"https:\/\/blank.net.do\/globalmedica\/es\/wp-json\/wp\/v2\/media?parent=2086"}],"wp:term":[{"taxonomy":"product_cat","embeddable":true,"href":"https:\/\/blank.net.do\/globalmedica\/es\/wp-json\/wp\/v2\/product_cat?post=2086"},{"taxonomy":"product_tag","embeddable":true,"href":"https:\/\/blank.net.do\/globalmedica\/es\/wp-json\/wp\/v2\/product_tag?post=2086"}],"curies":[{"name":"wp","href":"https:\/\/api.w.org\/{rel}","templated":true}]}}