{"id":2089,"date":"2024-07-05T00:03:25","date_gmt":"2024-07-05T00:03:25","guid":{"rendered":"https:\/\/blank.net.do\/globalmedica\/product\/arco-en-c-oec-one\/"},"modified":"2024-10-11T09:39:34","modified_gmt":"2024-10-11T09:39:34","slug":"arco-en-c-oec-one","status":"publish","type":"product","link":"https:\/\/blank.net.do\/globalmedica\/es\/product\/arco-en-c-oec-one\/","title":{"rendered":"OEC One Elite CFD"},"content":{"rendered":"<h3>Proximidad<\/h3>\n<p>Acerque las im\u00e1genes al campo quir\u00fargico gracias al arco articulado y extensible de la pantalla OEC One<\/p>\n<h3>N\u00edtido<\/h3>\n<p>Vea im\u00e1genes de referencia n\u00edtidas, claras, en tiempo real en la pantalla de gran resoluci\u00f3n de 27&#8243;<\/p>\n<h3>Accesible<\/h3>\n<p>Listo cuando sea necesario con alimentaci\u00f3n de 5 minutos en espera<\/p>\n<div id=\"contenido-gen\u00e9rico-v2\">\n<section id=\"contenido-gen\u00e9rico-v2\" class=\"ge-generic-content-v2-container gehc-padding-top-48 gehc-padding-bottom-48 themev2-white\">\n<div class=\"mdc-layout-grid eds-grid\">\n<div class=\"mdc-layout-grid__inner\">\n<div class=\"mdc-layout-grid__cell mdc-layout-grid__cell--span-8-desktop mdc-layout-grid__cell--span-8-tablet mdc-layout-grid__cell--span-4-phone\">\n<h3 class=\"ge-generic-content-v2-container__heading title-s\">Im\u00e1genes detalladas cuando las necesita<\/h3>\n<\/div>\n<\/div>\n<div class=\"mdc-layout-grid__inner\">\n<div class=\"mdc-layout-grid__cell mdc-layout-grid__cell--span-8-desktop mdc-layout-grid__cell--span-8-tablet mdc-layout-grid__cell--span-4-phone\">\n<div class=\"ge-generic-content-v2-container__body ptag\">El arco en C m\u00f3vil todo en uno OEC One ofrece funciones extraordinarias de adquisici\u00f3n de im\u00e1genes que se han hecho m\u00e1s accesibles para una gran variedad de procedimientos, desde el tratamiento del dolor hasta los procedimientos vasculares perif\u00e9ricos. Disfrute de avances de procesamiento en im\u00e1genes claras y detalladas.<\/div>\n<\/div>\n<\/div>\n<\/div>\n<\/section>\n<\/div>\n<div class=\"mdc-layout-grid eds-grid feature-hero-module-wrapper\">\n<div class=\"mdc-layout-grid__inner\">\n<div class=\"mdc-layout-grid__cell mdc-layout-grid__cell--span-9-desktop mdc-layout-grid__cell--span-8-tablet\">\n<h2 class=\"feature-hero-module-title\">Una visi\u00f3n clara, cuando y donde sea necesario<\/h2>\n<div class=\"feature-hero-module-copy\">El arco en C m\u00f3vil todo en uno OEC One va m\u00e1s all\u00e1 de proporcionar la excepcional calidad de imagen que espera de OEC: OEC One ofrece las im\u00e1genes que necesita; donde, cuando y como las precise, en todo tipo de procedimientos<\/div>\n<\/div>\n<\/div>\n<\/div>\n<div>\n<section id=\"caracter\u00edstica-principal\" class=\"feature-hero\">\n<div class=\"mdc-layout-grid eds-grid feature-hero-content-wrapper\">\n<div class=\"mdc-layout-grid__inner\">\n<div class=\"mdc-layout-grid__cell feature-hero-content-container mdc-layout-grid__cell--span-6-desktop mdc-layout-grid__cell--span-8-tablet\">\n<div class=\"feature-hero-wrapper feature-hero-wrapper-card\">\n<div class=\"feature-hero-container\">\n<div id=\"feature-d4845a37-75ef-445d-b411-ce89da90fb5c\" class=\"mdc-layout-grid__cell feature-hero-left-container mdc-layout-grid__cell--span-12-desktop mdc-layout-grid__cell--span-8-tablet\">\n<div class=\"mdc-layout-grid__cell mdc-layout-grid__cell--span-12-desktop mdc-layout-grid__cell--span-8-tablet\">\n<h3 class=\"feature-hero-module-featureHeading\">L\u00ednea de visi\u00f3n clara<\/h3>\n<\/div>\n<div class=\"mdc-layout-grid__cell mdc-layout-grid__cell--span-12-desktop mdc-layout-grid__cell--span-8-tablet\">\n<div class=\"feature-hero-module-featureBody ptags-small\">\n<p>Tanto si est\u00e1 a la derecha como a la izquierda del arco en C, de pie o sentado, podr\u00e1 obtener la l\u00ednea de visi\u00f3n de las im\u00e1genes que necesita gracias al brazo articulado para la visualizaci\u00f3n de im\u00e1genes.<\/p>\n<p>Coloque la pantalla cerca del campo quir\u00fargico, incluso justo en el borde de la mesa, con el amplio espectro de movimiento de la pantalla de im\u00e1genes OEC One.<\/p>\n<\/div>\n<\/div>\n<\/div>\n<\/div>\n<\/div>\n<div class=\"feature-hero-wrapper feature-hero-wrapper-card\">\n<div class=\"feature-hero-container\">\n<div id=\"feature-92c74f98-3dc9-46ce-aef0-c7bc1b4f7382\" class=\"mdc-layout-grid__cell feature-hero-left-container mdc-layout-grid__cell--span-12-desktop mdc-layout-grid__cell--span-8-tablet\">\n<div class=\"mdc-layout-grid__cell mdc-layout-grid__cell--span-12-desktop mdc-layout-grid__cell--span-8-tablet\">\n<h3 class=\"feature-hero-module-featureHeading\">Flujo de trabajo sincronizado<\/h3>\n<\/div>\n<div class=\"mdc-layout-grid__cell mdc-layout-grid__cell--span-12-desktop mdc-layout-grid__cell--span-8-tablet\">\n<div class=\"feature-hero-module-featureBody ptags-small\">\n<p>Gracias a la visualizaci\u00f3n sincronizada de la imagen en directo, tanto en el monitor de visualizaci\u00f3n de im\u00e1genes primario como en el panel de control OEC Touch, se favorece la comunicaci\u00f3n eficaz y la entrega puntual de las expectativas cl\u00ednicas.<\/p>\n<p>Efect\u00fae ajustes con rapidez en la generaci\u00f3n de im\u00e1genes, la visualizaci\u00f3n de im\u00e1genes y la t\u00e9cnica de rayos X, desde el panel de control OEC Touch.<\/p>\n<\/div>\n<\/div>\n<\/div>\n<\/div>\n<\/div>\n<div class=\"feature-hero-wrapper feature-hero-wrapper-card\">\n<div class=\"feature-hero-container\">\n<div id=\"feature-16f43f18-d776-49e5-a21d-ec4a30463a83\" class=\"mdc-layout-grid__cell feature-hero-left-container mdc-layout-grid__cell--span-12-desktop mdc-layout-grid__cell--span-8-tablet\">\n<div class=\"mdc-layout-grid__cell mdc-layout-grid__cell--span-12-desktop mdc-layout-grid__cell--span-8-tablet\">\n<h3 class=\"feature-hero-module-featureHeading\">Sencillez de &#8220;apuntar y disparar&#8221;<\/h3>\n<\/div>\n<div class=\"mdc-layout-grid__cell mdc-layout-grid__cell--span-12-desktop mdc-layout-grid__cell--span-8-tablet\">\n<div class=\"feature-hero-module-featureBody ptags-small\">\n<p>Obtenga las im\u00e1genes que necesita sin ajustar la configuraci\u00f3n del sistema desde la primera hasta la \u00faltima instant\u00e1nea con el software de procesamiento de im\u00e1genes OEC.<br \/>\nOEC One utiliza software de inteligencia autom\u00e1tica para detectar la anatom\u00eda y proporcionar im\u00e1genes de alta calidad con niveles \u00f3ptimos de mA y kV, incluso cuando la anatom\u00eda no est\u00e1 centrada correctamente en el campo de visi\u00f3n.<\/p>\n<\/div>\n<\/div>\n<\/div>\n<\/div>\n<\/div>\n<\/div>\n<\/div>\n<\/div>\n<\/section>\n<section id=\"enfoque-centrado-en-las-funciones\" class=\"ge-pdp-features-centered ge-pdp-features-centered-themev2-white gehc-padding-top-48 gehc-padding-bottom-48\">\n<div class=\"mdc-layout-grid eds-grid\">\n<div class=\"mdc-layout-grid__inner\">\n<div class=\"mdc-layout-grid__cell ge-pdp-features-centered__details-container mdc-layout-grid__cell--span-10-desktop mdc-layout-grid__cell--span-8-tablet mdc-layout-grid__cell--span-4-phone\">\n<h2 class=\"ge-pdp-features-centered__moduleTitle title-m\"><\/h2>\n<\/div>\n<\/div>\n<\/div>\n<\/section>\n<\/div>\n<p><a class=\"elboton\" href=\"https:\/\/www.gehealthcare.es\/products\/surgical-imaging\/oec--one\" target=\"_blank\" rel=\"noopener\">Enlace de la marca<\/a><\/p>\n","protected":false},"excerpt":{"rendered":"<div class=\"mdc-layout-grid__inner product-heroV2-container__row\">\n<div class=\"mdc-layout-grid__cell mdc-layout-grid__cell--span-5-desktop mdc-layout-grid__cell--span-4-tablet mdc-layout-grid__cell--span-4-phone\">\n<div class=\"product-heroV2-container__subtitle ptags\">Arco en C m\u00f3vil todo en uno<\/div>\n<\/div>\n<\/div>\n<div class=\"mdc-layout-grid__inner product-heroV2-container__row\">\n<div class=\"mdc-layout-grid__cell product-heroV2-container__button-cell mdc-layout-grid__cell--span-5-desktop mdc-layout-grid__cell--span-5-tablet mdc-layout-grid__cell--span-4-phone\"><\/div>\n<\/div>\n","protected":false},"featured_media":2638,"comment_status":"open","ping_status":"closed","template":"","meta":[],"product_cat":[29],"product_tag":[],"class_list":{"0":"post-2089","1":"product","2":"type-product","3":"status-publish","4":"has-post-thumbnail","6":"product_cat-g-arco-en-c","8":"first","9":"instock","10":"shipping-taxable","11":"purchasable","12":"product-type-simple"},"_links":{"self":[{"href":"https:\/\/blank.net.do\/globalmedica\/es\/wp-json\/wp\/v2\/product\/2089","targetHints":{"allow":["GET"]}}],"collection":[{"href":"https:\/\/blank.net.do\/globalmedica\/es\/wp-json\/wp\/v2\/product"}],"about":[{"href":"https:\/\/blank.net.do\/globalmedica\/es\/wp-json\/wp\/v2\/types\/product"}],"replies":[{"embeddable":true,"href":"https:\/\/blank.net.do\/globalmedica\/es\/wp-json\/wp\/v2\/comments?post=2089"}],"wp:featuredmedia":[{"embeddable":true,"href":"https:\/\/blank.net.do\/globalmedica\/es\/wp-json\/wp\/v2\/media\/2638"}],"wp:attachment":[{"href":"https:\/\/blank.net.do\/globalmedica\/es\/wp-json\/wp\/v2\/media?parent=2089"}],"wp:term":[{"taxonomy":"product_cat","embeddable":true,"href":"https:\/\/blank.net.do\/globalmedica\/es\/wp-json\/wp\/v2\/product_cat?post=2089"},{"taxonomy":"product_tag","embeddable":true,"href":"https:\/\/blank.net.do\/globalmedica\/es\/wp-json\/wp\/v2\/product_tag?post=2089"}],"curies":[{"name":"wp","href":"https:\/\/api.w.org\/{rel}","templated":true}]}}