{"id":2090,"date":"2024-07-05T00:03:25","date_gmt":"2024-07-05T00:03:25","guid":{"rendered":"https:\/\/blank.net.do\/globalmedica\/product\/arco-en-c-elite-cfd\/"},"modified":"2024-10-01T22:24:10","modified_gmt":"2024-10-01T22:24:10","slug":"arco-en-c-elite-cfd","status":"publish","type":"product","link":"https:\/\/blank.net.do\/globalmedica\/es\/product\/arco-en-c-elite-cfd\/","title":{"rendered":"OEC Elite CFD"},"content":{"rendered":"<div class=\"mdc-layout-grid__cell mdc-layout-grid__cell--span-4-desktop mdc-layout-grid__cell--span-4-tablet mdc-layout-grid__cell--span-2-phone\">\n<div class=\"pdp-glance-item\">\n<h3 class=\"ptags-small pdp-glance-item-headline\">Versatilidad<\/h3>\n<div class=\"ptags-small pdp-glance-item-body\">Procesamiento de im\u00e1genes OEC y perfiles de adquisici\u00f3n de im\u00e1genes predefinidos desde procedimientos generales hasta vasculares<\/div>\n<\/div>\n<\/div>\n<div class=\"mdc-layout-grid__cell mdc-layout-grid__cell--span-4-desktop mdc-layout-grid__cell--span-4-tablet mdc-layout-grid__cell--span-2-phone\">\n<div class=\"pdp-glance-item\">\n<h3 class=\"ptags-small pdp-glance-item-headline\">FOV<\/h3>\n<div class=\"ptags-small pdp-glance-item-body\">Podr\u00e1 ver un 20\u00a0%<sup>1<\/sup> m\u00e1s de zona anat\u00f3mica con menos ajustes de la mesa<\/div>\n<\/div>\n<\/div>\n<div class=\"mdc-layout-grid__cell mdc-layout-grid__cell--span-4-desktop mdc-layout-grid__cell--span-4-tablet mdc-layout-grid__cell--span-2-phone\">\n<div class=\"pdp-glance-item\">\n<h3 class=\"ptags-small pdp-glance-item-headline\">Fiabilidad<\/h3>\n<div class=\"ptags-small pdp-glance-item-body\">Potencia optimizada y f\u00e1cil de utilizar<\/div>\n<\/div>\n<\/div>\n<div><\/div>\n<div>\n<div id=\"contenido-gen\u00e9rico-v2\">\n<section id=\"contenido-gen\u00e9rico-v2\" class=\"ge-generic-content-v2-container gehc-padding-top-48 gehc-padding-bottom-48 themev2-white\">\n<div class=\"mdc-layout-grid eds-grid\">\n<div class=\"mdc-layout-grid__inner\">\n<div class=\"mdc-layout-grid__cell mdc-layout-grid__cell--span-8-desktop mdc-layout-grid__cell--span-8-tablet mdc-layout-grid__cell--span-4-phone\">\n<h3 class=\"ge-generic-content-v2-container__heading title-s\">OEC Elite proporciona una experiencia mejorada con el brazo en C m\u00f3vil que le permite:<\/h3>\n<\/div>\n<\/div>\n<div class=\"mdc-layout-grid__inner\">\n<div class=\"mdc-layout-grid__cell mdc-layout-grid__cell--span-8-desktop mdc-layout-grid__cell--span-8-tablet mdc-layout-grid__cell--span-4-phone\">\n<div class=\"ge-generic-content-v2-container__body ptag\">\n<div>\u2022\u00a0 Experimente una extraordinaria calidad de imagen<\/div>\n<p>\u2022\u00a0Administre la dosis con perfiles de obtenci\u00f3n de im\u00e1genes autom\u00e1ticos\u00a0y modos de control de dosis<\/p>\n<p>\u2022\u00a0Trabajar con mayor facilidad y eficiencia<\/p>\n<p>&nbsp;<\/p>\n<p>El sistema es id\u00f3neo para una gran variedad de necesidades quir\u00fargicas, incluidas las aplicaciones traumatol\u00f3gicas, gastrointestinales, endosc\u00f3picas, urol\u00f3gicas, neurol\u00f3gicas, de cuidados intensivos y de procedimientos vasculares.<\/p>\n<\/div>\n<\/div>\n<\/div>\n<\/div>\n<\/section>\n<\/div>\n<\/div>\n<p>&nbsp;<\/p>\n<div class=\"mdc-layout-grid eds-grid feature-hero-module-wrapper\">\n<div class=\"mdc-layout-grid__inner\">\n<div class=\"mdc-layout-grid__cell mdc-layout-grid__cell--span-9-desktop mdc-layout-grid__cell--span-8-tablet\">\n<h2 class=\"feature-hero-module-title\">Funciones innovadoras y de calidad de imagen<\/h2>\n<div class=\"feature-hero-module-copy\">Las funciones de OEC\u00a0Elite permiten a los equipos quir\u00fargicos adaptarse a los cambios para capturar im\u00e1genes ricas en claridad y detalle.<\/div>\n<\/div>\n<\/div>\n<\/div>\n<div class=\"mdc-layout-grid eds-grid feature-hero-content-wrapper\">\n<div class=\"mdc-layout-grid__inner\">\n<div class=\"mdc-layout-grid__cell feature-hero-content-container mdc-layout-grid__cell--span-6-desktop mdc-layout-grid__cell--span-8-tablet\">\n<div class=\"feature-hero-wrapper\">\n<div class=\"feature-hero-container\">\n<div id=\"feature-a4a26475-92f8-40a8-babb-399fecd0f5d4\" class=\"mdc-layout-grid__cell feature-hero-left-container mdc-layout-grid__cell--span-12-desktop mdc-layout-grid__cell--span-8-tablet\">\n<div class=\"mdc-layout-grid__cell mdc-layout-grid__cell--span-12-desktop mdc-layout-grid__cell--span-8-tablet\"><\/div>\n<div class=\"mdc-layout-grid__cell mdc-layout-grid__cell--span-12-desktop mdc-layout-grid__cell--span-8-tablet\"><\/div>\n<\/div>\n<\/div>\n<\/div>\n<\/div>\n<\/div>\n<\/div>\n<div class=\"mdc-layout-grid__cell mdc-layout-grid__cell--span-12-desktop mdc-layout-grid__cell--span-8-tablet\"><\/div>\n<div><\/div>\n<div><\/div>\n<div><\/div>\n<div>\n<div class=\"feature-hero-wrapper feature-hero-wrapper-card\">\n<div class=\"feature-hero-container\">\n<div id=\"feature-a4a26475-92f8-40a8-babb-399fecd0f5d4\" class=\"mdc-layout-grid__cell feature-hero-left-container mdc-layout-grid__cell--span-12-desktop mdc-layout-grid__cell--span-8-tablet\">\n<div class=\"mdc-layout-grid__cell mdc-layout-grid__cell--span-12-desktop mdc-layout-grid__cell--span-8-tablet\">\n<h3 class=\"feature-hero-module-featureHeading\">Extraordinaria adquisici\u00f3n de im\u00e1genes<\/h3>\n<\/div>\n<div class=\"mdc-layout-grid__cell mdc-layout-grid__cell--span-12-desktop mdc-layout-grid__cell--span-8-tablet\">\n<div class=\"feature-hero-module-featureBody ptags-small\">\n<p>Visualice los detalles y minimice la dosis con Live Zoom, el bol\u00edgrafo digital y\u00a0perfiles predefinidos, incluidas las opciones para pacientes pedi\u00e1tricos, HD general y seguimiento de\u00a0bolo opcional.<\/p>\n<div>\n<p>Podr\u00e1 ver hasta un 22\u00a0% m\u00e1s de zona anat\u00f3mica que con los arcos en C monobloque, con\u00a0una colocaci\u00f3n m\u00e1s cercana del detector a la anatom\u00eda del paciente.<\/p>\n<p>Vea los detalles e im\u00e1genes grandes en una pantalla 4K que se puede\u00a0acercar o ajustar para que el cirujano la visualice de manera m\u00e1s c\u00f3moda.<\/p>\n<\/div>\n<\/div>\n<\/div>\n<div class=\"mdc-layout-grid__cell mdc-layout-grid__cell--span-12-desktop mdc-layout-grid__cell--span-8-tablet\"><\/div>\n<\/div>\n<\/div>\n<\/div>\n<div class=\"feature-hero-wrapper feature-hero-wrapper-card\">\n<div class=\"feature-hero-container\">\n<div id=\"feature-2bd2499b-f448-422b-994e-268a277f8cb5\" class=\"mdc-layout-grid__cell feature-hero-left-container mdc-layout-grid__cell--span-12-desktop mdc-layout-grid__cell--span-8-tablet\">\n<div class=\"mdc-layout-grid__cell mdc-layout-grid__cell--span-12-desktop mdc-layout-grid__cell--span-8-tablet\"><\/div>\n<div class=\"mdc-layout-grid__cell mdc-layout-grid__cell--span-12-desktop mdc-layout-grid__cell--span-8-tablet\"><\/div>\n<\/div>\n<\/div>\n<\/div>\n<\/div>\n<div class=\"mdc-layout-grid__cell mdc-layout-grid__cell--span-12-desktop mdc-layout-grid__cell--span-8-tablet\"><\/div>\n<div>\n<div class=\"mdc-layout-grid__cell feature-hero-content-container mdc-layout-grid__cell--span-6-desktop mdc-layout-grid__cell--span-8-tablet\">\n<div class=\"feature-hero-wrapper feature-hero-wrapper-card\">\n<div class=\"feature-hero-container\">\n<div id=\"feature-2bd2499b-f448-422b-994e-268a277f8cb5\" class=\"mdc-layout-grid__cell feature-hero-left-container mdc-layout-grid__cell--span-12-desktop mdc-layout-grid__cell--span-8-tablet\">\n<div class=\"mdc-layout-grid__cell mdc-layout-grid__cell--span-12-desktop mdc-layout-grid__cell--span-8-tablet\">\n<h3 class=\"feature-hero-module-featureHeading\">Eficiencia de adquisici\u00f3n de im\u00e1genes<\/h3>\n<\/div>\n<div class=\"mdc-layout-grid__cell mdc-layout-grid__cell--span-12-desktop mdc-layout-grid__cell--span-8-tablet\">\n<div class=\"feature-hero-module-featureBody ptags-small\">\n<p>Se mantiene fresco durante los procedimientos m\u00e1s exigentes con una excelente velocidad de enfriamientoy un componente de rayos X dise\u00f1ado para minimizar la acumulaci\u00f3n de calor.<\/p>\n<div><\/div>\n<div>Optimice el flujo de trabajo con una experiencia del usuario intuitiva y\u00a0una interfaz OEC reconocible para conseguir una adquisici\u00f3n r\u00e1pida de im\u00e1genes y menos interrupciones durante\u00a0los procedimientos quir\u00fargicos.<\/div>\n<div><\/div>\n<div>Dise\u00f1ado ergon\u00f3micamente para colocar f\u00e1cilmente el detector alrededor de\u00a0la mesa del paciente en \u00e1ngulos de dif\u00edcil acceso o alturas de mesa bajas.<\/div>\n<\/div>\n<\/div>\n<\/div>\n<\/div>\n<\/div>\n<\/div>\n<\/div>\n<div class=\"mdc-layout-grid__cell mdc-layout-grid__cell--span-12-desktop mdc-layout-grid__cell--span-8-tablet\"><\/div>\n<div>\n<div id=\"modelos-de-arco-en-c-y-mesa-lateral-t\u00e1ctil-oec\">\n<div class=\"related-content gehc-padding-top-48 gehc-padding-bottom-48 theme-grey-100\" aria-label=\"Related Content\">\n<div class=\"mdc-layout-grid eds-grid\">\n<div class=\"mdc-layout-grid__inner\">\n<div class=\"mdc-layout-grid__cell mdc-layout-grid__cell--span-9-desktop mdc-layout-grid__cell--span-8-tablet mdc-layout-grid__cell--span-4-phone\">\n<h2 class=\"related-content__section__text title-m\">Modelos de arco en C y mesa lateral t\u00e1ctil OEC<\/h2>\n<div class=\"related-content__stories-count__text caption\"><\/div>\n<\/div>\n<\/div>\n<div class=\"mdc-layout-grid__inner related-content-gridgap\">\n<div class=\"mdc-layout-grid__cell related-content__container mdc-layout-grid__cell--span-4-desktop mdc-layout-grid__cell--span-4-tablet mdc-layout-grid__cell--span-4-phone\">\n<div class=\"related-content-app-product-cards\" data-analytics-tracking-event=\"link_click\" data-analytics-link-type=\"Related Content\" data-analytics-link-name=\"Arco en C est\u00e1ndar\" data-analytics-link-title=\"Modelos de arco en C y mesa lateral t\u00e1ctil OEC\">\n<div class=\"related-content-app-product-cards__image\"><\/div>\n<div class=\"related-content-app-product-cards__content\">\n<h3 class=\"related-content-app-product-cards__titletext ptags\">Arco en C est\u00e1ndar<\/h3>\n<p class=\"related-content-app-product-cards__metadata caption\">\u2022 25\u00b0 de exploraci\u00f3n superior y 90\u00b0 de exploraci\u00f3n inferior<br \/>\n\u2022 SmartView con basculaci\u00f3n 90\u00b0\/180\u00b0<br \/>\n\u2022 Altura lateral baja<br \/>\n\u2022 Leve desviaci\u00f3n AP\/lateral<br \/>\n\u2022 Un 30\u00a0% menos de fuerza para dirigir*<br \/>\n\u2022 Detector de 9 pulgadas o 12 pulgadas<\/p>\n<\/div>\n<\/div>\n<\/div>\n<div class=\"mdc-layout-grid__cell related-content__container mdc-layout-grid__cell--span-4-desktop mdc-layout-grid__cell--span-4-tablet mdc-layout-grid__cell--span-4-phone\">\n<div class=\"related-content-app-product-cards\" data-analytics-tracking-event=\"link_click\" data-analytics-link-type=\"Related Content\" data-analytics-link-name=\"Arco en C s\u00faper\" data-analytics-link-title=\"Modelos de arco en C y mesa lateral t\u00e1ctil OEC\">\n<div class=\"related-content-app-product-cards__content\">\n<h3 class=\"related-content-app-product-cards__titletext ptags\">Arco en C s\u00faper<\/h3>\n<p class=\"related-content-app-product-cards__metadata caption\">\u2022 55\u00b0 en sobreexploraci\u00f3n y 90\u00b0 en hipoexploraci\u00f3n<br \/>\n\u2022 Profundidad de arco de 33\u00a0pulgadas<br \/>\n\u2022 Baja altura lateral<br \/>\n\u2022 C\u00f3modos frenos de dial radial<br \/>\n\u2022 Un 30\u00a0% menos de fuerza para dirigir*<br \/>\n\u2022 Detector de 9 pulgadas<\/p>\n<\/div>\n<\/div>\n<\/div>\n<div class=\"mdc-layout-grid__cell related-content__container mdc-layout-grid__cell--span-4-desktop mdc-layout-grid__cell--span-4-tablet mdc-layout-grid__cell--span-4-phone\">\n<div class=\"related-content-app-product-cards\" data-analytics-tracking-event=\"link_click\" data-analytics-link-type=\"Related Content\" data-analytics-link-name=\"Mesa lateral t\u00e1ctil OEC\" data-analytics-link-title=\"Modelos de arco en C y mesa lateral t\u00e1ctil OEC\">\n<div class=\"related-content-app-product-cards__content\">\n<h3 class=\"related-content-app-product-cards__titletext ptags\">Mesa lateral t\u00e1ctil OEC<\/h3>\n<p class=\"related-content-app-product-cards__metadata caption\">\u2022 Se desplaza f\u00e1cilmente hasta la ubicaci\u00f3n deseada<br \/>\n\u2022 Panel de control OEC Touch m\u00f3vil<br \/>\n\u2022 Altura e inclinaci\u00f3n ajustables de la pantalla<\/p>\n<\/div>\n<\/div>\n<\/div>\n<\/div>\n<\/div>\n<\/div>\n<\/div>\n<\/div>\n<p>&nbsp;<\/p>\n<div>\n<div id=\"modelos-de-arco-en-c-y-mesa-lateral-t\u00e1ctil-oec\">\n<div class=\"related-content gehc-padding-top-48 gehc-padding-bottom-48 theme-grey-100\" aria-label=\"Related Content\">\n<div class=\"mdc-layout-grid eds-grid\">\n<div class=\"mdc-layout-grid__inner related-content-gridgap\">\n<div class=\"mdc-layout-grid__cell related-content__container mdc-layout-grid__cell--span-4-desktop mdc-layout-grid__cell--span-4-tablet mdc-layout-grid__cell--span-4-phone\">\n<div class=\"related-content-app-product-cards\" data-analytics-tracking-event=\"link_click\" data-analytics-link-type=\"Related Content\" data-analytics-link-name=\"Mesa lateral t\u00e1ctil OEC\" data-analytics-link-title=\"Modelos de arco en C y mesa lateral t\u00e1ctil OEC\">\n<div class=\"related-content-app-product-cards__content\">\n<p><a class=\"elboton\" href=\"https:\/\/latam.gehealthcare.com\/products\/surgical-imaging\/oec-elite\">Enlace de la marca<\/a><\/p>\n<\/div>\n<\/div>\n<\/div>\n<\/div>\n<\/div>\n<\/div>\n<\/div>\n<\/div>\n","protected":false},"excerpt":{"rendered":"<div class=\"mdc-layout-grid__inner product-heroV2-container__row\">\n<div class=\"mdc-layout-grid__cell mdc-layout-grid__cell--span-5-desktop mdc-layout-grid__cell--span-4-tablet mdc-layout-grid__cell--span-4-phone\">\n<div class=\"product-heroV2-container__subtitle ptags\">Excelente calidad de imagen con facilidad y eficiencia.<\/div>\n<\/div>\n<\/div>\n<div class=\"mdc-layout-grid__inner product-heroV2-container__row\">\n<div class=\"mdc-layout-grid__cell product-heroV2-container__button-cell mdc-layout-grid__cell--span-5-desktop mdc-layout-grid__cell--span-5-tablet mdc-layout-grid__cell--span-4-phone\"><\/div>\n<\/div>\n","protected":false},"featured_media":2625,"comment_status":"open","ping_status":"closed","template":"","meta":[],"product_cat":[29],"product_tag":[],"class_list":{"0":"post-2090","1":"product","2":"type-product","3":"status-publish","4":"has-post-thumbnail","6":"product_cat-g-arco-en-c","8":"first","9":"instock","10":"shipping-taxable","11":"purchasable","12":"product-type-simple"},"_links":{"self":[{"href":"https:\/\/blank.net.do\/globalmedica\/es\/wp-json\/wp\/v2\/product\/2090","targetHints":{"allow":["GET"]}}],"collection":[{"href":"https:\/\/blank.net.do\/globalmedica\/es\/wp-json\/wp\/v2\/product"}],"about":[{"href":"https:\/\/blank.net.do\/globalmedica\/es\/wp-json\/wp\/v2\/types\/product"}],"replies":[{"embeddable":true,"href":"https:\/\/blank.net.do\/globalmedica\/es\/wp-json\/wp\/v2\/comments?post=2090"}],"wp:featuredmedia":[{"embeddable":true,"href":"https:\/\/blank.net.do\/globalmedica\/es\/wp-json\/wp\/v2\/media\/2625"}],"wp:attachment":[{"href":"https:\/\/blank.net.do\/globalmedica\/es\/wp-json\/wp\/v2\/media?parent=2090"}],"wp:term":[{"taxonomy":"product_cat","embeddable":true,"href":"https:\/\/blank.net.do\/globalmedica\/es\/wp-json\/wp\/v2\/product_cat?post=2090"},{"taxonomy":"product_tag","embeddable":true,"href":"https:\/\/blank.net.do\/globalmedica\/es\/wp-json\/wp\/v2\/product_tag?post=2090"}],"curies":[{"name":"wp","href":"https:\/\/api.w.org\/{rel}","templated":true}]}}