{"id":2091,"date":"2024-07-05T00:03:25","date_gmt":"2024-07-05T00:03:25","guid":{"rendered":"https:\/\/blank.net.do\/globalmedica\/product\/revolution-act\/"},"modified":"2024-10-21T02:59:36","modified_gmt":"2024-10-21T02:59:36","slug":"revolution-act","status":"publish","type":"product","link":"https:\/\/blank.net.do\/globalmedica\/es\/product\/revolution-act\/","title":{"rendered":"Revolution\u2122 ACT"},"content":{"rendered":"<section id=\"benefits\" class=\"ge-module ge-content-module theme-white\">\n<div class=\"ge-module__container\">\n<h2 class=\"ge-h2 ge-content-module__title\" role=\"heading\">Beneficios<\/h2>\n<div class=\"rah-static rah-static--height-auto\" aria-hidden=\"false\">\n<div>\n<div class=\"ge-rtf ge-rtf-module ge-content-module__description-wrapper\">\n<div class=\"ge-rtf ge-rtf-module ge-content-module__description-wrapper\">\n<p>Revolution ACTS de GE HealthCare le ayuda a ver m\u00e1s all\u00e1 de lo ordinario y obvio. Con este equipo, es posible ofrecer revolucionarios servicios de TC a los pacientes y un alto nivel de atenci\u00f3n.<\/p>\n<p>Revolution ACTS se basa en tecnolog\u00edas de vanguardia heredadas de nuestros sistemas m\u00e1s avanzados. Esto proporciona los recursos necesarios para ayudar en un diagn\u00f3stico m\u00e1s completo.<\/p>\n<ul>\n<li>Aplicaciones cl\u00ednicas \u00fanicas e innovadoras<\/li>\n<li>TCO 28% menor<\/li>\n<li>Pitch Booster (IQ Enhance), que permite una cobertura m\u00e1s r\u00e1pida de la anatom\u00eda estudiada<\/li>\n<li>Neuro Perfusi\u00f3n con paquete neuro avanzado desde la consola de adquisici\u00f3n<\/li>\n<li>Imagen de corte fino para estudios hep\u00e1ticos multifase<\/li>\n<li>TC de cuerpo completo<\/li>\n<\/ul>\n<\/div>\n<\/div>\n<\/div>\n<\/div>\n<\/div>\n<\/section>\n<section id=\"features\" class=\"ge-module ge-content-module theme-white\">\n<div class=\"ge-module__container\">\n<h2 class=\"ge-h2 ge-content-module__title\" role=\"heading\">Recursos<\/h2>\n<div class=\"rah-static rah-static--height-auto\" aria-hidden=\"false\">\n<div>\n<div class=\"ge-rtf ge-rtf-module ge-content-module__description-wrapper\">\n<div class=\"ge-rtf ge-rtf-module ge-content-module__description-wrapper\">\n<p>Revolution ACTS le permite no solo ofrecer una mejor atenci\u00f3n al paciente, sino tambi\u00e9n a m\u00e1s pacientes. Las \u00faltimas tecnolog\u00edas lo ayudan a sentirse m\u00e1s seguro para pasar al siguiente nivel, cl\u00ednica y econ\u00f3micamente. Dise\u00f1ado para obtener resultados consistentes y de alta calidad, Revolution ACTS permite a los profesionales de la salud realizar el diagn\u00f3stico m\u00e1s informado posible.<\/p>\n<p><strong>Mayor rendimiento<\/strong><\/p>\n<ul>\n<li><strong>Detector de panel Clarity:<\/strong>\u00a0tecnolog\u00eda de detector innovadora que ofrece la resoluci\u00f3n espacial m\u00e1s alta del mercado para el segmento<\/li>\n<li><strong>Menor ruido electr\u00f3nico:<\/strong>\u00a0detector integrado construido con chipsets modernos y DAS en el detector (DoD) para un alto rendimiento de se\u00f1al a ruido<\/li>\n<li><strong>Dise\u00f1o eficiente:<\/strong>\u00a0dise\u00f1o compacto de bajo consumo de energ\u00eda con gesti\u00f3n t\u00e9rmica inteligente para adquisiciones m\u00e1s r\u00e1pidas<\/li>\n<li><strong>Ultra Kernel:<\/strong>\u00a0El ajuste de nivel de mejora adaptable (AELA) puede mejorar la resoluci\u00f3n espacial visual mientras mantiene la desviaci\u00f3n est\u00e1ndar del ruido de p\u00edxeles<\/li>\n<\/ul>\n<p><strong>Tecnolog\u00edas de dosis inteligente<\/strong><\/p>\n<ul>\n<li><strong>ASiR<sup>1*<\/sup><\/strong>: ofrece una calidad de imagen innovadora en tomograf\u00edas computarizadas de cortes m\u00faltiples con optimizaci\u00f3n de la dosis de radiaci\u00f3n<\/li>\n<li><strong>ViSR<sup>*<\/sup>:<\/strong>\u00a0Proporciona una mejora de hasta un 20% en la calidad de imagen con la misma dosis.<\/li>\n<li><strong>ODM<\/strong>: act\u00faa como un escudo virtual para proteger \u00f3rganos vitales con una reducci\u00f3n de dosis de hasta un 40% sin p\u00e9rdida de calidad de imagen.<\/li>\n<li><strong>3D mA Modulation<\/strong>: Permite al sistema optimizar la corriente del tubo en las direcciones x-y-z para una mejor gesti\u00f3n de la dosis.<\/li>\n<\/ul>\n<p>1. Disponible solo en la versi\u00f3n EX.<\/p>\n<p><strong>Tecnolog\u00edas Smart Flow<\/strong><\/p>\n<ul>\n<li><strong>Digital Tilt:<\/strong>\u00a0La inclinaci\u00f3n digital simple y r\u00e1pida permite un escaneo m\u00e1s eficiente y aumenta el flujo de trabajo en un 28%. Tambi\u00e9n ayuda a manejar pacientes desafiantes y menos cooperativos.<\/li>\n<li><strong>IQ Enhance:<\/strong>\u00a0Los algoritmos avanzados permiten una aceleraci\u00f3n del pitch helicoidal de hasta 2.7x, lo que permite a los pacientes un tiempo de apnea m\u00e1s corto.<\/li>\n<\/ul>\n<\/div>\n<\/div>\n<\/div>\n<\/div>\n<\/div>\n<\/section>\n<section id=\"technology\" class=\"ge-module ge-content-module theme-white\">\n<div class=\"ge-module__container\">\n<h2 class=\"ge-h2 ge-content-module__title\" role=\"heading\">Tecnolog\u00eda<\/h2>\n<div class=\"rah-static rah-static--height-auto\" aria-hidden=\"false\">\n<div>\n<div class=\"ge-rtf ge-rtf-module ge-content-module__description-wrapper\">\n<div class=\"ge-rtf ge-rtf-module ge-content-module__description-wrapper\">\n<p>Las aplicaciones avanzadas de Revolution ACTS lo ayudan a llevar su instituci\u00f3n al siguiente nivel. Desde la consola del operador es posible acceder a herramientas como:<\/p>\n<ul>\n<li><strong>Visor de volumen:<\/strong>\u00a0Obtenga m\u00e1s informaci\u00f3n sobre las relaciones espaciales de diferentes estructuras. Haz que las im\u00e1genes en 3D sean una rutina.<\/li>\n<li><strong>Imagen y procesamiento vascular:<\/strong>\u00a0Vea secciones transversales oblicuas de im\u00e1genes vasculares y gire las vistas curvas para ver las lesiones vasculares con mayor claridad.<\/li>\n<li><strong>Navegaci\u00f3n virtual y fly-through:\u00a0<\/strong>Utilice una endoscopia virtual para ver las estructuras intraluminales. Un modo de vuelo virtual le permite ver im\u00e1genes de forma din\u00e1mica.<\/li>\n<li><strong>SmartPrep con transici\u00f3n din\u00e1mica:\u00a0<\/strong>Transici\u00f3n autom\u00e1tica de la fase de monitorizaci\u00f3n del contraste a la fase de exploraci\u00f3n.<\/li>\n<\/ul>\n<\/div>\n<\/div>\n<\/div>\n<\/div>\n<\/div>\n<\/section>\n<p>&nbsp;<\/p>\n<p><a class=\"elboton\" href=\"https:\/\/latam.gehealthcare.com\/products\/computed-tomography\/revolution-family\/revolution-acts-ex\" target=\"_blank\" rel=\"noopener\">Enlace de la marca<\/a><\/p>\n","protected":false},"excerpt":{"rendered":"<p>Calidad de imagen y confiabilidad diagn\u00f3stica al alcance de su mano.<\/p>\n<p>La familia Revolution fue dise\u00f1ada en base a las necesidades del mercado, para redefinir lo que antes era posible mediante la TC tradicional.<\/p>\n<p>Millones de radi\u00f3logos y pacientes de todo el mundo necesitan im\u00e1genes m\u00e9dicas confiables. La tomograf\u00eda es un examen r\u00e1pido y una de las herramientas de diagn\u00f3stico m\u00e1s valiosas disponibles. Y todo su potencial se puede explorar m\u00e1s a fondo. Dise\u00f1ado con mucho cuidado, Revolution ACTS puede ser su primera opci\u00f3n de entrada en el futuro de la tomograf\u00eda computarizada.<\/p>\n<p>&nbsp;<\/p>\n","protected":false},"featured_media":2774,"comment_status":"open","ping_status":"closed","template":"","meta":[],"product_cat":[30],"product_tag":[],"class_list":{"0":"post-2091","1":"product","2":"type-product","3":"status-publish","4":"has-post-thumbnail","6":"product_cat-b-tomografia","8":"first","9":"instock","10":"shipping-taxable","11":"purchasable","12":"product-type-simple"},"_links":{"self":[{"href":"https:\/\/blank.net.do\/globalmedica\/es\/wp-json\/wp\/v2\/product\/2091","targetHints":{"allow":["GET"]}}],"collection":[{"href":"https:\/\/blank.net.do\/globalmedica\/es\/wp-json\/wp\/v2\/product"}],"about":[{"href":"https:\/\/blank.net.do\/globalmedica\/es\/wp-json\/wp\/v2\/types\/product"}],"replies":[{"embeddable":true,"href":"https:\/\/blank.net.do\/globalmedica\/es\/wp-json\/wp\/v2\/comments?post=2091"}],"wp:featuredmedia":[{"embeddable":true,"href":"https:\/\/blank.net.do\/globalmedica\/es\/wp-json\/wp\/v2\/media\/2774"}],"wp:attachment":[{"href":"https:\/\/blank.net.do\/globalmedica\/es\/wp-json\/wp\/v2\/media?parent=2091"}],"wp:term":[{"taxonomy":"product_cat","embeddable":true,"href":"https:\/\/blank.net.do\/globalmedica\/es\/wp-json\/wp\/v2\/product_cat?post=2091"},{"taxonomy":"product_tag","embeddable":true,"href":"https:\/\/blank.net.do\/globalmedica\/es\/wp-json\/wp\/v2\/product_tag?post=2091"}],"curies":[{"name":"wp","href":"https:\/\/api.w.org\/{rel}","templated":true}]}}