{"id":2092,"date":"2024-07-05T00:03:25","date_gmt":"2024-07-05T00:03:25","guid":{"rendered":"https:\/\/blank.net.do\/globalmedica\/product\/revolution-maxima\/"},"modified":"2024-10-01T12:16:24","modified_gmt":"2024-10-01T12:16:24","slug":"revolution-maxima","status":"publish","type":"product","link":"https:\/\/blank.net.do\/globalmedica\/es\/product\/revolution-maxima\/","title":{"rendered":"Revolution\u2122 Maxima"},"content":{"rendered":"<p>A diario, se buscan formas de adaptarse a una carga cada vez mayor de derivaci\u00f3n de pacientes con la misma cantidad de recursos. Se busca un equilibrio constante que ponga especial \u00e9nfasis en la eficiencia general de todo el flujo de trabajo de TC.<\/p>\n<p>Para usted, la imagen final de TC es solo una parte del proceso. La forma de obtener las im\u00e1genes es fundamental tanto para la calidad de la atenci\u00f3n al paciente como para las propias im\u00e1genes.<\/p>\n<p>Esta filosof\u00eda es la esencia de nuestra nueva TC y por ello recibe el nombre de Revolution Maxima. Hemos considerado todos los aspectos del flujo de trabajo de TC y hemos trabajado para simplificar, agilizar, automatizar y aplicar tecnolog\u00edas avanzadas como la IA en la medida de lo posible con el objetivo de transformar por completo la experiencia de TC.<\/p>\n<h2 class=\"ge-h2 ge-content-module__title\" role=\"heading\">En el lugar preciso, en el menor tiempo<\/h2>\n<p>Indudablemente, todos los pacientes corren el riesgo de ser posicionados de forma incorrecta. La mala colocaci\u00f3n de un paciente puede provocar un aumento de la dosis de hasta el 38\u00a0%<sup>1<\/sup>\u00a0y un aumento del ruido de la imagen de hasta el 22\u00a0%<sup>2<\/sup>. Los problemas relacionados con el posicionamiento son dif\u00edciles de resolver porque pueden derivarse de una combinaci\u00f3n de variables, entre ellas, la falta de uniformidad propia de un flujo de trabajo manual, la incomodidad del paciente y la experiencia del t\u00e9cnico.<\/p>\n<p>Nuestro innovador de sistema posicionamiento autom\u00e1tico mediante IA automatiza este paso por completo. La c\u00e1mara Xtream utiliza tecnolog\u00eda de detecci\u00f3n precisa en tiempo real para generar un modelo 3D del cuerpo del paciente. A continuaci\u00f3n, mediante nuestro algoritmo de aprendizaje profundo, Revolution Maxima localiza el centro 3D del rango de exploraci\u00f3n y lo alinea autom\u00e1ticamente con el isocentro del t\u00fanel. Con un solo clic, el posicionamiento autom\u00e1tico utiliza toda esta informaci\u00f3n para centrar autom\u00e1ticamente al paciente sin necesidad de intervenci\u00f3n.<\/p>\n<p>El posicionamiento autom\u00e1tico agiliza la preparaci\u00f3n del paciente y, lo que es m\u00e1s importante, permite que los t\u00e9cnicos puedan centrarse en que est\u00e9 c\u00f3modo.<\/p>\n<p><strong>Automatizaci\u00f3n manos libres mediante un solo clic<\/strong><\/p>\n<p>Revolution Maxima simplifica todo el proceso de preparaci\u00f3n del paciente. La tecnolog\u00eda innovadora de centrado autom\u00e1tico es la base de nuestra experiencia mejorada de exploraci\u00f3n, pero comienza con la recomendaci\u00f3n de protocolos relacionados. El sistema compara la descripci\u00f3n del examen con la base de datos de protocolos de exploraci\u00f3n y muestra una breve lista de protocolos entre los que elegir. La b\u00fasqueda del protocolo adecuado y la colocaci\u00f3n manual del paciente en el t\u00fanel, que antes llevaban un tiempo muy preciado, ahora pueden hacerse con una selecci\u00f3n r\u00e1pida y un solo clic.<\/p>\n<h2 class=\"ge-h2 ge-content-module__title\" role=\"heading\">Incluye todo lo necesario<\/h2>\n<p>Nuestro objetivo es proporcionarle una TC precargada con todas las funciones esenciales para obtener la informaci\u00f3n requerida con la calidad de imagen apropiada dentro de una amplia gama de necesidades cl\u00ednicas. Basado en nuestra cadena de adquisici\u00f3n de im\u00e1genes Clarity, Revolution Maxima proporciona una resoluci\u00f3n espacial de 0,28\u00a0mm<sup>3<\/sup>\u00a0y hace que las im\u00e1genes de 40\u00a0mm sean parte de su rutina.<\/p>\n<p>Dispone tambi\u00e9n de nuestro software l\u00edder en reducci\u00f3n de dosis, ASiR-V\u2122. Este software avanzado de reconstrucci\u00f3n de modelado de ruido y objetos permite obtener im\u00e1genes uniformes con una reducci\u00f3n de dosis de hasta un 82\u00a0%<sup>4<\/sup>\u00a0en comparaci\u00f3n con la reconstrucci\u00f3n de im\u00e1genes con retroproyecci\u00f3n filtrada. Estas tecnolog\u00edas b\u00e1sicas combinadas le proporcionan todo lo necesario para diagnosticar correctamente a la primera y con la menor dosis posible.<\/p>\n<h2 class=\"ge-h2 ge-content-module__title\" role=\"heading\">Resultados determinados de forma precisa<\/h2>\n<p>Su experiencia con la TC va m\u00e1s all\u00e1 de la generaci\u00f3n de im\u00e1genes de alta calidad. Tambi\u00e9n necesita aplicaciones inteligentes que contin\u00faen siendo de utilidad cuando las im\u00e1genes lleguen a la sala de lectura. Por ello, hemos desarrollado un conjunto de aplicaciones inteligentes para procedimientos cardiacos y oncol\u00f3gicos, accidentes cerebrovasculares y artefactos met\u00e1licos.<\/p>\n<h2 class=\"ge-h2 ge-content-module__title\" role=\"heading\">Una imagen de calidad tras otra<\/h2>\n<p>Un rendimiento de imagen excelente es mucho m\u00e1s que una buena imagen cl\u00ednica. En entornos con un rendimiento exigente, la manera de obtener im\u00e1genes es tan importante como la propia imagen. Y cada paso del proceso es importante. Debe tener en cuenta la rapidez con la que se prepara una exploraci\u00f3n, la facilidad con la que se pueden emplear las herramientas durante la misma y la eficacia con la que puede generar un informe a partir de las im\u00e1genes adquiridas. Estas caracter\u00edsticas quedan reflejadas en el excelente rendimiento de imagen de Revolution Maxima.<\/p>\n<h2 class=\"ge-h2 ge-content-module__title\" role=\"heading\">Una TC que trabaja sin descanso entre bastidores<\/h2>\n<p>Aun en segundo plano, una TC puede contribuir al \u00e9xito operativo y financiero de su servicio de adquisici\u00f3n de im\u00e1genes mediante diagn\u00f3sticos remotos, an\u00e1lisis predictivos, soluciones basadas en la nube y servicios de suscripci\u00f3n. Tomemos como ejemplo Tube Watch. Esta aplicaci\u00f3n crea un modelo digital personalizado del tubo, el sistema y el perfil de uso mediante una combinaci\u00f3n de inteligencia artificial, aprendizaje autom\u00e1tico y tecnolog\u00eda de an\u00e1lisis de software denominada Digital Twin. Con ese modelo digital, Tube Watch puede predecir cu\u00e1ndo ser\u00e1 necesario sustituir el tubo. Esta es solo una de las muchas formas en que Revolution Maxima mejora sus capacidades al m\u00e1ximo.<\/p>\n<div class=\"ge-content-module__cta-container\">\n<section id=\"una-tc-que-puede\" class=\"ge-module ge-content-module theme-black\">\n<div class=\"ge-module__container\">\n<h2 class=\"ge-h2 ge-content-module__title\" role=\"heading\">Una TC que puede con todo<\/h2>\n<p>En un servicio de adquisici\u00f3n de im\u00e1genes de alto rendimiento, no necesita una gran variedad de opciones de TC para seleccionar y escoger las que necesite. La adquisici\u00f3n de im\u00e1genes de TC de alto rendimiento se compone de muchas fases que van desde la configuraci\u00f3n de la exploraci\u00f3n hasta el informe final, pasando por la obtenci\u00f3n de las im\u00e1genes. Lo que necesita es un sistema que pueda hacerlo todo.<\/p>\n<p>Revolution Maxima proporciona soluciones innovadoras para toda su experiencia de TC, desde la derivaci\u00f3n hasta el informe, incluyendo una nueva e incre\u00edble forma de automatizar el posicionamiento del paciente. Adem\u00e1s, se trata de un sistema que admite ampliaciones y actualizaciones para adaptarlo al crecimiento de sus necesidades.<\/p>\n<\/div>\n<p>&nbsp;<\/p>\n<div class=\"ge-module__container\">\n<p><a class=\"elboton\" href=\"https:\/\/www.gehealthcare.es\/products\/computed-tomography\/revolution-maxima\" target=\"_blank\" rel=\"noopener\">Enlace de la marca<\/a><\/p>\n<\/div>\n<\/section>\n<\/div>\n","protected":false},"excerpt":{"rendered":"<p>Revolution Maxima es una TC potente, fiable y de alto rendimiento dise\u00f1ada para maximizar cada paso del flujo de trabajo de TC desde la derivaci\u00f3n hasta el informe.<\/p>\n","protected":false},"featured_media":2606,"comment_status":"open","ping_status":"closed","template":"","meta":[],"product_cat":[30],"product_tag":[],"class_list":{"0":"post-2092","1":"product","2":"type-product","3":"status-publish","4":"has-post-thumbnail","6":"product_cat-b-tomografia","8":"first","9":"instock","10":"shipping-taxable","11":"purchasable","12":"product-type-simple"},"_links":{"self":[{"href":"https:\/\/blank.net.do\/globalmedica\/es\/wp-json\/wp\/v2\/product\/2092","targetHints":{"allow":["GET"]}}],"collection":[{"href":"https:\/\/blank.net.do\/globalmedica\/es\/wp-json\/wp\/v2\/product"}],"about":[{"href":"https:\/\/blank.net.do\/globalmedica\/es\/wp-json\/wp\/v2\/types\/product"}],"replies":[{"embeddable":true,"href":"https:\/\/blank.net.do\/globalmedica\/es\/wp-json\/wp\/v2\/comments?post=2092"}],"wp:featuredmedia":[{"embeddable":true,"href":"https:\/\/blank.net.do\/globalmedica\/es\/wp-json\/wp\/v2\/media\/2606"}],"wp:attachment":[{"href":"https:\/\/blank.net.do\/globalmedica\/es\/wp-json\/wp\/v2\/media?parent=2092"}],"wp:term":[{"taxonomy":"product_cat","embeddable":true,"href":"https:\/\/blank.net.do\/globalmedica\/es\/wp-json\/wp\/v2\/product_cat?post=2092"},{"taxonomy":"product_tag","embeddable":true,"href":"https:\/\/blank.net.do\/globalmedica\/es\/wp-json\/wp\/v2\/product_tag?post=2092"}],"curies":[{"name":"wp","href":"https:\/\/api.w.org\/{rel}","templated":true}]}}