{"id":2093,"date":"2024-07-05T00:03:26","date_gmt":"2024-07-05T00:03:26","guid":{"rendered":"https:\/\/blank.net.do\/globalmedica\/product\/revolution-ascend\/"},"modified":"2024-10-21T03:00:02","modified_gmt":"2024-10-21T03:00:02","slug":"revolution-ascend","status":"publish","type":"product","link":"https:\/\/blank.net.do\/globalmedica\/es\/product\/revolution-ascend\/","title":{"rendered":"Revolution \u2122 Ascend"},"content":{"rendered":"<section id=\"01-rendimiento-cl\u00ednico\" class=\"ge-module ge-content-module theme-grey-1000\">\n<div class=\"ge-module__container\">\n<h2 class=\"ge-h2 ge-content-module__title\" role=\"heading\">Redefinici\u00f3n del rendimiento cl\u00ednico<\/h2>\n<div class=\"ge-content-module__teaser\">La parte m\u00e1s laboriosa de la experiencia de TC no es la exploraci\u00f3n en s\u00ed, sino los pasos que quedan fuera de la exploraci\u00f3n, como el tiempo de preparaci\u00f3n del paciente y de reconstrucci\u00f3n para crear el informe. Hemos analizado todos los pasos previos y posteriores a la exploraci\u00f3n en la experiencia de TC e incorporado nuestros hallazgos clave en el dise\u00f1o de Revolution Ascend. Como resultado, Revolution Ascend resuelve preocupaciones comunes como la capacidad de acomodar de forma eficiente a pacientes con un IMC alto y procedimientos intervencionistas. Tambi\u00e9n permite escanear f\u00e1cilmente con dos clics\u00a0 todas las adquisiciones de im\u00e1genes.<\/div>\n<\/div>\n<\/section>\n<div>\n<section id=\"01-sin-esfuerzo\" class=\"ge-module ge-content-module theme-grey\">\n<div class=\"ge-module__container\">\n<h2 class=\"ge-h2 ge-content-module__title\" role=\"heading\">Una revoluci\u00f3n en la TC, desde la derivaci\u00f3n del m\u00e9dico hasta el informe<\/h2>\n<div class=\"ge-content-module__teaser\">Siempre estamos buscando nuevas formas de aumentar la eficiencia operativa con el objetivo de hacer que su flujo de trabajo de adquisici\u00f3n de im\u00e1genes se vuelva instintivo y posiblemente incluso invisible. En lo que respecta a la TC, hemos estudiado todo el flujo de trabajo y creado soluciones para simplificar y optimizar cada paso del proceso. Estas soluciones son el n\u00facleo de nuestro modelo de flujo de trabajo sin esfuerzo, una sofisticada colecci\u00f3n de tecnolog\u00edas que automatizan y simplifican las tareas que requieren mucho tiempo desde la exploraci\u00f3n previa a la posterior revisi\u00f3n. El flujo de trabajo sin esfuerzo lleva la experiencia de TC a un nuevo nivel de velocidad y precisi\u00f3n.<\/div>\n<\/div>\n<\/section>\n<\/div>\n<div class=\"ge-rtf-callout__teaser ge-rtf-module\">\n<h2 class=\"ge-h2 ge-content-module__title\">Haga clic para obtener m\u00e1s informaci\u00f3n sobre nuestras<br \/>\nsoluciones de flujo de trabajo sin esfuerzo<\/h2>\n<\/div>\n<section id=\"01-interfaz-de-usuario\" class=\"ge-module ge-content-module theme-black\">\n<div class=\"ge-module__container\">\n<h2 class=\"ge-h2 ge-content-module__title\" role=\"heading\">Intuitivo autom\u00e1ticamente<\/h2>\n<div class=\"ge-content-module__teaser\">Con la introducci\u00f3n de Revolution Ascend, estamos pasando a estandarizar las funciones mediante la integraci\u00f3n de la misma interfaz de usuario (IU) que tiene nuestro sistema de TC de gama alta. La interfaz de usuario incluye el nuevo entorno de operador Clarity, dise\u00f1ado teniendo en cuenta sus necesidades diarias, con funciones como SmartPlan para un ajuste inteligente del reconocimiento anat\u00f3mico y del localizador. Adem\u00e1s, la prescripci\u00f3n autom\u00e1tica ajusta la configuraci\u00f3n de la exploraci\u00f3n recomendando par\u00e1metros de exploraci\u00f3n espec\u00edficos del paciente, lo que permite obtener la calidad de imagen y el rendimiento de la dosis deseados en todas las exploraciones, independientemente de su nivel de experiencia.<\/div>\n<\/div>\n<\/section>\n<div>\n<section id=\"01-interfaz-de-usuario\" class=\"ge-module ge-content-module theme-black\">\n<div class=\"ge-module__container\">\n<h2 class=\"ge-h2 ge-content-module__title\" role=\"heading\">Una TC para todos<\/h2>\n<div class=\"ge-content-module__teaser\">Revolution Ascend combina un nuevo dise\u00f1o de estativo de 75\u00a0cent\u00edmetros de ancho con una posici\u00f3n de mesa m\u00e1s baja para aumentar el \u00e1rea del paciente1 dentro del t\u00fanel en un 22\u00a0% en comparaci\u00f3n con la generaci\u00f3n anterior de esc\u00e1neres de TC de GE. Este aumento proporciona m\u00e1s espacio a los pacientes para una experiencia de exploraci\u00f3n de TC m\u00e1s c\u00f3moda. Con este nuevo dise\u00f1o de t\u00fanel m\u00e1s ancho, Revolution Ascend proporciona la apertura de estativo m\u00e1s ancha con el dise\u00f1o con geometr\u00eda m\u00e1s corta de su clase6, lo que hace que la TC est\u00e9 disponible para pacientes de gran tama\u00f1o, as\u00ed como para casos de traumatismos que ser\u00edan demasiado delicados para maniobrar en un estativo m\u00e1s peque\u00f1o. Revolution Ascend tambi\u00e9n lleva la utilizaci\u00f3n de la potencia del generador al siguiente nivel, proporcionando la m\u00e1xima eficiencia energ\u00e9tica de la geometr\u00eda7 de su clase6.<\/div>\n<\/div>\n<\/section>\n<\/div>\n<div>\n<section id=\"01-interfaz-de-usuario\" class=\"ge-module ge-content-module theme-black\">\n<div class=\"ge-module__container\">\n<h2 class=\"ge-h2 ge-content-module__title\" role=\"heading\">Una TC que no deja de mejorar<\/h2>\n<div class=\"ge-content-module__teaser\">El desarrollo de aplicaciones de TC nunca se detiene, pero los modelos de compra tradicionales le dificultan mantenerse al d\u00eda. Smart Subscription, nuestro nuevo servicio basado en suscripci\u00f3n para aplicaciones de TC, mantiene actualizados autom\u00e1ticamente todos sus sistemas. Por una tarifa anual por dispositivo, puede tener la seguridad de que su flota de TC siempre estar\u00e1 equipada con las \u00faltimas funciones de software, lo que le ahorrar\u00e1 tiempo y dinero.<\/div>\n<\/div>\n<\/section>\n<\/div>\n<p>&nbsp;<\/p>\n<p>&nbsp;<\/p>\n<p><a class=\"elboton\" href=\"https:\/\/www.gehealthcare.es\/products\/computed-tomography\/revolution-family\/revolution-ascend\" target=\"_blank\" rel=\"noopener\">Enlace de la marca<\/a><\/p>\n","protected":false},"excerpt":{"rendered":"<p>Flujo de trabajo m\u00e1s r\u00e1pido. Im\u00e1genes m\u00e1s n\u00edtidas.<\/p>\n<p>El principal reto al que se enfrentan los servicios de TC de todo el mundo es encontrar una forma eficiente de gestionar el aumento en el volumen de procedimientos de TC. Aunque la TC es la t\u00e9cnica m\u00e1s r\u00e1pida en el diagn\u00f3stico por imagen, la secuencia desde la derivaci\u00f3n hasta el informe debe ser a\u00fan m\u00e1s r\u00e1pida para afrontar este reto. Para lograr exactamente eso, hemos redefinido toda la experiencia de la TC con Revolution\u2122 Ascend, un sistema de TC con un t\u00fanel de 75 cm de ancho que hace que el proceso de TC sea m\u00e1s r\u00e1pido, m\u00e1s intuitivo y m\u00e1s accesible, al tiempo que proporciona la calidad de imagen que espera. Revolution Ascend utiliza una soluci\u00f3n de flujo de trabajo basada en IA, una interfaz de usuario inteligente, tecnolog\u00eda de vanguardia y acceso a Smart Subscription para simplificar, optimizar y automatizar sustancialmente toda la experiencia de TC tanto dentro como fuera de la sala de exploraci\u00f3n.<\/p>\n","protected":false},"featured_media":2775,"comment_status":"open","ping_status":"closed","template":"","meta":[],"product_cat":[30],"product_tag":[],"class_list":{"0":"post-2093","1":"product","2":"type-product","3":"status-publish","4":"has-post-thumbnail","6":"product_cat-b-tomografia","8":"first","9":"instock","10":"shipping-taxable","11":"purchasable","12":"product-type-simple"},"_links":{"self":[{"href":"https:\/\/blank.net.do\/globalmedica\/es\/wp-json\/wp\/v2\/product\/2093","targetHints":{"allow":["GET"]}}],"collection":[{"href":"https:\/\/blank.net.do\/globalmedica\/es\/wp-json\/wp\/v2\/product"}],"about":[{"href":"https:\/\/blank.net.do\/globalmedica\/es\/wp-json\/wp\/v2\/types\/product"}],"replies":[{"embeddable":true,"href":"https:\/\/blank.net.do\/globalmedica\/es\/wp-json\/wp\/v2\/comments?post=2093"}],"wp:featuredmedia":[{"embeddable":true,"href":"https:\/\/blank.net.do\/globalmedica\/es\/wp-json\/wp\/v2\/media\/2775"}],"wp:attachment":[{"href":"https:\/\/blank.net.do\/globalmedica\/es\/wp-json\/wp\/v2\/media?parent=2093"}],"wp:term":[{"taxonomy":"product_cat","embeddable":true,"href":"https:\/\/blank.net.do\/globalmedica\/es\/wp-json\/wp\/v2\/product_cat?post=2093"},{"taxonomy":"product_tag","embeddable":true,"href":"https:\/\/blank.net.do\/globalmedica\/es\/wp-json\/wp\/v2\/product_tag?post=2093"}],"curies":[{"name":"wp","href":"https:\/\/api.w.org\/{rel}","templated":true}]}}