{"id":2094,"date":"2024-07-05T00:03:26","date_gmt":"2024-07-05T00:03:26","guid":{"rendered":"https:\/\/blank.net.do\/globalmedica\/product\/revolution-apex\/"},"modified":"2024-10-01T12:15:52","modified_gmt":"2024-10-01T12:15:52","slug":"revolution-apex","status":"publish","type":"product","link":"https:\/\/blank.net.do\/globalmedica\/es\/product\/revolution-apex\/","title":{"rendered":"Revolution \u2122 Apex"},"content":{"rendered":"<h3>Tecnolog\u00eda excepcional<\/h3>\n<p>en toda la cadena de adquisici\u00f3n de im\u00e1genes de TC<\/p>\n<h3>Soluciones cl\u00ednicas sin concesiones<\/h3>\n<p>en una amplia gama de \u00e1mbitos asistenciales, incluso en casos dif\u00edciles<\/p>\n<h3>Plataforma preparada para el futuro<\/h3>\n<p>que garantiza un acceso r\u00e1pido a la siguiente generaci\u00f3n de innovaciones en el \u00e1mbito de la TC.<\/p>\n<p>&nbsp;<\/p>\n<div id=\"\">\n<section id=\"\" class=\"ge-generic-content-v2-container gehc-padding-top-48 gehc-padding-bottom-48 themev2-white\">\n<div class=\"mdc-layout-grid eds-grid\">\n<div class=\"mdc-layout-grid__inner\">\n<div class=\"mdc-layout-grid__cell mdc-layout-grid__cell--span-8-desktop mdc-layout-grid__cell--span-8-tablet mdc-layout-grid__cell--span-4-phone\">\n<h3 class=\"ge-generic-content-v2-container__heading title-s\">La plataforma Revolution Apex proporciona tecnolog\u00edas innovadoras<\/h3>\n<\/div>\n<\/div>\n<div class=\"mdc-layout-grid__inner\">\n<div class=\"mdc-layout-grid__cell mdc-layout-grid__cell--span-8-desktop mdc-layout-grid__cell--span-8-tablet mdc-layout-grid__cell--span-4-phone\">\n<div class=\"ge-generic-content-v2-container__body ptag\">La plataforma Revolution Apex se ha creado con tecnolog\u00edas excepcionales a lo largo de toda la cadena de adquisici\u00f3n de im\u00e1genes y con un modelo de flujo de trabajo Effortless Workflow eficiente para ayudarle a superar sus retos de adquisici\u00f3n de im\u00e1genes. Para cubrir cualquier necesidad en el futuro, lo hemos creado con detectores escalables que le permiten mejorar y ampliar su pr\u00e1ctica cl\u00ednica en cualquier momento. La plataforma Revolution Apex es la tecnolog\u00eda potente y adaptable que necesita para liderar la TC ahora y en el futuro.<\/div>\n<\/div>\n<\/div>\n<\/div>\n<\/section>\n<\/div>\n<div class=\"ge-product-media-carousel__picture\"><\/div>\n<div>\n<h2 class=\"ge-product-carousel__componentTitle title-m\">Una calidad de imagen excelente para cada paciente<\/h2>\n<div class=\"mdc-layout-grid eds-grid feature-hero-module-wrapper\">\n<div class=\"mdc-layout-grid__inner\">\n<div class=\"mdc-layout-grid__cell mdc-layout-grid__cell--span-9-desktop mdc-layout-grid__cell--span-8-tablet\">\n<h2 class=\"feature-hero-module-title\">Le brindamos nuestro apoyo con capacidades de ampliaci\u00f3n y de actualizaci\u00f3n integradas<\/h2>\n<div class=\"feature-hero-module-copy\">La plataforma Revolution Apex permite que su servicio est\u00e9 a la altura de las prioridades actuales, a la vez que se mantiene al ritmo de los avances tecnol\u00f3gicos y las necesidades cl\u00ednicas futuras.<\/div>\n<\/div>\n<\/div>\n<\/div>\n<\/div>\n<div>\n<div class=\"feature-hero-wrapper feature-hero-wrapper-card\">\n<div class=\"feature-hero-container\">\n<div id=\"feature-903328b4-c5f2-4b64-929a-8109765016cd\" class=\"mdc-layout-grid__cell feature-hero-left-container mdc-layout-grid__cell--span-12-desktop mdc-layout-grid__cell--span-8-tablet\">\n<div class=\"mdc-layout-grid__cell mdc-layout-grid__cell--span-12-desktop mdc-layout-grid__cell--span-8-tablet\">\n<h3 class=\"feature-hero-module-featureHeading\">Detector Clarity ampliable<\/h3>\n<\/div>\n<div class=\"mdc-layout-grid__cell mdc-layout-grid__cell--span-12-desktop mdc-layout-grid__cell--span-8-tablet\">\n<div class=\"feature-hero-module-featureBody ptags-small\">La plataforma Revolution Apex tiene un dise\u00f1o modular que permite incorporar ampliaciones de hardware. Puede empezar con Revolution Apex Select con un detector de 40 mm y, en el futuro puede ampliar el detector hasta 160 mm si necesita ampliar su l\u00ednea de servicio.<\/div>\n<\/div>\n<\/div>\n<\/div>\n<\/div>\n<div class=\"feature-hero-wrapper feature-hero-wrapper-card\">\n<div class=\"feature-hero-container\">\n<div id=\"feature-5873a712-1d43-4c22-adb9-8257be21550a\" class=\"mdc-layout-grid__cell feature-hero-left-container mdc-layout-grid__cell--span-12-desktop mdc-layout-grid__cell--span-8-tablet\">\n<div class=\"mdc-layout-grid__cell mdc-layout-grid__cell--span-12-desktop mdc-layout-grid__cell--span-8-tablet\">\n<h3 class=\"feature-hero-module-featureHeading\">Actualice para ofrecer el tiempo de rotaci\u00f3n m\u00e1s r\u00e1pido del sector<\/h3>\n<\/div>\n<div class=\"mdc-layout-grid__cell mdc-layout-grid__cell--span-12-desktop mdc-layout-grid__cell--span-8-tablet\">\n<div class=\"feature-hero-module-featureBody ptags-small\">La plataforma Revolution Apex le permite actualizar la velocidad de rotaci\u00f3n del gantry. Puede empezar con un tiempo de rotaci\u00f3n del gantry de 0,28 segundos y, en el momento en el que necesite mejorar su capacidad card\u00edaca, puede actualizar a 0,23 segundos por rotaci\u00f3n y disfrutar del tiempo de rotaci\u00f3n m\u00e1s r\u00e1pido del sector.<\/div>\n<\/div>\n<\/div>\n<\/div>\n<\/div>\n<div class=\"feature-hero-wrapper feature-hero-wrapper-card\">\n<div class=\"feature-hero-container\">\n<div id=\"feature-b967720c-85e6-4dca-a303-70ba3a5dde8d\" class=\"mdc-layout-grid__cell feature-hero-left-container mdc-layout-grid__cell--span-12-desktop mdc-layout-grid__cell--span-8-tablet\">\n<div class=\"mdc-layout-grid__cell mdc-layout-grid__cell--span-12-desktop mdc-layout-grid__cell--span-8-tablet\">\n<h3 class=\"feature-hero-module-featureHeading\">Una potencia como nunca antes<\/h3>\n<\/div>\n<div class=\"mdc-layout-grid__cell mdc-layout-grid__cell--span-12-desktop mdc-layout-grid__cell--span-8-tablet\">\n<div class=\"feature-hero-module-featureBody ptags-small\">La plataforma Revolution Apex proporciona una alta potencia de salida. Gracias a su capacidad de actualizaci\u00f3n, los desaf\u00edos de su instalaci\u00f3n ya no le impedir\u00e1n obtener una alta potencia de salida. Si, en un principio, la potencia de sus instalaciones est\u00e1 limitada a 150 kVA, puede comenzar con la opci\u00f3n Power Pro con un m\u00e1ximo de 1200 mA y, m\u00e1s adelante, puede ampliar hasta 1300 mA con Power Xtream cuando aumente la l\u00ednea de suministro el\u00e9ctrico.<\/div>\n<\/div>\n<\/div>\n<\/div>\n<\/div>\n<div class=\"feature-hero-wrapper feature-hero-wrapper-card\">\n<div class=\"feature-hero-container\">\n<div id=\"feature-a5a4f7cb-d96c-4f6f-8978-3c706231655b\" class=\"mdc-layout-grid__cell feature-hero-left-container mdc-layout-grid__cell--span-12-desktop mdc-layout-grid__cell--span-8-tablet\">\n<div class=\"mdc-layout-grid__cell mdc-layout-grid__cell--span-12-desktop mdc-layout-grid__cell--span-8-tablet\">\n<h3 class=\"feature-hero-module-featureHeading\">Aumente la eficiencia operativa<\/h3>\n<\/div>\n<div class=\"mdc-layout-grid__cell mdc-layout-grid__cell--span-12-desktop mdc-layout-grid__cell--span-8-tablet\">\n<div class=\"feature-hero-module-featureBody ptags-small\">La plataforma Revolution Apex ha sido concebida para ayudarle a reducir el n\u00famero de clics y ahorrar tiempo, a la vez que logra una eficiencia y uniformidad excepcionales. Nuestra soluci\u00f3n Effortless Workflow, que ofrece un enfoque hol\u00edstico de principio a fin, utiliza tecnolog\u00edas de IA para automatizar y simplificar casi todos los pasos, desde la fase previa a la exploraci\u00f3n hasta el procesamiento posterior a la exploraci\u00f3n. Effortless Workflow lleva la plataforma Revolution Apex a un nuevo nivel de velocidad y precisi\u00f3n.<\/div>\n<\/div>\n<\/div>\n<\/div>\n<\/div>\n<div class=\"feature-hero-wrapper feature-hero-wrapper-card\">\n<div class=\"feature-hero-container\">\n<div id=\"feature-46f4504f-c6e9-4ee4-acb7-71f5cc60b828\" class=\"mdc-layout-grid__cell feature-hero-left-container mdc-layout-grid__cell--span-12-desktop mdc-layout-grid__cell--span-8-tablet\">\n<div class=\"mdc-layout-grid__cell mdc-layout-grid__cell--span-12-desktop mdc-layout-grid__cell--span-8-tablet\">\n<h3 class=\"feature-hero-module-featureHeading\">Smart Subscription para TC<\/h3>\n<\/div>\n<div class=\"mdc-layout-grid__cell mdc-layout-grid__cell--span-12-desktop mdc-layout-grid__cell--span-8-tablet\">\n<div class=\"feature-hero-module-featureBody ptags-small\">Smart Subscription es el primer servicio de suscripci\u00f3n del sector para aplicaciones de TC. Smart Subscription incluye una amplia gama de paquetes de aplicaciones para diferentes l\u00edneas de servicios de adquisici\u00f3n de im\u00e1genes, incluidas cardiolog\u00eda, neurolog\u00eda, oncolog\u00eda y planificaci\u00f3n de radioterapia. Puede elegir diferentes paquetes y planes para empezar, y elegir m\u00e1s paquetes y actualizar sus planes cuando desee ampliar sus capacidades de TC.<\/div>\n<\/div>\n<\/div>\n<\/div>\n<\/div>\n<\/div>\n<p>&nbsp;<\/p>\n<p><a class=\"elboton\" href=\"https:\/\/www.gehealthcare.es\/products\/computed-tomography\/revolution-family\/revolution-apex-platform\" target=\"_blank\" rel=\"noopener\">Enlace de la marca<\/a><\/p>\n","protected":false},"excerpt":{"rendered":"<p>Plataforma Revolution\u2122 Apex<br \/>\nUna plataforma innovadora con una tecnolog\u00eda excepcional y capacidades cl\u00ednicas sin precedentes que sit\u00faa a su servicio de radiolog\u00eda no solo un paso por delante, sino m\u00e1s all\u00e1.<\/p>\n","protected":false},"featured_media":2605,"comment_status":"open","ping_status":"closed","template":"","meta":[],"product_cat":[30],"product_tag":[],"class_list":{"0":"post-2094","1":"product","2":"type-product","3":"status-publish","4":"has-post-thumbnail","6":"product_cat-b-tomografia","8":"first","9":"instock","10":"shipping-taxable","11":"purchasable","12":"product-type-simple"},"_links":{"self":[{"href":"https:\/\/blank.net.do\/globalmedica\/es\/wp-json\/wp\/v2\/product\/2094","targetHints":{"allow":["GET"]}}],"collection":[{"href":"https:\/\/blank.net.do\/globalmedica\/es\/wp-json\/wp\/v2\/product"}],"about":[{"href":"https:\/\/blank.net.do\/globalmedica\/es\/wp-json\/wp\/v2\/types\/product"}],"replies":[{"embeddable":true,"href":"https:\/\/blank.net.do\/globalmedica\/es\/wp-json\/wp\/v2\/comments?post=2094"}],"wp:featuredmedia":[{"embeddable":true,"href":"https:\/\/blank.net.do\/globalmedica\/es\/wp-json\/wp\/v2\/media\/2605"}],"wp:attachment":[{"href":"https:\/\/blank.net.do\/globalmedica\/es\/wp-json\/wp\/v2\/media?parent=2094"}],"wp:term":[{"taxonomy":"product_cat","embeddable":true,"href":"https:\/\/blank.net.do\/globalmedica\/es\/wp-json\/wp\/v2\/product_cat?post=2094"},{"taxonomy":"product_tag","embeddable":true,"href":"https:\/\/blank.net.do\/globalmedica\/es\/wp-json\/wp\/v2\/product_tag?post=2094"}],"curies":[{"name":"wp","href":"https:\/\/api.w.org\/{rel}","templated":true}]}}