{"id":2095,"date":"2024-07-05T00:03:26","date_gmt":"2024-07-05T00:03:26","guid":{"rendered":"https:\/\/blank.net.do\/globalmedica\/product\/optima-ct520\/"},"modified":"2024-07-08T08:37:09","modified_gmt":"2024-07-08T08:37:09","slug":"optima-ct520","status":"publish","type":"product","link":"https:\/\/blank.net.do\/globalmedica\/es\/product\/optima-ct520\/","title":{"rendered":"Optima CT520"},"content":{"rendered":"<section id=\"hero-product-content-module\" class=\"ge-module ge-content-module theme-white\">\n<div class=\"ge-module__container\"><strong class=\"ge-content-module__pre-title\">CAMBIE LA MANERA COMO USTED VE LA TOMOGRAF\u00cdA<\/strong><\/p>\n<div class=\"rah-static rah-static--height-auto\" aria-hidden=\"false\">\n<div class=\"ge-rtf ge-rtf-module ge-content-module__description-wrapper\">\n<div class=\"ge-rtf ge-rtf-module ge-content-module__description-wrapper\">\n<p>En muchas tomograf\u00edas computarizadas, un flujo de trabajo eficiente con\u00a0<strong>tecnolog\u00eda IQ Enhance<\/strong>\u00a0probada ayuda a aumentar la cobertura helicoidal a la misma velocidad de cobertura que una tomograf\u00eda computarizada de 50 cortes.<\/p>\n<p>En im\u00e1genes de c\u00e1ncer de alta calidad, el flujo de trabajo optimizado, la velocidad de adquisici\u00f3n r\u00e1pida y la optimizaci\u00f3n de la dosis ayudan a detectar y evaluar lesiones peque\u00f1as y rastrearlas a lo largo del tiempo, o proporcionan una evaluaci\u00f3n detallada de la extensi\u00f3n del tumor.<\/p>\n<p><strong>Nueva perspectiva<\/strong><\/p>\n<p><strong>SmartView Fluoro*\u00a0<\/strong>para t\u00e9cnicas de visualizaci\u00f3n avanzadas de intervenci\u00f3n con reconstrucci\u00f3n y visualizaci\u00f3n en tiempo real. Las im\u00e1genes generadas se visualizan en solo 0,20 segundos, lo que proporciona la confianza y la velocidad necesarias para las intervenciones guiadas por TC.<\/p>\n<\/div>\n<\/div>\n<\/div>\n<div class=\"ge-content-module__cta-container\"><\/div>\n<\/div>\n<\/section>\n<section id=\"technology\" class=\"ge-module ge-content-module theme-white\">\n<div class=\"ge-module__container\"><strong class=\"ge-content-module__pre-title\">TECNOLOG\u00cdAS<\/strong><\/p>\n<h2 class=\"ge-h2 ge-content-module__title\" role=\"heading\">Optimice con Optima<\/h2>\n<div class=\"rah-static rah-static--height-auto\" aria-hidden=\"false\">\n<div>\n<div class=\"ge-rtf ge-rtf-module ge-content-module__description-wrapper\">\n<div class=\"ge-rtf ge-rtf-module ge-content-module__description-wrapper\">\n<p>Tecnolog\u00edas avanzadas de reducci\u00f3n de dosis (Optidosis, VISR, ASiR*) para ex\u00e1menes de dosis bajas sin comprometer la informaci\u00f3n de diagn\u00f3stico contenida en las im\u00e1genes.<\/p>\n<ul>\n<li>ASiR * ofrece hasta un 40% de reducci\u00f3n<\/li>\n<\/ul>\n<p><strong>Obtenga un mejor flujo de trabajo<\/strong><\/p>\n<p>Innovaciones para un mejor flujo de trabajo:<\/p>\n<ul>\n<li>Emergency mode &#8211; ex\u00e1menes de emergencia r\u00e1pidos.<\/li>\n<li>Smart start- seguimiento de seguimiento de contraste en tiempo real.<\/li>\n<li>Xtream Injector &#8211; escanea la adquisici\u00f3n y la inyecci\u00f3n de contraste, minimizando los posibles errores del usuario.<\/li>\n<li>Real-time Scout &#8211; ahorre tiempo y dosis.<\/li>\n<\/ul>\n<p><strong>Flujo de trabajo continuo<\/strong><\/p>\n<ul>\n<li>Optimize su d\u00eda a d\u00eda, desde que adquiere su imagen hasta el informe de resultados.<\/li>\n<li>Vincule dispositivos de imagenolog\u00eda, aplicaciones cl\u00ednicas y TI, para que pueda acceder a herramientas de visualizaci\u00f3n avanzadas en las modalidades y \u00e1reas de servicio desde donde se encuentre.<\/li>\n<\/ul>\n<\/div>\n<\/div>\n<\/div>\n<\/div>\n<div class=\"ge-content-module__cta-container\"><\/div>\n<\/div>\n<\/section>\n<section id=\"benefits\" class=\"ge-module ge-content-module theme-white\">\n<div class=\"ge-module__container\"><strong class=\"ge-content-module__pre-title\">BENEFICIOS<\/strong><\/p>\n<div class=\"rah-static rah-static--height-auto\" aria-hidden=\"false\">\n<div>\n<div class=\"ge-rtf ge-rtf-module ge-content-module__description-wrapper\">\n<div class=\"ge-rtf ge-rtf-module ge-content-module__description-wrapper\">\nDise\u00f1ado para ayudar a los profesionales de la salud a brindar la mejor atenci\u00f3n al paciente con mejoras inspiradas en el cliente, que incluyen:<\/p>\n<ul>\n<li>Excelente calidad de imagen<\/li>\n<li>Funciones avanzadas de optimizaci\u00f3n de dosis<\/li>\n<li>Flujo de trabajo simplificado<\/li>\n<li>Innovaciones tecnol\u00f3gicas<\/li>\n<\/ul>\n<p>Construido con tecnolog\u00eda probada y confiable, el Optima CT520 combina capacidad cl\u00ednica avanzada con robustez.<\/p>\n<\/div>\n<\/div>\n<\/div>\n<\/div>\n<\/div>\n<\/section>\n<p>&nbsp;<\/p>\n<p>&nbsp;<\/p>\n<p><a class=\"elboton\" href=\"https:\/\/latam.gehealthcare.com\/products\/computed-tomography\/optima-ct520\" target=\"_blank\" rel=\"noopener\">Enlace de la marca<\/a><\/p>\n","protected":false},"excerpt":{"rendered":"<p>Obtenga una visi\u00f3n m\u00e1s profunda.\u00a0Tecnolog\u00eda optimizada para superar sus expectativas<br \/>\nCambie la forma en que ve las tomograf\u00edas computarizadas. Construido con tecnolog\u00eda probada y confiable, el Optima CT520 combina capacidad cl\u00ednica avanzada con robustez del sistema<\/p>\n","protected":false},"featured_media":2182,"comment_status":"open","ping_status":"closed","template":"","meta":[],"product_cat":[30],"product_tag":[],"class_list":{"0":"post-2095","1":"product","2":"type-product","3":"status-publish","4":"has-post-thumbnail","6":"product_cat-b-tomografia","8":"first","9":"instock","10":"shipping-taxable","11":"purchasable","12":"product-type-simple"},"_links":{"self":[{"href":"https:\/\/blank.net.do\/globalmedica\/es\/wp-json\/wp\/v2\/product\/2095","targetHints":{"allow":["GET"]}}],"collection":[{"href":"https:\/\/blank.net.do\/globalmedica\/es\/wp-json\/wp\/v2\/product"}],"about":[{"href":"https:\/\/blank.net.do\/globalmedica\/es\/wp-json\/wp\/v2\/types\/product"}],"replies":[{"embeddable":true,"href":"https:\/\/blank.net.do\/globalmedica\/es\/wp-json\/wp\/v2\/comments?post=2095"}],"wp:featuredmedia":[{"embeddable":true,"href":"https:\/\/blank.net.do\/globalmedica\/es\/wp-json\/wp\/v2\/media\/2182"}],"wp:attachment":[{"href":"https:\/\/blank.net.do\/globalmedica\/es\/wp-json\/wp\/v2\/media?parent=2095"}],"wp:term":[{"taxonomy":"product_cat","embeddable":true,"href":"https:\/\/blank.net.do\/globalmedica\/es\/wp-json\/wp\/v2\/product_cat?post=2095"},{"taxonomy":"product_tag","embeddable":true,"href":"https:\/\/blank.net.do\/globalmedica\/es\/wp-json\/wp\/v2\/product_tag?post=2095"}],"curies":[{"name":"wp","href":"https:\/\/api.w.org\/{rel}","templated":true}]}}