{"id":2096,"date":"2024-07-05T00:03:26","date_gmt":"2024-07-05T00:03:26","guid":{"rendered":"https:\/\/blank.net.do\/globalmedica\/product\/logiq-p10-xdclear\/"},"modified":"2024-07-08T08:53:56","modified_gmt":"2024-07-08T08:53:56","slug":"logiq-p10-xdclear","status":"publish","type":"product","link":"https:\/\/blank.net.do\/globalmedica\/es\/product\/logiq-p10-xdclear\/","title":{"rendered":"LOGIQ\u2122 P10 XDclear\u2122"},"content":{"rendered":"<h3 class=\"ge-s-curve__item-title -text--bold\">Asistencia para COVID-19 y ecograf\u00eda<\/h3>\n<div class=\"ge-rtf-module ge-s-curve__description\">\n<div>\n<div class=\"column-wrapper\">\n<div class=\"column\">Los siguientes recursos le ayudan a tratar los problemas derivados de la pandemia y atender a sus pacientes. La desinfecci\u00f3n de alto nivel de sondas nunca ha sido m\u00e1s importante.<\/div>\n<\/div>\n<\/div>\n<\/div>\n<div class=\"column-wrapper\"><\/div>\n<div>\n<section id=\"m\u00f3dulo-de-lista-de-funciones\" class=\"ge-products-feature-list ge-module\">\n<div class=\"ge-module__container\">\n<h2 class=\"ge-products-feature-list__title\">Avances que mejoran la eficacia y la seguridad<\/h2>\n<div class=\"ge-products-feature-list__description\">\n<p><strong><em>Power Assistant con bater\u00eda de autonom\u00eda prolongada<\/em><\/strong><br \/>\nHasta una hora de exploraci\u00f3n sin conexi\u00f3n<\/p>\n<\/div>\n<div class=\"ge-products-feature-list__description\">\n<p><strong><em>Photo Assistant App<\/em><\/strong><br \/>\nAdquiera y env\u00ede fotos de anatom\u00eda relevante desde un dispositivo Android\u2122 para documentar y comparar despu\u00e9s de un procedimiento<\/p>\n<\/div>\n<div class=\"ge-products-feature-list__description\">\n<p><strong><em>Aplicaci\u00f3n de control remoto<\/em><\/strong><br \/>\nUtilice el sistema desde una tableta o un tel\u00e9fono Android<\/p>\n<\/div>\n<div class=\"ge-products-feature-list__description\">\n<p><strong><em>My Preset<\/em><\/strong> Personalice sus propios ajustes predeterminados para cada sonda<\/p>\n<\/div>\n<div class=\"ge-products-feature-list__description\">\n<p>Herramientas basadas en\u00a0<strong><em>IA<\/em><\/strong><br \/>\nIncluidas Segmentaci\u00f3n autom\u00e1tica de lesiones, Asistente de medici\u00f3n OB y Asistente autom\u00e1tico de Doppler<\/p>\n<\/div>\n<div class=\"ge-products-feature-list__description\">\n<p><strong><em>Elastograf\u00eda por onda de corte en 2D<\/em><\/strong><br \/>\nMedici\u00f3n cuantitativa de la elasticidad del tejido visualizada en elastogramas codificados por colores, con Indicador de calidad e Informes del sitio anat\u00f3mico<\/p>\n<\/div>\n<div class=\"ge-products-feature-list__description\">\n<p><strong><em>SonoDefense Security<\/em><\/strong><br \/>\nProteja su sistema contra las ciberamenazas y salvaguarde los datos de los pacientes del acceso no autorizado<\/p>\n<\/div>\n<\/div>\n<\/section>\n<\/div>\n<div class=\"product-gallery__tabs\"><\/div>\n<div>\n<h2 class=\"ge-h2 ge-s-curve__title\" role=\"heading\">Dise\u00f1ado para optimizar cada exploraci\u00f3n<\/h2>\n<\/div>\n<div>\n<div class=\"ge-module__container ge-s-curve__container\">\n<div class=\"ge-s-curve__content\">\n<div>\n<div class=\"rah-static rah-static--height-auto ge-s-curve__title-description-wrapper ge-s-curve__title-description-wrapper--expanded\" aria-hidden=\"false\">\n<div>\n<div>\n<h3 class=\"ge-s-curve__item-title -text--bold\">Photo Assistant<\/h3>\n<div class=\"ge-rtf-module ge-s-curve__description\">\n<div>Una imagen vale m\u00e1s que mil palabras. Fotograf\u00ede la anatom\u00eda relevante, como ulceraciones o hinchazones, con un dispositivo Android\u2122 e incluya en el informe las fotograf\u00edas con las im\u00e1genes cl\u00ednicas para documentaci\u00f3n y comparaci\u00f3n despu\u00e9s de un procedimiento.<\/div>\n<\/div>\n<\/div>\n<\/div>\n<\/div>\n<\/div>\n<\/div>\n<\/div>\n<\/div>\n<div>\n<div class=\"ge-module__container ge-s-curve__container\">\n<div class=\"ge-s-curve__content\">\n<div>\n<div class=\"rah-static rah-static--height-auto ge-s-curve__title-description-wrapper ge-s-curve__title-description-wrapper--expanded\" aria-hidden=\"false\">\n<div>\n<div>\n<h3 class=\"ge-s-curve__item-title -text--bold\">Usabilidad de la marca LOGIQ<\/h3>\n<div class=\"ge-rtf-module ge-s-curve__description\">\n<div>\n<p>La interfaz de usuario redise\u00f1ada con teclas personalizables ofrece la simplicidad y facilidad de uso que se espera de los sistemas LOGIQ.<\/p>\n<\/div>\n<\/div>\n<\/div>\n<\/div>\n<\/div>\n<\/div>\n<\/div>\n<\/div>\n<\/div>\n<div class=\"ge-module__container ge-s-curve__container\">\n<div class=\"ge-s-curve__content\">\n<div>\n<div class=\"rah-static rah-static--height-auto ge-s-curve__title-description-wrapper ge-s-curve__title-description-wrapper--expanded\" aria-hidden=\"false\">\n<div>\n<div>\n<h3 class=\"ge-s-curve__item-title -text--bold\">Importaci\u00f3n de navegaci\u00f3n de volumen<\/h3>\n<div class=\"ge-rtf-module ge-s-curve__description\">\n<div>Recupere f\u00e1cilmente un conjunto de datos de una ecograf\u00eda, mamograf\u00eda, TC o RM anterior, despl\u00e1cese y visual\u00edcela con una imagen actual en una pantalla dividida en tiempo real en el monitor.<\/div>\n<\/div>\n<\/div>\n<\/div>\n<\/div>\n<\/div>\n<\/div>\n<\/div>\n<div class=\"ge-module__container ge-s-curve__container\">\n<div class=\"ge-s-curve__media-wrapper\">\n<div class=\"ge-module__container ge-s-curve__container\">\n<div class=\"ge-s-curve__content\">\n<div>\n<div class=\"rah-static rah-static--height-auto ge-s-curve__title-description-wrapper ge-s-curve__title-description-wrapper--expanded\" aria-hidden=\"false\">\n<div>\n<div>\n<h3 class=\"ge-s-curve__item-title -text--bold\">Control remoto<\/h3>\n<div class=\"ge-rtf-module ge-s-curve__description\">\n<div>Incremente la velocidad y la eficacia de la exploraci\u00f3n utilizando el sistema desde una tableta o tel\u00e9fono con la aplicaci\u00f3n LOGIQ Smart. El control remoto es especialmente \u00fatil en procedimientos intervencionistas para ayudar a mejorar la eficacia y la experiencia del paciente.<\/div>\n<\/div>\n<\/div>\n<\/div>\n<\/div>\n<\/div>\n<\/div>\n<\/div>\n<\/div>\n<\/div>\n<div>\n<section id=\"dise\u00f1ado-para-optimizar\" class=\"ge-s-curve\" data-analytics-link-type=\"S-Curve Module\">\n<div class=\"ge-module__container ge-s-curve__container\">\n<div class=\"ge-s-curve__content\">\n<div>\n<div class=\"rah-static rah-static--height-auto ge-s-curve__title-description-wrapper ge-s-curve__title-description-wrapper--expanded\" aria-hidden=\"false\">\n<div>\n<div>\n<h3 class=\"ge-s-curve__item-title -text--bold\">Power Assistant<\/h3>\n<div class=\"ge-rtf-module ge-s-curve__description\">\n<div>La bater\u00eda Power Assistant opcional proporciona energ\u00eda durante el transporte para poder escanear de inmediato junto a la cama del paciente, sin necesidad de perder tiempo reiniciando. Incluso puede escanear con la energ\u00eda de la bater\u00eda.<\/div>\n<\/div>\n<\/div>\n<\/div>\n<\/div>\n<\/div>\n<\/div>\n<\/div>\n<\/section>\n<section id=\"paciente-ampliado\" class=\"ge-s-curve\" data-analytics-link-type=\"S-Curve Module\"><\/section>\n<\/div>\n<h2 class=\"ge-h2 ge-s-curve__title\" role=\"heading\">Prestaciones de diagn\u00f3stico ampliadas centradas en el paciente para mayor flexibilidad<\/h2>\n<div class=\"ge-s-curve__media-wrapper\">\n<div class=\"rah-static rah-static--height-auto ge-s-curve__title-description-wrapper ge-s-curve__title-description-wrapper--expanded\" aria-hidden=\"false\">\n<div>\n<div>\n<h4 class=\"ge-s-curve__item-title -text--bold\">Capacidades multitarea para un tratamiento diverso de casos<\/h4>\n<div class=\"ge-rtf-module ge-s-curve__description\">\n<div>\n<p>Los sistemas LOGIQ P10 XDclear proporcionan la flexibilidad y las capacidades multitarea necesarias para realizar una amplia gama de exploraciones en varias especialidades:<\/p>\n<ul>\n<li>Hep\u00e1ticas<\/li>\n<li>Card\u00edaco<\/li>\n<li>OB\/GIN<\/li>\n<li>Vasculares<\/li>\n<li>Mama<\/li>\n<li>Tiroides<\/li>\n<li>Musculoesquel\u00e9tico<\/li>\n<li>Urolog\u00eda<\/li>\n<li>Pediatr\u00eda<\/li>\n<\/ul>\n<\/div>\n<\/div>\n<\/div>\n<\/div>\n<\/div>\n<\/div>\n<div class=\"ge-module__container ge-s-curve__container\">\n<div class=\"ge-s-curve__content\">\n<div>\n<div class=\"rah-static rah-static--height-auto ge-s-curve__title-description-wrapper ge-s-curve__title-description-wrapper--expanded\" aria-hidden=\"false\">\n<div>\n<div>\n<h4 class=\"ge-s-curve__item-title -text--bold\">Par\u00e1metro de atenuaci\u00f3n guiada por ecograf\u00eda (UGAP)<\/h4>\n<div class=\"ge-rtf-module ge-s-curve__description\">\n<div>\n<p>La prevalencia de la enfermedad del h\u00edgado graso no alcoh\u00f3lico (EHGNA) aumenta en todo el mundo con el incremento de la obesidad. Este m\u00e9todo guiado por im\u00e1genes en tiempo real mide el contenido graso en el tejido hep\u00e1tico una m\u00e9trica valiosa en las evaluaciones de EHGNA.<\/p>\n<\/div>\n<\/div>\n<\/div>\n<\/div>\n<\/div>\n<\/div>\n<\/div>\n<\/div>\n<div>\n<section id=\"paciente-ampliado\" class=\"ge-s-curve\" data-analytics-link-type=\"S-Curve Module\">\n<div class=\"ge-module__container ge-s-curve__container\">\n<div class=\"ge-s-curve__content\">\n<div>\n<div class=\"rah-static rah-static--height-auto ge-s-curve__title-description-wrapper ge-s-curve__title-description-wrapper--expanded\" aria-hidden=\"false\">\n<div>\n<div>\n<h4 class=\"ge-s-curve__item-title -text--bold\">Elastograf\u00eda por onda de corte en 2D<\/h4>\n<div class=\"ge-rtf-module ge-s-curve__description\">\n<div>\n<p>Proporciona una medici\u00f3n cuantitativa de la elasticidad del tejido visualizada en elastogramas codificados por colores. Puede ser una herramienta valiosa en el manejo de pacientes con enfermedad hep\u00e1tica cr\u00f3nica. Ahora disponible en varias sondas y con un indicador de Calidad de la elastograf\u00eda por onda de corte.<\/p>\n<\/div>\n<\/div>\n<\/div>\n<\/div>\n<\/div>\n<\/div>\n<\/div>\n<\/div>\n<\/section>\n<section id=\"s\u00f3lida-asistencia\" class=\"ge-s-curve\" data-analytics-link-type=\"S-Curve Module\">\n<h2 class=\"ge-h2 ge-s-curve__title\" role=\"heading\">S\u00f3lida asistencia que aporta valor a largo plazo<\/h2>\n<div class=\"ge-module__container ge-s-curve__container\">\n<div class=\"ge-s-curve__content\">\n<div>\n<div class=\"rah-static rah-static--height-auto ge-s-curve__title-description-wrapper ge-s-curve__title-description-wrapper--expanded\" aria-hidden=\"false\">\n<div>\n<div>\n<h4 class=\"ge-s-curve__item-title -text--bold\">Herramientas de gesti\u00f3n de datos<\/h4>\n<div class=\"ge-rtf-module ge-s-curve__description\">\n<div>\n<p>F\u00e1cil migraci\u00f3n de datos gracias a DICOM\u00ae y recopilaci\u00f3n de im\u00e1genes basada en la nube con anonimizaci\u00f3n.<\/p>\n<\/div>\n<\/div>\n<\/div>\n<\/div>\n<\/div>\n<\/div>\n<\/div>\n<\/div>\n<div class=\"ge-module__container ge-s-curve__container\">\n<div class=\"ge-s-curve__content\">\n<div class=\"rah-static rah-static--height-specific ge-s-curve__title-description-wrapper\" aria-hidden=\"false\">\n<h4 class=\"ge-s-curve__item-title -text--bold\">Protecci\u00f3n con la seguridad de SonoDefense<\/h4>\n<div class=\"ge-rtf-module ge-s-curve__description\">\n<p>Cuente con\u00a0SonoDefense,\u00a0nuestra estrategia multicapa para la ciberseguridad y la protecci\u00f3n de privacidad de los datos que se utiliza para proteger el funcionamiento de su sistema y los datos del paciente contra las amenazas cibern\u00e9ticas y el acceso no autorizado.<\/p>\n<ul>\n<li>Mantenga el dispositivo funcional frente a las amenazas cibern\u00e9ticas<\/li>\n<li>Proteja contra el acceso no autorizado los datos del paciente que se encuentran en el dispositivo<\/li>\n<li>Implemente la ley HIPAA y las pol\u00edticas de seguridad de manera eficiente, adem\u00e1s de gestionar el flujo de trabajo diario<\/li>\n<\/ul>\n<\/div>\n<\/div>\n<\/div>\n<\/div>\n<div class=\"ge-module__container ge-s-curve__container\">\n<div class=\"ge-s-curve__content\">\n<div>\n<div class=\"rah-static rah-static--height-auto ge-s-curve__title-description-wrapper ge-s-curve__title-description-wrapper--expanded\" aria-hidden=\"false\">\n<div>\n<div>\n<h4 class=\"ge-s-curve__item-title -text--bold\">My Trainer<\/h4>\n<div class=\"ge-rtf-module ge-s-curve__description\">\n<div>\n<p>M\u00f3dulos de autoformaci\u00f3n disponibles a bordo, en l\u00ednea o en la aplicaci\u00f3n \u00a0que ayudan a los nuevos usuarios a aprender con facilidad y pueden darle soporte, independientemente de su grado de conocimientos, para\u00a0desarrollar sus habilidades y su confianza.<\/p>\n<\/div>\n<\/div>\n<\/div>\n<\/div>\n<\/div>\n<\/div>\n<\/div>\n<\/div>\n<\/section>\n<\/div>\n<div><\/div>\n<p>&nbsp;<\/p>\n<p><a class=\"elboton\" href=\"https:\/\/www.gehealthcare.es\/products\/logiq-p10-xdclear\" target=\"_blank\" rel=\"noopener\">Enlace de la marca<\/a><\/p>\n","protected":false},"excerpt":{"rendered":"<p>H\u00e1galo f\u00e1cil. H\u00e1galo suyo<\/p>\n<p>&nbsp;<\/p>\n","protected":false},"featured_media":2184,"comment_status":"open","ping_status":"closed","template":"","meta":[],"product_cat":[40],"product_tag":[],"class_list":{"0":"post-2096","1":"product","2":"type-product","3":"status-publish","4":"has-post-thumbnail","6":"product_cat-imagenologia-general","8":"first","9":"instock","10":"shipping-taxable","11":"purchasable","12":"product-type-simple"},"_links":{"self":[{"href":"https:\/\/blank.net.do\/globalmedica\/es\/wp-json\/wp\/v2\/product\/2096","targetHints":{"allow":["GET"]}}],"collection":[{"href":"https:\/\/blank.net.do\/globalmedica\/es\/wp-json\/wp\/v2\/product"}],"about":[{"href":"https:\/\/blank.net.do\/globalmedica\/es\/wp-json\/wp\/v2\/types\/product"}],"replies":[{"embeddable":true,"href":"https:\/\/blank.net.do\/globalmedica\/es\/wp-json\/wp\/v2\/comments?post=2096"}],"wp:featuredmedia":[{"embeddable":true,"href":"https:\/\/blank.net.do\/globalmedica\/es\/wp-json\/wp\/v2\/media\/2184"}],"wp:attachment":[{"href":"https:\/\/blank.net.do\/globalmedica\/es\/wp-json\/wp\/v2\/media?parent=2096"}],"wp:term":[{"taxonomy":"product_cat","embeddable":true,"href":"https:\/\/blank.net.do\/globalmedica\/es\/wp-json\/wp\/v2\/product_cat?post=2096"},{"taxonomy":"product_tag","embeddable":true,"href":"https:\/\/blank.net.do\/globalmedica\/es\/wp-json\/wp\/v2\/product_tag?post=2096"}],"curies":[{"name":"wp","href":"https:\/\/api.w.org\/{rel}","templated":true}]}}