{"id":2097,"date":"2024-07-05T00:03:26","date_gmt":"2024-07-05T00:03:26","guid":{"rendered":"https:\/\/blank.net.do\/globalmedica\/product\/logiq-fortis\/"},"modified":"2024-07-08T08:58:12","modified_gmt":"2024-07-08T08:58:12","slug":"logiq-fortis","status":"publish","type":"product","link":"https:\/\/blank.net.do\/globalmedica\/es\/product\/logiq-fortis\/","title":{"rendered":"LOGIQ\u2122 Fortis\u2122"},"content":{"rendered":"<h3>Herramientas de productividad de IA<\/h3>\n<p>Utilice la potencia de la IA para mejorar la productividad y la confianza cl\u00ednica<\/p>\n<h3>Elastograf\u00eda por onda de corte en 2D<\/h3>\n<p>Medici\u00f3n cuantitativa de la elasticidad del tejido mostrada en elastogramas con c\u00f3digos de color<\/p>\n<h3>SonoDefense para protecci\u00f3n<\/h3>\n<p>Enfoque multicapa para la ciberseguridad y la privacidad de los datos de los pacientes<\/p>\n<h3>Plataforma digital A to A<\/h3>\n<p>Planifique el futuro con la posibilidad de a\u00f1adir nuevas funciones y avances<\/p>\n<h2 class=\"ge-product-carousel__componentTitle title-m\">LOGIQ Fortis en el trabajo<\/h2>\n<div class=\"mdc-layout-grid eds-grid feature-hero-module-wrapper\">\n<div class=\"mdc-layout-grid__inner\">\n<div class=\"mdc-layout-grid__cell mdc-layout-grid__cell--span-9-desktop mdc-layout-grid__cell--span-8-tablet\">\n<h2 class=\"feature-hero-module-title feature-hero-themeV2-white-title\">Todo lo que espera de un sistema LOGIQ: sencillez y potencia<\/h2>\n<div class=\"feature-hero-module-copy feature-hero-themeV2-white-body-copy\">El nuevo LOGIQ Fortis es una soluci\u00f3n de ultrasonidos \u00abtodo en uno\u00bb de alto rendimiento que se puede ampliar f\u00e1cilmente para adaptarse a sus necesidades espec\u00edficas.<\/div>\n<\/div>\n<\/div>\n<\/div>\n<div class=\"mdc-layout-grid eds-grid feature-hero-content-wrapper\">\n<div class=\"mdc-layout-grid__inner\">\n<div class=\"mdc-layout-grid__cell feature-hero-content-container mdc-layout-grid__cell--span-6-desktop mdc-layout-grid__cell--span-8-tablet\">\n<div class=\"feature-hero-wrapper\">\n<div class=\"feature-hero-container\">\n<div id=\"feature-e8eb2a10-923b-4f45-a585-6ac4e379bc38\" class=\"mdc-layout-grid__cell feature-hero-left-container mdc-layout-grid__cell--span-12-desktop mdc-layout-grid__cell--span-8-tablet\">\n<div class=\"mdc-layout-grid__cell mdc-layout-grid__cell--span-12-desktop mdc-layout-grid__cell--span-8-tablet\"><\/div>\n<\/div>\n<\/div>\n<\/div>\n<\/div>\n<\/div>\n<\/div>\n<div class=\"mdc-layout-grid__cell mdc-layout-grid__cell--span-12-desktop mdc-layout-grid__cell--span-8-tablet\"><\/div>\n<div>\n<div class=\"feature-hero-wrapper feature-hero-wrapper-card\">\n<div class=\"feature-hero-container\">\n<div id=\"feature-e8eb2a10-923b-4f45-a585-6ac4e379bc38\" class=\"mdc-layout-grid__cell feature-hero-left-container mdc-layout-grid__cell--span-12-desktop mdc-layout-grid__cell--span-8-tablet\">\n<div class=\"mdc-layout-grid__cell mdc-layout-grid__cell--span-12-desktop mdc-layout-grid__cell--span-8-tablet\">\n<h3 class=\"feature-hero-module-featureHeading feature-hero-themeV2-white-title\">Expectativas cl\u00ednicas: superadas<\/h3>\n<\/div>\n<div class=\"mdc-layout-grid__cell mdc-layout-grid__cell--span-12-desktop mdc-layout-grid__cell--span-8-tablet\">\n<div class=\"feature-hero-module-featureBody ptags-small feature-hero-themeV2-white-body-copy\">El nuevo LOGIQ Fortis es su soluci\u00f3n de ultrasonidos para la adquisici\u00f3n de im\u00e1genes de cuerpo completo. Est\u00e1 equipado con tecnolog\u00edas de adquisici\u00f3n de im\u00e1genes de \u00faltima generaci\u00f3n. Nuestra arquitectura cSound combina los transductores XDclear\u2122, el Imageformer cSound\u2122 y la nueva y avanzada tecnolog\u00eda de adquisici\u00f3n de im\u00e1genes con reducci\u00f3n de granularidad (SRI) para aumentar la potencia de procesamiento y mejorar el rendimiento de los datos. En \u00faltima instancia, proporciona una calidad de imagen, una claridad y una confianza cl\u00ednica excepcionales en una amplia variedad de aplicaciones cl\u00ednicas. Herramientas como la elastograf\u00eda por onda de corte en 2D, Measure Assistant y Radiantflow\u2122 ayudan a reducir la necesidad de procedimientos invasivos y proporcionan informaci\u00f3n valiosa para la toma de decisiones.<\/div>\n<\/div>\n<div class=\"mdc-layout-grid__cell mdc-layout-grid__cell--span-12-desktop mdc-layout-grid__cell--span-8-tablet\"><\/div>\n<\/div>\n<\/div>\n<\/div>\n<div class=\"feature-hero-wrapper feature-hero-wrapper-card\">\n<div class=\"feature-hero-container\">\n<div id=\"feature-76ec3139-c2c9-4293-91d5-15b955eef180\" class=\"mdc-layout-grid__cell feature-hero-left-container mdc-layout-grid__cell--span-12-desktop mdc-layout-grid__cell--span-8-tablet\">\n<div class=\"mdc-layout-grid__cell mdc-layout-grid__cell--span-12-desktop mdc-layout-grid__cell--span-8-tablet\"><\/div>\n<\/div>\n<\/div>\n<\/div>\n<\/div>\n<div class=\"mdc-layout-grid__cell mdc-layout-grid__cell--span-12-desktop mdc-layout-grid__cell--span-8-tablet\">\n<div class=\"feature-hero-wrapper feature-hero-wrapper-card\">\n<div class=\"feature-hero-container\">\n<div id=\"feature-76ec3139-c2c9-4293-91d5-15b955eef180\" class=\"mdc-layout-grid__cell feature-hero-left-container mdc-layout-grid__cell--span-12-desktop mdc-layout-grid__cell--span-8-tablet\">\n<div class=\"mdc-layout-grid__cell mdc-layout-grid__cell--span-12-desktop mdc-layout-grid__cell--span-8-tablet\">\n<h3 class=\"feature-hero-module-featureHeading feature-hero-themeV2-white-title\">Productividad y flujo de trabajo: optimizado<\/h3>\n<\/div>\n<div class=\"mdc-layout-grid__cell mdc-layout-grid__cell--span-12-desktop mdc-layout-grid__cell--span-8-tablet\">\n<div class=\"feature-hero-module-featureBody ptags-small feature-hero-themeV2-white-body-copy\">LOGIQ Fortis est\u00e1 equipado con potentes herramientas para realizar una amplia variedad de ex\u00e1menes y procedimientos. Mejore la velocidad, la facilidad y la comodidad con herramientas de inteligencia artificial que permiten a los usuarios lograr una calidad de imagen excepcional. Las aplicaciones LOGIQ a\u00f1aden un contexto de nivel superior a las fotos y permiten a los usuarios controlar LOGIQ Fortis de forma remota. La bater\u00eda para exploraci\u00f3n le permite realizar ex\u00e1menes y procedimientos en cualquier lugar, mientras que la adquisici\u00f3n de im\u00e1genes EZ reduce las acciones sobre el teclado. Adem\u00e1s, nuestras capacidades de datos sin procesar permiten realizar modificaciones en las im\u00e1genes despu\u00e9s de un examen. Con funciones de primera calidad y un dise\u00f1o elegante, LOGIQ Fortis es su soluci\u00f3n de ultrasonidos para cualquier paciente: desde la cabeza a los pies, desde personas con alto o bajo IMC, neonatos o ancianos en cualquiera de sus instalaciones.<\/div>\n<\/div>\n<div class=\"mdc-layout-grid__cell mdc-layout-grid__cell--span-12-desktop mdc-layout-grid__cell--span-8-tablet\"><\/div>\n<\/div>\n<\/div>\n<\/div>\n<div class=\"feature-hero-wrapper feature-hero-wrapper-card\">\n<div class=\"feature-hero-container\">\n<div id=\"feature-8a136ff8-f16f-40fd-b152-59dad34df5c9\" class=\"mdc-layout-grid__cell feature-hero-left-container mdc-layout-grid__cell--span-12-desktop mdc-layout-grid__cell--span-8-tablet\">\n<div class=\"mdc-layout-grid__cell mdc-layout-grid__cell--span-12-desktop mdc-layout-grid__cell--span-8-tablet\"><\/div>\n<\/div>\n<\/div>\n<\/div>\n<\/div>\n<div class=\"mdc-layout-grid__cell mdc-layout-grid__cell--span-12-desktop mdc-layout-grid__cell--span-8-tablet\">\n<div class=\"mdc-layout-grid__cell feature-hero-content-container mdc-layout-grid__cell--span-6-desktop mdc-layout-grid__cell--span-8-tablet\">\n<div class=\"feature-hero-wrapper feature-hero-wrapper-card\">\n<div class=\"feature-hero-container\">\n<div id=\"feature-8a136ff8-f16f-40fd-b152-59dad34df5c9\" class=\"mdc-layout-grid__cell feature-hero-left-container mdc-layout-grid__cell--span-12-desktop mdc-layout-grid__cell--span-8-tablet\">\n<div class=\"mdc-layout-grid__cell mdc-layout-grid__cell--span-12-desktop mdc-layout-grid__cell--span-8-tablet\">\n<h3 class=\"feature-hero-module-featureHeading feature-hero-themeV2-white-title\">Su inversi\u00f3n: maximizada<\/h3>\n<\/div>\n<div class=\"mdc-layout-grid__cell mdc-layout-grid__cell--span-12-desktop mdc-layout-grid__cell--span-8-tablet\">\n<div class=\"feature-hero-module-featureBody ptags-small feature-hero-themeV2-white-body-copy\">La adquisici\u00f3n de un sistema de ultrasonidos es una inversi\u00f3n en sus instalaciones, sus m\u00e9dicos y sus pacientes. Con las s\u00f3lidas soluciones para el ciclo de vida de LOGIQ Fortis, como la asistencia remota de InSite\u2122 y el an\u00e1lisis de rendimiento de iCenter\u2122, puede optimizar la experiencia como propietario. Mantenga la coherencia en sus instalaciones o sistemas de salud con AVURI\u2122, nuestra soluci\u00f3n de gesti\u00f3n remota de dispositivos para ver, realizar copias de seguridad e implementar configuraciones de dispositivos. Creada para el presente y para el futuro, la plataforma digital A to A le permite a\u00f1adir funciones de \u00faltima generaci\u00f3n, mientras que SonoDefense ofrece protecci\u00f3n 24\/7 contra ciberamenazas y accesos no autorizados.<\/div>\n<\/div>\n<\/div>\n<\/div>\n<\/div>\n<\/div>\n<\/div>\n<div class=\"mdc-layout-grid__cell mdc-layout-grid__cell--span-12-desktop mdc-layout-grid__cell--span-8-tablet\"><\/div>\n<div>\n<h3 class=\"full-width-media-desktop__heading title-s theme-grey-250\">La soluci\u00f3n de LOGIQ para el escaneo ergon\u00f3mico aumenta la eficiencia y la coherencia, adem\u00e1s de reducir el tiempo empleado en acciones sobre el teclado en un 32\u00a0%*<\/h3>\n<p class=\"full-width-media-desktop__description ptags-small theme-grey-250\">Gracias a los ajustes predefinidos de sonda personalizables y a un panel t\u00e1ctil simplificado, la adquisici\u00f3n de im\u00e1genes EZ mejora el flujo de trabajo reduciendo la interacci\u00f3n del operador y el tiempo de configuraci\u00f3n. Para los usuarios, esto result\u00f3 en un 38\u00a0% menos de acciones totales sobre el teclado y una calificaci\u00f3n de satisfacci\u00f3n general de 4,9 de 5.<\/p>\n<\/div>\n<div id=\"01-contenido-gen\u00e9rico-v2\">\n<section id=\"01-contenido-gen\u00e9rico-v2\" class=\"ge-generic-content-v2-container gehc-padding-top-48 gehc-padding-bottom-48 theme-grey-100\">\n<div class=\"mdc-layout-grid eds-grid\">\n<div class=\"mdc-layout-grid__inner\">\n<div class=\"mdc-layout-grid__cell mdc-layout-grid__cell--span-8-desktop mdc-layout-grid__cell--span-8-tablet mdc-layout-grid__cell--span-4-phone\">\n<h3 class=\"ge-generic-content-v2-container__heading title-s\">Conozca la opini\u00f3n de la gente sobre la adquisici\u00f3n de im\u00e1genes EZ<\/h3>\n<\/div>\n<\/div>\n<div class=\"mdc-layout-grid__inner\">\n<div class=\"mdc-layout-grid__cell mdc-layout-grid__cell--span-8-desktop mdc-layout-grid__cell--span-8-tablet mdc-layout-grid__cell--span-4-phone\">\n<div class=\"ge-generic-content-v2-container__body ptag\"><em>No ten\u00edas que ajustar ninguno de los mandos, lo cual fue positivo. Apenas hizo falta realizar ajustes manuales.<\/em>Personal ecografista (cl\u00ednica para pacientes externos MFM), 12\u00a0a\u00f1os de experiencia<\/p>\n<p><em>\u00a0Para los usuarios actuales de LOGIQ ser\u00eda f\u00e1cil aprender y, una vez que haya realizado la transici\u00f3n, supondr\u00eda menos pasos, lo que ayudar\u00eda con el rendimiento.<\/em>Director general de ecograf\u00eda (vascular, ginecolog\u00eda\/obstetricia), 30\u00a0a\u00f1os de experiencia<\/p>\n<p><em>Es mucho m\u00e1s f\u00e1cil con la pantalla t\u00e1ctil y los cambios en los que no tienes que darle a la sonda ni a otra pesta\u00f1a.<\/em>Personal ecografista (servicio de radiolog\u00eda), 11\u00a0a\u00f1os de experiencia<\/p>\n<p><em>Es m\u00e1s intuitivo, ahorra mucho tiempo y ajustes manuales. El resultado ser\u00e1 un flujo de trabajo m\u00e1s fluido y r\u00e1pido con menos acciones de teclado, mucho m\u00e1s agradable.<\/em>Ecografista avanzado (hospital y cl\u00ednica de obstetricia\/ginecolog\u00eda), 28\u00a0a\u00f1os de experiencia<\/p>\n<\/div>\n<\/div>\n<\/div>\n<\/div>\n<\/section>\n<\/div>\n<div class=\"mdc-layout-grid__cell mdc-layout-grid__cell--span-8-desktop mdc-layout-grid__cell--span-8-tablet mdc-layout-grid__cell--span-4-phone\">\n<div id=\"contenido-gen\u00e9rico-v2\">\n<section id=\"contenido-gen\u00e9rico-v2\" class=\"ge-generic-content-v2-container gehc-padding-top-48 gehc-padding-bottom-48 themev2-white\">\n<div class=\"mdc-layout-grid eds-grid\">\n<div class=\"mdc-layout-grid__inner\">\n<div class=\"mdc-layout-grid__cell mdc-layout-grid__cell--span-8-desktop mdc-layout-grid__cell--span-8-tablet mdc-layout-grid__cell--span-4-phone\">\n<div class=\"ge-generic-content-v2-container__body ptag\">\n<h2>Dise\u00f1ado para la adquisici\u00f3n de im\u00e1genes de cuerpo entero<\/h2>\n<\/div>\n<\/div>\n<\/div>\n<\/div>\n<\/section>\n<\/div>\n<section id=\"carrusel-de-publicidad-del-producto\" class=\"ge-product-media-carousel--section gehc-padding-top-48 gehc-padding-bottom-48\">\n<div class=\"slick-slider ge-product-media-carousel center slick-initialized\" dir=\"ltr\">\n<div class=\"mdc-layout-grid__inner feature-cards-module-container\">\n<div class=\"mdc-layout-grid__cell mdc-layout-grid__cell--span-12-desktop mdc-layout-grid__cell--span-8-tablet mdc-layout-grid__cell--span-4-phone\">\n<div class=\"mdc-layout-grid eds-grid feature-cards-module-section\">\n<div class=\"mdc-layout-grid__inner\">\n<div class=\"mdc-layout-grid__cell mdc-layout-grid__cell--span-9-desktop mdc-layout-grid__cell--span-8-tablet\">\n<h2 class=\"feature-cards-module-moduleTitle title-m feature-cards-theme-grey-100-title feature-cards-theme-grey-100-main-title\">Su compa\u00f1ero de confianza para todas las morfolog\u00edas<\/h2>\n<p class=\"feature-cards-module-body-copy feature-cards-theme-grey-100-body-copy feature-cards-theme-grey-100-main-body-copy\">LOGIQ Fortis es una soluci\u00f3n de ultrasonidos \u00abtodo en uno\u00bb con una calidad de imagen excepcional para satisfacer sus necesidades en una amplia variedad de ex\u00e1menes y procedimientos. Se caracteriza por su solidez y le ofrece la posibilidad de mejorar sus funciones cl\u00ednicas y aumentar la productividad de forma exponencial.<\/p>\n<\/div>\n<\/div>\n<\/div>\n<\/div>\n<\/div>\n<div class=\"mdc-layout-grid eds-grid feature-cards-container\">\n<div class=\"mdc-layout-grid__inner feature-cards-card-section\">\n<div class=\"mdc-layout-grid__cell feature-cards-theme-grey-100-old-feature feature-cards-image feature-cards-full-image mdc-layout-grid__cell--span-12-desktop mdc-layout-grid__cell--span-8-tablet\">\n<div class=\"feature-card-parent__theme-grey-100\">\n<div class=\"feature-cards-content feature-cards-full-width-content\">\n<div class=\"mdc-layout-grid__inner\">\n<div class=\"mdc-layout-grid__cell mdc-layout-grid__cell--span-12-desktop mdc-layout-grid__cell--span-8-tablet\">\n<h3 class=\"feature-cards-title title-s feature-cards-theme-grey-100-title\">Siempre listo. Siempre junto a usted.<\/h3>\n<\/div>\n<\/div>\n<div class=\"mdc-layout-grid__inner\">\n<div class=\"mdc-layout-grid__cell mdc-layout-grid__cell--span-12-desktop mdc-layout-grid__cell--span-8-tablet\">\n<p class=\"feature-cards-body ptags-small feature-cards-themev2-white-body-copy\">Las soluciones de ultrasonidos LOGIQ le ayudan a mejorar su experiencia con las \u00faltimas innovaciones y la excelencia cl\u00ednica en diversas \u00e1reas de cuidados. Puede confiar en diagn\u00f3sticos fiables mediante el uso de herramientas completas y lograr nuevas referencias de flujo de trabajo.<\/p>\n<\/div>\n<\/div>\n<\/div>\n<\/div>\n<\/div>\n<\/div>\n<\/div>\n<\/div>\n<\/section>\n<\/div>\n<div class=\"mdc-layout-grid__cell mdc-layout-grid__cell--span-12-desktop mdc-layout-grid__cell--span-8-tablet\"><\/div>\n<p>&nbsp;<\/p>\n<p><a class=\"elboton\" href=\"https:\/\/www.gehealthcare.es\/products\/ultrasound\/logiq\/fortis\" target=\"_blank\" rel=\"noopener\">Enlace de la marca<\/a><\/p>\n","protected":false},"excerpt":{"rendered":"<p>Sistema de ultrasonidos LOGIQ Fortis\u2122 Preste a sus pacientes una atenci\u00f3n completa con una soluci\u00f3n moderna y compacta para realizar una amplia variedad de ex\u00e1menes y procedimientos en casi cualquier espacio<\/p>\n","protected":false},"featured_media":2185,"comment_status":"open","ping_status":"closed","template":"","meta":[],"product_cat":[40],"product_tag":[],"class_list":{"0":"post-2097","1":"product","2":"type-product","3":"status-publish","4":"has-post-thumbnail","6":"product_cat-imagenologia-general","8":"first","9":"instock","10":"shipping-taxable","11":"purchasable","12":"product-type-simple"},"_links":{"self":[{"href":"https:\/\/blank.net.do\/globalmedica\/es\/wp-json\/wp\/v2\/product\/2097","targetHints":{"allow":["GET"]}}],"collection":[{"href":"https:\/\/blank.net.do\/globalmedica\/es\/wp-json\/wp\/v2\/product"}],"about":[{"href":"https:\/\/blank.net.do\/globalmedica\/es\/wp-json\/wp\/v2\/types\/product"}],"replies":[{"embeddable":true,"href":"https:\/\/blank.net.do\/globalmedica\/es\/wp-json\/wp\/v2\/comments?post=2097"}],"wp:featuredmedia":[{"embeddable":true,"href":"https:\/\/blank.net.do\/globalmedica\/es\/wp-json\/wp\/v2\/media\/2185"}],"wp:attachment":[{"href":"https:\/\/blank.net.do\/globalmedica\/es\/wp-json\/wp\/v2\/media?parent=2097"}],"wp:term":[{"taxonomy":"product_cat","embeddable":true,"href":"https:\/\/blank.net.do\/globalmedica\/es\/wp-json\/wp\/v2\/product_cat?post=2097"},{"taxonomy":"product_tag","embeddable":true,"href":"https:\/\/blank.net.do\/globalmedica\/es\/wp-json\/wp\/v2\/product_tag?post=2097"}],"curies":[{"name":"wp","href":"https:\/\/api.w.org\/{rel}","templated":true}]}}