{"id":2098,"date":"2024-07-05T00:03:27","date_gmt":"2024-07-05T00:03:27","guid":{"rendered":"https:\/\/blank.net.do\/globalmedica\/product\/logiq-e10\/"},"modified":"2024-07-08T09:02:42","modified_gmt":"2024-07-08T09:02:42","slug":"logiq-e10","status":"publish","type":"product","link":"https:\/\/blank.net.do\/globalmedica\/es\/product\/logiq-e10\/","title":{"rendered":"LOGIQ\u2122 E10"},"content":{"rendered":"<h3>L\u00edder en calidad de imagen<\/h3>\n<p>Adquiera im\u00e1genes de una amplia gama de pacientes con una claridad y uniformidad que mejoran la confianza en el diagn\u00f3stico<\/p>\n<h3>IA y productividad<\/h3>\n<p>Una variedad de herramientas basadas en IA y paquetes de productividad ayudan a acelerar el flujo de trabajo<\/p>\n<h3>Herramientas cl\u00ednicas avanzadas<\/h3>\n<p>Elastograf\u00eda por ondas de corte en 2D, UGAP, control remoto, Photo Assistant y m\u00e1s<\/p>\n<h3>Inversi\u00f3n inteligente<\/h3>\n<p>Incluye el sistema de protecci\u00f3n cibern\u00e9tica SonoDefense y una plataforma digital dise\u00f1ada para crecer con usted<\/p>\n<div id=\"contenido-gen\u00e9rico-v2\">\n<section id=\"contenido-gen\u00e9rico-v2\" class=\"ge-generic-content-v2-container gehc-padding-top-48 gehc-padding-bottom-48 themev2-white\">\n<div class=\"mdc-layout-grid eds-grid\">\n<div class=\"mdc-layout-grid__inner\">\n<div class=\"mdc-layout-grid__cell mdc-layout-grid__cell--span-8-desktop mdc-layout-grid__cell--span-8-tablet mdc-layout-grid__cell--span-4-phone\">\n<h3 class=\"ge-generic-content-v2-container__heading title-s\">Brinde a sus pacientes una adquisici\u00f3n de im\u00e1genes r\u00e1pida y precisa, a su manera<\/h3>\n<\/div>\n<\/div>\n<div class=\"mdc-layout-grid__inner\">\n<div class=\"mdc-layout-grid__cell mdc-layout-grid__cell--span-8-desktop mdc-layout-grid__cell--span-8-tablet mdc-layout-grid__cell--span-4-phone\">\n<div class=\"ge-generic-content-v2-container__body ptag\">Elija entre una amplia gama de herramientas de adquisici\u00f3n de im\u00e1genes avanzadas y herramientas de mejora de la productividad basadas en IA, todo ello en una plataforma escalable que le permite configurar el sistema espec\u00edficamente para las necesidades de su consulta. Las herramientas basadas en IA, como el Asistente de mama, impulsado por Koios\u00a0DS\u2122, la Segmentaci\u00f3n autom\u00e1tica de lesiones, el Asistente Doppler autom\u00e1tico y el Asistente de medici\u00f3n OB, ayudan a mejorar la velocidad del examen y la confianza en el diagn\u00f3stico.<\/div>\n<\/div>\n<\/div>\n<\/div>\n<\/section>\n<\/div>\n<div class=\"mdc-layout-grid__inner\">\n<h2 class=\"ge-product-carousel__componentTitle title-m\">Serie de sistema ecogr\u00e1fico LOGIQ\u00a0E10<\/h2>\n<p class=\"ge-product-carousel__bodyCopy ptags\">Una calidad de imagen extraordinaria que ayuda a abordar una amplia gama de aplicaciones cl\u00ednicas.<\/p>\n<\/div>\n<div class=\"mdc-layout-grid eds-grid feature-hero-module-wrapper\">\n<div class=\"mdc-layout-grid__inner\">\n<div class=\"mdc-layout-grid__cell mdc-layout-grid__cell--span-9-desktop mdc-layout-grid__cell--span-8-tablet\">\n<h2 class=\"feature-hero-module-title\">Impulsamos la transformaci\u00f3n digital<\/h2>\n<div class=\"feature-hero-module-copy\">Nuestra serie de plataformas l\u00edder incluye dos potentes modelos. Los sistemas ecogr\u00e1ficos LOGIQ E10 y LOGIQ E10s cuentan con herramientas avanzadas que ayudan a obtener un diagn\u00f3stico seguro y mejorar la eficiencia y la productividad.<\/div>\n<\/div>\n<\/div>\n<\/div>\n<div>\n<div class=\"mdc-layout-grid__cell feature-hero-content-container mdc-layout-grid__cell--span-6-desktop mdc-layout-grid__cell--span-8-tablet\">\n<div class=\"feature-hero-wrapper feature-hero-wrapper-card\">\n<div class=\"feature-hero-container\">\n<div id=\"feature-779bed46-6560-48c4-85ab-25eecb22da83\" class=\"mdc-layout-grid__cell feature-hero-left-container mdc-layout-grid__cell--span-12-desktop mdc-layout-grid__cell--span-8-tablet\">\n<div class=\"mdc-layout-grid__cell mdc-layout-grid__cell--span-12-desktop mdc-layout-grid__cell--span-8-tablet\">\n<h3 class=\"feature-hero-module-featureHeading\">Diagn\u00f3stico seguro<\/h3>\n<\/div>\n<div class=\"mdc-layout-grid__cell mdc-layout-grid__cell--span-12-desktop mdc-layout-grid__cell--span-8-tablet\">\n<div class=\"feature-hero-module-featureBody ptags-small\">La serie LOGIQ\u00a0E10 brinda a los usuarios un nuevo est\u00e1ndar en la adquisici\u00f3n de im\u00e1genes a fin de mejorar la confianza en el diagn\u00f3stico para todos los m\u00e9dicos. Su arquitectura cSound\u2122 combina las sondas vers\u00e1tiles XDclear\u2122, la funci\u00f3n cSound Imageformer y la Adquisici\u00f3n de im\u00e1genes con reducci\u00f3n de granularidad avanzada para ofrecer una calidad de imagen extraordinaria.<\/p>\n<p>Los m\u00e9dicos pueden adquirir im\u00e1genes incre\u00edblemente detalladas m\u00e1s r\u00e1pido que nunca gracias a que el nuevo sistema posee 10\u00a0veces la potencia de procesamiento y 48\u00a0veces la capacidad de procesamiento de datos en comparaci\u00f3n con el sistema LOGIQ\u00a0E9.<\/p>\n<p>La velocidad, uniformidad y versatilidad en la adquisici\u00f3n de im\u00e1genes de la serie LOGIQ E10 permiten realizar exploraciones eficientes y de alta calidad en una amplia variedad de aplicaciones cl\u00ednicas, incluso en casos t\u00e9cnicamente dif\u00edciles como los de pacientes con un alto IMC o una enfermedad avanzada.<\/p><\/div>\n<\/div>\n<\/div>\n<\/div>\n<\/div>\n<div class=\"feature-hero-wrapper feature-hero-wrapper-card\">\n<div class=\"feature-hero-container\">\n<div id=\"feature-c7bb9512-70ad-4002-8ce6-16ee1be57780\" class=\"mdc-layout-grid__cell feature-hero-left-container mdc-layout-grid__cell--span-12-desktop mdc-layout-grid__cell--span-8-tablet\">\n<div class=\"mdc-layout-grid__cell mdc-layout-grid__cell--span-12-desktop mdc-layout-grid__cell--span-8-tablet\">\n<h3 class=\"feature-hero-module-featureHeading\">Herramientas integrales<\/h3>\n<\/div>\n<div class=\"mdc-layout-grid__cell mdc-layout-grid__cell--span-12-desktop mdc-layout-grid__cell--span-8-tablet\">\n<div class=\"feature-hero-module-featureBody ptags-small\">La serie LOGIQ\u00a0E10 brinda un acceso a herramientas avanzadas que tienen el objetivo de mejorar la precisi\u00f3n de la adquisici\u00f3n de im\u00e1genes para una amplia gama de pacientes, incluidos los siguientes:<\/p>\n<p>La\u00a0<strong>Elastograf\u00eda por ondas de corte en 2D<\/strong>\u00a0permite que el profesional pueda realizar una evaluaci\u00f3n cuantitativa de la elasticidad del tejido.<\/p>\n<p>El\u00a0<strong>Par\u00e1metro de atenuaci\u00f3n guiado por ultrasonido (UGAP)<\/strong>\u00a0permite que el profesional pueda cuantificar la esteatosis hep\u00e1tica para ayudar a la identificaci\u00f3n temprana y la monitorizaci\u00f3n de pacientes con enfermedad del h\u00edgado graso no alcoh\u00f3lico (EHGNA), esteatohepatitis alcoh\u00f3lica (EHA) o no alcoh\u00f3lica (EHNA).<\/p>\n<p>El\u00a0<strong>ultrasonido mejorado con contraste (CEUS)<\/strong> ayuda a que el m\u00e9dico visualice con claridad la estructura del tejido y el sistema vascular de la lesi\u00f3n, lo que proporciona confianza para la detecci\u00f3n y caracterizaci\u00f3n de lesiones.<\/div>\n<\/div>\n<\/div>\n<\/div>\n<\/div>\n<div class=\"feature-hero-wrapper feature-hero-wrapper-card\">\n<div class=\"feature-hero-container\">\n<div id=\"feature-6d062a76-35f2-4ce0-bf51-acfd17823129\" class=\"mdc-layout-grid__cell feature-hero-left-container mdc-layout-grid__cell--span-12-desktop mdc-layout-grid__cell--span-8-tablet\">\n<div class=\"mdc-layout-grid__cell mdc-layout-grid__cell--span-12-desktop mdc-layout-grid__cell--span-8-tablet\">\n<h3 class=\"feature-hero-module-featureHeading\">Flujo de trabajo conciso<\/h3>\n<\/div>\n<div class=\"mdc-layout-grid__cell mdc-layout-grid__cell--span-12-desktop mdc-layout-grid__cell--span-8-tablet\">\n<div class=\"feature-hero-module-featureBody ptags-small\">La serie LOGIQ\u00a0E10 ayuda a que su departamento pueda mejorar la eficiencia de los ex\u00e1menes, la productividad del usuario y la utilizaci\u00f3n del equipo. Las mejoras clave en el flujo de trabajo incluyen lo siguiente:<\/p>\n<p><strong>Ergonom\u00eda avanzada<\/strong>\u00a0con controles f\u00e1ciles de alcanzar, un teclado flotante ajustable y un monitor articulado.<\/p>\n<p><strong>Movilidad excepcional\u00a0<\/strong>gracias a Power Assistant, la bater\u00eda integrada que ayuda a que la serie LOGIQ\u00a0E10 est\u00e9 lista para adquirir im\u00e1genes en cualquier momento.<\/p>\n<p><strong>Paquetes de productividad y medici\u00f3n autom\u00e1tica<\/strong>, como el programa Asistente de exploraci\u00f3n y el paquete de an\u00e1lisis de flujo semicuantitativo.<\/p>\n<p><strong>Aplicaciones inteligentes<\/strong>, las cuales incluyen el Control remoto que le permite al usuario operar el sistema desde una tableta o tel\u00e9fono Android\u00ae y el Asistente de fotograf\u00eda que le permite al usuario adquirir e incluir fotos de ubicaciones anat\u00f3micas relevantes en sus informes.<\/div>\n<\/div>\n<\/div>\n<\/div>\n<\/div>\n<div class=\"feature-hero-wrapper feature-hero-wrapper-card\">\n<div class=\"feature-hero-container\">\n<div id=\"feature-d4b1970a-d151-4144-ac45-e962c260e352\" class=\"mdc-layout-grid__cell feature-hero-left-container mdc-layout-grid__cell--span-12-desktop mdc-layout-grid__cell--span-8-tablet\">\n<div class=\"mdc-layout-grid__cell mdc-layout-grid__cell--span-12-desktop mdc-layout-grid__cell--span-8-tablet\">\n<h3 class=\"feature-hero-module-featureHeading\">Inversi\u00f3n inteligente<\/h3>\n<\/div>\n<div class=\"mdc-layout-grid__cell mdc-layout-grid__cell--span-12-desktop mdc-layout-grid__cell--span-8-tablet\">\n<div class=\"feature-hero-module-featureBody ptags-small\">La serie LOGIQ\u00a0E10 est\u00e1 dise\u00f1ada para impulsar una mejora en los resultados cl\u00ednicos, financieros y operativos, adem\u00e1s de permitirle seguir creciendo en los pr\u00f3ximos a\u00f1os.<\/p>\n<p>La\u00a0<strong>Plataforma digital A\u00a0to\u00a0A<\/strong>\u00a0hace uso de IA para transformar el sistema en un dispositivo inteligente que ayuda a sus usuarios y les permite utilizar sus capacidades de \u00faltima generaci\u00f3n<\/p>\n<p>Sus\u00a0<strong>potentes funciones de seguridad de datos<\/strong>\u00a0ayudan a garantizar el cumplimiento de la ley HIPAA, protegen los datos de los pacientes y previenen costosas vulneraciones de la seguridad<\/p>\n<p>Las\u00a0<strong>herramientas de an\u00e1lisis<\/strong>\u00a0proporcionan visibilidad sobre la utilizaci\u00f3n del equipo a fin de ayudar en la planificaci\u00f3n y la ubicaci\u00f3n de los equipos<\/p>\n<p>Los\u00a0<strong>recursos de capacitaci\u00f3n a pedido\u00a0<\/strong>ayudan a los nuevos usuarios a ser productivos de manera m\u00e1s r\u00e1pida<\/p>\n<p>El\u00a0<strong>Servicio de expertos remotos con InSite<sup>\u2122<\/sup><\/strong> permite realizar diagn\u00f3sticos y reparaciones en forma remota con el objetivo de reducir al m\u00ednimo la interrupci\u00f3n del flujo de trabajo (el 60\u00a0% de los sistemas ecogr\u00e1ficos se reparan de manera remota)<\/div>\n<\/div>\n<\/div>\n<\/div>\n<\/div>\n<\/div>\n<\/div>\n<div>\n<h3 class=\"full-width-media-desktop__heading title-s theme-grey-250\">La soluci\u00f3n de LOGIQ para el escaneo ergon\u00f3mico aumenta la eficiencia y la coherencia, adem\u00e1s de reducir el tiempo empleado en acciones sobre el teclado en un 32\u00a0%<\/h3>\n<p class=\"full-width-media-desktop__description ptags-small theme-grey-250\">Gracias a los ajustes predefinidos de sonda personalizables y a un panel t\u00e1ctil simplificado, la adquisici\u00f3n de im\u00e1genes EZ mejora el flujo de trabajo reduciendo la interacci\u00f3n del operador y el tiempo de configuraci\u00f3n. Para los usuarios, esto result\u00f3 en un 38 % menos de acciones totales sobre el teclado y una calificaci\u00f3n de satisfacci\u00f3n general de 4,9 de 5.<\/p>\n<\/div>\n<div id=\"contenido-gen\u00e9rico-nuevo-v2\">\n<section id=\"contenido-gen\u00e9rico-nuevo-v2\" class=\"ge-generic-content-v2-container gehc-padding-top-48 gehc-padding-bottom-48 themev2-white\">\n<div class=\"mdc-layout-grid eds-grid\">\n<div class=\"mdc-layout-grid__inner\">\n<div class=\"mdc-layout-grid__cell mdc-layout-grid__cell--span-8-desktop mdc-layout-grid__cell--span-8-tablet mdc-layout-grid__cell--span-4-phone\">\n<h3 class=\"ge-generic-content-v2-container__heading title-s\">Conozca la opini\u00f3n de la gente sobre la adquisici\u00f3n de im\u00e1genes EZ<\/h3>\n<\/div>\n<\/div>\n<div class=\"mdc-layout-grid__inner\">\n<div class=\"mdc-layout-grid__cell mdc-layout-grid__cell--span-8-desktop mdc-layout-grid__cell--span-8-tablet mdc-layout-grid__cell--span-4-phone\">\n<div class=\"ge-generic-content-v2-container__body ptag\"><em>No fue necesario ajustar ninguno de los mandos, lo cual fue positivo. Apenas hizo falta realizar ajustes manuales.<\/em><br \/>\nPersonal ecografista (cl\u00ednica para pacientes externos MFM), 12\u00a0a\u00f1os de experiencia<\/p>\n<p><em>Para los usuarios actuales de LOGIQ ser\u00eda f\u00e1cil aprender y, una vez que haya realizado la transici\u00f3n, supondr\u00eda menos pasos, lo que ayudar\u00eda con el rendimiento.<\/em><br \/>\nDirector general de ecograf\u00eda (vascular, ginecolog\u00eda\/obstetricia), 30\u00a0a\u00f1os de experiencia<\/p>\n<p><em>Es mucho m\u00e1s f\u00e1cil con la pantalla t\u00e1ctil y los cambios en los que no tienes que darle a la sonda ni a otra pesta\u00f1a.<\/em><br \/>\nPersonal ecografista (servicio de radiolog\u00eda), 11\u00a0a\u00f1os de experiencia<\/p>\n<p><em>Es m\u00e1s intuitivo, ahorra mucho tiempo y ajustes manuales. El resultado ser\u00e1 un flujo de trabajo m\u00e1s fluido y r\u00e1pido con menos acciones de teclado, mucho m\u00e1s agradable.<\/em><br \/>\nEcografista avanzado (hospital y cl\u00ednica de obstetricia\/ginecolog\u00eda), 28 a\u00f1os de experiencia<\/p>\n<\/div>\n<\/div>\n<\/div>\n<\/div>\n<\/section>\n<\/div>\n<div class=\"mdc-layout-grid__inner feature-cards-module-container\">\n<div class=\"mdc-layout-grid__cell mdc-layout-grid__cell--span-12-desktop mdc-layout-grid__cell--span-8-tablet mdc-layout-grid__cell--span-4-phone\">\n<div class=\"mdc-layout-grid eds-grid feature-cards-module-section\">\n<div class=\"mdc-layout-grid__inner\">\n<div class=\"mdc-layout-grid__cell mdc-layout-grid__cell--span-9-desktop mdc-layout-grid__cell--span-8-tablet\">\n<h2 class=\"feature-cards-module-moduleTitle title-m feature-cards-themev2-white-title feature-cards-themev2-white-main-title\">Maximice su inversi\u00f3n<\/h2>\n<p class=\"feature-cards-module-body-copy feature-cards-themev2-white-body-copy feature-cards-themev2-white-main-body-copy\">Nuestras ofertas de valor agregado lo ayudar\u00e1n a ser eficiente y eficaz con el sistema de ultrasonido de la serie LOGIQ E10<\/p>\n<\/div>\n<\/div>\n<\/div>\n<\/div>\n<\/div>\n<div>\n<div class=\"mdc-layout-grid__inner\">\n<div class=\"mdc-layout-grid__cell mdc-layout-grid__cell--span-12-desktop mdc-layout-grid__cell--span-8-tablet\">\n<h3 class=\"feature-cards-title title-s feature-cards-theme-grey-100-title\">Gesti\u00f3n de dispositivos remotos<\/h3>\n<\/div>\n<\/div>\n<div class=\"mdc-layout-grid__inner\">\n<div class=\"mdc-layout-grid__cell mdc-layout-grid__cell--span-12-desktop mdc-layout-grid__cell--span-8-tablet\">\n<p class=\"feature-cards-body ptags-small feature-cards-themev2-white-body-copy\">Mantenga la uniformidad en sus instalaciones o sistemas de salud con AVURI\u2122, nuestra soluci\u00f3n de gesti\u00f3n remota de dispositivos para visualizar, realizar copias de seguridad e implementar configuraciones en los dispositivos de ultrasonido<\/p>\n<\/div>\n<\/div>\n<\/div>\n<div>\n<section id=\"03-m\u00f3dulo-de-ancho-completo-v2\" class=\"full-width-media theme-grey-250\">\n<div class=\"full-width-media-desktop\">\n<div class=\"full-width-media-desktop__bg-img\">\n<div class=\"mdc-layout-grid eds-grid full-width-media-desktop__text_container\">\n<div class=\"mdc-layout-grid__inner\">\n<div class=\"mdc-layout-grid__cell full-width-media-desktop__right mdc-layout-grid__cell--span-6-desktop mdc-layout-grid__cell--span-8-tablet\">\n<h3 class=\"full-width-media-desktop__heading title-s theme-grey-250\">Elastograf\u00eda por ondas de corte en 2D<\/h3>\n<p class=\"full-width-media-desktop__description ptags-small theme-grey-250\">Esta herramienta avanzada, que se encuentra disponible en varios transductores, ayuda a reducir la necesidad de procedimientos invasivos y proporciona informaci\u00f3n valiosa para las decisiones de tratamiento del paciente, como el diagn\u00f3stico y la monitorizaci\u00f3n de pacientes con hepatopat\u00eda cr\u00f3nica<\/p>\n<\/div>\n<\/div>\n<\/div>\n<\/div>\n<\/div>\n<\/section>\n<\/div>\n<div class=\"mdc-layout-grid__inner feature-cards-module-container\">\n<div class=\"mdc-layout-grid__cell mdc-layout-grid__cell--span-12-desktop mdc-layout-grid__cell--span-8-tablet mdc-layout-grid__cell--span-4-phone\">\n<div class=\"mdc-layout-grid eds-grid feature-cards-module-section\">\n<div class=\"mdc-layout-grid__inner\">\n<div class=\"mdc-layout-grid__cell mdc-layout-grid__cell--span-9-desktop mdc-layout-grid__cell--span-8-tablet\">\n<h2 class=\"feature-cards-module-moduleTitle title-m feature-cards-theme-grey-100-title feature-cards-theme-grey-100-main-title\">Su compa\u00f1ero de confianza para todos los tipos de cuerpo<\/h2>\n<p class=\"feature-cards-module-body-copy feature-cards-theme-grey-100-body-copy feature-cards-theme-grey-100-main-body-copy\">La serie LOGIQ E10 ayuda a que el profesional pueda superar sus desaf\u00edos cotidianos y le proporciona una plataforma l\u00edder para su crecimiento. Esta plataforma est\u00e1 dise\u00f1ada para aprovechar el poder de su arquitectura de \u00faltima generaci\u00f3n y las tecnolog\u00edas digitales con el objetivo de ser su compa\u00f1ero de confianza hoy y en el futuro.<\/p>\n<\/div>\n<\/div>\n<\/div>\n<\/div>\n<\/div>\n<div>\n<div class=\"mdc-layout-grid__inner\">\n<div class=\"mdc-layout-grid__cell mdc-layout-grid__cell--span-12-desktop mdc-layout-grid__cell--span-8-tablet\">\n<h3 class=\"feature-cards-title title-s feature-cards-theme-grey-100-title\">Siempre listo. Siempre junto a usted.<\/h3>\n<\/div>\n<\/div>\n<div class=\"mdc-layout-grid__inner\">\n<div class=\"mdc-layout-grid__cell mdc-layout-grid__cell--span-12-desktop mdc-layout-grid__cell--span-8-tablet\">\n<p class=\"feature-cards-body ptags-small feature-cards-themev2-white-body-copy\">Todos los pacientes, todos los ex\u00e1menes y todos los d\u00edas son distintos, es por esto que se necesita una constante para ayudar a recopilar informaci\u00f3n, tomar decisiones fundamentadas y ofrecer una atenci\u00f3n m\u00e9dica superior. Esta constante es LOGIQ de GE HealthCare, que ha sido l\u00edder en la adquisici\u00f3n de im\u00e1genes de cuerpo completo durante tres d\u00e9cadas, adem\u00e1s de ser un sistema dise\u00f1ado especialmente para usted.<\/p>\n<\/div>\n<\/div>\n<\/div>\n<div>\n<div class=\"mdc-layout-grid__inner\">\n<div class=\"mdc-layout-grid__cell mdc-layout-grid__cell--span-12-desktop mdc-layout-grid__cell--span-8-tablet\">\n<h3 class=\"feature-cards-title title-s feature-cards-theme-grey-250-title\">\u00danase a LOGIQ Club<\/h3>\n<\/div>\n<\/div>\n<div class=\"mdc-layout-grid__inner\">\n<div class=\"mdc-layout-grid__cell mdc-layout-grid__cell--span-12-desktop mdc-layout-grid__cell--span-8-tablet\">\n<p class=\"feature-cards-body ptags-small feature-cards-theme-grey-250-body-copy\">Acceda a formaci\u00f3n, consejos, herramientas y recursos exclusivos para todos sus productos LOGIQ<\/p>\n<\/div>\n<\/div>\n<\/div>\n<div class=\"mdc-layout-grid__cell mdc-layout-grid__cell--span-12-desktop mdc-layout-grid__cell--span-8-tablet\"><\/div>\n<div><\/div>\n<p>&nbsp;<\/p>\n<p><a class=\"elboton\" href=\"https:\/\/latam.gehealthcare.com\/products\/ultrasound\/logiq\/logiq-e10\" target=\"_blank\" rel=\"noopener\">Enlace de la marca<\/a><\/p>\n","protected":false},"excerpt":{"rendered":"<p>Lo impulsamos a marcar la diferencia<\/p>\n","protected":false},"featured_media":2186,"comment_status":"open","ping_status":"closed","template":"","meta":[],"product_cat":[40],"product_tag":[],"class_list":{"0":"post-2098","1":"product","2":"type-product","3":"status-publish","4":"has-post-thumbnail","6":"product_cat-imagenologia-general","8":"first","9":"instock","10":"shipping-taxable","11":"purchasable","12":"product-type-simple"},"_links":{"self":[{"href":"https:\/\/blank.net.do\/globalmedica\/es\/wp-json\/wp\/v2\/product\/2098","targetHints":{"allow":["GET"]}}],"collection":[{"href":"https:\/\/blank.net.do\/globalmedica\/es\/wp-json\/wp\/v2\/product"}],"about":[{"href":"https:\/\/blank.net.do\/globalmedica\/es\/wp-json\/wp\/v2\/types\/product"}],"replies":[{"embeddable":true,"href":"https:\/\/blank.net.do\/globalmedica\/es\/wp-json\/wp\/v2\/comments?post=2098"}],"wp:featuredmedia":[{"embeddable":true,"href":"https:\/\/blank.net.do\/globalmedica\/es\/wp-json\/wp\/v2\/media\/2186"}],"wp:attachment":[{"href":"https:\/\/blank.net.do\/globalmedica\/es\/wp-json\/wp\/v2\/media?parent=2098"}],"wp:term":[{"taxonomy":"product_cat","embeddable":true,"href":"https:\/\/blank.net.do\/globalmedica\/es\/wp-json\/wp\/v2\/product_cat?post=2098"},{"taxonomy":"product_tag","embeddable":true,"href":"https:\/\/blank.net.do\/globalmedica\/es\/wp-json\/wp\/v2\/product_tag?post=2098"}],"curies":[{"name":"wp","href":"https:\/\/api.w.org\/{rel}","templated":true}]}}