{"id":2099,"date":"2024-07-05T00:03:27","date_gmt":"2024-07-05T00:03:27","guid":{"rendered":"https:\/\/blank.net.do\/globalmedica\/product\/voluson-swift\/"},"modified":"2024-07-08T09:05:16","modified_gmt":"2024-07-08T09:05:16","slug":"voluson-swift","status":"publish","type":"product","link":"https:\/\/blank.net.do\/globalmedica\/es\/product\/voluson-swift\/","title":{"rendered":"Voluson\u2122 Swift"},"content":{"rendered":"<div id=\"contenido-gen\u00e9rico-v2\">\n<section id=\"contenido-gen\u00e9rico-v2\" class=\"ge-generic-content-v2-container gehc-padding-top-48 gehc-padding-bottom-48 theme-grey-100\">\n<div class=\"mdc-layout-grid eds-grid\">\n<div class=\"mdc-layout-grid__inner\">\n<div class=\"mdc-layout-grid__cell mdc-layout-grid__cell--span-8-desktop mdc-layout-grid__cell--span-8-tablet mdc-layout-grid__cell--span-4-phone\">\n<h3 class=\"ge-generic-content-v2-container__heading title-s\">Esto lo cambia todo<\/h3>\n<\/div>\n<\/div>\n<div class=\"mdc-layout-grid__inner\">\n<div class=\"mdc-layout-grid__cell mdc-layout-grid__cell--span-8-desktop mdc-layout-grid__cell--span-8-tablet mdc-layout-grid__cell--span-4-phone\">\n<div class=\"ge-generic-content-v2-container__body ptag\">Hemos recreado la experiencia del usuario con esta consola intuitiva y personalizable para conseguir un nuevo nivel de sencillez y eficiencia. Radicalmente diferente en apariencia y estilo, el sistema est\u00e1 dise\u00f1ado para simplificar cada interacci\u00f3n. Gracias a su inteligencia artificial y sus herramientas autom\u00e1ticas que expanden sus capacidades e inspiran confianza, trabajar\u00e1 como un usuario experimentado desde el principio.<\/div>\n<\/div>\n<\/div>\n<\/div>\n<\/section>\n<\/div>\n<section id=\"vista-pdp\" class=\"pdp-glance themev2-white gehc-padding-top-48 gehc-padding-bottom-48\">\n<div class=\"mdc-layout-grid eds-grid\">\n<div class=\"mdc-layout-grid__cell mdc-layout-grid__cell--span-3-desktop mdc-layout-grid__cell--span-4-tablet mdc-layout-grid__cell--span-2-phone\">\n<div class=\"pdp-glance-item\">\n<p class=\"ptags-small pdp-glance-item-headline\">Esto es simplicidad<\/p>\n<div class=\"ptags-small pdp-glance-item-body\">Con una amplia pantalla t\u00e1ctil y un selecto grupo de teclas de uso frecuente, el Voluson SWIFT incorpora la misma funcionalidad que los dispositivos que utilizamos a diario.<\/div>\n<\/div>\n<\/div>\n<div class=\"mdc-layout-grid__cell mdc-layout-grid__cell--span-3-desktop mdc-layout-grid__cell--span-4-tablet mdc-layout-grid__cell--span-2-phone\">\n<div class=\"pdp-glance-item\">\n<p class=\"ptags-small pdp-glance-item-headline\">Esto es adaptabilidad<\/p>\n<div class=\"ptags-small pdp-glance-item-body\">Dise\u00f1ado para ayudar a eliminar algunos de los obst\u00e1culos que ralentizan constantemente los procedimientos. Optimice su flujo de trabajo mediante la potencia de la IA y la automatizaci\u00f3n.<\/div>\n<\/div>\n<\/div>\n<div class=\"mdc-layout-grid__cell mdc-layout-grid__cell--span-3-desktop mdc-layout-grid__cell--span-4-tablet mdc-layout-grid__cell--span-2-phone\">\n<div class=\"pdp-glance-item\">\n<p class=\"ptags-small pdp-glance-item-headline\">Esto es eficiencia<\/p>\n<div class=\"ptags-small pdp-glance-item-body\">Altamente personalizable y dise\u00f1ado para simplificar cada interacci\u00f3n, personalice los men\u00fas, el flujo de trabajo y los ajustes preestablecidos individualizados para adaptarlos a sus preferencias.<\/div>\n<\/div>\n<\/div>\n<div class=\"mdc-layout-grid__cell mdc-layout-grid__cell--span-3-desktop mdc-layout-grid__cell--span-4-tablet mdc-layout-grid__cell--span-2-phone\">\n<div class=\"pdp-glance-item\">\n<p class=\"ptags-small pdp-glance-item-headline\">Esto es el valor caracter\u00edstico<\/p>\n<div class=\"ptags-small pdp-glance-item-body\">Espere m\u00e1s de su sistema. M\u00e1s servicios, apoyo y colaboraci\u00f3n. Voluson SWIFT es una plataforma tecnol\u00f3gicamente avanzada creada para el futuro.<\/div>\n<\/div>\n<\/div>\n<\/div>\n<\/section>\n<h3 class=\"title-s feature-highlight_title\">Conozca los seminarios web de expertos<\/h3>\n<div class=\"ptags feature-highlight_bodyCopy\">Descubra c\u00f3mo las tecnolog\u00edas Voluson pueden beneficiar el ejercicio de su profesi\u00f3n.<\/div>\n<div><\/div>\n<div>\n<div id=\"01-carrusel-de-historias\">\n<section id=\"01-carrusel-de-historias\" class=\"ge-generic-content-v2-container gehc-padding-top-48 gehc-padding-bottom-48 themev2-white\">\n<div class=\"mdc-layout-grid eds-grid\">\n<div class=\"mdc-layout-grid__inner\">\n<div class=\"mdc-layout-grid__cell mdc-layout-grid__cell--span-8-desktop mdc-layout-grid__cell--span-8-tablet mdc-layout-grid__cell--span-4-phone\">\n<h3 class=\"ge-generic-content-v2-container__heading title-s\">Tecnolog\u00eda que lo cambia todo<\/h3>\n<\/div>\n<\/div>\n<div class=\"mdc-layout-grid__inner\">\n<div class=\"mdc-layout-grid__cell mdc-layout-grid__cell--span-8-desktop mdc-layout-grid__cell--span-8-tablet mdc-layout-grid__cell--span-4-phone\">\n<div class=\"ge-generic-content-v2-container__body ptag\">En Voluson, innovamos continuamente para mejorar la calidad de la imagen y crear herramientas cl\u00ednicas especializadas que lo ayuden a ver m\u00e1s detalles anat\u00f3micos con mayor certeza, lo que le permitir\u00e1 proporcionar la mejor atenci\u00f3n posible al paciente.<\/div>\n<\/div>\n<\/div>\n<\/div>\n<\/section>\n<\/div>\n<div id=\"02-carruseldehistorias\">\n<section id=\"story-313ab7cf-94be-4a05-a03d-5e4832332360\" class=\"story-carousel theme-dark gehc-padding-top-48 gehc-padding-bottom-48\">\n<div class=\"mdc-layout-grid eds-grid\">\n<div class=\"mdc-layout-grid__inner\">\n<div class=\"mdc-layout-grid__cell mdc-layout-grid__cell--span-12-desktop mdc-layout-grid__cell--span-8-tablet mdc-layout-grid__cell--span-4-phone\"><\/div>\n<div class=\"mdc-layout-grid__cell mdc-layout-grid__cell--span-12-desktop mdc-layout-grid__cell--span-8-tablet mdc-layout-grid__cell--span-4-phone\">\n<div class=\"story-tabs\">\n<div class=\"tab-item\" data-analytics-tracking-event=\"link_click\" data-analytics-link-type=\"Story Carousel\" data-analytics-link-name=\"El poder de la IA\" data-analytics-link-title=\"\" data-analytics-tag=\"\">\n<section id=\"carrusel-de-im\u00e1genes-cl\u00ednicas_obstetricia\" class=\"ge-product-carousel themev2-purple-1000\" aria-label=\"Product Carousel\">\n<div id=\"product-carousel__0131da9f-8405-43c3-aa42-6ed54ee3a1a2\" class=\"ge-product-carousel__gradiant-space\">\n<div class=\"ge-product-carousel__top-container\">\n<div class=\"mdc-layout-grid eds-grid ge-product-carousel__top-grid\">\n<div class=\"mdc-layout-grid__inner\">\n<div class=\"mdc-layout-grid__cell mdc-layout-grid__cell--span-8-desktop mdc-layout-grid__cell--span-6-tablet mdc-layout-grid__cell--span-4-phone\">\n<div class=\"ge-product-carousel__container\">\n<h2 class=\"ge-product-carousel__componentTitle title-m\">Obstetricia<\/h2>\n<p class=\"ge-product-carousel__bodyCopy ptags\">Desde las primeras fases del embarazo hasta el nacimiento, la salud de la madre y el feto es su prioridad. Es por eso que nuestra prioridad es garantizar una adquisici\u00f3n de im\u00e1genes extraordinaria en todas las etapas del embarazo para explorar con confianza la anatom\u00eda del feto y detectar anomal\u00edas m\u00e1s r\u00e1pida que nunca antes.<\/p>\n<section id=\"carrusel-de-im\u00e1genes-cl\u00ednicas_ginecolog\u00eda\" class=\"ge-product-carousel themev2-purple-1000\" aria-label=\"Product Carousel\">\n<div id=\"product-carousel__3ae80972-9438-4cf9-835b-a6631e37a596\" class=\"ge-product-carousel__gradiant-space\">\n<div class=\"ge-product-carousel__top-container\">\n<div class=\"mdc-layout-grid eds-grid ge-product-carousel__top-grid\">\n<div class=\"mdc-layout-grid__inner\">\n<div class=\"mdc-layout-grid__cell mdc-layout-grid__cell--span-8-desktop mdc-layout-grid__cell--span-6-tablet mdc-layout-grid__cell--span-4-phone\">\n<div class=\"ge-product-carousel__container\">\n<h2 class=\"ge-product-carousel__componentTitle title-m\">Ginecolog\u00eda<\/h2>\n<p class=\"ge-product-carousel__bodyCopy ptags\">A menudo, la ecograf\u00eda es la primera l\u00ednea de defensa para diagnosticar afecciones ginecol\u00f3gicas. El dolor p\u00e9lvico, el sangrado postmenop\u00e1usico, la disfunci\u00f3n genitourinaria y la infertilidad pueden ser s\u00edntomas confusos y preocupantes para sus pacientes. Necesitan respuestas y conf\u00edan en su experiencia para obtener un diagn\u00f3stico y tratamiento precisos.<\/p>\n<\/div>\n<\/div>\n<\/div>\n<\/div>\n<\/div>\n<\/div>\n<\/section>\n<\/div>\n<\/div>\n<\/div>\n<\/div>\n<\/div>\n<\/div>\n<\/section>\n<\/div>\n<\/div>\n<\/div>\n<\/div>\n<\/div>\n<\/section>\n<\/div>\n<\/div>\n<div><\/div>\n<p>&nbsp;<\/p>\n<p><a class=\"elboton\" href=\"https:\/\/latam.gehealthcare.com\/products\/ultrasound\/voluson\/voluson-swift\" target=\"_blank\" rel=\"noopener\">Enlace de la marca<\/a><\/p>\n","protected":false},"excerpt":{"rendered":"<p>Le damos la bienvenida a una experiencia de ecograf\u00eda notablemente diferente. Transforme la manera en que trabaja con Voluson SWIFT.<\/p>\n","protected":false},"featured_media":2187,"comment_status":"open","ping_status":"closed","template":"","meta":[],"product_cat":[41],"product_tag":[],"class_list":{"0":"post-2099","1":"product","2":"type-product","3":"status-publish","4":"has-post-thumbnail","6":"product_cat-imagenologia-de-la-mujer","8":"first","9":"instock","10":"shipping-taxable","11":"purchasable","12":"product-type-simple"},"_links":{"self":[{"href":"https:\/\/blank.net.do\/globalmedica\/es\/wp-json\/wp\/v2\/product\/2099","targetHints":{"allow":["GET"]}}],"collection":[{"href":"https:\/\/blank.net.do\/globalmedica\/es\/wp-json\/wp\/v2\/product"}],"about":[{"href":"https:\/\/blank.net.do\/globalmedica\/es\/wp-json\/wp\/v2\/types\/product"}],"replies":[{"embeddable":true,"href":"https:\/\/blank.net.do\/globalmedica\/es\/wp-json\/wp\/v2\/comments?post=2099"}],"wp:featuredmedia":[{"embeddable":true,"href":"https:\/\/blank.net.do\/globalmedica\/es\/wp-json\/wp\/v2\/media\/2187"}],"wp:attachment":[{"href":"https:\/\/blank.net.do\/globalmedica\/es\/wp-json\/wp\/v2\/media?parent=2099"}],"wp:term":[{"taxonomy":"product_cat","embeddable":true,"href":"https:\/\/blank.net.do\/globalmedica\/es\/wp-json\/wp\/v2\/product_cat?post=2099"},{"taxonomy":"product_tag","embeddable":true,"href":"https:\/\/blank.net.do\/globalmedica\/es\/wp-json\/wp\/v2\/product_tag?post=2099"}],"curies":[{"name":"wp","href":"https:\/\/api.w.org\/{rel}","templated":true}]}}