{"id":2100,"date":"2024-07-05T00:03:32","date_gmt":"2024-07-05T00:03:32","guid":{"rendered":"https:\/\/blank.net.do\/globalmedica\/product\/voluson-s10-expert\/"},"modified":"2024-07-18T08:54:36","modified_gmt":"2024-07-18T08:54:36","slug":"voluson-s10-expert","status":"publish","type":"product","link":"https:\/\/blank.net.do\/globalmedica\/es\/product\/voluson-s10-expert\/","title":{"rendered":"Voluson\u2122 S10 Expert"},"content":{"rendered":"<section id=\"de-un-vistazo\" class=\"pdp-glance theme-grey-250 gehc-padding-top-48 gehc-padding-bottom-48\">\n<div class=\"mdc-layout-grid eds-grid\">\n<div class=\"mdc-layout-grid__inner\">\n<div class=\"mdc-layout-grid__cell mdc-layout-grid__cell--span-3-desktop mdc-layout-grid__cell--span-4-tablet mdc-layout-grid__cell--span-2-phone\">\n<div class=\"pdp-glance-item\">\n<h3 class=\"ptags-small pdp-glance-item-headline\">Im\u00e1genes que sorprenden<\/h3>\n<div class=\"ptags-small pdp-glance-item-body\">El potente sistema Voluson Core Architecture permite un rendimiento excepcional en todos los modos e impulsa innovaciones, incluidas las tecnolog\u00edas de sondas Radiantflow\u2122 y XDclear\u2122.<\/div>\n<\/div>\n<\/div>\n<div class=\"mdc-layout-grid__cell mdc-layout-grid__cell--span-3-desktop mdc-layout-grid__cell--span-4-tablet mdc-layout-grid__cell--span-2-phone\">\n<div class=\"pdp-glance-item\">\n<h3 class=\"ptags-small pdp-glance-item-headline\">Acelere su flujo de trabajo<\/h3>\n<div class=\"ptags-small pdp-glance-item-body\">Deje que las tecnolog\u00edas de automatizaci\u00f3n de Voluson hagan el trabajo por usted. Al automatizar tareas y c\u00e1lculos, puede ahorrar tiempo, aumentar la uniformidad y mejorar la precisi\u00f3n.<\/div>\n<\/div>\n<\/div>\n<div class=\"mdc-layout-grid__cell mdc-layout-grid__cell--span-3-desktop mdc-layout-grid__cell--span-4-tablet mdc-layout-grid__cell--span-2-phone\">\n<div class=\"pdp-glance-item\">\n<h3 class=\"ptags-small pdp-glance-item-headline\">Funciones expertas asequibles<\/h3>\n<div class=\"ptags-small pdp-glance-item-body\">Experimente las innovaciones l\u00edderes del sector que emigran desde nuestra plataforma m\u00e1s progresiva y ahora utilizan la potencia de la IA con SonoCNS para analizar el cerebro del feto.<\/div>\n<\/div>\n<\/div>\n<div class=\"mdc-layout-grid__cell mdc-layout-grid__cell--span-3-desktop mdc-layout-grid__cell--span-4-tablet mdc-layout-grid__cell--span-2-phone\">\n<div class=\"pdp-glance-item\">\n<h3 class=\"ptags-small pdp-glance-item-headline\">Aproveche nuestro ecosistema completo<\/h3>\n<div class=\"ptags-small pdp-glance-item-body\">Su socio para soluciones seguras de archivado y generaci\u00f3n de informes de im\u00e1genes, educaci\u00f3n y capacitaci\u00f3n, as\u00ed como un servicio de asistencia flexible para mantener su sistema seguro y actualizado.<\/div>\n<\/div>\n<\/div>\n<\/div>\n<\/div>\n<\/section>\n<div id=\"contenido-del-rendimiento\">\n<section id=\"contenido-del-rendimiento\" class=\"ge-generic-content-v2-container gehc-padding-top-48 gehc-padding-bottom-48 theme-grey-100\">\n<div class=\"mdc-layout-grid eds-grid\">\n<div class=\"mdc-layout-grid__inner\">\n<div class=\"mdc-layout-grid__cell mdc-layout-grid__cell--span-8-desktop mdc-layout-grid__cell--span-8-tablet mdc-layout-grid__cell--span-4-phone\">\n<h3 class=\"ge-generic-content-v2-container__heading title-s\">Rendimiento que inspira seguridad<\/h3>\n<\/div>\n<\/div>\n<div class=\"mdc-layout-grid__inner\">\n<div class=\"mdc-layout-grid__cell mdc-layout-grid__cell--span-8-desktop mdc-layout-grid__cell--span-8-tablet mdc-layout-grid__cell--span-4-phone\">\n<div class=\"ge-generic-content-v2-container__body ptag\">Para ofrecer la mejor atenci\u00f3n m\u00e9dica, es esencial poder diagnosticar antes y con una mayor seguridad. El sistema Voluson S10 Expert le ayuda a enfrentar los casos m\u00e1s dif\u00edciles con velocidad y precisi\u00f3n. Utilice el desempe\u00f1o excepcional en adquisici\u00f3n de im\u00e1genes y las herramientas avanzadas para realizar las exploraciones m\u00e1s desafiantes con sus pacientes mientras se mantiene al d\u00eda con su ocupada agenda.<\/div>\n<\/div>\n<\/div>\n<\/div>\n<\/section>\n<\/div>\n<section id=\"01-m\u00f3dulo-curva-en-s-v2\" class=\"ge-SCurveModuleV2 gehc-padding-top-48 gehc-padding-bottom-48 themev2-purple-1000\">\n<div class=\"mdc-layout-grid eds-grid ge-SCurveModuleV2__grid\">\n<div class=\"mdc-layout-grid__inner ge-SCurveModuleV2__grid__grid-row\">\n<div class=\"mdc-layout-grid__cell ge-SCurveModuleV2__grid__grid-row__text-content mdc-layout-grid__cell--span-6-desktop mdc-layout-grid__cell--span-4-tablet mdc-layout-grid__cell--span-4-phone\">\n<div>\n<h3 class=\"ge-SCurveModuleV2__grid__grid-row__text-content__heading title-s themev2-purple-1000\">SonoCNS<\/h3>\n<p class=\"ge-SCurveModuleV2__grid__grid-row__text-content__description ptags-small themev2-purple-1000\">Simplifique la evaluaci\u00f3n del cerebro fetal con SonoCNS. Esta tecnolog\u00eda sofisticada de aprendizaje profundo con IA permite alinear y mostrar correctamente las vistas y mediciones recomendadas del cerebro fetal.<\/p>\n<\/div>\n<\/div>\n<\/div>\n<div class=\"mdc-layout-grid__inner ge-SCurveModuleV2__grid__grid-row\">\n<div class=\"mdc-layout-grid__cell ge-SCurveModuleV2__grid__grid-row__text-content mdc-layout-grid__cell--span-6-desktop mdc-layout-grid__cell--span-4-tablet mdc-layout-grid__cell--span-4-phone\">\n<div>\n<h3 class=\"ge-SCurveModuleV2__grid__grid-row__text-content__heading title-s themev2-purple-1000\">Rastreo uterino<\/h3>\n<p class=\"ge-SCurveModuleV2__grid__grid-row__text-content__description ptags-small themev2-purple-1000\">La incorporaci\u00f3n de im\u00e1genes 3D en su centro de salud es m\u00e1s f\u00e1cil que nunca gracias a la herramienta Uterine Trace (Rastreo uterino). Desde una vista est\u00e1ndar, solo basta con trazar el endometrio para que el sistema adquiera autom\u00e1ticamente un volumen y, luego, extraiga la vista coronal esencial.<\/p>\n<\/div>\n<\/div>\n<\/div>\n<\/div>\n<\/section>\n<section id=\"02-aparici\u00f3n-gradual-del-video\" class=\"FadeInVideoComponent gehc-padding-top-48 gehc-padding-bottom-48 themev2-purple-1000\">\n<div class=\"mdc-layout-grid eds-grid FadeInVideoComponent__grid\">\n<div class=\"mdc-layout-grid__inner FadeInVideoComponent__grid-row\">\n<div class=\"mdc-layout-grid__cell mdc-layout-grid__cell--span-8-desktop mdc-layout-grid__cell--span-6-tablet mdc-layout-grid__cell--span-4-phone\">\n<h2 class=\"FadeInVideoComponent__heading themev2-purple-1000\">HD<em>live<\/em>\u2122 Silhouette<\/h2>\n<p class=\"FadeInVideoComponent__description themev2-purple-1000\">Aplique transparencia espec\u00edfica din\u00e1micamente a estructuras representadas para obtener una visi\u00f3n m\u00e1s completa de la anatom\u00eda desde una estructura de superficie s\u00f3lida hasta anatom\u00eda interna en desarrollo.<\/p>\n<\/div>\n<\/div>\n<\/div>\n<\/section>\n<section id=\"02-m\u00f3dulo-curva-en-s-v2\" class=\"ge-SCurveModuleV2 gehc-padding-top-48 gehc-padding-bottom-48 themev2-purple-1000\">\n<div class=\"mdc-layout-grid eds-grid ge-SCurveModuleV2__grid\">\n<div class=\"mdc-layout-grid__inner ge-SCurveModuleV2__grid__grid-row\">\n<div class=\"mdc-layout-grid__cell ge-SCurveModuleV2__grid__grid-row__text-content mdc-layout-grid__cell--span-6-desktop mdc-layout-grid__cell--span-4-tablet mdc-layout-grid__cell--span-4-phone\">\n<div>\n<h3 class=\"ge-SCurveModuleV2__grid__grid-row__text-content__heading title-s themev2-purple-1000\">HDlive\u2122\u00a0Flow<\/h3>\n<p class=\"ge-SCurveModuleV2__grid__grid-row__text-content__description ptags-small themev2-purple-1000\">Muestre claramente la orientaci\u00f3n y las estructuras vasculares con una mayor dimensi\u00f3n e iluminaci\u00f3n.<\/p>\n<\/div>\n<\/div>\n<\/div>\n<div class=\"mdc-layout-grid__inner ge-SCurveModuleV2__grid__grid-row\">\n<div class=\"mdc-layout-grid__cell ge-SCurveModuleV2__grid__grid-row__media-content mdc-layout-grid__cell--span-6-desktop mdc-layout-grid__cell--span-4-tablet mdc-layout-grid__cell--span-4-phone\">\n<div class=\"ge-SCurveModuleV2__grid__grid-row__media-content__image-comp\">Asistente de exploraci\u00f3n<\/div>\n<\/div>\n<div class=\"mdc-layout-grid__cell ge-SCurveModuleV2__grid__grid-row__text-content mdc-layout-grid__cell--span-6-desktop mdc-layout-grid__cell--span-4-tablet mdc-layout-grid__cell--span-4-phone\">\n<p class=\"ge-SCurveModuleV2__grid__grid-row__text-content__description ptags-small themev2-purple-1000\">Este protocolo de exploraci\u00f3n flexible y personalizable contribuye a reducir el tiempo necesario para elaborar y documentar los resultados al guiarle por la exploraci\u00f3n de forma m\u00e1s eficiente y ayudarle a realizar anotaciones, mediciones y generar informes.<\/p>\n<\/div>\n<\/div>\n<div class=\"mdc-layout-grid__inner ge-SCurveModuleV2__grid__grid-row\">\n<div class=\"mdc-layout-grid__cell ge-SCurveModuleV2__grid__grid-row__text-content mdc-layout-grid__cell--span-6-desktop mdc-layout-grid__cell--span-4-tablet mdc-layout-grid__cell--span-4-phone\">\n<div>\n<h3 class=\"ge-SCurveModuleV2__grid__grid-row__text-content__heading title-s themev2-purple-1000\">OmniView<\/h3>\n<p class=\"ge-SCurveModuleV2__grid__grid-row__text-content__description ptags-small themev2-purple-1000\">Obtenga cualquier vista de un volumen dibujando una l\u00ednea, una curva, una l\u00ednea m\u00faltiple o un trazo a trav\u00e9s de una estructura que permita vistas de estructuras con forma irregular.<\/p>\n<\/div>\n<\/div>\n<\/div>\n<\/div>\n<\/section>\n<div id=\"contenido-gen\u00e9rico-v2\">\n<section id=\"contenido-gen\u00e9rico-v2\" class=\"ge-generic-content-v2-container gehc-padding-top-48 gehc-padding-bottom-48 theme-grey-100\">\n<div class=\"mdc-layout-grid eds-grid\">\n<div class=\"mdc-layout-grid__inner\">\n<div class=\"mdc-layout-grid__cell mdc-layout-grid__cell--span-8-desktop mdc-layout-grid__cell--span-8-tablet mdc-layout-grid__cell--span-4-phone\">\n<div class=\"mdc-layout-grid__inner\">\n<div class=\"mdc-layout-grid__cell mdc-layout-grid__cell--span-8-desktop mdc-layout-grid__cell--span-8-tablet mdc-layout-grid__cell--span-4-phone\">\n<h3 class=\"ge-generic-content-v2-container__heading title-s\">Tecnolog\u00eda de sonda Voluson<\/h3>\n<\/div>\n<\/div>\n<div class=\"mdc-layout-grid__inner\">\n<div class=\"mdc-layout-grid__cell mdc-layout-grid__cell--span-8-desktop mdc-layout-grid__cell--span-8-tablet mdc-layout-grid__cell--span-4-phone\">\n<div class=\"ge-generic-content-v2-container__body ptag\">La extraordinaria calidad de imagen comienza con la tecnolog\u00eda de sonda avanzada. Bas\u00e1ndonos en los comentarios de m\u00e9dicos y ecografistas, hemos mejorado las sondas Voluson para ayudarle a satisfacer sus necesidades ergon\u00f3micas y hemos incluido innovaciones y tecnolog\u00edas avanzadas para las aplicaciones de atenci\u00f3n a la mujer.<\/div>\n<\/div>\n<\/div>\n<div class=\"mdc-layout-grid__inner\"><\/div>\n<\/div>\n<\/div>\n<\/div>\n<\/section>\n<\/div>\n<p>&nbsp;<\/p>\n<p>&nbsp;<\/p>\n<p><a class=\"elboton\" href=\"https:\/\/latam.gehealthcare.com\/products\/ultrasound\/voluson\/voluson-s10-expert\" target=\"_blank\" rel=\"noopener\">Enlace de la marca<\/a><\/p>\n","protected":false},"excerpt":{"rendered":"<p>Adel\u00e1ntese. Mant\u00e9ngase a la vanguardia.<\/p>\n","protected":false},"featured_media":2188,"comment_status":"open","ping_status":"closed","template":"","meta":[],"product_cat":[41],"product_tag":[],"class_list":{"0":"post-2100","1":"product","2":"type-product","3":"status-publish","4":"has-post-thumbnail","6":"product_cat-imagenologia-de-la-mujer","8":"first","9":"instock","10":"shipping-taxable","11":"purchasable","12":"product-type-simple"},"_links":{"self":[{"href":"https:\/\/blank.net.do\/globalmedica\/es\/wp-json\/wp\/v2\/product\/2100","targetHints":{"allow":["GET"]}}],"collection":[{"href":"https:\/\/blank.net.do\/globalmedica\/es\/wp-json\/wp\/v2\/product"}],"about":[{"href":"https:\/\/blank.net.do\/globalmedica\/es\/wp-json\/wp\/v2\/types\/product"}],"replies":[{"embeddable":true,"href":"https:\/\/blank.net.do\/globalmedica\/es\/wp-json\/wp\/v2\/comments?post=2100"}],"wp:featuredmedia":[{"embeddable":true,"href":"https:\/\/blank.net.do\/globalmedica\/es\/wp-json\/wp\/v2\/media\/2188"}],"wp:attachment":[{"href":"https:\/\/blank.net.do\/globalmedica\/es\/wp-json\/wp\/v2\/media?parent=2100"}],"wp:term":[{"taxonomy":"product_cat","embeddable":true,"href":"https:\/\/blank.net.do\/globalmedica\/es\/wp-json\/wp\/v2\/product_cat?post=2100"},{"taxonomy":"product_tag","embeddable":true,"href":"https:\/\/blank.net.do\/globalmedica\/es\/wp-json\/wp\/v2\/product_tag?post=2100"}],"curies":[{"name":"wp","href":"https:\/\/api.w.org\/{rel}","templated":true}]}}