{"id":2101,"date":"2024-07-05T00:03:32","date_gmt":"2024-07-05T00:03:32","guid":{"rendered":"https:\/\/blank.net.do\/globalmedica\/product\/voluson-e10\/"},"modified":"2024-07-08T09:11:30","modified_gmt":"2024-07-08T09:11:30","slug":"voluson-e10","status":"publish","type":"product","link":"https:\/\/blank.net.do\/globalmedica\/es\/product\/voluson-e10\/","title":{"rendered":"Voluson\u2122 E10"},"content":{"rendered":"<section id=\"feature-list\" class=\"ge-products-feature-list ge-module\">\n<div class=\"ge-module__container\">\n<h2 class=\"ge-products-feature-list__title\">Datos importantes del Voluson E10<\/h2>\n<div class=\"ge-products-feature-list__description\">\n<h6>Arquitectura del sistema Radiance<\/h6>\n<p>6 veces m\u00e1s datos y 2 veces m\u00e1s potencia de procesamiento que las versiones anteriores *<\/p><\/div>\n<div class=\"ge-products-feature-list__description\">\n<h6>Transductor\u00a0<em>e<\/em>M6C<\/h6>\n<p>Aumento del 29% en la tasa de volumen 4D y &gt; 15% de aumento en la tasa de cuadros 2D = menos artefactos &#8211; aumento del Calidad de Imagen<\/p><\/div>\n<div class=\"ge-products-feature-list__description\">\n<h6>Flujo de trabajo probado<\/h6>\n<p>Interfaz probada junto con automatizaci\u00f3n y dise\u00f1o ergon\u00f3mico<\/p><\/div>\n<div class=\"ge-products-feature-list__description\">\n<h6>Edison: inteligencia artificial<\/h6>\n<p>Usando I.A. en SonoCNS reduce las pulsaciones de teclas en un 80% para los ex\u00e1menes del cerebro fetal.<\/p><\/div>\n<\/div>\n<\/section>\n<section id=\"voluson-club\" class=\"ge-module ge-content-module theme-grey\">\n<div class=\"ge-module__container\"><\/div>\n<\/section>\n<h2 class=\"ge-h2 ge-content-module__title\" role=\"heading\">Tecnolog\u00eda de Transductores Voluson<\/h2>\n<div class=\"ge-content-module__teaser\">La calidad de imagen extraordinaria comienza con la tecnolog\u00eda de transductores avanzada. Bas\u00e1ndose en los comentarios de m\u00e9dicos y ecografistas, los transductores Voluson han evolucionado para ayudar a satisfacer sus necesidades de ergonom\u00eda e incluyen innovaciones y tecnolog\u00eda avanzada para las aplicaciones en salud de la mujer.<\/div>\n<div class=\"rah-static rah-static--height-auto\" aria-hidden=\"false\">\n<div class=\"ge-rtf ge-rtf-module ge-content-module__description-wrapper\">\n<div class=\"ge-rtf__columnize\">\n<div class=\"column\">\n<h3><em>e<\/em>M6C \u2013 Transductor Matricial electr\u00f3nico<\/h3>\n<p>Logre una resoluci\u00f3n m\u00e1s brillante y tasas de volumen hasta 29 veces m\u00e1s altas que aquellos transductores con tecnolog\u00eda mec\u00e1nica, comparado con el transductor 4D Matricial electr\u00f3nico curvo. El eM6C ofrece velocidades de volumen ultra r\u00e1pidas, formatos de im\u00e1genes flexibles y una resoluci\u00f3n excelente tanto en ex\u00e1menes de rutina como en ecocardiograf\u00edas fetales complejas<\/p>\n<\/div>\n<div class=\"column\">\n<h3>Transductor Matricial Volum\u00e9trico XDClear RM7C<\/h3>\n<p>El transductor volum\u00e9trico RM7C establece nuevos est\u00e1ndares en rendimiento y calidad de imagen. La tecnolog\u00eda XDclear proporciona una resoluci\u00f3n excepcional en 2D, 3D y 4D y una sensibilidad en color brillante.<\/p>\n<\/div>\n<\/div>\n<div class=\"ge-rtf__columnize\">\n<div class=\"column\">\n<h3>Transductor Volum\u00e9trico RAB6-D<\/h3>\n<p>El Transductor 4D ultraligero, es 40% m\u00e1s ligero que la versi\u00f3n anterior, cuenta con un agarre ergon\u00f3mico y un cable delgado y liviano que permite una f\u00e1cil adquisici\u00f3n de im\u00e1genes.<\/p>\n<\/div>\n<div class=\"column\">\n<h3>Transductor transvaginal de alta frecuencia RIC6-12<\/h3>\n<p>Le brinda la capacidad de explorar im\u00e1genes fetales con confianza desde las primeras etapas del embarazo, el RIC6-12-D le ayuda a detectar los detalles m\u00e1s finos desde el primer trimestre.<\/p>\n<\/div>\n<\/div>\n<div class=\"ge-rtf__columnize\">\n<div class=\"column\">\n<h3>Tecnolog\u00eda XDclear para Transductores<\/h3>\n<p>Logre una resoluci\u00f3n de tejido y detalle excepcional con la tecnolog\u00eda XDclear en C2-9-D y C1-6-D. La combinaci\u00f3n de tecnolog\u00eda de Cristal \u00danico, amplificaci\u00f3n ac\u00fastica y sistema de enfriamiento del cabezal ofrece im\u00e1genes en 2D extraordinarias incluso con pacientes dif\u00edciles de escanear.<\/p>\n<\/div>\n<\/div>\n<\/div>\n<\/div>\n<p>&nbsp;<\/p>\n<p>&nbsp;<\/p>\n<p><a class=\"elboton\" href=\"https:\/\/latam.gehealthcare.com\/products\/ultrasound\/voluson\/voluson-e10\" target=\"_blank\" rel=\"noopener\">Enlace de la marca<\/a><\/p>\n","protected":false},"excerpt":{"rendered":"<p>En la consulta de salud de la mujer donde los casos complejos son la regla, no la excepci\u00f3n. Donde los pacientes exigen su experiencia y conf\u00edan en usted para obtener respuestas. Con el Voluson \u2122 E10 puede brindar una atenci\u00f3n verdaderamente excepcional, con confianza y eficiencia en todo momento, manteni\u00e9ndolo a la vanguardia de la atenci\u00f3n m\u00e9dica de la mujer. El Voluson E10 abarca las funciones de imagen m\u00e1s avanzadas combinadas con caracter\u00edsticas de eficiencia y seguridad para ayudarlo a brindar respuestas confiables al paciente, m\u00e1s r\u00e1pido.<\/p>\n","protected":false},"featured_media":2189,"comment_status":"open","ping_status":"closed","template":"","meta":[],"product_cat":[41],"product_tag":[],"class_list":{"0":"post-2101","1":"product","2":"type-product","3":"status-publish","4":"has-post-thumbnail","6":"product_cat-imagenologia-de-la-mujer","8":"first","9":"instock","10":"shipping-taxable","11":"purchasable","12":"product-type-simple"},"_links":{"self":[{"href":"https:\/\/blank.net.do\/globalmedica\/es\/wp-json\/wp\/v2\/product\/2101","targetHints":{"allow":["GET"]}}],"collection":[{"href":"https:\/\/blank.net.do\/globalmedica\/es\/wp-json\/wp\/v2\/product"}],"about":[{"href":"https:\/\/blank.net.do\/globalmedica\/es\/wp-json\/wp\/v2\/types\/product"}],"replies":[{"embeddable":true,"href":"https:\/\/blank.net.do\/globalmedica\/es\/wp-json\/wp\/v2\/comments?post=2101"}],"wp:featuredmedia":[{"embeddable":true,"href":"https:\/\/blank.net.do\/globalmedica\/es\/wp-json\/wp\/v2\/media\/2189"}],"wp:attachment":[{"href":"https:\/\/blank.net.do\/globalmedica\/es\/wp-json\/wp\/v2\/media?parent=2101"}],"wp:term":[{"taxonomy":"product_cat","embeddable":true,"href":"https:\/\/blank.net.do\/globalmedica\/es\/wp-json\/wp\/v2\/product_cat?post=2101"},{"taxonomy":"product_tag","embeddable":true,"href":"https:\/\/blank.net.do\/globalmedica\/es\/wp-json\/wp\/v2\/product_tag?post=2101"}],"curies":[{"name":"wp","href":"https:\/\/api.w.org\/{rel}","templated":true}]}}