{"id":2102,"date":"2024-07-05T00:03:32","date_gmt":"2024-07-05T00:03:32","guid":{"rendered":"https:\/\/blank.net.do\/globalmedica\/product\/voluson-expert-22\/"},"modified":"2024-07-08T09:13:21","modified_gmt":"2024-07-08T09:13:21","slug":"voluson-expert-22","status":"publish","type":"product","link":"https:\/\/blank.net.do\/globalmedica\/es\/product\/voluson-expert-22\/","title":{"rendered":"Voluson\u2122 Expert 22"},"content":{"rendered":"<section id=\"superposici\u00f3n-destacada-de-la-campa\u00f1a\" class=\"ge-featured-highlight themev2-purple-1000 gehc-padding-top-48 gehc-padding-bottom-48\" aria-label=\"Feature Highlight\">\n<div class=\"mdc-layout-grid eds-grid\">\n<div class=\"mdc-layout-grid__inner\">\n<div class=\"mdc-layout-grid__cell mdc-layout-grid__cell--span-5-desktop mdc-layout-grid__cell--span-4-tablet mdc-layout-grid__cell--span-4-phone\">\n<div class=\"feature-highlight_content-wrapper\">\n<h3 class=\"title-s feature-highlight_title\">El Voluson Expert\u00a022 est\u00e1 aqu\u00ed: \u00fanase al evento de lanzamiento<\/h3>\n<div class=\"ptags feature-highlight_bodyCopy\">La innovaci\u00f3n m\u00e1s reciente de Voluson, Voluson Expert\u00a022, ya est\u00e1 aqu\u00ed, y usted tiene un asiento en primera fila. Este evento, el primero de su tipo, est\u00e1 dirigido por el Dr. Alfred Abuhamad y el Prof. Rabih Chaoui, y profundiza en las caracter\u00edsticas, funciones y capacidades \u00fanicas de esta innovadora tecnolog\u00eda.<\/div>\n<\/div>\n<\/div>\n<\/div>\n<\/div>\n<\/section>\n<section id=\"m\u00f3dulo-de-video-multimedia-de-ancho-completo-v2\" class=\"geFullWidthVideoV2\">\n<div class=\"geFullWidthVideoV2_container\">\n<div class=\"mdc-layout-grid eds-grid geFullWidthVideoV2_grid\">\n<div class=\"mdc-layout-grid__inner\">\n<div class=\"mdc-layout-grid__cell mdc-layout-grid__cell--span-8-desktop mdc-layout-grid__cell--span-6-tablet mdc-layout-grid__cell--span-4-phone\">\n<h5 class=\"geFullWidthVideoV2_grid_sectionTitle\">ULTRASONIDOS PARA LA SALUD DE LA MUJER<\/h5>\n<\/div>\n<\/div>\n<div class=\"mdc-layout-grid__inner\">\n<div class=\"mdc-layout-grid__cell mdc-layout-grid__cell--span-8-desktop mdc-layout-grid__cell--span-6-tablet mdc-layout-grid__cell--span-3-phone\">\n<h2 class=\"geFullWidthVideoV2_grid_heading\">Para pioneros como usted<\/h2>\n<\/div>\n<\/div>\n<div class=\"mdc-layout-grid__inner\">\n<div class=\"mdc-layout-grid__cell mdc-layout-grid__cell--span-8-desktop mdc-layout-grid__cell--span-6-tablet mdc-layout-grid__cell--span-4-phone\">\n<p class=\"geFullWidthVideoV2_grid_description\">La salud de la mujer es su vida y su legado. Su enfoque es ahora, pero ya est\u00e1 imaginando lo que sigue: encontrar respuestas a preguntas complejas que a\u00fan no se han formulado. Es por eso que creamos el Voluson Expert 22. Para los pioneros. Para los innovadores. Porque al igual que usted, no solo esperamos un futuro m\u00e1s saludable para las mujeres. Insistimos en crearlo.<\/p>\n<\/div>\n<\/div>\n<\/div>\n<\/div>\n<\/section>\n<section id=\"$name\" class=\"ge-medium-testimonial gehc-padding-top-48 gehc-padding-bottom-48 themev2-purple-700\">\n<div class=\"mdc-layout-grid eds-grid ge-medium-testimonial_grid\">\n<div class=\"mdc-layout-grid__inner ge-medium-testimonial_grid_row\">\n<div class=\"mdc-layout-grid__cell mdc-layout-grid__cell--span-9-desktop mdc-layout-grid__cell--span-7-tablet mdc-layout-grid__cell--span-4-phone\">\n<p class=\"ge-medium-testimonial_grid__quote quotes\">&#8220;El Voluson Expert\u00a022 es una obra maestra de ingenier\u00eda que obtiene la mejor imagen 2D de pacientes delgados a pacientes de exploraci\u00f3n dif\u00edcil. Esta m\u00e1quina tambi\u00e9n cuenta con la mejor ergonom\u00eda y es el sistema m\u00e1s personalizable jam\u00e1s producido. Es la mejor m\u00e1quina de ultrasonido que he utilizado&#8221;.<\/p>\n<p class=\"ge-medium-testimonial_grid__speaker\">Prof. Rabih Chaoui<\/p>\n<p class=\"ge-medium-testimonial_grid__jobTitle caption\">Centro de diagn\u00f3stico prenatal y gen\u00e9tica humana, Berl\u00edn<\/p>\n<\/div>\n<\/div>\n<div class=\"mdc-layout-grid__inner\"><\/div>\n<\/div>\n<\/section>\n<section id=\"$name\" class=\"FadeInVideoComponent gehc-padding-top-48 gehc-padding-bottom-48 themev2-purple-1000\">\n<div class=\"mdc-layout-grid eds-grid FadeInVideoComponent__grid\">\n<div class=\"mdc-layout-grid__inner FadeInVideoComponent__grid-row\">\n<div class=\"mdc-layout-grid__cell mdc-layout-grid__cell--span-8-desktop mdc-layout-grid__cell--span-6-tablet mdc-layout-grid__cell--span-4-phone\">\n<h5 class=\"FadeInVideoComponent__title themev2-purple-1000\">ADQUISICI\u00d3N DE IM\u00c1GENES<\/h5>\n<h2 class=\"FadeInVideoComponent__heading themev2-purple-1000\">Revele lo invisible<\/h2>\n<p class=\"FadeInVideoComponent__description themev2-purple-1000\">Nuestra potente arquitectura adaptable, combinada con una tecnolog\u00eda de sonda exclusiva, le mostrar\u00e1 m\u00e1s de lo que nunca pens\u00f3 que fuera posible para obtener las respuestas que usted y sus pacientes buscan, mientras proporciona diagn\u00f3sticos que cambian la vida y abre puertas para el futuro que usted contin\u00faa creando.<\/p>\n<\/div>\n<\/div>\n<\/div>\n<\/section>\n<section id=\"$name\" class=\"FadeInVideoComponent gehc-padding-top-48 gehc-padding-bottom-48 themev2-purple-1000\">\n<div class=\"mdc-layout-grid eds-grid FadeInVideoComponent__grid\">\n<div class=\"mdc-layout-grid__inner FadeInVideoComponent__grid-row\">\n<div class=\"mdc-layout-grid__cell mdc-layout-grid__cell--span-8-desktop mdc-layout-grid__cell--span-6-tablet mdc-layout-grid__cell--span-4-phone\">\n<h5 class=\"FadeInVideoComponent__title themev2-purple-1000\">DETECCI\u00d3N TEMPRANA<\/h5>\n<h2 class=\"FadeInVideoComponent__heading themev2-purple-1000\">Detecte lo indetectable<\/h2>\n<p class=\"FadeInVideoComponent__description themev2-purple-1000\">Con nuestras caracter\u00edsticas exclusivas, podr\u00e1 encontrar las respuestas fundamentales de forma anticipada, descubrir la informaci\u00f3n clave y simplificar los casos complejos para agilizar la evaluaci\u00f3n, la detecci\u00f3n y el diagn\u00f3stico<\/p>\n<p>EFICIENCIA DEL FLUJO DE TRABAJO<\/p>\n<\/div>\n<\/div>\n<\/div>\n<\/section>\n<section id=\"$name\" class=\"FadeInVideoComponent gehc-padding-top-48 gehc-padding-bottom-48 themev2-purple-1000\">\n<div class=\"mdc-layout-grid eds-grid FadeInVideoComponent__grid\">\n<div class=\"mdc-layout-grid__inner FadeInVideoComponent__grid-row\">\n<div class=\"mdc-layout-grid__cell mdc-layout-grid__cell--span-8-desktop mdc-layout-grid__cell--span-6-tablet mdc-layout-grid__cell--span-4-phone\">\n<h2 class=\"FadeInVideoComponent__heading themev2-purple-1000\">Logre lo imposible<\/h2>\n<p class=\"FadeInVideoComponent__description themev2-purple-1000\">Aproveche las herramientas innovadoras, incluidas la inteligencia artificial y la automatizaci\u00f3n, con el objetivo de eliminar los obst\u00e1culos e impulsar la eficiencia diaria de la adquisici\u00f3n de im\u00e1genes para transformar su d\u00eda a d\u00eda, de modo que pueda seguir desafiando los l\u00edmites de lo posible.<\/p>\n<\/div>\n<\/div>\n<\/div>\n<\/section>\n<section id=\"superposici\u00f3n-destacada\" class=\"ge-featured-highlight themev2-purple-1000 gehc-padding-top-48 gehc-padding-bottom-48\" aria-label=\"Feature Highlight\">\n<div class=\"mdc-layout-grid eds-grid\">\n<div class=\"mdc-layout-grid__inner\">\n<div class=\"mdc-layout-grid__cell mdc-layout-grid__cell--span-5-desktop mdc-layout-grid__cell--span-4-tablet mdc-layout-grid__cell--span-4-phone\">\n<div class=\"feature-highlight_content-wrapper\">\n<h6 class=\"eyebrow feature-highlight_eyebrow\">EXCELENCIA EN SOPORTE<\/h6>\n<h3 class=\"title-s feature-highlight_title\">Espere lo inesperado<\/h3>\n<div class=\"ptags feature-highlight_bodyCopy\">Experimente m\u00e1s. M\u00e1s servicios. M\u00e1s asistencia. M\u00e1s soluciones enfocadas en el futuro. Por \u00faltimo, una asociaci\u00f3n que no lo dejar\u00e1 con ganas de m\u00e1s.<\/div>\n<\/div>\n<\/div>\n<\/div>\n<\/div>\n<\/section>\n<section id=\"comun\u00edquese-con-nosotros:-m\u00f3dulo-de-video-multimedia-de-ancho-completo-v2\" class=\"geFullWidthVideoV2\">\n<div class=\"geFullWidthVideoV2_container\">\n<div class=\"mdc-layout-grid eds-grid geFullWidthVideoV2_grid\">\n<div class=\"mdc-layout-grid__inner\">\n<div class=\"mdc-layout-grid__cell mdc-layout-grid__cell--span-8-desktop mdc-layout-grid__cell--span-6-tablet mdc-layout-grid__cell--span-4-phone\">\n<h5 class=\"geFullWidthVideoV2_grid_sectionTitle\">CON\u00c9CTESE CON NOSOTROS<\/h5>\n<\/div>\n<\/div>\n<div class=\"mdc-layout-grid__inner\">\n<div class=\"mdc-layout-grid__cell mdc-layout-grid__cell--span-8-desktop mdc-layout-grid__cell--span-6-tablet mdc-layout-grid__cell--span-3-phone\">\n<h2 class=\"geFullWidthVideoV2_grid_heading\">Su tiempo es valioso. Por eso nuestro proceso de ventas es eficiente y se adapta a sus necesidades.<\/h2>\n<\/div>\n<\/div>\n<div class=\"mdc-layout-grid__inner\">\n<div class=\"mdc-layout-grid__cell mdc-layout-grid__cell--span-8-desktop mdc-layout-grid__cell--span-6-tablet mdc-layout-grid__cell--span-4-phone\">\n<p class=\"geFullWidthVideoV2_grid_description\">\u00bfDesea una estimaci\u00f3n de precio, una cotizaci\u00f3n o una demostraci\u00f3n? Nuestros expertos en ventas le proporcionar\u00e1n toda la informaci\u00f3n que necesita para su proceso de toma de decisiones.<\/p>\n<\/div>\n<\/div>\n<\/div>\n<\/div>\n<\/section>\n<p>&nbsp;<\/p>\n<p><a class=\"elboton\" href=\"https:\/\/latam.gehealthcare.com\/products\/ultrasound\/voluson\/voluson-expert22\" target=\"_blank\" rel=\"noopener\">Enlace de la marca<\/a><\/p>\n","protected":false},"excerpt":{"rendered":"<p>Usted establece los l\u00edmites. Es m\u00e1s de lo que jam\u00e1s crey\u00f3 posible. Y, en sus manos, hay un potencial infinito.<\/p>\n<p>&nbsp;<\/p>\n","protected":false},"featured_media":2190,"comment_status":"open","ping_status":"closed","template":"","meta":[],"product_cat":[41],"product_tag":[],"class_list":{"0":"post-2102","1":"product","2":"type-product","3":"status-publish","4":"has-post-thumbnail","6":"product_cat-imagenologia-de-la-mujer","8":"first","9":"instock","10":"shipping-taxable","11":"purchasable","12":"product-type-simple"},"_links":{"self":[{"href":"https:\/\/blank.net.do\/globalmedica\/es\/wp-json\/wp\/v2\/product\/2102","targetHints":{"allow":["GET"]}}],"collection":[{"href":"https:\/\/blank.net.do\/globalmedica\/es\/wp-json\/wp\/v2\/product"}],"about":[{"href":"https:\/\/blank.net.do\/globalmedica\/es\/wp-json\/wp\/v2\/types\/product"}],"replies":[{"embeddable":true,"href":"https:\/\/blank.net.do\/globalmedica\/es\/wp-json\/wp\/v2\/comments?post=2102"}],"wp:featuredmedia":[{"embeddable":true,"href":"https:\/\/blank.net.do\/globalmedica\/es\/wp-json\/wp\/v2\/media\/2190"}],"wp:attachment":[{"href":"https:\/\/blank.net.do\/globalmedica\/es\/wp-json\/wp\/v2\/media?parent=2102"}],"wp:term":[{"taxonomy":"product_cat","embeddable":true,"href":"https:\/\/blank.net.do\/globalmedica\/es\/wp-json\/wp\/v2\/product_cat?post=2102"},{"taxonomy":"product_tag","embeddable":true,"href":"https:\/\/blank.net.do\/globalmedica\/es\/wp-json\/wp\/v2\/product_tag?post=2102"}],"curies":[{"name":"wp","href":"https:\/\/api.w.org\/{rel}","templated":true}]}}