{"id":2103,"date":"2024-07-05T00:03:33","date_gmt":"2024-07-05T00:03:33","guid":{"rendered":"https:\/\/blank.net.do\/globalmedica\/product\/voluson-s8t\/"},"modified":"2024-07-18T08:58:44","modified_gmt":"2024-07-18T08:58:44","slug":"voluson-s8t","status":"publish","type":"product","link":"https:\/\/blank.net.do\/globalmedica\/es\/product\/voluson-s8t\/","title":{"rendered":"Voluson\u2122 S8T"},"content":{"rendered":"<p class=\"ptags-small pdp-glance-item-headline\">Adquisici\u00f3n de im\u00e1genes sencilla<\/p>\n<p>Capte im\u00e1genes de forma r\u00e1pida y segura con nuestro sistema Voluson Core Architecture. Solo tiene que colocar el transductor y comenzar a explorar para adquirir im\u00e1genes con una manipulaci\u00f3n reducida.<\/p>\n<p class=\"ptags-small pdp-glance-item-headline\">Sensibilidad de color excepcional<\/p>\n<div class=\"ptags-small pdp-glance-item-body\">Mejore la visualizaci\u00f3n de los vasos peque\u00f1os y los bordes del coraz\u00f3n del feto con Radiantflow\u2122, que potencia una mayor sensibilidad del color para lograr una apariencia m\u00e1s din\u00e1mica similar al 3D.<\/div>\n<p class=\"ptags-small pdp-glance-item-headline\">Autom\u00e1ticamente m\u00e1s eficiente<\/p>\n<div class=\"ptags-small pdp-glance-item-body\">Nuestras avanzadas herramientas de automatizaci\u00f3n e IA, en combinaci\u00f3n con el funcionamiento sencillo e intuitivo del sistema, le permiten trabajar con mayor facilidad y eficiencia.<\/div>\n<p class=\"ptags-small pdp-glance-item-headline\">Experimente una mayor flexibilidad<\/p>\n<div class=\"ptags-small pdp-glance-item-body\">Gracias a su ergonom\u00eda y caracter\u00edsticas avanzadas centradas en su especialidad cl\u00ednica, el Voluson\u00a0S8t ofrece comodidad y opciones a un precio asequible.<\/div>\n<h2 class=\"ge-product-carousel__componentTitle title-m\">Galer\u00eda de Voluson\u00a0S8t<\/h2>\n<h2 class=\"FadeInVideoComponent__heading themev2-purple-1000\"><em>Flujo radiante\u00a0<\/em>\u2122<\/h2>\n<p class=\"FadeInVideoComponent__description themev2-purple-1000\">Logre un nuevo est\u00e1ndar de Doppler en color con Radiant<em>flow<\/em>\u2122 que le permitir\u00e1 obtener una visualizaci\u00f3n f\u00e1cil y r\u00e1pida de incluso los vasos m\u00e1s diminutos.<\/p>\n<h3 class=\"ge-SCurveModuleV2__grid__grid-row__text-content__heading title-s themev2-purple-1000\">SonoCNS<\/h3>\n<p class=\"ge-SCurveModuleV2__grid__grid-row__text-content__description ptags-small themev2-purple-1000\">SonoCNS es una aplicaci\u00f3n Edison que utiliza tecnolog\u00eda de aprendizaje profundo para ayudar a alinear y mostrar correctamente las vistas y las mediciones recomendadas del cerebro fetal.<\/p>\n<h3 class=\"ge-SCurveModuleV2__grid__grid-row__text-content__heading title-s themev2-purple-1000\">Rastreo uterino<\/h3>\n<p class=\"ge-SCurveModuleV2__grid__grid-row__text-content__description ptags-small themev2-purple-1000\">La incorporaci\u00f3n de im\u00e1genes 3D en su centro de salud es m\u00e1s f\u00e1cil que nunca gracias a la herramienta Uterine Trace (Rastreo uterino). Desde una vista est\u00e1ndar, solo basta con trazar el endometrio para que el sistema adquiera autom\u00e1ticamente un volumen y, luego, muestre la vista coronal esencial con precisi\u00f3n.<\/p>\n<p class=\"FadeInVideoComponent__description themev2-purple-1000\">Utilice una combinaci\u00f3n de t\u00e9cnicas avanzadas de iluminaci\u00f3n y oscurecimiento de la piel para mostrar im\u00e1genes con una profundidad y claridad sin precedentes.<\/p>\n<h3 class=\"ge-SCurveModuleV2__grid__grid-row__text-content__heading title-s themev2-purple-1000\">SonoAVC\u2122follicle y SonoAVCantral<\/h3>\n<p class=\"ge-SCurveModuleV2__grid__grid-row__text-content__description ptags-small themev2-purple-1000\">SonoAVC\u2122follicle y SonoAVCantral calculan autom\u00e1ticamente la cantidad, las dimensiones y el volumen de estructuras hipoecoicas para el control de fol\u00edculos o el recuento de fol\u00edculos antrales.<\/p>\n<h3 class=\"ge-SCurveModuleV2__grid__grid-row__text-content__heading title-s themev2-purple-1000\">Adquisici\u00f3n de im\u00e1genes de volumen (VCI)<\/h3>\n<p class=\"ge-SCurveModuleV2__grid__grid-row__text-content__description ptags-small themev2-purple-1000\">Ajusta el espesor de corte en im\u00e1genes 3D o 4D para ayudar a mejorar la resoluci\u00f3n de contraste mediante t\u00e9cnicas de representaci\u00f3n de tejidos y huesos.<\/p>\n<h3 class=\"ge-SCurveModuleV2__grid__grid-row__text-content__heading title-s themev2-purple-1000\">Asistente de exploraci\u00f3n<\/h3>\n<p class=\"ge-SCurveModuleV2__grid__grid-row__text-content__description ptags-small themev2-purple-1000\">Este protocolo de exploraci\u00f3n flexible y personalizable contribuye a reducir el tiempo necesario para elaborar y documentar los resultados al guiarle por la exploraci\u00f3n de forma m\u00e1s eficiente y ayudarle a realizar anotaciones, mediciones y generar informes.<\/p>\n<h3 class=\"ge-generic-content-v2-container__heading title-s\">Tecnolog\u00eda de sonda Voluson<\/h3>\n<p>La extraordinaria calidad de imagen comienza con la tecnolog\u00eda de sonda avanzada. Bas\u00e1ndonos en los comentarios de m\u00e9dicos y ecografistas, hemos mejorado las sondas Voluson para ayudarle a satisfacer sus necesidades ergon\u00f3micas y hemos incluido innovaciones y tecnolog\u00edas avanzadas para las aplicaciones de atenci\u00f3n a la mujer.<\/p>\n<p>&nbsp;<\/p>\n<p>&nbsp;<\/p>\n<p><a class=\"elboton\" href=\"https:\/\/latam.gehealthcare.com\/products\/ultrasound\/voluson\/voluson-s8-with-touch-panel\" target=\"_blank\" rel=\"noopener\">Enlace de la marca<\/a><\/p>\n","protected":false},"excerpt":{"rendered":"<p>Adel\u00e1ntese. Mant\u00e9ngase a la vanguardia.<\/p>\n<p>El sistema Voluson S8t est\u00e1 dise\u00f1ado para aumentar su productividad gracias a que ayuda a reducir los obst\u00e1culos del d\u00eda a d\u00eda. Nuestras herramientas automatizadas e IA, en combinaci\u00f3n con el funcionamiento intuitivo y f\u00e1cil del sistema, le permiten trabajar con mayor facilidad y eficiencia, todo mientras sigue ofreciendo la misma atenci\u00f3n m\u00e9dica de alta calidad que sus pacientes esperan.<\/p>\n","protected":false},"featured_media":2191,"comment_status":"open","ping_status":"closed","template":"","meta":[],"product_cat":[41],"product_tag":[],"class_list":{"0":"post-2103","1":"product","2":"type-product","3":"status-publish","4":"has-post-thumbnail","6":"product_cat-imagenologia-de-la-mujer","8":"first","9":"instock","10":"shipping-taxable","11":"purchasable","12":"product-type-simple"},"_links":{"self":[{"href":"https:\/\/blank.net.do\/globalmedica\/es\/wp-json\/wp\/v2\/product\/2103","targetHints":{"allow":["GET"]}}],"collection":[{"href":"https:\/\/blank.net.do\/globalmedica\/es\/wp-json\/wp\/v2\/product"}],"about":[{"href":"https:\/\/blank.net.do\/globalmedica\/es\/wp-json\/wp\/v2\/types\/product"}],"replies":[{"embeddable":true,"href":"https:\/\/blank.net.do\/globalmedica\/es\/wp-json\/wp\/v2\/comments?post=2103"}],"wp:featuredmedia":[{"embeddable":true,"href":"https:\/\/blank.net.do\/globalmedica\/es\/wp-json\/wp\/v2\/media\/2191"}],"wp:attachment":[{"href":"https:\/\/blank.net.do\/globalmedica\/es\/wp-json\/wp\/v2\/media?parent=2103"}],"wp:term":[{"taxonomy":"product_cat","embeddable":true,"href":"https:\/\/blank.net.do\/globalmedica\/es\/wp-json\/wp\/v2\/product_cat?post=2103"},{"taxonomy":"product_tag","embeddable":true,"href":"https:\/\/blank.net.do\/globalmedica\/es\/wp-json\/wp\/v2\/product_tag?post=2103"}],"curies":[{"name":"wp","href":"https:\/\/api.w.org\/{rel}","templated":true}]}}