{"id":2104,"date":"2024-07-05T00:03:33","date_gmt":"2024-07-05T00:03:33","guid":{"rendered":"https:\/\/blank.net.do\/globalmedica\/product\/voluson-p8\/"},"modified":"2024-07-08T09:17:24","modified_gmt":"2024-07-08T09:17:24","slug":"voluson-p8","status":"publish","type":"product","link":"https:\/\/blank.net.do\/globalmedica\/es\/product\/voluson-p8\/","title":{"rendered":"Voluson\u2122 P8"},"content":{"rendered":"<section id=\"pdp-glance\" class=\"pdp-glance theme-grey-100 gehc-padding-top-48 gehc-padding-bottom-48\">\n<div class=\"mdc-layout-grid eds-grid\">\n<div class=\"mdc-layout-grid__inner\">\n<div class=\"mdc-layout-grid__cell mdc-layout-grid__cell--span-3-desktop mdc-layout-grid__cell--span-4-tablet mdc-layout-grid__cell--span-2-phone\">\n<div class=\"pdp-glance-item\">\n<p class=\"ptags-small pdp-glance-item-headline\">Obtenci\u00f3n de im\u00e1genes simplificada<\/p>\n<div class=\"ptags-small pdp-glance-item-body\">Simplemente, coloque la sonda para obtener la informaci\u00f3n que necesita. Basado en la arquitectura Voluson Core, el P8 ofrece excelentes im\u00e1genes en todos los tipos de pacientes y ex\u00e1menes.<\/div>\n<\/div>\n<\/div>\n<div class=\"mdc-layout-grid__cell mdc-layout-grid__cell--span-3-desktop mdc-layout-grid__cell--span-4-tablet mdc-layout-grid__cell--span-2-phone\">\n<div class=\"pdp-glance-item\">\n<p class=\"ptags-small pdp-glance-item-headline\">Pr\u00e1ctico, f\u00e1cil 3D<\/p>\n<div class=\"ptags-small pdp-glance-item-body\">Con funciones 3D como SonoRenderlive, adquiera con facilidad im\u00e1genes de la cara fetal y utilice OmniView para obtener vistas no accesibles en 2D. Para obtener otra perspectiva anat\u00f3mica, a\u00f1ada HDlive\u2122.<\/div>\n<\/div>\n<\/div>\n<div class=\"mdc-layout-grid__cell mdc-layout-grid__cell--span-3-desktop mdc-layout-grid__cell--span-4-tablet mdc-layout-grid__cell--span-2-phone\">\n<div class=\"pdp-glance-item\">\n<p class=\"ptags-small pdp-glance-item-headline\">Simplifique las tareas repetitivas<\/p>\n<div class=\"ptags-small pdp-glance-item-body\">Aumente la productividad y reduzca la complejidad de los ex\u00e1menes con las tecnolog\u00edas Sono-Automation de Voluson. Al automatizar las funciones, puede obtener una mayor uniformidad entre exploraciones y usuarios.<\/div>\n<\/div>\n<\/div>\n<div class=\"mdc-layout-grid__cell mdc-layout-grid__cell--span-3-desktop mdc-layout-grid__cell--span-4-tablet mdc-layout-grid__cell--span-2-phone\">\n<div class=\"pdp-glance-item\">\n<p class=\"ptags-small pdp-glance-item-headline\">Preparado cuando usted lo est\u00e9<\/p>\n<div class=\"ptags-small pdp-glance-item-body\">Elegante y ligero, el sistema cabe en peque\u00f1os espacios, lo que permite su uso en cualquier lugar gracias a su funcionamiento con bater\u00edas y a su r\u00e1pida activaci\u00f3n desde el estado de suspensi\u00f3n, Voluson P8 est\u00e1 siempre listo para su uso.<\/div>\n<\/div>\n<\/div>\n<\/div>\n<\/div>\n<\/section>\n<section id=\"carrusel-de-im\u00e1genes-cl\u00ednicas\" class=\"ge-product-carousel theme-grey-250\" aria-label=\"Product Carousel\">\n<div id=\"product-carousel__f45ee480-df93-490f-8704-4946111b158d\" class=\"ge-product-carousel__gradiant-space\">\n<div class=\"ge-product-carousel__top-container\">\n<div class=\"mdc-layout-grid eds-grid ge-product-carousel__top-grid\">\n<div class=\"mdc-layout-grid__inner\">\n<div class=\"mdc-layout-grid__cell ge-product-carousel__left-blank mdc-layout-grid__cell--span-2-desktop mdc-layout-grid__cell--span-1-tablet mdc-layout-grid__cell--span-4-phone\"><\/div>\n<div class=\"mdc-layout-grid__cell mdc-layout-grid__cell--span-8-desktop mdc-layout-grid__cell--span-6-tablet mdc-layout-grid__cell--span-4-phone\">\n<div class=\"ge-product-carousel__container\">\n<h5 class=\"ge-product-carousel__title eyebrow\">IM\u00c1GENES CL\u00cdNICAS<\/h5>\n<\/div>\n<\/div>\n<\/div>\n<\/div>\n<\/div>\n<\/div>\n<\/section>\n<div id=\"contenido-gen\u00e9rico-v2---tecnolog\u00eda-voluson\">\n<section id=\"contenido-gen\u00e9rico-v2---tecnolog\u00eda-voluson\" class=\"ge-generic-content-v2-container gehc-padding-top-48 gehc-padding-bottom-48 theme-grey-100\">\n<div class=\"mdc-layout-grid eds-grid\">\n<div class=\"mdc-layout-grid__inner\">\n<div class=\"mdc-layout-grid__cell mdc-layout-grid__cell--span-8-desktop mdc-layout-grid__cell--span-8-tablet mdc-layout-grid__cell--span-4-phone\">\n<h5 class=\"ge-generic-content-v2-container__title eyebrow\">Tecnolog\u00eda Voluson<\/h5>\n<h3 class=\"ge-generic-content-v2-container__heading title-s\">Tecnolog\u00eda avanzada para un procesamiento de im\u00e1genes sin esfuerzo<\/h3>\n<\/div>\n<\/div>\n<div class=\"mdc-layout-grid__inner\">\n<div class=\"mdc-layout-grid__cell mdc-layout-grid__cell--span-8-desktop mdc-layout-grid__cell--span-8-tablet mdc-layout-grid__cell--span-4-phone\">\n<div class=\"ge-generic-content-v2-container__body ptag\">Simplemente coloque la sonda para obtener la informaci\u00f3n que necesita, sin perder el tiempo haciendo cambios. Basado en la arquitectura Voluson\u00a0Core, el sistema Voluson\u00a0P8 produce excelentes im\u00e1genes r\u00e1pida y f\u00e1cilmente en todos los tipos de pacientes.<\/div>\n<\/div>\n<\/div>\n<\/div>\n<\/section>\n<\/div>\n<section id=\"fade-in-video--1\" class=\"FadeInVideoComponent gehc-padding-top-48 gehc-padding-bottom-48 themev2-purple-1000\">\n<div class=\"mdc-layout-grid eds-grid FadeInVideoComponent__grid\">\n<div class=\"mdc-layout-grid__inner FadeInVideoComponent__grid-row\">\n<div class=\"mdc-layout-grid__cell mdc-layout-grid__cell--span-8-desktop mdc-layout-grid__cell--span-6-tablet mdc-layout-grid__cell--span-4-phone\">\n<h2 class=\"FadeInVideoComponent__heading themev2-purple-1000\">HD-Flow\u2122<\/h2>\n<p class=\"FadeInVideoComponent__description themev2-purple-1000\">Caracter\u00edstica Doppler bidireccional que reduce la sobreescritura y aumenta la sensibilidad en comparaci\u00f3n con el Doppler a color convencional.<\/p>\n<\/div>\n<\/div>\n<\/div>\n<div class=\"FadeInVideoComponent__video\">\n<div class=\"FadeInVideoComponent__FadeInVideoDimension\">\n<div class=\"ge-fade-in-video__eds-video\">\n<div class=\"ge-fade-in-video__eds-video_container\">\n<div class=\"vidyard-player-container\">\n<div class=\"vidyard-div-uwZmQdkSSgJPJGNg5iaRaC\" role=\"region\" aria-label=\"Vidyard media player\">\n<div class=\"vidyard-inner-container-uwZmQdkSSgJPJGNg5iaRaC\" data-pl=\"false\"><\/div>\n<\/div>\n<\/div>\n<\/div>\n<\/div>\n<\/div>\n<\/div>\n<\/section>\n<section id=\"s-curve-module-v2\" class=\"ge-SCurveModuleV2 gehc-padding-top-48 gehc-padding-bottom-48 themev2-purple-1000\">\n<div class=\"mdc-layout-grid eds-grid ge-SCurveModuleV2__grid\">\n<div class=\"mdc-layout-grid__inner ge-SCurveModuleV2__grid__grid-row\">\n<div class=\"mdc-layout-grid__cell ge-SCurveModuleV2__grid__grid-row__text-content mdc-layout-grid__cell--span-6-desktop mdc-layout-grid__cell--span-4-tablet mdc-layout-grid__cell--span-4-phone\">\n<div>\n<h3 class=\"ge-SCurveModuleV2__grid__grid-row__text-content__heading title-s themev2-purple-1000\">SonoBiometry<\/h3>\n<p class=\"ge-SCurveModuleV2__grid__grid-row__text-content__description ptags-small themev2-purple-1000\">Reduzca las pulsaciones de teclas con las mediciones biom\u00e9tricas semiautomatizadas SonoBiometry (BPD, HC, AC, FL, HL, Vp, CM, Cereb y FHR).<\/p>\n<\/div>\n<\/div>\n<\/div>\n<div class=\"mdc-layout-grid__inner ge-SCurveModuleV2__grid__grid-row\">\n<div class=\"mdc-layout-grid__cell ge-SCurveModuleV2__grid__grid-row__media-content mdc-layout-grid__cell--span-6-desktop mdc-layout-grid__cell--span-4-tablet mdc-layout-grid__cell--span-4-phone\">\n<div class=\"ge-SCurveModuleV2__grid__grid-row__media-content__image-comp\"><\/div>\n<\/div>\n<div class=\"mdc-layout-grid__cell ge-SCurveModuleV2__grid__grid-row__text-content mdc-layout-grid__cell--span-6-desktop mdc-layout-grid__cell--span-4-tablet mdc-layout-grid__cell--span-4-phone\">\n<div>\n<h3 class=\"ge-SCurveModuleV2__grid__grid-row__text-content__heading title-s themev2-purple-1000\">Clasificaci\u00f3n uterina<\/h3>\n<p class=\"ge-SCurveModuleV2__grid__grid-row__text-content__description ptags-small themev2-purple-1000\">Simplifique la identificaci\u00f3n y la notificaci\u00f3n de anomal\u00edas uterinas bas\u00e1ndose en las normas ESHRE, ESGE y ASRM.<\/p>\n<\/div>\n<\/div>\n<\/div>\n<\/div>\n<\/section>\n<section id=\"fade-in-video\" class=\"FadeInVideoComponent gehc-padding-top-48 gehc-padding-bottom-48 themev2-purple-1000\">\n<div class=\"mdc-layout-grid eds-grid FadeInVideoComponent__grid\">\n<div class=\"mdc-layout-grid__inner FadeInVideoComponent__grid-row\">\n<div class=\"mdc-layout-grid__cell mdc-layout-grid__cell--span-8-desktop mdc-layout-grid__cell--span-6-tablet mdc-layout-grid__cell--span-4-phone\">\n<h2 class=\"FadeInVideoComponent__heading themev2-purple-1000\">SonoRenderlive<\/h2>\n<p class=\"FadeInVideoComponent__description themev2-purple-1000\">Facilita la representaci\u00f3n volum\u00e9trica al automatizar la colocaci\u00f3n de l\u00edneas de renderizaci\u00f3n en im\u00e1genes 3D y 4D.<\/p>\n<\/div>\n<\/div>\n<\/div>\n<div class=\"FadeInVideoComponent__video\">\n<div class=\"FadeInVideoComponent__FadeInVideoDimension\">\n<div class=\"ge-fade-in-video__eds-video\">\n<div class=\"ge-fade-in-video__eds-video_container\">\n<div class=\"vidyard-player-container\">\n<div class=\"vidyard-div-biFbCiWudFRMp3KxejrV1n\" role=\"region\" aria-label=\"Vidyard media player\">\n<div class=\"vidyard-inner-container-biFbCiWudFRMp3KxejrV1n\" data-pl=\"false\"><\/div>\n<\/div>\n<\/div>\n<\/div>\n<\/div>\n<\/div>\n<\/div>\n<\/section>\n<section id=\"new-s-curve-module-v2\" class=\"ge-SCurveModuleV2 gehc-padding-top-48 gehc-padding-bottom-48 themev2-purple-1000\">\n<div class=\"mdc-layout-grid eds-grid ge-SCurveModuleV2__grid\">\n<div class=\"mdc-layout-grid__inner ge-SCurveModuleV2__grid__grid-row\">\n<div class=\"mdc-layout-grid__cell ge-SCurveModuleV2__grid__grid-row__media-content mdc-layout-grid__cell--span-6-desktop mdc-layout-grid__cell--span-4-tablet mdc-layout-grid__cell--span-4-phone\">\n<div class=\"ge-SCurveModuleV2__grid__grid-row__media-content__image-comp\"><\/div>\n<\/div>\n<div class=\"mdc-layout-grid__cell ge-SCurveModuleV2__grid__grid-row__text-content mdc-layout-grid__cell--span-6-desktop mdc-layout-grid__cell--span-4-tablet mdc-layout-grid__cell--span-4-phone\">\n<div>\n<h3 class=\"ge-SCurveModuleV2__grid__grid-row__text-content__heading title-s themev2-purple-1000\">SonoNT\u2122 | SonoIT<\/h3>\n<p class=\"ge-SCurveModuleV2__grid__grid-row__text-content__description ptags-small themev2-purple-1000\">Translucencia intracraneal basada en sonograf\u00eda: mediciones estandarizadas semiautom\u00e1ticas de la translucencia nucal e intracraneal.<\/p>\n<\/div>\n<\/div>\n<\/div>\n<div class=\"mdc-layout-grid__inner ge-SCurveModuleV2__grid__grid-row\">\n<div class=\"mdc-layout-grid__cell ge-SCurveModuleV2__grid__grid-row__media-content mdc-layout-grid__cell--span-6-desktop mdc-layout-grid__cell--span-4-tablet mdc-layout-grid__cell--span-4-phone\">\n<div class=\"ge-SCurveModuleV2__grid__grid-row__media-content__image-comp\"><\/div>\n<\/div>\n<div class=\"mdc-layout-grid__cell ge-SCurveModuleV2__grid__grid-row__text-content mdc-layout-grid__cell--span-6-desktop mdc-layout-grid__cell--span-4-tablet mdc-layout-grid__cell--span-4-phone\">\n<div>\n<h3 class=\"ge-SCurveModuleV2__grid__grid-row__text-content__heading title-s themev2-purple-1000\">SonoAVC\u2122follicle<\/h3>\n<p class=\"ge-SCurveModuleV2__grid__grid-row__text-content__description ptags-small themev2-purple-1000\">SonoAVC\u2122follicle calcula de forma autom\u00e1tica el n\u00famero, las dimensiones y el volumen de estructuras hipoecoicas en un barrido de volumen para ayudar a monitorizar m\u00e1s r\u00e1pidamente los fol\u00edculos de la paciente.<\/p>\n<\/div>\n<\/div>\n<\/div>\n<div class=\"mdc-layout-grid__inner ge-SCurveModuleV2__grid__grid-row\">\n<div class=\"mdc-layout-grid__cell ge-SCurveModuleV2__grid__grid-row__media-content mdc-layout-grid__cell--span-6-desktop mdc-layout-grid__cell--span-4-tablet mdc-layout-grid__cell--span-4-phone\">\n<div class=\"ge-SCurveModuleV2__grid__grid-row__media-content__image-comp\"><\/div>\n<\/div>\n<div class=\"mdc-layout-grid__cell ge-SCurveModuleV2__grid__grid-row__text-content mdc-layout-grid__cell--span-6-desktop mdc-layout-grid__cell--span-4-tablet mdc-layout-grid__cell--span-4-phone\">\n<div>\n<h3 class=\"ge-SCurveModuleV2__grid__grid-row__text-content__heading title-s themev2-purple-1000\">SonoLD<\/h3>\n<p class=\"ge-SCurveModuleV2__grid__grid-row__text-content__description ptags-small themev2-purple-1000\">Tecnolog\u00eda automatizada que monitoriza y documenta el trabajo de parto para ayudar a evaluar la progresi\u00f3n del trabajo de parto de segunda etapa.<\/p>\n<\/div>\n<\/div>\n<\/div>\n<\/div>\n<\/section>\n<div id=\"contenido-gen\u00e9rico-v2-1\">\n<section id=\"contenido-gen\u00e9rico-v2-1\" class=\"ge-generic-content-v2-container gehc-padding-top-48 gehc-padding-bottom-48 themev2-white\">\n<div class=\"mdc-layout-grid eds-grid\">\n<div class=\"mdc-layout-grid__inner\">\n<div class=\"mdc-layout-grid__cell mdc-layout-grid__cell--span-8-desktop mdc-layout-grid__cell--span-8-tablet mdc-layout-grid__cell--span-4-phone\">\n<h3 class=\"ge-generic-content-v2-container__heading title-s\">Tecnolog\u00eda de sonda Voluson<\/h3>\n<\/div>\n<\/div>\n<div class=\"mdc-layout-grid__inner\">\n<div class=\"mdc-layout-grid__cell mdc-layout-grid__cell--span-8-desktop mdc-layout-grid__cell--span-8-tablet mdc-layout-grid__cell--span-4-phone\">\n<div class=\"ge-generic-content-v2-container__body ptag\">La extraordinaria calidad de imagen comienza con la tecnolog\u00eda de sondas avanzada. Bas\u00e1ndonos en los comentarios de profesionales m\u00e9dicos y ecografistas, hemos mejorado las sondas Voluson para ayudarle a satisfacer sus necesidades ergon\u00f3micas, adem\u00e1s de incluir innovaciones y tecnolog\u00edas avanzadas para las aplicaciones de atenci\u00f3n a la mujer.<\/div>\n<\/div>\n<\/div>\n<\/div>\n<\/section>\n<\/div>\n<p>&nbsp;<\/p>\n<p>&nbsp;<\/p>\n<p><a class=\"elboton\" href=\"https:\/\/www.gehealthcare.es\/products\/ultrasound\/voluson\/voluson-p8\" target=\"_blank\" rel=\"noopener\">Enlace de la marca<\/a><\/p>\n","protected":false},"excerpt":{"rendered":"<p>Obtenci\u00f3n de im\u00e1genes simplificada<\/p>\n<p>Voluson\u2122 P8 ofrece una excelente calidad de la imagen, una gran facilidad de uso y un flujo de trabajo optimizado en un paquete elegante y ligero. Ideal para las cl\u00ednicas en crecimiento con agendas apretadas, el sistema P8 proporciona una atenci\u00f3n fiable para una gama de aplicaciones. Su alto rendimiento, asequibilidad operativa y fiabilidad excepcional hacen que el P8 sea una forma rentable de unirse a la gama Voluson.<\/p>\n","protected":false},"featured_media":2192,"comment_status":"open","ping_status":"closed","template":"","meta":[],"product_cat":[41],"product_tag":[],"class_list":{"0":"post-2104","1":"product","2":"type-product","3":"status-publish","4":"has-post-thumbnail","6":"product_cat-imagenologia-de-la-mujer","8":"first","9":"instock","10":"shipping-taxable","11":"purchasable","12":"product-type-simple"},"_links":{"self":[{"href":"https:\/\/blank.net.do\/globalmedica\/es\/wp-json\/wp\/v2\/product\/2104","targetHints":{"allow":["GET"]}}],"collection":[{"href":"https:\/\/blank.net.do\/globalmedica\/es\/wp-json\/wp\/v2\/product"}],"about":[{"href":"https:\/\/blank.net.do\/globalmedica\/es\/wp-json\/wp\/v2\/types\/product"}],"replies":[{"embeddable":true,"href":"https:\/\/blank.net.do\/globalmedica\/es\/wp-json\/wp\/v2\/comments?post=2104"}],"wp:featuredmedia":[{"embeddable":true,"href":"https:\/\/blank.net.do\/globalmedica\/es\/wp-json\/wp\/v2\/media\/2192"}],"wp:attachment":[{"href":"https:\/\/blank.net.do\/globalmedica\/es\/wp-json\/wp\/v2\/media?parent=2104"}],"wp:term":[{"taxonomy":"product_cat","embeddable":true,"href":"https:\/\/blank.net.do\/globalmedica\/es\/wp-json\/wp\/v2\/product_cat?post=2104"},{"taxonomy":"product_tag","embeddable":true,"href":"https:\/\/blank.net.do\/globalmedica\/es\/wp-json\/wp\/v2\/product_tag?post=2104"}],"curies":[{"name":"wp","href":"https:\/\/api.w.org\/{rel}","templated":true}]}}