{"id":2105,"date":"2024-07-05T00:03:33","date_gmt":"2024-07-05T00:03:33","guid":{"rendered":"https:\/\/blank.net.do\/globalmedica\/product\/vivid-s70\/"},"modified":"2024-07-08T09:20:06","modified_gmt":"2024-07-08T09:20:06","slug":"vivid-s70","status":"publish","type":"product","link":"https:\/\/blank.net.do\/globalmedica\/es\/product\/vivid-s70\/","title":{"rendered":"Vivid S70"},"content":{"rendered":"<div>\n<div class=\"rah-static rah-static--height-auto ge-s-curve__title-description-wrapper ge-s-curve__title-description-wrapper--expanded\" aria-hidden=\"false\">\n<div>\n<div>\n<div class=\"ge-rtf-module ge-s-curve__description\">\n<div>\n<h4><strong>SU TIEMPO ES MUY IMPORTANTE. AHORRE TIEMPO.<\/strong><\/h4>\n<p>El sistema Vivid S70N Ultra Edition est\u00e1 dise\u00f1ado para ayudarle a superar los retos cl\u00ednicos m\u00e1s exigentes e introduce una nueva tecnolog\u00eda basada en inteligencia artificial que ayuda a reducir las tareas tediosas y a mejorar el flujo de trabajo.<\/p>\n<h4><strong>EL PODER DE LA IA, POTENCIADO POR USTED<\/strong><\/h4>\n<p>Aproveche las ventajas ampliadas de la inteligencia artificial y realice ex\u00e1menes precisos, reproducibles y de alta calidad de forma r\u00e1pida y sencilla.<sup>1<\/sup><\/p>\n<p>Le espera una experiencia impresionante.<\/p><\/div>\n<\/div>\n<\/div>\n<\/div>\n<\/div>\n<\/div>\n<p>&nbsp;<\/p>\n<h4 class=\"ge-s-curve__item-title -text--bold\">APLICACIONES\u00a0VIVID\u00a0HEART<\/h4>\n<div class=\"ge-rtf-module ge-s-curve__description\">\n<div>Las soluciones de aplicaciones de Vivid Heart contin\u00faa ampli\u00e1ndose para ayudarle a mejorar la atenci\u00f3n al paciente. La inteligencia artificial y otras innovaciones le ayudan a trabajar de forma m\u00e1s eficiente y r\u00e1pida para la visualizaci\u00f3n y navegaci\u00f3n, la cuantificaci\u00f3n del flujo, la cuantificaci\u00f3n de v\u00e1lvula, la cuantificaci\u00f3n de la c\u00e1mara y la adquisici\u00f3n de im\u00e1genes funcionales AFI.<\/div>\n<\/div>\n<div>\n<div class=\"rah-static rah-static--height-auto ge-s-curve__title-description-wrapper ge-s-curve__title-description-wrapper--expanded\" aria-hidden=\"false\">\n<div>\n<div>\n<h4 class=\"ge-s-curve__item-title -text--bold\">ERGONOM\u00cdA MODERNA<\/h4>\n<div class=\"ge-rtf-module ge-s-curve__description\">\n<div>Trabaje de forma eficiente y c\u00f3moda con dise\u00f1os familiares, modernos y eficaces que le ayudan a agilizar los ex\u00e1menes, tambi\u00e9n fuera del laboratorio de ecocardiograf\u00eda.<\/p>\n<p>Le invitamos a realizar un recorrido por el nuevo sistema Vivid S70N Ultra Edition.<\/p><\/div>\n<\/div>\n<\/div>\n<\/div>\n<\/div>\n<\/div>\n<p>&nbsp;<\/p>\n<p>&nbsp;<\/p>\n<p><a class=\"elboton\" href=\"https:\/\/www.gehealthcare.es\/products\/ultrasound\/vivid\/vivid-s70n\" target=\"_blank\" rel=\"noopener\">Enlace de la marca<\/a><\/p>\n","protected":false},"excerpt":{"rendered":"<p>EL PODER DE LA IA, POTENCIADO POR USTED<\/p>\n<p>El Vivid S70N Ultra Edition es un sistema f\u00e1cil de transportar dise\u00f1ado para ofrecer una calidad de imagen sin concesiones, funciones de visualizaci\u00f3n avanzadas y mediciones sencillas, al tiempo que ayuda a reducir las tareas tediosas y la variabilidad entre observadores.1<\/p>\n","protected":false},"featured_media":2193,"comment_status":"open","ping_status":"closed","template":"","meta":[],"product_cat":[42],"product_tag":[],"class_list":{"0":"post-2105","1":"product","2":"type-product","3":"status-publish","4":"has-post-thumbnail","6":"product_cat-ecocardiografia","8":"first","9":"instock","10":"shipping-taxable","11":"purchasable","12":"product-type-simple"},"_links":{"self":[{"href":"https:\/\/blank.net.do\/globalmedica\/es\/wp-json\/wp\/v2\/product\/2105","targetHints":{"allow":["GET"]}}],"collection":[{"href":"https:\/\/blank.net.do\/globalmedica\/es\/wp-json\/wp\/v2\/product"}],"about":[{"href":"https:\/\/blank.net.do\/globalmedica\/es\/wp-json\/wp\/v2\/types\/product"}],"replies":[{"embeddable":true,"href":"https:\/\/blank.net.do\/globalmedica\/es\/wp-json\/wp\/v2\/comments?post=2105"}],"wp:featuredmedia":[{"embeddable":true,"href":"https:\/\/blank.net.do\/globalmedica\/es\/wp-json\/wp\/v2\/media\/2193"}],"wp:attachment":[{"href":"https:\/\/blank.net.do\/globalmedica\/es\/wp-json\/wp\/v2\/media?parent=2105"}],"wp:term":[{"taxonomy":"product_cat","embeddable":true,"href":"https:\/\/blank.net.do\/globalmedica\/es\/wp-json\/wp\/v2\/product_cat?post=2105"},{"taxonomy":"product_tag","embeddable":true,"href":"https:\/\/blank.net.do\/globalmedica\/es\/wp-json\/wp\/v2\/product_tag?post=2105"}],"curies":[{"name":"wp","href":"https:\/\/api.w.org\/{rel}","templated":true}]}}