{"id":2106,"date":"2024-07-05T00:03:33","date_gmt":"2024-07-05T00:03:33","guid":{"rendered":"https:\/\/blank.net.do\/globalmedica\/product\/vivid-t9\/"},"modified":"2024-07-08T09:21:15","modified_gmt":"2024-07-08T09:21:15","slug":"vivid-t9","status":"publish","type":"product","link":"https:\/\/blank.net.do\/globalmedica\/es\/product\/vivid-t9\/","title":{"rendered":"Vivid T9"},"content":{"rendered":"<h2>Caracter\u00edsticas del ec\u00f3grafo Vivid T9<\/h2>\n<h3>SU TIEMPO ES MUY IMPORTANTE. AHORRE TIEMPO.<\/h3>\n<p>Vivid T9 Ultra Edition presenta una nueva tecnolog\u00eda basada en inteligencia artificial para ayudar a reducir las tareas tediosas y mejorar el flujo de trabajo.<sup>1<\/sup><\/p>\n<h3>EL PODER DE LA IA, POTENCIADO POR USTED<\/h3>\n<p>Descubra c\u00f3mo Vivid T9 Ultra Edition puede ayudarle a conseguir ex\u00e1menes precisos, reproducibles y de alta calidad de forma r\u00e1pida y sencilla.<sup>1<\/sup><\/p>\n<p>&nbsp;<\/p>\n<p>&nbsp;<\/p>\n<p>&nbsp;<\/p>\n<p><a class=\"elboton\" href=\"https:\/\/www.gehealthcare.es\/products\/ultrasound\/vivid\/vivid-t9\" target=\"_blank\" rel=\"noopener\">Enlace de la marca<\/a><\/p>\n","protected":false},"excerpt":{"rendered":"<p>Dise\u00f1ado para su activa consulta cardiovascular, Vivid T9 Ultra Edition es un sistema ligero y manejable de dise\u00f1o ergon\u00f3mico. Vivid T9 Ultra Edition cuenta con aplicaciones de inteligencia artificial para obtener resultados de diagn\u00f3stico r\u00e1pidos y reproducibles mediante herramientas de cuantificaci\u00f3n avanzadas.1 Disfrute de tranquilidad a largo plazo con un dise\u00f1o de software seguro, actualizaciones remotas y cobertura de garant\u00eda.<\/p>\n","protected":false},"featured_media":2194,"comment_status":"open","ping_status":"closed","template":"","meta":[],"product_cat":[42],"product_tag":[],"class_list":{"0":"post-2106","1":"product","2":"type-product","3":"status-publish","4":"has-post-thumbnail","6":"product_cat-ecocardiografia","8":"first","9":"instock","10":"shipping-taxable","11":"purchasable","12":"product-type-simple"},"_links":{"self":[{"href":"https:\/\/blank.net.do\/globalmedica\/es\/wp-json\/wp\/v2\/product\/2106","targetHints":{"allow":["GET"]}}],"collection":[{"href":"https:\/\/blank.net.do\/globalmedica\/es\/wp-json\/wp\/v2\/product"}],"about":[{"href":"https:\/\/blank.net.do\/globalmedica\/es\/wp-json\/wp\/v2\/types\/product"}],"replies":[{"embeddable":true,"href":"https:\/\/blank.net.do\/globalmedica\/es\/wp-json\/wp\/v2\/comments?post=2106"}],"wp:featuredmedia":[{"embeddable":true,"href":"https:\/\/blank.net.do\/globalmedica\/es\/wp-json\/wp\/v2\/media\/2194"}],"wp:attachment":[{"href":"https:\/\/blank.net.do\/globalmedica\/es\/wp-json\/wp\/v2\/media?parent=2106"}],"wp:term":[{"taxonomy":"product_cat","embeddable":true,"href":"https:\/\/blank.net.do\/globalmedica\/es\/wp-json\/wp\/v2\/product_cat?post=2106"},{"taxonomy":"product_tag","embeddable":true,"href":"https:\/\/blank.net.do\/globalmedica\/es\/wp-json\/wp\/v2\/product_tag?post=2106"}],"curies":[{"name":"wp","href":"https:\/\/api.w.org\/{rel}","templated":true}]}}