{"id":2107,"date":"2024-07-05T00:03:33","date_gmt":"2024-07-05T00:03:33","guid":{"rendered":"https:\/\/blank.net.do\/globalmedica\/product\/vivid-iq\/"},"modified":"2024-07-23T12:08:37","modified_gmt":"2024-07-23T12:08:37","slug":"vivid-iq","status":"publish","type":"product","link":"https:\/\/blank.net.do\/globalmedica\/es\/product\/vivid-iq\/","title":{"rendered":"Vivid iQ"},"content":{"rendered":"<h3>Calidad de imagen<\/h3>\n<p>Excelente calidad de imagen con portabilidad total, lejos del laboratorio de eco<\/p>\n<h3>Productividad extrema<\/h3>\n<p>Nuestras \u00faltimas tecnolog\u00edas basadas en IA pueden ayudar a mejorar la eficiencia del flujo de trabajo<\/p>\n<h3>Versatilidad cl\u00ednica<\/h3>\n<p>Un sistema completo que ofrece soluciones cl\u00ednicas m\u00e1s all\u00e1 de los adultos y la cardiolog\u00eda<\/p>\n<h3>Ergonom\u00eda moderna<\/h3>\n<p>Un dise\u00f1o familiar, moderno y eficiente con una excelente interfaz de operador<\/p>\n<h2>Sus pacientes conf\u00edan en usted. Usted puede confiar en nosotros. Usted puede confiar en Vivid Ultra Edition<\/h2>\n<p>El ultrasonido Vivid iq se ha actualizado para enfrentar los desaf\u00edos actuales. Para permitir la portabilidad total para ejecutar sus ex\u00e1menes de eco con una excelente calidad de imagen lejos del laboratorio de ecograf\u00eda.<\/p>\n<h2>APLICACIONES<\/h2>\n<h3>Excelencia cl\u00ednica, desde el laboratorio de ecograf\u00eda hasta los procedimientos de intervenci\u00f3n, Vivid iq Ultra Edition proporciona aplicaciones para aumentar sus capacidad y aptitudes.<\/h3>\n<h2>DESTACADOS<\/h2>\n<h3>Logre la excelencia cl\u00ednica con Vivid iq<\/h3>\n<p>Intuitiva y tan f\u00e1cil de usar como sus dispositivos personales, la interfaz de usuario actualizada de Vivid iq Ultra Edition ayuda a que el escaneo sea sencillo y r\u00e1pido. Las herramientas que aprovechan el poder de la IA ayudan a reducir los tiempos de examen y tambi\u00e9n reducen hasta el 80% de pulsaciones de teclas. Estas reducciones no solo ahorran tiempo, sino que ayudan a disminuir la fatiga y la variabilidad entre observadores. El tiempo de limpieza tambi\u00e9n se minimiza debido al panel operativo sellado que lo ayuda a pasar r\u00e1pidamente a su pr\u00f3ximo examen.<\/p>\n<h2>CALIDAD DE IMAGEN<\/h2>\n<h3>Un dispositivo port\u00e1til sin comprometer la calidad de imagen<\/h3>\n<p>Con el sistema port\u00e1til Vivid iq de GE HealthCare y la sonda M5Sc XDclear Matrix, obtendr\u00e1 una calidad de imagen excepcional en cualquier parte del hospital donde se encuentre. Y ahora, Penetration QuickApp brinda la visibilidad adicional que desear\u00eda tener en escaneos t\u00e9cnicamente dif\u00edciles, con solo un clic.<\/p>\n<h2>FLUJO DE TRABAJO<\/h2>\n<h3>Un mejor flujo de trabajo, con un mayor rendimiento de los ex\u00e1menes y menos tareas manuales<\/h3>\n<p>La IA lo hace posible. Nuestras aplicaciones basadas en IA ya ofrecen mediciones repetibles y m\u00e1s r\u00e1pidas en los modos 2D y Doppler. Y ahora, puede acelerar a\u00fan m\u00e1s los ex\u00e1menes con herramientas pioneras en la industria, para la medici\u00f3n de la fracci\u00f3n de eyecci\u00f3n del ventr\u00edculo izquierdo y el an\u00e1lisis del strain. Con un solo clic, con Easy Auto EF y Easy AFI LV tiene el potencial de reducir la tensi\u00f3n ergon\u00f3mica del operador y la variabilidad entre operadores.<\/p>\n<h2>ERGONOM\u00cdA MODERNA<\/h2>\n<h3>Gran ergonom\u00eda y experiencia de usuario.<\/h3>\n<p>La combinaci\u00f3n del control de pantalla completamente t\u00e1ctil con los nuevos gestos de deslizar y hacer clic en el panel t\u00e1ctil le permite mantener el apoyo para su mano mientras descansa en un nuevo reposamu\u00f1ecas ergon\u00f3mico. Escanear c\u00f3modamente le permite centrar su atenci\u00f3n en el \u00e1rea de la imagen. Las caracter\u00edsticas ergon\u00f3micas adicionales para su comodidad incluyen un monitor ajustable para personalizar los \u00e1ngulos de visualizaci\u00f3n y escritura, y un carro de altura ajustable para escanear c\u00f3modamente, ya sea sentado o de pie.<\/p>\n<h2>ECHOPAC\u2122<\/h2>\n<h3>Integraci\u00f3n perfecta con flujos de trabajo de revisi\u00f3n y procesamiento posterior a trav\u00e9s de m\u00faltiples proveedores 4D abiertos<\/h3>\n<p>EchoPAC Software Only y EchoPAC Plug-in permiten a los usuarios analizar y revisar datos de cualquier sistema de ultrasonido Vivid, as\u00ed como im\u00e1genes DICOM de otros sistemas de ultrasonido. La transferencia de medidas de DICOM SR, que incluye mediciones est\u00e1ndar y personalizadas, permite una integraci\u00f3n perfecta con GE Healthcare y otros sistemas de informes y EMR de la industria.<\/p>\n<h2>ADMINISTRACION DEL CICLO DE VIDA<\/h2>\n<h3>Maximice la experiencia del ciclo de vida de Vivid mientras minimiza su costo total de propiedad<\/h3>\n<p>Adquirir un ultrasonido de GE HealthCare no es solo tener acceso a aplicaciones cl\u00ednicas notables o de alta tecnolog\u00eda. Se trata de disfrutar de una nueva experiencia de usuario, en cada paso de la propiedad. Lo ayudamos a superarse hoy, mientras preparamos su departamento para los desaf\u00edos del ma\u00f1ana.<\/p>\n<p>&nbsp;<\/p>\n<p><a class=\"elboton\" href=\"https:\/\/latam.gehealthcare.com\/products\/ultrasound\/vivid\/iq\">Enlace de la marca<\/a><\/p>\n","protected":false},"excerpt":{"rendered":"<p>Imagine un ultrasonido port\u00e1til que aborde algunos de sus mayores desaf\u00edos.<\/p>\n","protected":false},"featured_media":2583,"comment_status":"open","ping_status":"closed","template":"","meta":[],"product_cat":[42],"product_tag":[],"class_list":{"0":"post-2107","1":"product","2":"type-product","3":"status-publish","4":"has-post-thumbnail","6":"product_cat-ecocardiografia","8":"first","9":"instock","10":"shipping-taxable","11":"purchasable","12":"product-type-simple"},"_links":{"self":[{"href":"https:\/\/blank.net.do\/globalmedica\/es\/wp-json\/wp\/v2\/product\/2107","targetHints":{"allow":["GET"]}}],"collection":[{"href":"https:\/\/blank.net.do\/globalmedica\/es\/wp-json\/wp\/v2\/product"}],"about":[{"href":"https:\/\/blank.net.do\/globalmedica\/es\/wp-json\/wp\/v2\/types\/product"}],"replies":[{"embeddable":true,"href":"https:\/\/blank.net.do\/globalmedica\/es\/wp-json\/wp\/v2\/comments?post=2107"}],"wp:featuredmedia":[{"embeddable":true,"href":"https:\/\/blank.net.do\/globalmedica\/es\/wp-json\/wp\/v2\/media\/2583"}],"wp:attachment":[{"href":"https:\/\/blank.net.do\/globalmedica\/es\/wp-json\/wp\/v2\/media?parent=2107"}],"wp:term":[{"taxonomy":"product_cat","embeddable":true,"href":"https:\/\/blank.net.do\/globalmedica\/es\/wp-json\/wp\/v2\/product_cat?post=2107"},{"taxonomy":"product_tag","embeddable":true,"href":"https:\/\/blank.net.do\/globalmedica\/es\/wp-json\/wp\/v2\/product_tag?post=2107"}],"curies":[{"name":"wp","href":"https:\/\/api.w.org\/{rel}","templated":true}]}}