{"id":2108,"date":"2024-07-05T00:03:33","date_gmt":"2024-07-05T00:03:33","guid":{"rendered":"https:\/\/blank.net.do\/globalmedica\/product\/vivid-e95\/"},"modified":"2024-07-08T09:23:00","modified_gmt":"2024-07-08T09:23:00","slug":"vivid-e95","status":"publish","type":"product","link":"https:\/\/blank.net.do\/globalmedica\/es\/product\/vivid-e95\/","title":{"rendered":"Vivid E95"},"content":{"rendered":"<h3>SU TIEMPO ES MUY IMPORTANTE. AHORRE TIEMPO.<\/h3>\n<p>Vivid E95 Ultra Edition presenta una nueva tecnolog\u00eda basada en inteligencia artificial para ayudar a reducir las tareas tediosas y mejorar el flujo de trabajo.\u00a0<sup>1<\/sup><\/p>\n<h3>EL PODER DE LA IA, POTENCIADO POR USTED<\/h3>\n<p>Aproveche las ventajas ampliadas de la inteligencia artificial y realice ex\u00e1menes precisos, reproducibles<sup>1<\/sup>\u00a0y de alta calidad de forma r\u00e1pida y sencilla.<\/p>\n<p>&nbsp;<\/p>\n<p>&nbsp;<\/p>\n<p><a class=\"elboton\" href=\"https:\/\/www.gehealthcare.es\/products\/ultrasound\/vivid\/vivid-e95\" target=\"_blank\" rel=\"noopener\">Enlace de la marca<\/a><\/p>\n","protected":false},"excerpt":{"rendered":"<p>Vivid E95 Ultra Edition est\u00e1 dise\u00f1ado para ofrecer una calidad de imagen \u00f3ptima, una visualizaci\u00f3n avanzada, mediciones sencillas en 2D y 4D y una automatizaci\u00f3n de tareas tediosas 1 con capacidades de cuantificaci\u00f3n de vanguardia para los pacientes m\u00e1s complejos.<\/p>\n","protected":false},"featured_media":2195,"comment_status":"open","ping_status":"closed","template":"","meta":[],"product_cat":[42],"product_tag":[],"class_list":{"0":"post-2108","1":"product","2":"type-product","3":"status-publish","4":"has-post-thumbnail","6":"product_cat-ecocardiografia","8":"first","9":"instock","10":"shipping-taxable","11":"purchasable","12":"product-type-simple"},"_links":{"self":[{"href":"https:\/\/blank.net.do\/globalmedica\/es\/wp-json\/wp\/v2\/product\/2108","targetHints":{"allow":["GET"]}}],"collection":[{"href":"https:\/\/blank.net.do\/globalmedica\/es\/wp-json\/wp\/v2\/product"}],"about":[{"href":"https:\/\/blank.net.do\/globalmedica\/es\/wp-json\/wp\/v2\/types\/product"}],"replies":[{"embeddable":true,"href":"https:\/\/blank.net.do\/globalmedica\/es\/wp-json\/wp\/v2\/comments?post=2108"}],"wp:featuredmedia":[{"embeddable":true,"href":"https:\/\/blank.net.do\/globalmedica\/es\/wp-json\/wp\/v2\/media\/2195"}],"wp:attachment":[{"href":"https:\/\/blank.net.do\/globalmedica\/es\/wp-json\/wp\/v2\/media?parent=2108"}],"wp:term":[{"taxonomy":"product_cat","embeddable":true,"href":"https:\/\/blank.net.do\/globalmedica\/es\/wp-json\/wp\/v2\/product_cat?post=2108"},{"taxonomy":"product_tag","embeddable":true,"href":"https:\/\/blank.net.do\/globalmedica\/es\/wp-json\/wp\/v2\/product_tag?post=2108"}],"curies":[{"name":"wp","href":"https:\/\/api.w.org\/{rel}","templated":true}]}}