{"id":2109,"date":"2024-07-05T00:03:33","date_gmt":"2024-07-05T00:03:33","guid":{"rendered":"https:\/\/blank.net.do\/globalmedica\/product\/versana-balance\/"},"modified":"2024-07-24T10:40:32","modified_gmt":"2024-07-24T10:40:32","slug":"versana-balance","status":"publish","type":"product","link":"https:\/\/blank.net.do\/globalmedica\/es\/product\/versana-balance\/","title":{"rendered":"Versana Balance"},"content":{"rendered":"<h3>Competente<\/h3>\n<p>Tranquilidad gracias a la calidad de imagen de primer nivel<br \/>\ntwo small rounded arrows in a pointing in a clockwise circle<\/p>\n<h3>Eficaz<\/h3>\n<p>El dise\u00f1o f\u00e1cil de usar, el flujo de trabajo y las herramientas automatizadas agilizan el flujo de trabajo<br \/>\nsmall icon of an ultrasound probe<\/p>\n<h3>Pr\u00e1ctica<\/h3>\n<p>Realice una gama completa de ex\u00e1menes y exploraciones con una amplia variedad de sondas<\/p>\n<h2>El sistema de ultrasonido Versana Balance\u2122 lo ayuda a ofrecer una atenci\u00f3n de primera calidad sin comprometer la calidad.<\/h2>\n<p>Versana Balance es la mejor opci\u00f3n para aquellos profesionales cl\u00ednicos que desean mejorar su capacidad, ya que entrega una capacidad de exploraci\u00f3n y calidad de imagen de primer nivel para el diagn\u00f3stico y la observaci\u00f3n en cl\u00ednicas privadas, consultorios de m\u00e9dicos de cabecera y en otros entornos de atenci\u00f3n primaria. Versana Balance es un sistema duradero y confiable que combina dise\u00f1o, flujo de trabajo y funciones de automatizaci\u00f3n en un sistema eficiente para atender a sus pacientes y trabajar en su consultorio todos los d\u00edas.<\/p>\n<h2>Competente. Eficiente. Pr\u00e1ctico.<\/h2>\n<p>Versana Balance proporciona im\u00e1genes de alta calidad para una amplia gama de ex\u00e1menes cl\u00ednicos y herramientas automatizadas que agilizan el flujo de trabajo. Adem\u00e1s, le ofrece a usted y a sus pacientes la confianza cl\u00ednica necesaria para realizar diagn\u00f3sticos y derivaciones con precisi\u00f3n y de manera oportuna. Es el equilibrio perfecto entre funcionalidad, econom\u00eda y fiabilidad, sin comprometer la atenci\u00f3n del paciente.<\/p>\n<h3>DE PARED A PARED<\/h3>\n<h2>Una soluci\u00f3n integral<\/h2>\n<p>Versana Balance es f\u00e1cil de usar y dispone de herramientas automatizadas intuitivas para agilizar el flujo de trabajo. Adem\u00e1s, cuenta con m\u00faltiples protocolos de examen y aplicaciones que permiten diagnosticar un amplio espectro de afecciones de los pacientes. Es un sistema pr\u00e1ctico y competente con capacidades avanzadas, recursos de formaci\u00f3n cl\u00ednica y opciones de financiamiento para satisfacer sus necesidades.<\/p>\n<h3>CONFIABILIDAD COMPROBADA<\/h3>\n<h2>Un socio en el que puede confiar<\/h2>\n<p>Versana Balance es parte de la familia de ultrasonido Versana y cuenta con d\u00e9cadas de experiencia en la que puede confiar. Una soluci\u00f3n completa que equilibra capacidad, asequibilidad y confiabilidad, que ofrece claridad de primer nivel en la adquisici\u00f3n de im\u00e1genes, a fin de ayudar a aumentar la confianza en el diagn\u00f3stico y potenciar la atenci\u00f3n sin riesgos.<\/p>\n<h3>CAPACITACI\u00d3N Y RECURSOS<\/h3>\n<h2>Una oportunidad de crecimiento<\/h2>\n<p>Versana Balance dispone de un equipo de asistencia completamente capacitado, calificado y con una amplia experiencia que est\u00e1 preparado para brindarle asistencia cuando lo necesite. Adem\u00e1s de la asistencia t\u00e9cnica, cl\u00ednica y de redes, tanto de forma presencial como remota, tambi\u00e9n recibir\u00e1 una formaci\u00f3n detallada sobre el producto. Adicionalmente, nuestro equipo de expertos puede ayudarlo a seleccionar el paquete de sondas y software que mejor se adapte a sus necesidades.<\/p>\n<p><a class=\"elboton\" href=\"https:\/\/latam.gehealthcare.com\/products\/ultrasound\/versana\/versana-balance\">Enlace de la marca<\/a><\/p>\n","protected":false},"excerpt":{"rendered":"<p>Este sistema de ultrasonidos de primer nivel, competente, eficaz y pr\u00e1ctico est\u00e1 dise\u00f1ado para ofrecer tranquilidad y ayudar a los profesionales cl\u00ednicos a proporcionar atenci\u00f3n m\u00e9dica con confianza<\/p>\n","protected":false},"featured_media":2587,"comment_status":"open","ping_status":"closed","template":"","meta":[],"product_cat":[43],"product_tag":[],"class_list":{"0":"post-2109","1":"product","2":"type-product","3":"status-publish","4":"has-post-thumbnail","6":"product_cat-atencion-primaria","8":"first","9":"instock","10":"shipping-taxable","11":"purchasable","12":"product-type-simple"},"_links":{"self":[{"href":"https:\/\/blank.net.do\/globalmedica\/es\/wp-json\/wp\/v2\/product\/2109","targetHints":{"allow":["GET"]}}],"collection":[{"href":"https:\/\/blank.net.do\/globalmedica\/es\/wp-json\/wp\/v2\/product"}],"about":[{"href":"https:\/\/blank.net.do\/globalmedica\/es\/wp-json\/wp\/v2\/types\/product"}],"replies":[{"embeddable":true,"href":"https:\/\/blank.net.do\/globalmedica\/es\/wp-json\/wp\/v2\/comments?post=2109"}],"wp:featuredmedia":[{"embeddable":true,"href":"https:\/\/blank.net.do\/globalmedica\/es\/wp-json\/wp\/v2\/media\/2587"}],"wp:attachment":[{"href":"https:\/\/blank.net.do\/globalmedica\/es\/wp-json\/wp\/v2\/media?parent=2109"}],"wp:term":[{"taxonomy":"product_cat","embeddable":true,"href":"https:\/\/blank.net.do\/globalmedica\/es\/wp-json\/wp\/v2\/product_cat?post=2109"},{"taxonomy":"product_tag","embeddable":true,"href":"https:\/\/blank.net.do\/globalmedica\/es\/wp-json\/wp\/v2\/product_tag?post=2109"}],"curies":[{"name":"wp","href":"https:\/\/api.w.org\/{rel}","templated":true}]}}