{"id":2110,"date":"2024-07-05T00:03:34","date_gmt":"2024-07-05T00:03:34","guid":{"rendered":"https:\/\/blank.net.do\/globalmedica\/product\/versana-premier\/"},"modified":"2024-07-08T09:31:53","modified_gmt":"2024-07-08T09:31:53","slug":"versana-premier","status":"publish","type":"product","link":"https:\/\/blank.net.do\/globalmedica\/es\/product\/versana-premier\/","title":{"rendered":"Versana Premier"},"content":{"rendered":"<div class=\"product-gallery__panel product-gallery--has-no-nav\">\n<h2 class=\"ge-h2 ge-module__title product-gallery__heading\" role=\"heading\">Caracter\u00edsticas de Versana Premier<\/h2>\n<\/div>\n<div class=\"product-gallery__items-wrapper theme-white\">\n<h3 class=\"ge-h3 product-gallery__title\" role=\"heading\">Un socio en el que puede confiar<\/h3>\n<div class=\"product-gallery__teaser\">\n<p>Tecnolog\u00eda de imagen de primera clase<br \/>\nServicio y soporte integral<br \/>\nD\u00e9cadas de trabajo de GE a su servicio<\/p>\n<\/div>\n<p>&nbsp;<\/p>\n<h3 class=\"ge-h3 product-gallery__title\" role=\"heading\">Una soluci\u00f3n completa<\/h3>\n<div class=\"product-gallery__teaser\">\n<p>Vers\u00e1til y f\u00e1cil de usar<br \/>\nAgudice sus habilidades, vaya un paso por delante<br \/>\nOpciones flexibles de financiaci\u00f3n<\/p>\n<\/div>\n<p>&nbsp;<\/p>\n<h3 class=\"ge-h3 product-gallery__title\" role=\"heading\">Una oportunidad de crecimiento<\/h3>\n<div class=\"product-gallery__teaser\">\n<p>Versana Club: Aprender. Comunicarse. Compartir.<br \/>\nSoporte experto durante y despu\u00e9s de la compra<br \/>\nSoluciones personalizadas y un camino para crecer<\/p>\n<h4 class=\"ge-product-banner__title\">Sondas*<\/h4>\n<div class=\"ge-product-banner__teaser\">Elija entre una amplia gama de sondas de ultrasonidos para una amplia variedad de ex\u00e1menes y biopsias precisas guiadas por imagen. *La disponibilidad de las sondas puede variar seg\u00fan la regi\u00f3n<\/div>\n<\/div>\n<div><\/div>\n<\/div>\n<section id=\"\" class=\"ge-products-feature-list ge-module\">\n<div class=\"ge-module__container\">\n<h2 class=\"ge-products-feature-list__title\">M\u00f3dulo de lista de funciones<\/h2>\n<div class=\"ge-products-feature-list__description\"><strong><em>Afinaci\u00f3n de imagen Whizz<\/em><\/strong><br \/>\nSolo tiene que pulsar el bot\u00f3n Whizz de su consola una vez. Sin pulsarlo de nuevo, Whizz optimiza la imagen de manera continua y autom\u00e1tica, incluso mientras se mueve entre \u00f3rganos o estructuras.<\/div>\n<p>&nbsp;<\/p>\n<div class=\"ge-products-feature-list__description\"><strong><em>Asistente de exploraci\u00f3n (Scan Assistant)<\/em><\/strong><br \/>\nProporcione a los ecografistas de ultrasonidos protocolos predefinidos de ex\u00e1menes estandarizados que los gu\u00eden a trav\u00e9s de todos los pasos de adquisici\u00f3n de im\u00e1genes, lo que ahorra la pulsaci\u00f3n excesiva de teclas, reduce el estr\u00e9s y la fatiga y maximiza la coherencia del examen.<\/div>\n<p>&nbsp;<\/p>\n<div class=\"ge-products-feature-list__description\"><strong><em>Vejiga Whizz<\/em><\/strong><br \/>\nUtilice la funci\u00f3n AutoBladder en la funci\u00f3n Whizz para combinar una calidad de imagen de ultrasonidos optimizada con las mediciones automatizadas.<\/div>\n<p>&nbsp;<\/p>\n<div class=\"ge-products-feature-list__description\"><strong><em>Cuidado de la mama<\/em><\/strong><br \/>\nEfect\u00fae exploraciones mamarias con un enfoque sistem\u00e1tico que asegura la cobertura de todos los segmentos, realizando las evaluaciones paso a paso. Para los ex\u00e1menes en serie, compare im\u00e1genes para reevaluar los cuadrantes marcados previamente como riesgos.<\/div>\n<p>&nbsp;<\/p>\n<div class=\"ge-products-feature-list__description\"><strong><em>Auto EF<\/em><\/strong><br \/>\nRastree autom\u00e1ticamente la deformaci\u00f3n del tejido del miocardio y calcule la fracci\u00f3n de eyecci\u00f3n del ventr\u00edculo izquierdo. El sistema realiza los trazados desde las vistas apical de cuatro c\u00e1maras y de dos c\u00e1maras, y calcula la fracci\u00f3n de eyecci\u00f3n.<\/div>\n<p>&nbsp;<\/p>\n<div class=\"ge-products-feature-list__description\"><strong><em>Reconocimiento de aguja<\/em><\/strong><br \/>\nRealice biopsias precisas con tecnolog\u00eda que clarifica la ubicaci\u00f3n precisa del punto de la aguja.<\/div>\n<p>&nbsp;<\/p>\n<div class=\"ge-products-feature-list__description\"><strong><em>Comentarios de voz<\/em><\/strong><br \/>\nConecte un micr\u00f3fono, toque un icono en la pantalla y capture los comentarios de voz grabados con manos libres que se superponen a las im\u00e1genes y se guardan para su reproducci\u00f3n posterior cuando revise el examen.<\/div>\n<p>&nbsp;<\/p>\n<div class=\"ge-products-feature-list__description\"><strong><em>Productividad de la mama<\/em><\/strong><br \/>\nEval\u00fae las mamas mientras realiza la exploraci\u00f3n; describa las caracter\u00edsticas de la estructura, incluido Bi-Rads, en comentarios que se incorporan directamente al informe. Utilice la funci\u00f3n Auto Contour para medir estructuras con facilidad.<\/div>\n<p>&nbsp;<\/p>\n<div class=\"ge-products-feature-list__description\"><strong><em>SonoBiometry<\/em><\/strong><br \/>\nReciba las ubicaciones de calibre sugeridas para realizar mediciones fetales estandarizadas de DBP, CC, CA, LF y LH.<\/div>\n<p>&nbsp;<\/p>\n<div class=\"ge-products-feature-list__description\"><strong><em>Insite Technology<\/em><\/strong><br \/>\nTecnolog\u00eda avanzada de servicio remoto, as\u00ed como diagn\u00f3stico y reparaci\u00f3n con monitorizaci\u00f3n remota de GE; conecte instant\u00e1neamente su m\u00e1quina de ultrasonidos con un experto en servicio de GE para resolver en el acto muchos problemas de forma remota.<\/div>\n<p>&nbsp;<\/p>\n<div class=\"ge-products-feature-list__description\"><strong><em>Ecocardiograf\u00eda de esfuerzo<\/em><\/strong><br \/>\nUn editor de plantillas para las pruebas de esfuerzo del miocardio. Eval\u00fae la funci\u00f3n del segmento card\u00edaco mediante la puntuaci\u00f3n y comparaci\u00f3n del esfuerzo del miocardio. El ecocardiograma de esfuerzo permite la puntuaci\u00f3n del movimiento de la pared y el etiquetado autom\u00e1tico del nivel de esfuerzo de las mediciones.<\/div>\n<p>&nbsp;<\/p>\n<div class=\"ge-products-feature-list__description\"><strong><em>Productividad de la tiroides<\/em><\/strong><br \/>\nEval\u00fae la tiroides mientras realiza la exploraci\u00f3n; describa las caracter\u00edsticas de la estructura con comentarios que se incorporan directamente al informe.<\/div>\n<p>&nbsp;<\/p>\n<div class=\"ge-products-feature-list__description\"><strong><em>VOCAL<\/em><\/strong><br \/>\n<span class=\"bx-messenger-content-item-content\"><span class=\"bx-messenger-content-item-text-center\"><span class=\"bx-messenger-content-item-text-message\"><span class=\"bx-messenger-content-item-text-wrap \"><span id=\"im-message-169465\" class=\"bx-messenger-message\">An\u00e1lisis de \u00f3rgano virtual asistido por ordenador<\/span><\/span><\/span><\/span><\/span>. Herramienta 3D que permite el c\u00e1lculo del volumen de \u00e1reas de forma exc\u00e9ntrica o estructuras anat\u00f3micas complejas.<\/div>\n<p>&nbsp;<\/p>\n<div class=\"ge-products-feature-list__description\"><strong><em><span class=\"bx-messenger-content-item-content\"><span class=\"bx-messenger-content-item-text-center\"><span class=\"bx-messenger-content-item-text-message\"><span class=\"bx-messenger-content-item-text-wrap \"><span id=\"im-message-169465\" class=\"bx-messenger-message\">Doppler tisular<\/span><\/span><\/span><\/span><\/span><\/em><\/strong><br \/>\n<span class=\"bx-messenger-content-item-content\"><span class=\"bx-messenger-content-item-text-center\"><span class=\"bx-messenger-content-item-text-message\"><span class=\"bx-messenger-content-item-text-wrap \"><span id=\"im-message-169465\" class=\"bx-messenger-message\">Adquiera datos en segundo plano durante una exploraci\u00f3n 2D normal<\/span><\/span><\/span><\/span><\/span>.<\/div>\n<p>&nbsp;<\/p>\n<div class=\"ge-products-feature-list__description\"><strong><em><span class=\"bx-messenger-content-item-content\"><span class=\"bx-messenger-content-item-text-center\"><span class=\"bx-messenger-content-item-text-message\"><span class=\"bx-messenger-content-item-text-wrap \"><span id=\"im-message-169465\" class=\"bx-messenger-message\">B-Flow y B-Flow Color<\/span><\/span><\/span><\/span><\/span><\/em><\/strong><br \/>\n<span class=\"bx-messenger-content-item-content\"><span class=\"bx-messenger-content-item-text-center\"><span class=\"bx-messenger-content-item-text-message\"><span class=\"bx-messenger-content-item-text-wrap \"><span id=\"im-message-169465\" class=\"bx-messenger-message\">B-Flow est\u00e1 destinado a proporcionar una representaci\u00f3n m\u00e1s intuitiva de<br \/>\nla hemodin\u00e1mica no cuantitativa en estructuras vasculares.<\/span><\/span><\/span><\/span><\/span><\/div>\n<p>&nbsp;<\/p>\n<div class=\"ge-products-feature-list__description\"><strong><em><span class=\"bx-messenger-content-item-content\"><span class=\"bx-messenger-content-item-text-center\"><span class=\"bx-messenger-content-item-text-message\"><span class=\"bx-messenger-content-item-text-wrap \"><span id=\"im-message-169465\" class=\"bx-messenger-message\">Ultrasonidos de contraste* mejorado (CEUS)<\/span><\/span><\/span><\/span><\/span><\/em><\/strong><br \/>\n<span class=\"bx-messenger-content-item-content\"><span class=\"bx-messenger-content-item-text-center\"><span class=\"bx-messenger-content-item-text-message\"><span class=\"bx-messenger-content-item-text-wrap \"><span id=\"im-message-169465\" class=\"bx-messenger-message\">T\u00e9cnica de detecci\u00f3n de vascularizaci\u00f3n que utiliza las propiedades de reflexi\u00f3n del sonido del agente de contraste inyectado.<\/span><\/span><\/span><\/span><\/span><\/div>\n<p>&nbsp;<\/p>\n<div class=\"ge-products-feature-list__description\"><strong><em><span class=\"bx-messenger-content-item-content\"><span class=\"bx-messenger-content-item-text-center\"><span class=\"bx-messenger-content-item-text-message\"><span class=\"bx-messenger-content-item-text-wrap \"><span id=\"im-message-169465\" class=\"bx-messenger-message\">Adquisici\u00f3n de im\u00e1genes de velocidad tisular (TVI, Tissue Velocity Imaging)<\/span><\/span><\/span><\/span><\/span><\/em><\/strong><br \/>\n<span class=\"bx-messenger-content-item-content\"><span class=\"bx-messenger-content-item-text-center\"><span class=\"bx-messenger-content-item-text-message\"><span class=\"bx-messenger-content-item-text-wrap \"><span id=\"im-message-169465\" class=\"bx-messenger-message\">Calcula y codifica las velocidades de los tejidos por colores.<\/span><\/span><\/span><\/span><\/span><\/div>\n<p>&nbsp;<\/p>\n<div class=\"ge-products-feature-list__description\"><strong><em><span class=\"bx-messenger-content-item-content\"><span class=\"bx-messenger-content-item-text-center\"><span class=\"bx-messenger-content-item-text-message\"><span class=\"bx-messenger-content-item-text-wrap \"><span id=\"im-message-169465\" class=\"bx-messenger-message\">3D\/4D<\/span><\/span><\/span><\/span><\/span><\/em><\/strong><br \/>\n<span class=\"bx-messenger-content-item-content\"><span class=\"bx-messenger-content-item-text-center\"><span class=\"bx-messenger-content-item-text-message\"><span class=\"bx-messenger-content-item-text-wrap \"><span id=\"im-message-169465\" class=\"bx-messenger-message\">Visualice los tres planos de la imagen en un volumen de exploraci\u00f3n en tiempo real; esto es especialmente \u00fatil en ex\u00e1menes obst\u00e9tricos. La representaci\u00f3n y visualizaci\u00f3n de im\u00e1genes 3D proporcionan una r\u00e1pida reconstrucci\u00f3n de rastreos anat\u00f3micos. La tecnolog\u00eda 4D proporciona una adquisici\u00f3n continua y de alto volumen de im\u00e1genes 3D. La tecnolog\u00eda 4D a\u00f1ade dimensi\u00f3n de movimiento a una imagen 3D.<\/span><\/span><\/span><\/span><\/span><\/div>\n<p>&nbsp;<\/p>\n<div class=\"ge-products-feature-list__description\"><strong><em><span class=\"bx-messenger-content-item-content\"><span class=\"bx-messenger-content-item-text-center\"><span class=\"bx-messenger-content-item-text-message\"><span class=\"bx-messenger-content-item-text-wrap \"><span id=\"im-message-169465\" class=\"bx-messenger-message\">Seguimiento efectivo del examen<\/span><\/span><\/span><\/span><\/span><\/em><\/strong><br \/>\n<span class=\"bx-messenger-content-item-content\"><span class=\"bx-messenger-content-item-text-center\"><span class=\"bx-messenger-content-item-text-message\"><span class=\"bx-messenger-content-item-text-wrap \"><span id=\"im-message-169465\" class=\"bx-messenger-message\">En los ex\u00e1menes de seguimiento, la herramienta de seguimiento identifica autom\u00e1ticamente la misma sonda de ultrasonidos, ajustes preestablecidos, profundidad, ganancia y frecuencia que se usaron en la exploraci\u00f3n anterior. La imagen actual de ultrasonidos en tiempo real se muestra junto a la imagen anterior para compararlas con facilidad<\/span><\/span><\/span><\/span><\/span>.<\/div>\n<p>&nbsp;<\/p>\n<div class=\"ge-products-feature-list__description\"><strong><em><span class=\"bx-messenger-content-item-content\"><span class=\"bx-messenger-content-item-text-center\"><span class=\"bx-messenger-content-item-text-message\"><span class=\"bx-messenger-content-item-text-wrap \"><span id=\"im-message-169465\" class=\"bx-messenger-message\">Elastograf\u00eda<\/span><\/span><\/span><\/span><\/span><\/em><\/strong><br \/>\n<span class=\"bx-messenger-content-item-content\"><span class=\"bx-messenger-content-item-text-center\"><span class=\"bx-messenger-content-item-text-message\"><span class=\"bx-messenger-content-item-text-wrap \"><span id=\"im-message-169465\" class=\"bx-messenger-message\">Muestra la distribuci\u00f3n espacial de las propiedades de elasticidad del tejido en una regi\u00f3n de inter\u00e9s mediante la estimaci\u00f3n de la tensi\u00f3n antes y despu\u00e9s de la distorsi\u00f3n del tejido causada por fuerzas externas e internas. Puede ayudar a detectar tejidos anormales evaluando su rigidez en relaci\u00f3n con el tejido circundante.<\/span><\/span><\/span><\/span><\/span><\/div>\n<\/div>\n<\/section>\n<p>&nbsp;<\/p>\n<p>&nbsp;<\/p>\n<p><a class=\"elboton\" href=\"https:\/\/www.gehealthcare.es\/products\/ultrasound\/accessible-care\/versana-premier\" target=\"_blank\" rel=\"noopener\">Enlace de la marca<\/a><\/p>\n","protected":false},"excerpt":{"rendered":"<p>Poderoso. Vers\u00e1til. Productivo.<br \/>\nEquipo de ultrasonidos de primera clase dise\u00f1ado para su tranquilidad.<\/p>\n<p>El sistema de ultrasonidos Versana Premier ha sido dise\u00f1ado pensando en los m\u00e9dicos, para ayudarles a proporcionar un tratamiento eficiente y de alta calidad, paciente tras paciente y d\u00eda tras d\u00eda. Una amplia variedad de sondas de ultrasonidos y de funciones cl\u00ednicas le permiten realizar ex\u00e1menes r\u00e1pidos y c\u00f3modos, y ver con claridad y diagnosticar con confianza una amplia variedad de condiciones.<\/p>\n<p>&nbsp;<\/p>\n","protected":false},"featured_media":2196,"comment_status":"open","ping_status":"closed","template":"","meta":[],"product_cat":[43],"product_tag":[],"class_list":{"0":"post-2110","1":"product","2":"type-product","3":"status-publish","4":"has-post-thumbnail","6":"product_cat-atencion-primaria","8":"first","9":"instock","10":"shipping-taxable","11":"purchasable","12":"product-type-simple"},"_links":{"self":[{"href":"https:\/\/blank.net.do\/globalmedica\/es\/wp-json\/wp\/v2\/product\/2110","targetHints":{"allow":["GET"]}}],"collection":[{"href":"https:\/\/blank.net.do\/globalmedica\/es\/wp-json\/wp\/v2\/product"}],"about":[{"href":"https:\/\/blank.net.do\/globalmedica\/es\/wp-json\/wp\/v2\/types\/product"}],"replies":[{"embeddable":true,"href":"https:\/\/blank.net.do\/globalmedica\/es\/wp-json\/wp\/v2\/comments?post=2110"}],"wp:featuredmedia":[{"embeddable":true,"href":"https:\/\/blank.net.do\/globalmedica\/es\/wp-json\/wp\/v2\/media\/2196"}],"wp:attachment":[{"href":"https:\/\/blank.net.do\/globalmedica\/es\/wp-json\/wp\/v2\/media?parent=2110"}],"wp:term":[{"taxonomy":"product_cat","embeddable":true,"href":"https:\/\/blank.net.do\/globalmedica\/es\/wp-json\/wp\/v2\/product_cat?post=2110"},{"taxonomy":"product_tag","embeddable":true,"href":"https:\/\/blank.net.do\/globalmedica\/es\/wp-json\/wp\/v2\/product_tag?post=2110"}],"curies":[{"name":"wp","href":"https:\/\/api.w.org\/{rel}","templated":true}]}}