{"id":2111,"date":"2024-07-05T00:03:34","date_gmt":"2024-07-05T00:03:34","guid":{"rendered":"https:\/\/blank.net.do\/globalmedica\/product\/versana-active\/"},"modified":"2024-07-08T09:34:35","modified_gmt":"2024-07-08T09:34:35","slug":"versana-active","status":"publish","type":"product","link":"https:\/\/blank.net.do\/globalmedica\/es\/product\/versana-active\/","title":{"rendered":"Versana Active"},"content":{"rendered":"<h2 class=\"ge-h2 ge-module__title\" role=\"heading\">Versana Active de un vistazo<\/h2>\n<div class=\"ge-tabbed-poi__modules\">\n<div class=\"ge-tabbed-poi__module ge-tabbed-poi__module--selected\">\n<div class=\"ge-products-feature-list__description\">\n<div class=\"ge-products-feature-list__description\"><strong><em>Ajuste de imagen Whiz<\/em><\/strong><br \/>\nSimplemente toque el bot\u00f3n Whiz en su consola una vez. Sin presionarlo nuevamente, Whiz optimiza la imagen de forma continua y autom\u00e1tica, incluso cuando se mueve de un \u00f3rgano a otro.<\/div>\n<div><\/div>\n<div><strong><em>Comentarios de voz<\/em><\/strong><\/div>\n<\/div>\n<div class=\"ge-products-feature-list__description\">\n<div class=\"ge-products-feature-list__description\">Conecte un micr\u00f3fono, toque el icono de una pantalla y capture comentarios de voz grabados con manos libres que se superponen en las im\u00e1genes y se guardan para reproducirlas m\u00e1s tarde al revisar el examen.<\/div>\n<div><\/div>\n<\/div>\n<div class=\"ge-products-feature-list__description\">\n<div class=\"ge-products-feature-list__description\"><strong><em>Doppler tisular<\/em><\/strong><br \/>\nAdquiera datos en segundo plano durante las im\u00e1genes 2D regulares.<\/div>\n<\/div>\n<div class=\"ge-products-feature-list__description\">\n<div class=\"ge-products-feature-list__description\">\n<p><strong><em>Tricefy Uplink<\/em><\/strong><br \/>\nEnv\u00ede im\u00e1genes a la nube de Tricefy de forma inal\u00e1mbrica para compartirlas con otros m\u00e9dicos para consultas o compartirlas con pacientes. ** \/ ***<\/p>\n<p><sup>** Requiere conectividad Wi-Fi de alta velocidad y puede no estar disponible en todos los pa\u00edses.<\/sup><sup><br \/>\n*** Soluci\u00f3n de intercambio de casos basada en la nube proporcionada por separado por Trice Imaging. Los clientes pueden probar Tricefy a trav\u00e9s del per\u00edodo de prueba al firmar un acuerdo con Trice Imaging. Trice Imaging es el \u00fanico responsable de la aplicaci\u00f3n Tricefy Uplink y la soluci\u00f3n en la nube Tricefy.<\/sup><\/p>\n<\/div>\n<\/div>\n<div class=\"ge-products-feature-list__description\">\n<div class=\"ge-products-feature-list__description\"><strong><em>Vejiga Whiz<\/em><\/strong><br \/>\nUse la funci\u00f3n AutoBladder dentro de la funci\u00f3n Whiz para combinar una calidad de imagen de ultrasonido optimizada con mediciones autom\u00e1ticas.<\/div>\n<div><\/div>\n<\/div>\n<div class=\"ge-products-feature-list__description\">\n<div class=\"ge-products-feature-list__description\"><strong><em>Asistente de escaneo<\/em><\/strong><br \/>\nProporcione a los ecografistas de ultrasonido protocolos de examen estandarizados predefinidos que los gu\u00eden a trav\u00e9s de todos los pasos de la adquisici\u00f3n de im\u00e1genes, ahorrando pulsaciones de teclas, reduciendo el estr\u00e9s y la fatiga y maximizando la consistencia del examen..<\/div>\n<div><\/div>\n<\/div>\n<div class=\"ge-products-feature-list__description\">\n<div class=\"ge-products-feature-list__description\"><strong><em><span class=\"bx-messenger-content-item-content\"><span class=\"bx-messenger-content-item-text-center\"><span class=\"bx-messenger-content-item-text-message\"><span class=\"bx-messenger-content-item-text-wrap \"><span id=\"im-message-169465\" class=\"bx-messenger-message\">QTVI<\/span><\/span><\/span><\/span><\/span><\/em><\/strong><br \/>\n<span class=\"bx-messenger-content-item-content\"><span class=\"bx-messenger-content-item-text-center\"><span class=\"bx-messenger-content-item-text-message\"><span class=\"bx-messenger-content-item-text-wrap \"><span id=\"im-message-169465\" class=\"bx-messenger-message\">Utilice los datos brutos de TruScan en ex\u00e1menes card\u00edacos para realizar un an\u00e1lisis y una cuantificaci\u00f3n avanzados de la funci\u00f3n ventricular izquierda.<\/span><\/span><\/span><\/span><\/span><\/div>\n<\/div>\n<p><strong><em><span class=\"bx-messenger-content-item-content\"><span class=\"bx-messenger-content-item-text-center\"><span class=\"bx-messenger-content-item-text-message\"><span class=\"bx-messenger-content-item-text-wrap \"><span id=\"im-message-169465\" class=\"bx-messenger-message\">Im\u00e1genes de velocidad tisular (TVI)<\/span><\/span><\/span><\/span><\/span><\/em><\/strong><\/p>\n<div class=\"ge-products-feature-list__description\">\n<div class=\"ge-products-feature-list__description\"><span class=\"bx-messenger-content-item-content\"><span class=\"bx-messenger-content-item-text-center\"><span class=\"bx-messenger-content-item-text-message\"><span class=\"bx-messenger-content-item-text-wrap \"><span id=\"im-message-169465\" class=\"bx-messenger-message\">Calcula y codifica por colores las velocidades en los tejidos.<\/span><\/span><\/span><\/span><\/span><\/div>\n<\/div>\n<p><strong><em>Tecnolog\u00eda InSite\u2122<\/em><\/strong><\/p>\n<div class=\"ge-products-feature-list__description\">\n<div class=\"ge-products-feature-list__description\">Tecnolog\u00eda avanzada de servicio remoto de GE y diagn\u00f3stico y reparaci\u00f3n de monitoreo remoto; conecte instant\u00e1neamente su m\u00e1quina de ultrasonido con un experto en servicios de GE para resolver muchos problemas de forma remota en el acto.<\/div>\n<\/div>\n<p><strong><em>Seguimiento efectivo del examen<\/em><\/strong><\/p>\n<div class=\"ge-products-feature-list__description\">\n<div class=\"ge-products-feature-list__description\">Para los ex\u00e1menes de seguimiento, la herramienta de seguimiento identifica autom\u00e1ticamente la misma configuraci\u00f3n de sonda de ultrasonido, preajuste, profundidad, ganancia y frecuencia que se utiliz\u00f3 en el escaneo anterior. La imagen de ultrasonido actual en tiempo real se muestra junto a la imagen anterior para facilitar la comparaci\u00f3n.<\/div>\n<\/div>\n<p><strong><em>Productividad tiroidea<\/em><\/strong><\/p>\n<div class=\"ge-products-feature-list__description\">\n<div class=\"ge-products-feature-list__description\">Eval\u00fae la tiroides durante la exploraci\u00f3n; describir las caracter\u00edsticas de la estructura en los comentarios que se incorporan directamente al informe.<\/div>\n<\/div>\n<p><strong><em>ScanCoach<\/em><\/strong><\/p>\n<div class=\"ge-products-feature-list__description\">\n<div class=\"ge-products-feature-list__description\">Esta herramienta de referencia proporciona im\u00e1genes animadas en 3D, ilustraciones anat\u00f3micas e im\u00e1genes de referencia de ultrasonido para ayudarlo a determinar el plano de exploraci\u00f3n adecuado para la adquisici\u00f3n.<\/div>\n<\/div>\n<p><strong><em>Reconocimiento de agujas<\/em><\/strong><\/p>\n<div class=\"ge-products-feature-list__description\">\n<div class=\"ge-products-feature-list__description\">Realice biopsias precisas con tecnolog\u00eda que aclare la ubicaci\u00f3n precisa de la punta de la aguja.<\/div>\n<\/div>\n<p><strong><em><span class=\"bx-messenger-content-item-content\"><span class=\"bx-messenger-content-item-text-center\"><span class=\"bx-messenger-content-item-text-message\"><span class=\"bx-messenger-content-item-text-wrap \"><span id=\"im-message-169465\" class=\"bx-messenger-message\">Doppler mioc\u00e1rdico<\/span><\/span><\/span><\/span><\/span><\/em><\/strong><\/p>\n<div class=\"ge-products-feature-list__description\">\n<div class=\"ge-products-feature-list__description\"><span class=\"bx-messenger-content-item-content\"><span class=\"bx-messenger-content-item-text-center\"><span class=\"bx-messenger-content-item-text-message\"><span class=\"bx-messenger-content-item-text-wrap \"><span id=\"im-message-169465\" class=\"bx-messenger-message\">Im\u00e1genes con superposici\u00f3n de colores en la imagen del tejido<\/span><\/span><\/span><\/span><\/span>.<\/div>\n<\/div>\n<p><strong><em>SonoBiometry<\/em><\/strong><\/p>\n<div class=\"ge-products-feature-list__description\">\n<div class=\"ge-products-feature-list__description\">Reciba las ubicaciones sugeridas del calibrador para realizar mediciones fetales estandarizadas de BPD, HC, AC, FL y HL.<\/div>\n<\/div>\n<p><strong><em>Productividad mamaria<\/em><\/strong><\/p>\n<div class=\"ge-products-feature-list__description\">\n<div class=\"ge-products-feature-list__description\">Eval\u00fae los senos durante la exploraci\u00f3n; describir las caracter\u00edsticas de la estructura, incluidas Bi-Rads, en los comentarios que se incorporan directamente al informe Utilice la funci\u00f3n Auto Contour para medir estructuras f\u00e1cilmente.<\/div>\n<\/div>\n<p><strong><em>EF autom\u00e1tico<\/em><\/strong><\/p>\n<div class=\"ge-products-feature-list__description\">\n<div class=\"ge-products-feature-list__description\">Realice un seguimiento autom\u00e1tico de la deformaci\u00f3n del tejido mioc\u00e1rdico y calcule la fracci\u00f3n de eyecci\u00f3n del ventr\u00edculo izquierdo. El sistema hace los trazados de las vistas apical de cuatro c\u00e1maras y apical de dos c\u00e1maras y calcula la fracci\u00f3n de eyecci\u00f3n.<\/div>\n<\/div>\n<p><strong><em>Color B-Flow y B-Flow<\/em><\/strong><\/p>\n<div class=\"ge-products-feature-list__description\">\n<div class=\"ge-products-feature-list__description\">B-Flow est\u00e1 destinado a proporcionar una representaci\u00f3n m\u00e1s intuitiva de la hemodin\u00e1mica no cuantitativa en las estructuras vasculares.<\/div>\n<\/div>\n<\/div>\n<\/div>\n<div><\/div>\n<p>&nbsp;<\/p>\n<p><a class=\"elboton\" href=\"https:\/\/latam.gehealthcare.com\/products\/versana-active-primary-care-gp-version\" target=\"_blank\" rel=\"noopener\">Enlace de la marca<\/a><\/p>\n","protected":false},"excerpt":{"rendered":"<p>AVANZADO. CAPAZ. ADAPTABLE.<br \/>\nUltrasonido de clase mundial dise\u00f1ado para su tranquilidad.<\/p>\n<p>El sistema de ultrasonido Versana Active\u2122 ofrece la capacidad de im\u00e1genes de una consola en un paquete ligero y port\u00e1til que le permite llevar activamente su sistema a sus pacientes, en las instalaciones o en instalaciones remotas. Este sistema confiable brinda la agilidad de una unidad port\u00e1til con capacidad para conectarse a un carrito. Adaptable para cubrir una amplia gama de ex\u00e1menes diarios, es f\u00e1cil de llevar a cl\u00ednicas y consultorios m\u00e9dicos.<\/p>\n","protected":false},"featured_media":2197,"comment_status":"open","ping_status":"closed","template":"","meta":[],"product_cat":[43],"product_tag":[],"class_list":{"0":"post-2111","1":"product","2":"type-product","3":"status-publish","4":"has-post-thumbnail","6":"product_cat-atencion-primaria","8":"first","9":"instock","10":"shipping-taxable","11":"purchasable","12":"product-type-simple"},"_links":{"self":[{"href":"https:\/\/blank.net.do\/globalmedica\/es\/wp-json\/wp\/v2\/product\/2111","targetHints":{"allow":["GET"]}}],"collection":[{"href":"https:\/\/blank.net.do\/globalmedica\/es\/wp-json\/wp\/v2\/product"}],"about":[{"href":"https:\/\/blank.net.do\/globalmedica\/es\/wp-json\/wp\/v2\/types\/product"}],"replies":[{"embeddable":true,"href":"https:\/\/blank.net.do\/globalmedica\/es\/wp-json\/wp\/v2\/comments?post=2111"}],"wp:featuredmedia":[{"embeddable":true,"href":"https:\/\/blank.net.do\/globalmedica\/es\/wp-json\/wp\/v2\/media\/2197"}],"wp:attachment":[{"href":"https:\/\/blank.net.do\/globalmedica\/es\/wp-json\/wp\/v2\/media?parent=2111"}],"wp:term":[{"taxonomy":"product_cat","embeddable":true,"href":"https:\/\/blank.net.do\/globalmedica\/es\/wp-json\/wp\/v2\/product_cat?post=2111"},{"taxonomy":"product_tag","embeddable":true,"href":"https:\/\/blank.net.do\/globalmedica\/es\/wp-json\/wp\/v2\/product_tag?post=2111"}],"curies":[{"name":"wp","href":"https:\/\/api.w.org\/{rel}","templated":true}]}}