{"id":2112,"date":"2024-07-05T00:03:34","date_gmt":"2024-07-05T00:03:34","guid":{"rendered":"https:\/\/blank.net.do\/globalmedica\/product\/versana-essential\/"},"modified":"2024-07-24T10:48:00","modified_gmt":"2024-07-24T10:48:00","slug":"versana-essential","status":"publish","type":"product","link":"https:\/\/blank.net.do\/globalmedica\/es\/product\/versana-essential\/","title":{"rendered":"Versana Essential\u2122 Ultrasonido"},"content":{"rendered":"<h3>Simple<\/h3>\n<p>Sistema f\u00e1cil de usar dise\u00f1ado para soportar una amplia gama de aplicaciones<\/p>\n<h3>Efectivo<\/h3>\n<p>Funciones inteligentes y herramientas automatizadas para optimizar el flujo de trabajo y la productividad<\/p>\n<h3>Accesible<\/h3>\n<h2>Una amplia variedad de sondas asequibles, opciones de software y educaci\u00f3n para el usuario<\/h2>\n<p>Capacidad de exploraci\u00f3n completa y asequible con calidad de imagen que se ubica entre las mejores de su clase<br \/>\nVersana Essential es un sistema simple y accesible que tiene una amplia aplicabilidad y es ideal para cl\u00ednicas privadas, consultorios de m\u00e9dicos generales y otros especialistas.<\/p>\n<h2>Simple. Efectivo. Accesible.<\/h2>\n<p>Experimenta un alto nivel de atenci\u00f3n centrada en el paciente con una soluci\u00f3n de ultrasonido simple y econ\u00f3mica que funciona de manera confiable y eficiente.<\/p>\n<h2>UN SOCIO EN EL QUE PUEDES CONFIAR<\/h2>\n<h3>Im\u00e1genes de clase mundial<\/h3>\n<p>Cuando inviertes en Versana Essential, te beneficias de d\u00e9cadas de experiencia en im\u00e1genes de GE HealthCare, un innovador tecnol\u00f3gico y socio en salud globalmente respetado. Y porque necesitas un sistema que funcione como t\u00fa, GE HealthCare asegur\u00f3 que la opini\u00f3n de m\u00e9dicos y cl\u00ednicos se incorporara a Versana Essential. Al incorporar percepciones de usuarios aplicables en el desarrollo y dise\u00f1o de sistemas de ultrasonido, GE HealthCare tiene como objetivo agilizar los flujos de ex\u00e1menes y elevar la calidad de atenci\u00f3n proporcionada. Tambi\u00e9n cuenta con una s\u00f3lida cobertura de servicio y soporte de GE HealthCare para tu tranquilidad.<\/p>\n<h2>AMPLIA COBERTURA<\/h2>\n<h3>Una soluci\u00f3n completa<\/h3>\n<p>Versana Essential es un miembro duradero y confiable de la familia de ultrasonidos Versana. El sistema es ideal para cl\u00ednicas privadas, consultorios de m\u00e9dicos generales y de obstetricia\/ginecolog\u00eda, ya que permite tomar decisiones con confianza para referencias r\u00e1pidas y ofrece atractivas opciones de financiamiento que se ajustan a tu presupuesto mientras brinda atenci\u00f3n de alta calidad. El sistema est\u00e1 dise\u00f1ado para funcionar de manera confiable d\u00eda tras d\u00eda y ofrece soluciones diversas para ayudarte a comenzar r\u00e1pidamente, mejorar tus habilidades y mantenerte a la vanguardia.<\/p>\n<h2>UNA OPORTUNIDAD DE CRECIMIENTO<\/h2>\n<h3>Un camino hacia el futuro<\/h3>\n<p>La plataforma Versana Essential est\u00e1 dise\u00f1ada para adaptarse a tu pr\u00e1ctica hoy y crecer contigo. Puedes aumentar r\u00e1pidamente tu confianza diagn\u00f3stica, as\u00ed como la comodidad y confianza de tus pacientes en ti, con una variedad de transductores y aplicaciones que pueden mejorar la cantidad de informaci\u00f3n que ves durante los ex\u00e1menes de pacientes. La adaptabilidad es clave con Versana Essential. Versana tiene la capacidad de satisfacer las necesidades de tu pr\u00e1ctica ahora al ofrecer software y sondas de calidad capaces de m\u00faltiples aplicaciones, as\u00ed como un equipo de expertos cerca para apoyarte durante y despu\u00e9s de la compra.<\/p>\n<p>&nbsp;<\/p>\n<p>&nbsp;<\/p>\n<p><a class=\"elboton\" href=\"https:\/\/latam.gehealthcare.com\/products\/ultrasound\/versana\/versana-balance\">Enlace de la marca<\/a><\/p>\n","protected":false},"excerpt":{"rendered":"<p>Atenci\u00f3n confiable de clase mundial sin comprometer la calidad<\/p>\n","protected":false},"featured_media":2589,"comment_status":"open","ping_status":"closed","template":"","meta":[],"product_cat":[43],"product_tag":[],"class_list":{"0":"post-2112","1":"product","2":"type-product","3":"status-publish","4":"has-post-thumbnail","6":"product_cat-atencion-primaria","8":"first","9":"instock","10":"shipping-taxable","11":"purchasable","12":"product-type-simple"},"_links":{"self":[{"href":"https:\/\/blank.net.do\/globalmedica\/es\/wp-json\/wp\/v2\/product\/2112","targetHints":{"allow":["GET"]}}],"collection":[{"href":"https:\/\/blank.net.do\/globalmedica\/es\/wp-json\/wp\/v2\/product"}],"about":[{"href":"https:\/\/blank.net.do\/globalmedica\/es\/wp-json\/wp\/v2\/types\/product"}],"replies":[{"embeddable":true,"href":"https:\/\/blank.net.do\/globalmedica\/es\/wp-json\/wp\/v2\/comments?post=2112"}],"wp:featuredmedia":[{"embeddable":true,"href":"https:\/\/blank.net.do\/globalmedica\/es\/wp-json\/wp\/v2\/media\/2589"}],"wp:attachment":[{"href":"https:\/\/blank.net.do\/globalmedica\/es\/wp-json\/wp\/v2\/media?parent=2112"}],"wp:term":[{"taxonomy":"product_cat","embeddable":true,"href":"https:\/\/blank.net.do\/globalmedica\/es\/wp-json\/wp\/v2\/product_cat?post=2112"},{"taxonomy":"product_tag","embeddable":true,"href":"https:\/\/blank.net.do\/globalmedica\/es\/wp-json\/wp\/v2\/product_tag?post=2112"}],"curies":[{"name":"wp","href":"https:\/\/api.w.org\/{rel}","templated":true}]}}