{"id":2113,"date":"2024-07-05T00:03:34","date_gmt":"2024-07-05T00:03:34","guid":{"rendered":"https:\/\/blank.net.do\/globalmedica\/product\/venue\/"},"modified":"2024-07-08T09:36:58","modified_gmt":"2024-07-08T09:36:58","slug":"venue","status":"publish","type":"product","link":"https:\/\/blank.net.do\/globalmedica\/es\/product\/venue\/","title":{"rendered":"Venue\u2122"},"content":{"rendered":"<h2 class=\"ge-h2 ge-module__title\" role=\"heading\">Un dise\u00f1o que se basa en los detalles<\/h2>\n<div class=\"tabbed-product-module__tabs-wrapper\">\n<div class=\"tabbed-product-module__tabs\">\n<section id=\"aplicaciones\" class=\"ge-module ge-content-module theme-grey\">\n<div class=\"ge-module__container\">\n<h2 class=\"ge-h2 ge-content-module__title\" role=\"heading\">Herramientas autom\u00e1ticas para diversas aplicaciones.<\/h2>\n<div class=\"ge-content-module__teaser\">\nSimplifique y acelere las evaluaciones complejas de los pacientes con las herramientas autom\u00e1ticas con IA habilitada que est\u00e1n disponibles en Venue\u2122. Mediante algoritmos patentados, sintetizamos los datos de numerosos pacientes para garantizar c\u00e1lculos precisos con el fin de garantizar la confianza cl\u00ednica.<\/div>\n<\/div>\n<\/section>\n<\/div>\n<\/div>\n<div>\n<h4 class=\"ge-s-curve__item-title -text--bold\">Presentamos a la familia Venue\u2122<\/h4>\n<div class=\"ge-rtf-module ge-s-curve__description\">\n<div>\n<p>La familia Venue\u2122 es la primera familia de sistemas de ultrasonido de punto de atenci\u00f3n con IA habilitada. Conformada por Venue\u2122 y Venue Go\u2122, la familia de sistemas Venue funciona en una plataforma com\u00fan, de manera que los m\u00e9dicos puedan aprovechar la misma interfaz de usuario, sondas intercambiables**, medidas estrictas de ciberseguridad y actualizaciones de software coherentes.<\/p>\n<\/div>\n<\/div>\n<\/div>\n<div class=\"tabbed-product-module__tabs-wrapper\">\n<div class=\"tabbed-product-module__tabs\">\n<section id=\"aplicaciones\" class=\"ge-module ge-content-module theme-grey\">\n<div class=\"ge-module__container\">\n<div class=\"ge-content-module__cta-container\">\n<div class=\"ge-generic-module-content\" data-analytics-link-name=\"Investigaci\u00f3n con GE Healthcare\">\n<div>\n<h2 class=\"ge-h2 ge-generic-module-content__title\" role=\"heading\">Investigaci\u00f3n con GE Healthcare<\/h2>\n<div class=\"ge-generic-module-content__description\">\n<div class=\"ge-rtf__columnize\">\n<div class=\"column\">\n<p>\u00bfTiene alg\u00fan inter\u00e9s de investigaci\u00f3n espec\u00edfico al uso del ultrasonido en el punto de atenci\u00f3n? Ll\u00e1menos al 866.281.7545 o haga clic en el bot\u00f3n de env\u00edo de correo electr\u00f3nico para que nos pongamos en contacto con usted en relaci\u00f3n con su propuesta de investigaci\u00f3n.<\/p>\n<\/div>\n<\/div>\n<\/div>\n<\/div>\n<\/div>\n<\/div>\n<\/div>\n<\/section>\n<\/div>\n<\/div>\n<p>&nbsp;<\/p>\n<p>&nbsp;<\/p>\n<p><a class=\"elboton\" href=\"https:\/\/latam.gehealthcare.com\/es-pa\/products\/ultrasound\/point-of-care-ultrasound\/venue\" target=\"_blank\" rel=\"noopener\">Enlace de la marca<\/a><\/p>\n","protected":false},"excerpt":{"rendered":"<p>Ultrasonido simple, r\u00e1pido y preciso para cada momento.<\/p>\n<p>En momentos en los que cada segundo cuenta, es esencial contar con herramientas que le permitan actuar r\u00e1pidamente y ofrecer una atenci\u00f3n precisa. Venue\u2122 est\u00e1 dise\u00f1ado para ayudarlo a hacer exactamente eso. Como la mejor soluci\u00f3n de la familia Venue\u2122 de sistemas de ultrasonido de punto de atenci\u00f3n con IA habilitada, Venue ofrece una forma simple, r\u00e1pida y precisa de evaluar el estado m\u00e9dico de un paciente en el punto de atenci\u00f3n.<\/p>\n","protected":false},"featured_media":2198,"comment_status":"open","ping_status":"closed","template":"","meta":[],"product_cat":[44],"product_tag":[],"class_list":{"0":"post-2113","1":"product","2":"type-product","3":"status-publish","4":"has-post-thumbnail","6":"product_cat-punto-de-atencion","8":"first","9":"instock","10":"shipping-taxable","11":"purchasable","12":"product-type-simple"},"_links":{"self":[{"href":"https:\/\/blank.net.do\/globalmedica\/es\/wp-json\/wp\/v2\/product\/2113","targetHints":{"allow":["GET"]}}],"collection":[{"href":"https:\/\/blank.net.do\/globalmedica\/es\/wp-json\/wp\/v2\/product"}],"about":[{"href":"https:\/\/blank.net.do\/globalmedica\/es\/wp-json\/wp\/v2\/types\/product"}],"replies":[{"embeddable":true,"href":"https:\/\/blank.net.do\/globalmedica\/es\/wp-json\/wp\/v2\/comments?post=2113"}],"wp:featuredmedia":[{"embeddable":true,"href":"https:\/\/blank.net.do\/globalmedica\/es\/wp-json\/wp\/v2\/media\/2198"}],"wp:attachment":[{"href":"https:\/\/blank.net.do\/globalmedica\/es\/wp-json\/wp\/v2\/media?parent=2113"}],"wp:term":[{"taxonomy":"product_cat","embeddable":true,"href":"https:\/\/blank.net.do\/globalmedica\/es\/wp-json\/wp\/v2\/product_cat?post=2113"},{"taxonomy":"product_tag","embeddable":true,"href":"https:\/\/blank.net.do\/globalmedica\/es\/wp-json\/wp\/v2\/product_tag?post=2113"}],"curies":[{"name":"wp","href":"https:\/\/api.w.org\/{rel}","templated":true}]}}