{"id":2114,"date":"2024-07-05T00:03:34","date_gmt":"2024-07-05T00:03:34","guid":{"rendered":"https:\/\/blank.net.do\/globalmedica\/product\/venue-go\/"},"modified":"2024-07-08T09:38:26","modified_gmt":"2024-07-08T09:38:26","slug":"venue-go","status":"publish","type":"product","link":"https:\/\/blank.net.do\/globalmedica\/es\/product\/venue-go\/","title":{"rendered":"Venue\u2122 Go\u2122"},"content":{"rendered":"<section id=\"lo-apoyamos-en-la-lucha-contra\" class=\"ge-module ge-content-module theme-black\">\n<div class=\"ge-module__container\">\n<h2 class=\"ge-h2 ge-content-module__title\" role=\"heading\">Lo apoyamos en la lucha contra el COVID-19<\/h2>\n<div class=\"ge-content-module__teaser\">Mientras navega a trav\u00e9s de las aguas inexploradas de la pandemia COVID-19, estamos aqu\u00ed para apoyarlo con informaci\u00f3n y formaci\u00f3n. A continuaci\u00f3n, se presenta una compilaci\u00f3n de recursos para ayudarlo en la batalla contra el COVID-19.<\/div>\n<div class=\"ge-content-module__cta-container\"><\/div>\n<\/div>\n<\/section>\n<section id=\"lista-de-materiales-de-apoyo\" class=\"ge-module ge-supporting-materials\">\n<div class=\"ge-supporting-materials__container\">\n<h2 class=\"ge-h2 ge-module__title\" role=\"heading\">Dise\u00f1ado para el punto de cuidados<\/h2>\n<div class=\"tabbed-product-module__tabs-wrapper\">\n<div class=\"tabbed-product-module__tabs\">\n<section id=\"aplicaciones\" class=\"ge-module ge-content-module theme-black\">\n<div class=\"ge-module__container\">\n<h2 class=\"ge-h2 ge-content-module__title\" role=\"heading\">Herramientas autom\u00e1ticas para muchas aplicaciones.<\/h2>\n<div class=\"ge-content-module__teaser\">\nSimplifique y acelere las evaluaciones de pacientes con herramientas autom\u00e1ticas con IA habilitada, disponibles exclusivamente en los sistemas de la familia Venue, incluido Venue Go. Mediante algoritmos patentados, sintetizamos los datos de numerosos pacientes para garantizar c\u00e1lculos precisos con el fin de garantizar la confianza cl\u00ednica.<\/div>\n<\/div>\n<\/section>\n<\/div>\n<\/div>\n<\/div>\n<\/section>\n<section id=\"\" class=\"ge-module ge-content-module theme-white\">\n<div class=\"ge-module__container\">\n<h2 class=\"ge-h2 ge-content-module__title\" role=\"heading\">Vea la diferencia justo en el punto de cuidados<\/h2>\n<div class=\"ge-content-module__teaser\">Mediante algoritmos avanzados y adquisici\u00f3n de im\u00e1genes de alta calidad, Venue Go permite la diferenciaci\u00f3n precisa de los tejidos, la visualizaci\u00f3n de las agujas y la adquisici\u00f3n de im\u00e1genes claras, incluso en pacientes complicados, lo que ayuda a los profesionales sanitarios a realizar evaluaciones r\u00e1pidas y a tomar decisiones seguras en entornos que a menudo son impredecibles y ca\u00f3ticos.<\/div>\n<\/div>\n<\/section>\n<section id=\"02---m\u00f3dulo-curva-en-s\" class=\"ge-s-curve\" data-analytics-link-type=\"S-Curve Module\">\n<div class=\"ge-module__container ge-s-curve__container\">\n<div class=\"ge-s-curve__content\">\n<div>\n<div class=\"rah-static rah-static--height-auto ge-s-curve__title-description-wrapper ge-s-curve__title-description-wrapper--expanded\" aria-hidden=\"false\">\n<div>\n<div>\n<h4 class=\"ge-s-curve__item-title -text--bold\">Dise\u00f1o adaptable<\/h4>\n<div class=\"ge-rtf-module ge-s-curve__description\">\n<div>\n<p>Venue Go se adapta a las necesidades espec\u00edficas de diversos espacios cl\u00ednicos, desde el servicio de urgencias hasta la UCI y el quir\u00f3fano. Su peque\u00f1o tama\u00f1o, su compacta pantalla t\u00e1ctil de 15&#8243; y su dise\u00f1o elegante y ergon\u00f3mico la convierten en un sistema que se puede llevar a cualquier parte.<\/p>\n<\/div>\n<\/div>\n<\/div>\n<\/div>\n<\/div>\n<\/div>\n<\/div>\n<\/div>\n<div class=\"ge-module__container ge-s-curve__container\">\n<div class=\"ge-s-curve__content\">\n<div>\n<div class=\"rah-static rah-static--height-auto ge-s-curve__title-description-wrapper ge-s-curve__title-description-wrapper--expanded\" aria-hidden=\"false\">\n<div>\n<div>\n<h4 class=\"ge-s-curve__item-title -text--bold\">Una plataforma compartida<\/h4>\n<div class=\"ge-rtf-module ge-s-curve__description\">\n<div>\n<p>Una plataforma com\u00fan compartida entre Venue Go y Venue ofrece a los usuarios la misma experiencia independientemente del sistema que se utilice, y permite a las instalaciones simplificar sus protocolos de formaci\u00f3n.<\/p>\n<\/div>\n<\/div>\n<\/div>\n<\/div>\n<\/div>\n<\/div>\n<\/div>\n<\/div>\n<div class=\"ge-module__container ge-s-curve__container\">\n<div class=\"ge-s-curve__content\">\n<div>\n<div class=\"rah-static rah-static--height-auto ge-s-curve__title-description-wrapper ge-s-curve__title-description-wrapper--expanded\" aria-hidden=\"false\">\n<div>\n<div>\n<h4 class=\"ge-s-curve__item-title -text--bold\">F\u00e1cil de usar<\/h4>\n<div class=\"ge-rtf-module ge-s-curve__description\">\n<div>Venue Go ayuda a los m\u00e9dicos a iniciar r\u00e1pidamente la adquisici\u00f3n de im\u00e1genes con funciones como documentaci\u00f3n gr\u00e1fica sencilla, control de gestos y selecci\u00f3n r\u00e1pida de transductores que ayudan a mejorar la eficacia.<\/div>\n<\/div>\n<\/div>\n<\/div>\n<\/div>\n<\/div>\n<\/div>\n<\/div>\n<div class=\"ge-module__container ge-s-curve__container\">\n<div class=\"ge-s-curve__content\">\n<div>\n<div class=\"rah-static rah-static--height-auto ge-s-curve__title-description-wrapper ge-s-curve__title-description-wrapper--expanded\" aria-hidden=\"false\">\n<div>\n<div>\n<h4 class=\"ge-s-curve__item-title -text--bold\">Apoya los esfuerzos de control de infecciones<\/h4>\n<div class=\"ge-rtf-module ge-s-curve__description\">\n<div>Una pantalla plana sin resquicios (sin mandos, ni teclados, ni otras superficies con grietas) puede ayudar a reducir las infecciones nosocomiales.<\/div>\n<\/div>\n<\/div>\n<\/div>\n<\/div>\n<\/div>\n<\/div>\n<\/div>\n<\/section>\n<p>&nbsp;<\/p>\n<p>&nbsp;<\/p>\n<p><a class=\"elboton\" href=\"https:\/\/latam.gehealthcare.com\/products\/ultrasound\/point-of-care-ultrasound\/venuego\" target=\"_blank\" rel=\"noopener\">Enlace de la marca<\/a><\/p>\n","protected":false},"excerpt":{"rendered":"<p>Simplifique las evaluaciones y ofrezca cuidados eficaces con Venue Go\u2122. Con un dise\u00f1o adaptable \u00fanico que va del carro a la mesa y a la pared, Venue Go es compatible con la medicina en el punto de cuidados para todas las necesidades cl\u00ednicas y espacios f\u00edsicos, desde el servicio de urgencias hasta la UCI y el quir\u00f3fano.<\/p>\n","protected":false},"featured_media":2199,"comment_status":"open","ping_status":"closed","template":"","meta":[],"product_cat":[44],"product_tag":[],"class_list":{"0":"post-2114","1":"product","2":"type-product","3":"status-publish","4":"has-post-thumbnail","6":"product_cat-punto-de-atencion","8":"first","9":"instock","10":"shipping-taxable","11":"purchasable","12":"product-type-simple"},"_links":{"self":[{"href":"https:\/\/blank.net.do\/globalmedica\/es\/wp-json\/wp\/v2\/product\/2114","targetHints":{"allow":["GET"]}}],"collection":[{"href":"https:\/\/blank.net.do\/globalmedica\/es\/wp-json\/wp\/v2\/product"}],"about":[{"href":"https:\/\/blank.net.do\/globalmedica\/es\/wp-json\/wp\/v2\/types\/product"}],"replies":[{"embeddable":true,"href":"https:\/\/blank.net.do\/globalmedica\/es\/wp-json\/wp\/v2\/comments?post=2114"}],"wp:featuredmedia":[{"embeddable":true,"href":"https:\/\/blank.net.do\/globalmedica\/es\/wp-json\/wp\/v2\/media\/2199"}],"wp:attachment":[{"href":"https:\/\/blank.net.do\/globalmedica\/es\/wp-json\/wp\/v2\/media?parent=2114"}],"wp:term":[{"taxonomy":"product_cat","embeddable":true,"href":"https:\/\/blank.net.do\/globalmedica\/es\/wp-json\/wp\/v2\/product_cat?post=2114"},{"taxonomy":"product_tag","embeddable":true,"href":"https:\/\/blank.net.do\/globalmedica\/es\/wp-json\/wp\/v2\/product_tag?post=2114"}],"curies":[{"name":"wp","href":"https:\/\/api.w.org\/{rel}","templated":true}]}}