{"id":2115,"date":"2024-07-05T00:03:35","date_gmt":"2024-07-05T00:03:35","guid":{"rendered":"https:\/\/blank.net.do\/globalmedica\/product\/logiq-e\/"},"modified":"2024-07-18T09:05:23","modified_gmt":"2024-07-18T09:05:23","slug":"logiq-e","status":"publish","type":"product","link":"https:\/\/blank.net.do\/globalmedica\/es\/product\/logiq-e\/","title":{"rendered":"LOGIQ\u2122 &#8211; e"},"content":{"rendered":"<div class=\"gehc-tab-content-alltext\">\n<p><strong>Ver claramente. Ver r\u00e1pidamente. Gu\u00eda con precisi\u00f3n.<\/strong><\/p>\n<p>Esas fueron las solicitudes m\u00e1s frecuentes cuando preguntamos a los usuarios qu\u00e9 necesitaban para mejorar la productividad y la calidad de las im\u00e1genes en las aplicaciones de punto de atenci\u00f3n. El motor de generaci\u00f3n de im\u00e1genes NextGen LOGIQTM e * proviene de los sistemas de consola insignia de GE, y ofrece im\u00e1genes n\u00edtidas en un paquete compacto. El software y los transductores espec\u00edficos del punto de atenci\u00f3n ayudan a ver la aguja para administrar un bloqueo o realizar una aspiraci\u00f3n r\u00e1pidamente, incluso en un paciente obeso. Cuando la productividad es importante, puede controlar la consola desde el transductor, eliminando potencialmente la necesidad de contar con la asistencia de una segunda persona.<\/p>\n<p>Los preajustes espec\u00edficos de la anatom\u00eda y la capacidad de mostrar solo las funciones que necesita significa que puede concentrarse en el paciente en lugar del panel de control.<\/p>\n<p>Cuenta con seguridad cibern\u00e9tica mejorada con la plataforma operativa Windows\u00ae10 y es duradero y compacto para una f\u00e1cil portabilidad.<\/p>\n<\/div>\n<div class=\"gehc-tab-content-alltext\">\n<h4 class=\"ge-s-curve__item-title -text--bold\">Punto de atenci\u00f3n<\/h4>\n<div class=\"ge-rtf-module ge-s-curve__description\">\n<div>\n<p><strong>Capacitando la medicina en el punto de cuidados<\/strong><\/p>\n<p>Vea con nitidez. Vea con rapidez. Gu\u00ede con precisi\u00f3n. Esos eran los valores que solicitaron los usuarios e impulsaron la creaci\u00f3n de NextGen LOGIQ*\u00a0<em>e<\/em>. Su motor de adquisici\u00f3n de im\u00e1genes proviene de los sistemas de consola insignia de GE, que proporcionan im\u00e1genes n\u00edtidas en un paquete port\u00e1til. El software y los transductores espec\u00edficos del punto de cuidados ayudan a ver la aguja para administrar un bloqueo o realizar una aspiraci\u00f3n r\u00e1pidamente, incluso en pacientes obesos. Cuando la productividad importa, puede controlar la consola desde el transductor, eliminando potencialmente la necesidad de contar con una segunda persona.<\/p>\n<p><strong>Simple.<\/strong><\/p>\n<ul>\n<li><strong>Funciones avanzadas.<\/strong>\u00a0LOGIQ\u00a0<em>e<\/em>\u00a0est\u00e1 optimizado para el punto de cuidados, lo que permite la adquisici\u00f3n de im\u00e1genes sin necesidad de configuraci\u00f3n.<\/li>\n<li><strong>Uniformidad sencilla.\u00a0<\/strong>La herramienta de seguimiento del paciente con fusi\u00f3n ayuda a garantizar la coherencia t\u00e9cnica entre ex\u00e1menes para evitar que una t\u00e9cnica incoherente enturbie las conclusiones cl\u00ednicas.<\/li>\n<li><strong>Comparaci\u00f3n sencilla.\u00a0<\/strong>A veces, comparar entre izquierda y derecha o entre antes y despu\u00e9s es la clave para la toma de decisiones cl\u00ednicas. La pantalla dividida simult\u00e1nea hace que la comparaci\u00f3n sea casi autom\u00e1tica.<\/li>\n<li><strong>La sencillez de un n\u00famero.\u00a0<\/strong>La cuantificaci\u00f3n de PDI proporciona una representaci\u00f3n num\u00e9rica del flujo sangu\u00edneo que puede asociarse a inflamaci\u00f3n, tumores y sinovitis.<\/li>\n<\/ul>\n<p><strong>R\u00e1pido.<\/strong><\/p>\n<ul>\n<li><strong>\u00bfNecesita una tercera mano?\u00a0<\/strong>Con una aguja en una mano y una sonda en la otra, a veces necesita que otra persona ajuste la imagen. Con los controles del sistema en la sonda, puede que no necesite que le echen una mano.<\/li>\n<li><strong>Adquisici\u00f3n de im\u00e1genes para llevar.\u00a0<\/strong>El LOGIQ\u00a0<em>e<\/em>\u00a0es port\u00e1til y funciona con bater\u00eda, lo que proporciona flexibilidad para moverlo de una habitaci\u00f3n a otra.<\/li>\n<\/ul>\n<p><strong>Preciso.<\/strong><\/p>\n<ul>\n<li><strong>La diferenciaci\u00f3n de tejidos es importante.\u00a0<\/strong>El motor de adquisici\u00f3n de im\u00e1genes LOGIQ\u00a0<em>e<\/em>\u00a0se optimiza por separado para cada aplicaci\u00f3n del punto de cuidados.<\/li>\n<li><strong>Vea la punta de la aguja.\u00a0<\/strong>LOGIQ\u00a0<em>e\u00a0<\/em>utiliza dos tipos diferentes de ultrasonidos: uno para el tejido y otro para el metal. Esto ayuda a que la aguja destaque y permite un control independiente del aspecto de la aguja.<\/li>\n<li><strong>Adquiera im\u00e1genes de casi todo el cuerpo y de casi cualquier cuerpo.<\/strong>\u00a0El transductor curvado de 1-5\u00a0MHz proporciona penetraci\u00f3n en estructuras profundas, incluso en pacientes obesos. Otros transductores ofrecen im\u00e1genes de hasta 22\u00a0MHz para obtener detalles superficiales impresionantes.<\/li>\n<li><strong>Observe la inflamaci\u00f3n y las enfermedades tempranas.\u00a0<\/strong>La PDI de alta resoluci\u00f3n es una tecnolog\u00eda exclusiva de GE para visualizar el flujo en la neovascularizaci\u00f3n.<\/li>\n<li><strong>Vea en 3D.\u00a0<\/strong>Utilice cualquier transductor<sup>1<\/sup>\u00a0para mostrar relaciones anat\u00f3micas de forma intuitiva con Easy3D.<\/li>\n<\/ul>\n<div class=\"rah-static rah-static--height-auto ge-s-curve__title-description-wrapper ge-s-curve__title-description-wrapper--expanded\" aria-hidden=\"false\">\n<div>\n<div>\n<h4 class=\"ge-s-curve__item-title -text--bold\">Anestesi\u00f3logo<\/h4>\n<div class=\"ge-rtf-module ge-s-curve__description\">\n<div>\n<p><strong>Capacitando la anestesiolog\u00eda<\/strong><\/p>\n<p>Vea con nitidez. Vea con rapidez. Gu\u00ede con precisi\u00f3n. Esos eran los valores que solicitaron los usuarios e impulsaron la creaci\u00f3n de NextGen LOGIQ\u00a0<em>e<\/em>. Su motor de adquisici\u00f3n de im\u00e1genes proviene de los sistemas de consola insignia de GE, que proporcionan im\u00e1genes n\u00edtidas en un paquete compacto. Los transductores y el innovador software espec\u00edfico para anestesia le ayudan a ver la aguja y administrar un bloqueo, incluso en una sala con mucha luz.<\/p>\n<p><strong>Simple.<\/strong><\/p>\n<ul>\n<li><strong>Funciones avanzadas.<\/strong>\u00a0LOGIQ\u00a0<em>e\u00a0<\/em>est\u00e1 optimizado para anestesia, lo que permite la adquisici\u00f3n de im\u00e1genes sin necesidad de configuraci\u00f3n.<\/li>\n<li><strong>Configurado para usted.<\/strong>\u00a0De pies a cabeza, cada bloqueo es diferente. Los ajustes predefinidos de LOGIQ\u00a0<em>e<\/em>\u00a0ayudan a simplificar la selecci\u00f3n de los ajustes del sistema adecuados para cada aplicaci\u00f3n.<\/li>\n<li><strong>La sencillez de un aliado infatigable.\u00a0<\/strong>La versatilidad de las sondas como la 12L-RS significa que puede utilizar una \u00fanica sonda para muchas aplicaciones.<\/li>\n<li><strong>Documentaci\u00f3n sencilla.\u00a0<\/strong>Con un solo clic las im\u00e1genes se env\u00edan a varias ubicaciones de almacenamiento.<\/li>\n<\/ul>\n<p><strong>R\u00e1pido.<\/strong><\/p>\n<ul>\n<li><strong>\u00bfNecesita una tercera mano?<\/strong>\u00a0Con una aguja en una mano y una sonda en la otra, a veces necesita que otra persona ajuste la imagen. Con los controles del sistema en la sonda, puede que no necesite que le echen una mano.<\/li>\n<li><strong>Adquisici\u00f3n de im\u00e1genes sobre la marcha.\u00a0<\/strong>El LOGIQ\u00a0<em>e<\/em>\u00a0es compacto y funciona con bater\u00eda, lo que elimina las complicaciones de moverlo de un paciente a otro.<\/li>\n<\/ul>\n<p><strong>Preciso.<\/strong><\/p>\n<ul>\n<li><strong>H\u00e1galo bien a la primera.<\/strong>\u00a0Coloque la aguja en el lugar correcto desde el principio, independientemente del tipo de cuerpo.<\/li>\n<li><strong>Vea la punta de la aguja.\u00a0<\/strong>LOGIQ<em>\u00a0e<\/em>\u00a0utiliza dos tipos diferentes de ultrasonidos: uno para el tejido y otro para el metal. Esto ayuda a que la aguja destaque y permite un control independiente del aspecto de la aguja.<\/li>\n<li><strong>Vea el nervio.\u00a0<\/strong>La diferenciaci\u00f3n tisular se optimiza para hacer que los nervios destaquen.<\/li>\n<\/ul>\n<h4 class=\"ge-s-curve__item-title -text--bold\">Reumatolog\u00eda<\/h4>\n<div class=\"ge-rtf-module ge-s-curve__description\">\n<div>\n<p><strong>Capacitando la reumatolog\u00eda<\/strong><\/p>\n<p>Detectar el flujo lento. Cuantificarlo. Repetir con uniformidad. Esos eran los valores que solicitaron los usuarios e impulsaron la creaci\u00f3n de NextGen LOGIQ\u00a0<em>e<\/em>. Su motor de adquisici\u00f3n de im\u00e1genes proviene de los sistemas de consola insignia de GE, que proporcionan im\u00e1genes n\u00edtidas. La innovadora fusi\u00f3n de im\u00e1genes y cuantificaci\u00f3n ayudan a aportar objetividad a la evaluaci\u00f3n del paciente, lo que le permite supervisar el progreso de forma t\u00e9cnicamente coherente a medida que trata el objetivo de la remisi\u00f3n.<\/p>\n<p><strong>Simple.<\/strong><\/p>\n<ul>\n<li><strong>Funciones avanzadas.<\/strong>\u00a0LOGIQ\u00a0<em>e<\/em>\u00a0est\u00e1 optimizado para reumatolog\u00eda, lo que permite la adquisici\u00f3n de im\u00e1genes sin necesidad de configuraci\u00f3n.<\/li>\n<li><strong>Mida la inflamaci\u00f3n.<\/strong>\u00a0La PDI proporciona mediciones cuantitativas objetivas del flujo sangu\u00edneo asociadas a tumores y enfermedades inflamatorias como la sinovitis.<\/li>\n<li><strong>Uniformidad sencilla.<\/strong>\u00a0La herramienta de seguimiento del paciente con fusi\u00f3n ayuda a garantizar la coherencia t\u00e9cnica entre ex\u00e1menes para evitar que una t\u00e9cnica incoherente enturbie las conclusiones cl\u00ednicas.<\/li>\n<\/ul>\n<p><strong>R\u00e1pido.<\/strong><\/p>\n<ul>\n<li><strong>\u00bfNecesita una tercera mano?<\/strong>\u00a0Con una aguja en una mano y una sonda en la otra, a veces necesita que otra persona ajuste la imagen. Con los controles del sistema en la sonda, puede que no necesite que le echen una mano.<\/li>\n<li><strong>Adquisici\u00f3n de im\u00e1genes para llevar.\u00a0<\/strong>El LOGIQ\u00a0<em>e<\/em>\u00a0es port\u00e1til y funciona con bater\u00eda, lo que proporciona flexibilidad para moverlo de una habitaci\u00f3n a otra.<\/li>\n<\/ul>\n<p><strong>Preciso.<\/strong><\/p>\n<ul>\n<li><strong>Vea el flujo sangu\u00edneo en microvasos.<\/strong>\u00a0La PDI de alta resoluci\u00f3n, una tecnolog\u00eda exclusiva de GE para la visualizaci\u00f3n, puede ver el flujo en vasos que son dos veces m\u00e1s peque\u00f1os que con la PDI convencional<sup>1<\/sup>.<\/li>\n<li><strong>Adquiera im\u00e1genes de casi todo el cuerpo y de casi cualquier cuerpo.<\/strong>\u00a0Para adquirir im\u00e1genes superficiales exigentes, escoja la nueva sonda lineal de 22\u00a0MHz. Adquiera im\u00e1genes a gran profundidad en la cadera con el transductor curvado de 1-5\u00a0MHz y explore zonas de dif\u00edcil acceso con el &#8220;hockey stick&#8221; (bast\u00f3n de hockey) de alta frecuencia.<\/li>\n<\/ul>\n<div class=\"rah-static rah-static--height-auto ge-s-curve__title-description-wrapper ge-s-curve__title-description-wrapper--expanded\" aria-hidden=\"false\">\n<div>\n<div>\n<h4 class=\"ge-s-curve__item-title -text--bold\">Cabeza y cuello<\/h4>\n<div class=\"ge-rtf-module ge-s-curve__description\">\n<div>\n<p><strong>Capacitando la medicina de cabeza y cuello<\/strong><\/p>\n<p>Vea con nitidez. Vea con rapidez. Gu\u00ede con precisi\u00f3n. Esos eran los valores que solicitaron los usuarios e impulsaron la creaci\u00f3n del nuevo NextGen LOGIQ\u00a0<em>e<\/em>. Su motor de adquisici\u00f3n de im\u00e1genes proviene de los sistemas de consola insignia de GE, que proporcionan im\u00e1genes n\u00edtidas en un paquete compacto. El innovador software de cabeza y cuello y los transductores le ayudan a realizar biopsias cuando el tiempo es crucial y procedimientos de caracterizaci\u00f3n de ganglios linf\u00e1ticos sin complicaciones.<\/p>\n<p><strong>Simple.<\/strong><\/p>\n<ul>\n<li><strong>Funciones avanzadas.\u00a0<\/strong>LOGIQ\u00a0<em>e<\/em>\u00a0est\u00e1 optimizado para cabeza y cuello, lo que permite la adquisici\u00f3n de im\u00e1genes sin necesidad de configuraci\u00f3n.<\/li>\n<li><strong>Configurado para usted.\u00a0<\/strong>Los ajustes predefinidos de LOGIQ\u00a0<em>e<\/em>\u00a0ayudan a simplificar la selecci\u00f3n de los ajustes del sistema adecuados para cada aplicaci\u00f3n.<\/li>\n<li><strong>Uniformidad sencilla.\u00a0<\/strong>La herramienta de seguimiento del paciente con fusi\u00f3n ayuda a garantizar la coherencia t\u00e9cnica entre ex\u00e1menes para evitar que una t\u00e9cnica incoherente enturbie las conclusiones cl\u00ednicas.<\/li>\n<li><strong>Comparaci\u00f3n sencilla.\u00a0<\/strong>A veces, comparar entre izquierda y derecha o entre antes y despu\u00e9s es la clave para la toma de decisiones cl\u00ednicas. La pantalla dividida simult\u00e1nea hace que la comparaci\u00f3n sea casi autom\u00e1tica.<\/li>\n<li><strong>Documentaci\u00f3n sencilla.<\/strong>\u00a0Con un solo clic las im\u00e1genes se env\u00edan a varias ubicaciones de almacenamiento.<\/li>\n<\/ul>\n<p><strong>R\u00e1pido.<\/strong><\/p>\n<ul>\n<li><strong>\u00bfNecesita una tercera mano?\u00a0<\/strong>Con una aguja en una mano y una sonda en la otra, a veces necesita que otra persona ajuste la imagen. Con los controles del sistema en la sonda, puede que no necesite que le echen una mano.<\/li>\n<li><strong>Adquisici\u00f3n de im\u00e1genes sobre la marcha.<\/strong>\u00a0El LOGIQ\u00a0<em>e<\/em>\u00a0es port\u00e1til y funciona con bater\u00eda, lo que proporciona flexibilidad para moverlo de un paciente a otro.<\/li>\n<\/ul>\n<p><strong>Preciso.<\/strong><\/p>\n<ul>\n<li><strong>Consulte el flujo sangu\u00edneo.\u00a0<\/strong>Obtenga una visualizaci\u00f3n precisa del flujo sangu\u00edneo bajo y lento, as\u00ed como im\u00e1genes precisas de la vascularidad.<\/li>\n<li><strong>Coloque la aguja en el lugar correcto la primera vez<\/strong>, independientemente del tipo de cuerpo.<\/li>\n<li><strong>Vea la punta de la aguja.\u00a0<\/strong>LOGIQ\u00a0<em>e<\/em>\u00a0utiliza dos tipos diferentes de ultrasonidos: uno para el tejido y otro para el metal. Esto ayuda a que la aguja destaque y permite un control independiente del aspecto de la aguja.<\/li>\n<li><strong>Vea en 3D.\u00a0<\/strong>Utilice cualquier transductor LOGIQ\u00a0<em>e<\/em>\u00a0para mostrar relaciones anat\u00f3micas de forma intuitiva con Easy3D avanzado.<\/li>\n<li><strong>Observe el flujo sangu\u00edneo y las enfermedades tempranas.\u00a0<\/strong>La PDI de alta resoluci\u00f3n es una tecnolog\u00eda exclusiva de GE para ayudarle a representar el flujo sangu\u00edneo bajo y lento, adquirir im\u00e1genes de la vascularidad y caracterizar los ganglios linf\u00e1ticos.<\/li>\n<\/ul>\n<\/div>\n<\/div>\n<\/div>\n<\/div>\n<\/div>\n<\/div>\n<\/div>\n<\/div>\n<\/div>\n<\/div>\n<\/div>\n<\/div>\n<\/div>\n<\/div>\n<\/div>\n<h4 class=\"ge-s-curve__item-title -text--bold\">Musculoesquel\u00e9tico<\/h4>\n<div class=\"ge-rtf-module ge-s-curve__description\">\n<div>\n<p><strong>Capacitando la medicina musculoesquel\u00e9tica<\/strong><\/p>\n<p>Vea con nitidez. Vea con rapidez. Gu\u00ede con precisi\u00f3n. Esos eran los valores que solicitaron los usuarios e impulsaron la creaci\u00f3n de NextGen LOGIQ\u00a0<em>e<\/em>. Su motor de adquisici\u00f3n de im\u00e1genes proviene de los sistemas de consola insignia de GE, que proporciona una adquisici\u00f3n de im\u00e1genes n\u00edtidas en un paquete port\u00e1til. Los innovadores transductores espec\u00edficos para uso musculoesquel\u00e9tico y el software le permiten ver el origen del dolor, guiar los tratamientos y controlar el progreso del paciente.<\/p>\n<p><strong>Simple.<\/strong><\/p>\n<ul>\n<li><strong>Funciones avanzadas.\u00a0<\/strong>LOGIQ\u00a0<em>e<\/em>\u00a0est\u00e1 optimizado para medicina musculoesquel\u00e9tica, lo que permite la adquisici\u00f3n de im\u00e1genes sin necesidad de configuraci\u00f3n.<\/li>\n<li><strong>Uniformidad sencilla.\u00a0<\/strong>La herramienta de seguimiento del paciente con fusi\u00f3n ayuda a garantizar la coherencia t\u00e9cnica entre ex\u00e1menes para evitar que una t\u00e9cnica incoherente enturbie las conclusiones cl\u00ednicas.<\/li>\n<li><strong>Comparaci\u00f3n sencilla.<\/strong>\u00a0A veces, comparar entre izquierda y derecha o entre antes y despu\u00e9s es la clave para la toma de decisiones cl\u00ednicas. La pantalla dividida simult\u00e1nea hace que la comparaci\u00f3n sea casi autom\u00e1tica.<\/li>\n<li><strong>La sencillez de un n\u00famero.\u00a0<\/strong>La cuantificaci\u00f3n de PDI proporciona una representaci\u00f3n num\u00e9rica del flujo sangu\u00edneo que puede asociarse a inflamaci\u00f3n, tumores y sinovitis.<\/li>\n<\/ul>\n<p><strong>R\u00e1pido.<\/strong><\/p>\n<ul>\n<li><strong>\u00bfNecesita una tercera mano?\u00a0<\/strong>Con una aguja en una mano y una sonda en la otra, a veces necesita que otra persona ajuste la imagen. Con los controles del sistema en la sonda, puede que no necesite que le echen una mano.<\/li>\n<li><strong>Adquisici\u00f3n de im\u00e1genes sobre la marcha.<\/strong>\u00a0El LOGIQ\u00a0<em>e<\/em>\u00a0es port\u00e1til y funciona con bater\u00eda, lo que proporciona flexibilidad para moverlo de un paciente a otro.<\/li>\n<\/ul>\n<p><strong>Preciso.<\/strong><\/p>\n<ul>\n<li><strong>Vea el origen del dolor.\u00a0<\/strong>LOGIQ\u00a0<em>e<\/em>\u00a0proporciona im\u00e1genes precisas en pacientes de todos los tama\u00f1os tanto si el origen es \u00f3seo como de tejidos blandos, tanto si es superficial como si es profundo.<\/li>\n<li><strong>Adquiera im\u00e1genes de casi todo el cuerpo y de casi cualquier cuerpo.<\/strong>\u00a0El transductor curvado de 1-5\u00a0MHz es vers\u00e1til para aplicaciones desde el hombro hasta la cadera, incluso en pacientes obesos. Otros transductores ofrecen im\u00e1genes de hasta 22\u00a0MHz para obtener detalles superficiales impresionantes.<\/li>\n<li><strong>Observe la inflamaci\u00f3n y las enfermedades tempranas.<\/strong>\u00a0La PDI de alta resoluci\u00f3n es una tecnolog\u00eda exclusiva de GE para visualizar el flujo en la neovascularizaci\u00f3n.<\/li>\n<li><strong>Vea la punta de la aguja.\u00a0<\/strong>LOGIQ<em>\u00a0e\u00a0<\/em>utiliza dos tipos diferentes de ultrasonidos: uno para el tejido y otro para el metal. Esto ayuda a que la aguja destaque y permite un control independiente del aspecto de la aguja.<\/li>\n<li><strong>Vea en 3D.<\/strong>\u00a0Utilice cualquier<sup>1<\/sup>\u00a0transductor LOGIQ<em>\u00a0e<\/em>\u00a0para mostrar relaciones anat\u00f3micas de forma intuitiva con Easy3D avanzado.<\/li>\n<\/ul>\n<\/div>\n<\/div>\n<h2 class=\"ge-h2 ge-generic-module-content__title\" role=\"heading\">LOGIQ Club<\/h2>\n<div class=\"ge-generic-module-content__description\">\n<div>\n<p class=\"bol\">Le invitamos a unirse al club.<\/p>\n<p>Le invitamos a unirse a LOGIQ\u00a0Club, una red de miles de compa\u00f1eros usuarios de ultrasonidos LOGIQ. La afiliaci\u00f3n al club le permite acceder a muchas herramientas y recursos que solo est\u00e1n disponibles para los miembros, lo que le permite disfrutar de toda la potencia de su sistema de ultrasonidos LOGIQ. Los miembros reciben informaci\u00f3n con regularidad sobre la evoluci\u00f3n de la tecnolog\u00eda de ultrasonidos LOGIQ y oportunidades y ofertas especiales que se anuncian en el sitio web espec\u00edfico de LOGIQ\u00a0Club.<\/p>\n<p>Los beneficios de pertenecer al club son numerosos:<\/p>\n<ul>\n<li>Informaci\u00f3n sobre nuevos productos y ofertas<\/li>\n<li>Ofertas educativas y formaci\u00f3n en l\u00ednea<\/li>\n<li>Consejos y sugerencias para aplicaciones<\/li>\n<li>Libros blancos y gu\u00edas de usuario<\/li>\n<li>Galer\u00eda de im\u00e1genes cl\u00ednicas<\/li>\n<\/ul>\n<\/div>\n<\/div>\n<div><\/div>\n<p>&nbsp;<\/p>\n<p><a class=\"elboton\" href=\"https:\/\/latam.gehealthcare.com\/products\/ultrasound\/point-of-care-ultrasound\/nextgen-logiq-e-ultrasound\" target=\"_blank\" rel=\"noopener\">Enlace de la marca<\/a><\/p>\n","protected":false},"excerpt":{"rendered":"<p>Alto rendimiento de la consola, con im\u00e1genes n\u00edtidas en un formato port\u00e1til simple, r\u00e1pido y preciso.<\/p>\n","protected":false},"featured_media":2200,"comment_status":"open","ping_status":"closed","template":"","meta":[],"product_cat":[44],"product_tag":[],"class_list":{"0":"post-2115","1":"product","2":"type-product","3":"status-publish","4":"has-post-thumbnail","6":"product_cat-punto-de-atencion","8":"first","9":"instock","10":"shipping-taxable","11":"purchasable","12":"product-type-simple"},"_links":{"self":[{"href":"https:\/\/blank.net.do\/globalmedica\/es\/wp-json\/wp\/v2\/product\/2115","targetHints":{"allow":["GET"]}}],"collection":[{"href":"https:\/\/blank.net.do\/globalmedica\/es\/wp-json\/wp\/v2\/product"}],"about":[{"href":"https:\/\/blank.net.do\/globalmedica\/es\/wp-json\/wp\/v2\/types\/product"}],"replies":[{"embeddable":true,"href":"https:\/\/blank.net.do\/globalmedica\/es\/wp-json\/wp\/v2\/comments?post=2115"}],"wp:featuredmedia":[{"embeddable":true,"href":"https:\/\/blank.net.do\/globalmedica\/es\/wp-json\/wp\/v2\/media\/2200"}],"wp:attachment":[{"href":"https:\/\/blank.net.do\/globalmedica\/es\/wp-json\/wp\/v2\/media?parent=2115"}],"wp:term":[{"taxonomy":"product_cat","embeddable":true,"href":"https:\/\/blank.net.do\/globalmedica\/es\/wp-json\/wp\/v2\/product_cat?post=2115"},{"taxonomy":"product_tag","embeddable":true,"href":"https:\/\/blank.net.do\/globalmedica\/es\/wp-json\/wp\/v2\/product_tag?post=2115"}],"curies":[{"name":"wp","href":"https:\/\/api.w.org\/{rel}","templated":true}]}}