{"id":2116,"date":"2024-07-05T00:03:35","date_gmt":"2024-07-05T00:03:35","guid":{"rendered":"https:\/\/blank.net.do\/globalmedica\/product\/9100c-nxt\/"},"modified":"2024-07-08T09:41:20","modified_gmt":"2024-07-08T09:41:20","slug":"9100c-nxt","status":"publish","type":"product","link":"https:\/\/blank.net.do\/globalmedica\/es\/product\/9100c-nxt\/","title":{"rendered":"9100c NXT"},"content":{"rendered":"<div class=\"column-block\">\n<div class=\"column-row\">\n<div class=\"row-text\"><strong>Precisi\u00f3n<\/strong><br \/>\nPermite que usted administre anestesia con eficacia y una recuperaci\u00f3n r\u00e1pida sin fallas<\/div>\n<\/div>\n<div class=\"column-row\">\n<div class=\"row-image\"><\/div>\n<div class=\"row-text\"><strong>Versatilidad<\/strong><br \/>\nEl\u00a0<b>9100c NXT<\/b>\u00a0puede ser usado con un gran n\u00famero de grupos de pacientes y procedimentos quir\u00fargicos<\/div>\n<\/div>\n<div class=\"column-row\">\n<div class=\"row-image\"><\/div>\n<div class=\"row-text\"><strong>Confiable<\/strong><br \/>\nBasado en m\u00e1s de 100 a\u00f1os de innovaci\u00f3n y confianza de GE \/ Datex Ohmeda<\/div>\n<\/div>\n<\/div>\n<div><\/div>\n<div><\/div>\n<div><\/div>\n<div><\/div>\n<p>&nbsp;<\/p>\n<p><a class=\"elboton\" href=\"https:\/\/latam.gehealthcare.com\/products\/9100c-nxt\" target=\"_blank\" rel=\"noopener\">Enlace de la marca<\/a><\/p>\n","protected":false},"excerpt":{"rendered":"<p>Una de las m\u00e1quinas de anestesia m\u00e1s recientes de GE Healthcare<\/p>\n<p>El 9100c NXT es un equipo de anestesia preciso que le dar\u00e1 paz de esp\u00edritu al permitir una administraci\u00f3n de anestesia simple y confiable<\/p>\n","protected":false},"featured_media":2201,"comment_status":"open","ping_status":"closed","template":"","meta":[],"product_cat":[45],"product_tag":[],"class_list":{"0":"post-2116","1":"product","2":"type-product","3":"status-publish","4":"has-post-thumbnail","6":"product_cat-anestesia","8":"first","9":"instock","10":"shipping-taxable","11":"purchasable","12":"product-type-simple"},"_links":{"self":[{"href":"https:\/\/blank.net.do\/globalmedica\/es\/wp-json\/wp\/v2\/product\/2116","targetHints":{"allow":["GET"]}}],"collection":[{"href":"https:\/\/blank.net.do\/globalmedica\/es\/wp-json\/wp\/v2\/product"}],"about":[{"href":"https:\/\/blank.net.do\/globalmedica\/es\/wp-json\/wp\/v2\/types\/product"}],"replies":[{"embeddable":true,"href":"https:\/\/blank.net.do\/globalmedica\/es\/wp-json\/wp\/v2\/comments?post=2116"}],"wp:featuredmedia":[{"embeddable":true,"href":"https:\/\/blank.net.do\/globalmedica\/es\/wp-json\/wp\/v2\/media\/2201"}],"wp:attachment":[{"href":"https:\/\/blank.net.do\/globalmedica\/es\/wp-json\/wp\/v2\/media?parent=2116"}],"wp:term":[{"taxonomy":"product_cat","embeddable":true,"href":"https:\/\/blank.net.do\/globalmedica\/es\/wp-json\/wp\/v2\/product_cat?post=2116"},{"taxonomy":"product_tag","embeddable":true,"href":"https:\/\/blank.net.do\/globalmedica\/es\/wp-json\/wp\/v2\/product_tag?post=2116"}],"curies":[{"name":"wp","href":"https:\/\/api.w.org\/{rel}","templated":true}]}}