{"id":2117,"date":"2024-07-05T00:03:35","date_gmt":"2024-07-05T00:03:35","guid":{"rendered":"https:\/\/blank.net.do\/globalmedica\/product\/carestation-620-cs-620\/"},"modified":"2024-07-18T08:51:26","modified_gmt":"2024-07-18T08:51:26","slug":"carestation-620-cs-620","status":"publish","type":"product","link":"https:\/\/blank.net.do\/globalmedica\/es\/product\/carestation-620-cs-620\/","title":{"rendered":"Carestation 620 (CS 620)"},"content":{"rendered":"<div class=\"hero-teaser__description ge-rtf-module\">\n<p>El sistema de anestesia Carestation 620 es compacto, accesible y f\u00e1cil de usar. Con \u00e9l, todo puede estar a su alcance.<\/p>\n<ul>\n<li>Dise\u00f1o integrado y elegante, adecuado para ambientes peque\u00f1os<\/li>\n<li>Interfaz de usuario simple para flujos de trabajo mejorados<\/li>\n<\/ul>\n<p>Tratamiento de anestesia eficiente, preciso y confiable de resolver los mayores desaf\u00edos.<\/p>\n<\/div>\n<div id=\"galer\u00eda\" class=\"ge-module product-gallery product-gallery--has-no-nav\">\n<div class=\"product-gallery__panel product-gallery--has-no-nav\">\n<h2 class=\"ge-h2 ge-module__title product-gallery__heading\" role=\"heading\">Galer\u00eda Carestation 620<\/h2>\n<\/div>\n<div class=\"product-gallery__items-wrapper theme-white\">\n<h3 class=\"ge-h3 product-gallery__title\" role=\"heading\">Dise\u00f1o inteligente<\/h3>\n<div class=\"product-gallery__teaser\">Dise\u00f1o moderno y elegante en una estructura fina y compacta, adecuada para ambientes limitados. La interfaz de usuario intuitiva e inspirada en el CARESCAPE* ayuda a proporcionar una experiencia de usuario unificada de Carestation<\/div>\n<h3 class=\"ge-h3 product-gallery__title\" role=\"heading\">Iluminaci\u00f3n inteligente<\/h3>\n<div class=\"product-gallery__teaser\">Los controles de flujo activo y los puertos auxiliares se iluminan cuando se utilizan. Los sensores digitales reconocen cu\u00e1ndo se pausan los flujos de gas o cuando se utilizan los controles ACGO y se refuerzan con informaci\u00f3n clara en pantalla.<\/div>\n<h3 class=\"ge-h3 product-gallery__title\" role=\"heading\">Monitorizaci\u00f3n respiratoria modular<\/h3>\n<div class=\"product-gallery__teaser\">El m\u00f3dulo respiratorio CARESCAPE integrado y que ahorra espacio admite un flujo de muestras bajo y cuenta con un dise\u00f1o t\u00e9cnico modular que facilita el mantenimiento.<\/div>\n<h3 class=\"ge-h3 product-gallery__title\" role=\"heading\">Controles a su alcance<\/h3>\n<div class=\"product-gallery__teaser\">Puntos de contacto comunes y contactos t\u00e1ctiles familiares dise\u00f1ados al alcance de la mano para un espacio de trabajo cl\u00ednico eficiente y optimizado que lo mantiene cerca del paciente.<\/div>\n<h3 class=\"ge-h3 product-gallery__title\" role=\"heading\">Dise\u00f1o de servicio sencillo<\/h3>\n<div class=\"product-gallery__teaser\">Dise\u00f1ado con un costo de propiedad bajo y un mantenimiento planificado confiable en mente, insumos cl\u00ednicos y componentes modulares dise\u00f1ados para facilitar su uso y una larga vida \u00fatil.<\/div>\n<h3 class=\"ge-h3 product-gallery__title\" role=\"heading\">Montaje en estante superior<\/h3>\n<div class=\"product-gallery__teaser\">Dise\u00f1o moderno y elegante en un marco compacto y delgado adecuado para entornos restringidos. El soporte superior para el estante Carestation 620 es compatible con una gran variedad de monitores de paciente.<\/div>\n<h3 class=\"ge-h3 product-gallery__title\" role=\"heading\">Iluminaci\u00f3n del espacio de trabajo<\/h3>\n<div class=\"product-gallery__teaser\">La iluminaci\u00f3n de la superficie de trabajo de dos niveles y las luces inteligentes de control de flujo proporcionan iluminaci\u00f3n para apoyar los flujos de trabajo del m\u00e9dico e indican claramente los controles de flujo activos cuando est\u00e1n en uso.<\/div>\n<h3 class=\"ge-h3 product-gallery__title\" role=\"heading\">Pantalla t\u00e1ctil de visualizaci\u00f3n de la ventilaci\u00f3n de 15&#8243;<\/h3>\n<div class=\"product-gallery__teaser\">Pantalla t\u00e1ctil de visualizaci\u00f3n de la ventilaci\u00f3n, de 15\u00a0pulgadas, sencilla y f\u00e1cil de utilizar, con la interfaz de usuario intuitiva inspirada en CARESCAPE<sup>TM<\/sup>\u00a0para proporcionar una experiencia de usuario unificada de Carestation.<\/div>\n<\/div>\n<\/div>\n<section id=\"beneficios\" class=\"ge-module ge-content-module theme-black\">\n<div class=\"ge-module__container\">\n<h2 class=\"ge-h2 ge-content-module__title\" role=\"heading\">Beneficios del Carestation 620<\/h2>\n<div class=\"rah-static rah-static--height-auto\" aria-hidden=\"false\">\n<div>\n<div class=\"ge-rtf ge-rtf-module ge-content-module__description-wrapper\">\n<p>El\u00a0<b>Carestation 620<\/b>\u00a0es un sistema de anestesia compacto, vers\u00e1til y f\u00e1cil de usar. Fue proyectado para ayudar a los m\u00e9dicos a ofrecer un tratamiento de anestesia confiable.<\/p>\n<ul>\n<li>Tama\u00f1o compacto: movilidad y durabilidad reforzada<\/li>\n<li>Proceso de check-out diario guiado simple y r\u00e1pido \u2014 hasta tres minutos<\/li>\n<li>Interfaz de usuario intuitiva de men\u00fa plano y toques ergon\u00f3micos<\/li>\n<li>Desmontaje y limpieza f\u00e1ciles<\/li>\n<li>Alta precisi\u00f3n en el desempe\u00f1o de bajo flujo<\/li>\n<\/ul>\n<\/div>\n<\/div>\n<\/div>\n<\/div>\n<\/section>\n<p>&nbsp;<\/p>\n<p>&nbsp;<\/p>\n<p><a class=\"elboton\" href=\"https:\/\/latam.gehealthcare.com\/products\/anesthesia-delivery\/carestation-600-series\/carestation-620\" target=\"_blank\" rel=\"noopener\">Enlace de la marca<\/a><\/p>\n","protected":false},"excerpt":{"rendered":"<p>Sistema de anestesia proyectado para adecuarse a los espacios menores.<\/p>\n","protected":false},"featured_media":2202,"comment_status":"open","ping_status":"closed","template":"","meta":[],"product_cat":[45],"product_tag":[],"class_list":{"0":"post-2117","1":"product","2":"type-product","3":"status-publish","4":"has-post-thumbnail","6":"product_cat-anestesia","8":"first","9":"instock","10":"shipping-taxable","11":"purchasable","12":"product-type-simple"},"_links":{"self":[{"href":"https:\/\/blank.net.do\/globalmedica\/es\/wp-json\/wp\/v2\/product\/2117","targetHints":{"allow":["GET"]}}],"collection":[{"href":"https:\/\/blank.net.do\/globalmedica\/es\/wp-json\/wp\/v2\/product"}],"about":[{"href":"https:\/\/blank.net.do\/globalmedica\/es\/wp-json\/wp\/v2\/types\/product"}],"replies":[{"embeddable":true,"href":"https:\/\/blank.net.do\/globalmedica\/es\/wp-json\/wp\/v2\/comments?post=2117"}],"wp:featuredmedia":[{"embeddable":true,"href":"https:\/\/blank.net.do\/globalmedica\/es\/wp-json\/wp\/v2\/media\/2202"}],"wp:attachment":[{"href":"https:\/\/blank.net.do\/globalmedica\/es\/wp-json\/wp\/v2\/media?parent=2117"}],"wp:term":[{"taxonomy":"product_cat","embeddable":true,"href":"https:\/\/blank.net.do\/globalmedica\/es\/wp-json\/wp\/v2\/product_cat?post=2117"},{"taxonomy":"product_tag","embeddable":true,"href":"https:\/\/blank.net.do\/globalmedica\/es\/wp-json\/wp\/v2\/product_tag?post=2117"}],"curies":[{"name":"wp","href":"https:\/\/api.w.org\/{rel}","templated":true}]}}