{"id":2118,"date":"2024-07-05T00:03:35","date_gmt":"2024-07-05T00:03:35","guid":{"rendered":"https:\/\/blank.net.do\/globalmedica\/product\/carestation-650-cs-650\/"},"modified":"2024-07-08T09:45:26","modified_gmt":"2024-07-08T09:45:26","slug":"carestation-650-cs-650","status":"publish","type":"product","link":"https:\/\/blank.net.do\/globalmedica\/es\/product\/carestation-650-cs-650\/","title":{"rendered":"Carestation 650 (CS 650)"},"content":{"rendered":"<div class=\"mdc-layout-grid__inner\">\n<div class=\"mdc-layout-grid__cell mdc-layout-grid__cell--span-12-desktop mdc-layout-grid__cell--span-8-tablet mdc-layout-grid__cell--hide-phone\">\n<div class=\"hero-teaser\">\n<div class=\"hero-teaser__main ge-rtf-module\"><b>Carestation 650<\/b>\u00a0es un sistema de anestesia compacto, vers\u00e1til y f\u00e1cil de usar. Disponible tambi\u00e9n en la\u00a0<a href=\"https:\/\/latam.gehealthcare.com\/products\/anesthesia-delivery\/carestation-600-series\/carestation-650c\">versi\u00f3n 650c<\/a>, para montaje suspendido o de pared.<\/div>\n<\/div>\n<\/div>\n<\/div>\n<div class=\"hero-teaser\">\n<div class=\"hero-wrapper\">\n<div class=\"rah-static rah-static--height-auto\" aria-hidden=\"false\">\n<div class=\"hero-teaser__description ge-rtf-module\">\n<p>Con el\u00a0<b>Carestation 650<\/b>\u00a0transformamos la sabidur\u00eda convencional y nos desafiamos a repensar todo.<\/p>\n<p>Carestation serie 600 es un sistema de anestesia compacto, vers\u00e1til, accesible y f\u00e1cil de usar:<\/p>\n<ul>\n<li>Dise\u00f1o integrado adecuado para ambientes peque\u00f1os<\/li>\n<li>Interfaz de usuario simple para flujos de trabajo mejorados<\/li>\n<li>Herramientas dimensionables y tecnolog\u00eda para diversas agudezas<\/li>\n<\/ul>\n<p>Para ayudar a los m\u00e9dicos a ofrecer un tratamiento de anestesia eficiente, preciso y confiable a los pacientes.<\/p>\n<div id=\"galer\u00eda\" class=\"ge-module product-gallery product-gallery--has-no-nav\">\n<div class=\"product-gallery__items-wrapper theme-white\">\n<p>&nbsp;<\/p>\n<h3 class=\"ge-h3 product-gallery__title\" role=\"heading\">Monitorizaci\u00f3n respiratoria modular<\/h3>\n<div class=\"product-gallery__teaser\">El m\u00f3dulo respiratorio CARESCAPE integrado y que ahorra tiempo admite un flujo de muestras bajo y cuenta con un dise\u00f1o t\u00e9cnico modular que facilita el mantenimiento.<\/div>\n<p>&nbsp;<\/p>\n<h3 class=\"ge-h3 product-gallery__title\" role=\"heading\">Dise\u00f1o agradable para el servicio<\/h3>\n<div class=\"product-gallery__teaser\">Puntos de contacto comunes y toques t\u00e1ctiles conocidos dise\u00f1ados al alcance de la mano para un espacio de trabajo cl\u00ednico eficiente y optimizado que lo mantiene m\u00e1s cerca del paciente.<\/div>\n<p>&nbsp;<\/p>\n<h3 class=\"ge-h3 product-gallery__title\" role=\"heading\">Controles a su alcance<\/h3>\n<div class=\"product-gallery__teaser\">Puntos de contacto comunes y toques t\u00e1ctiles conocidos dise\u00f1ados al alcance de la mano para un espacio de trabajo cl\u00ednico eficiente y optimizado que lo mantiene m\u00e1s cerca del paciente.<\/div>\n<p>&nbsp;<\/p>\n<h3 class=\"ge-h3 product-gallery__title\" role=\"heading\">Pantalla t\u00e1ctil de 15&#8243;<\/h3>\n<div class=\"product-gallery__teaser\">La pantalla t\u00e1ctil del ventilador de 15&#8243; inteligentemente organizada y f\u00e1cil de usar incluye herramientas para ahorrar tiempo y simplificar su carga de trabajo. Software adaptable y opciones de hardware que le permiten \u201cconstruir su propio\u201d Carestation para satisfacer sus necesidades.<\/div>\n<p>&nbsp;<\/p>\n<h3 class=\"ge-h3 product-gallery__title\" role=\"heading\">CBS600: Sistema de respiraci\u00f3n compacto<\/h3>\n<div class=\"product-gallery__teaser\">El sistema de respiraci\u00f3n compacto (CBS600) se dise\u00f1\u00f3 espec\u00edficamente pensando en la anestesia de caudal bajo. La r\u00e1pida cin\u00e9tica del gas apoya la captaci\u00f3n y eliminaci\u00f3n r\u00e1pida del agente y de los gases. El ventilador de la v\u00e1lvula de flujo controlado digitalmente admite todos los tipos de pacientes.<\/div>\n<h3 class=\"ge-h3 product-gallery__title\" role=\"heading\">Iluminaci\u00f3n inteligente<\/h3>\n<div class=\"product-gallery__teaser\">Los controles de flujo activos y los puertos auxiliares se iluminan cuando est\u00e1n en uso. Los sensores digitales reconocen cuando los flujos de gas se encuentran en pausa o cuando los controles ACGO est\u00e1n en uso y est\u00e1n reforzados con informaci\u00f3n clara en la pantalla.<\/div>\n<\/div>\n<\/div>\n<\/div>\n<\/div>\n<\/div>\n<\/div>\n<div class=\"ge-module__container\">\n<h2 class=\"ge-h2 ge-content-module__title\" role=\"heading\">Beneficios del Carestation 650<\/h2>\n<div class=\"rah-static rah-static--height-auto\" aria-hidden=\"false\">\n<div class=\"ge-rtf ge-rtf-module ge-content-module__description-wrapper\">\n<p>Alta precisi\u00f3n al tacto. Desempe\u00f1o de bajo flujo.<\/p>\n<p>GE es l\u00edder en estaciones de cuidados espec\u00edficamente adecuadas a la pr\u00e1ctica de suministro de anestesia de bajo flujo y sus requisitos de wash-in\/wash-out r\u00e1pido. Garantizar una respuesta r\u00e1pida del paciente a las alteraciones en el gas fresco y agente anest\u00e9sico puede afectar positivamente los costos anest\u00e9sicos y mejorar la inducci\u00f3n y la emergencia, optimizando el tiempo en la sala de operaci\u00f3n.<\/p>\n<p>Elegantemente proyectadas y equipada con toques ergon\u00f3micos y economizadores de tiempo controlados por software, la soluci\u00f3n\u00a0<b>Carestation 650<\/b>\u00a0puede ayudar a mejorar los flujos de trabajo, optimizar el valioso tiempo en la sala de operaci\u00f3n y ayudar a los hospitales a invertir la curva de costos.<\/p>\n<ul>\n<li>Tama\u00f1o compacto: movilidad y durabilidad reforzada<\/li>\n<li>Proceso de check-out diario guiado simple y r\u00e1pido \u2014 hasta tres minutos<\/li>\n<li>Interfaz de usuario intuitiva de menu plano y toques ergon\u00f3micos<\/li>\n<li>Ventilaci\u00f3n avanzada y procedimientos automatizados<sup>1<\/sup><\/li>\n<li>Opci\u00f3n ecoFLOW y control de pausa del gas<sup>1<\/sup><\/li>\n<li>Desmontaje y limpieza f\u00e1ciles<\/li>\n<\/ul>\n<\/div>\n<\/div>\n<\/div>\n<div>\n<div class=\"rah-static rah-static--height-auto ge-s-curve__title-description-wrapper ge-s-curve__title-description-wrapper--expanded\" aria-hidden=\"false\">\n<div>\n<div>\n<h4 class=\"ge-s-curve__item-title -text--bold\">Herramientas avanzadas del Carestation 650<\/h4>\n<div class=\"ge-rtf-module ge-s-curve__description\">\n<div>\n<p><em>*Disponible tambi\u00e9n en Carestation 650c<\/em><\/p>\n<p><strong>Procedimientos automatizados y herramientas de flujo de trabajo que ahorran tiempo<\/strong><\/p>\n<p>Procedimiento de capacidad vital<\/p>\n<ul>\n<li>Bolsa automatizada para &#8220;apretar y sostener&#8221;<\/li>\n<li>Defina la PEEP para ayudar a mantener el pulm\u00f3n abierto<sup>2,3<\/sup><\/li>\n<\/ul>\n<p>Procedimiento de ciclo<\/p>\n<ul>\n<li>Procedimientos de ventilaci\u00f3n configurada por el m\u00e9dico<\/li>\n<li>Etapas programables para aumentar y disminuir los niveles de PEEP<\/li>\n<\/ul>\n<p>Pausar flujo de gas<\/p>\n<ul>\n<li>El recurso para pausar el gas ayuda a evitar la poluci\u00f3n en la sala de cirug\u00eda<\/li>\n<li>Interrumpe el flujo de gas y agente, y silencia todas las alarmes por hasta 1 minuto<\/li>\n<\/ul>\n<p>Ventilaci\u00f3n sin compromiso &#8211; Suministro de volumen de corriente bajo pedi\u00e1trico y adulto<\/p>\n<ul>\n<li>Vol\u00famenes corrientes de hasta 5 ml para el paciente<sup>1<\/sup><\/li>\n<li>Flujo de muestreo de hasta 120 ml\/min<\/li>\n<li>Capacidad pulmonar y capacidad residual funcional (CRF)<\/li>\n<li>Medici\u00f3n y espirometr\u00eda de complacencia<\/li>\n<li>Dise\u00f1o inteligente de configuraciones de agente<\/li>\n<li>Monitorea y responde a alteraciones en la presi\u00f3n de las v\u00edas a\u00e9reas o en los esfuerzos respiratorios del paciente en hasta 250 veces por segundo.<\/li>\n<li>El volumen de precisi\u00f3n y la aplicaci\u00f3n de presi\u00f3n en la pieza Y del paciente, respiraci\u00f3n por respiraci\u00f3n, ayudan a reducir los desaf\u00edos del manejo de pacientes pedi\u00e1tricos.<\/li>\n<\/ul>\n<\/div>\n<\/div>\n<\/div>\n<\/div>\n<\/div>\n<\/div>\n<section id=\"ventajas-de-carestation\" class=\"ge-module ge-content-module theme-black\">\n<div class=\"ge-module__container\">\n<h2 class=\"ge-h2 ge-content-module__title\" role=\"heading\">Ventajas de Carestation 650 y Carestation 650c<\/h2>\n<div class=\"rah-static rah-static--height-auto\" aria-hidden=\"false\">\n<div>\n<div class=\"ge-rtf ge-rtf-module ge-content-module__description-wrapper\">\n<p>Las versiones\u00a0<b>CS 650 y CS 650c<\/b>\u00a0presentan una soluci\u00f3n escalable que conecta dispositivos en un \u00fanico sistema integrado. La plataforma digital tiene una capacidad de actualizaci\u00f3n para que sus inversiones acompa\u00f1en los avances de la tecnolog\u00eda.<\/p>\n<ul>\n<li>Par\u00e1metros innovadores y herramientas avanzadas empaquetadas de forma inteligente<\/li>\n<li>Interfaz de usuario proyectada espec\u00edficamente para mejorar el acceso a las principales funciones<\/li>\n<li>Transporte simplificado de pacientes y transferencia de datos<\/li>\n<li>M\u00f3dulo respiratorio integrado CARESCAPE<\/li>\n<\/ul>\n<\/div>\n<\/div>\n<\/div>\n<div class=\"ge-content-module__cta-container\"><\/div>\n<\/div>\n<\/section>\n<section id=\"recorrido-virtual\" class=\"ge-module ge-tabbed-poi\">\n<div class=\"ge-module__container\"><\/div>\n<\/section>\n<p>&nbsp;<\/p>\n<p><a class=\"elboton\" href=\"https:\/\/latam.gehealthcare.com\/products\/anesthesia-delivery\/carestation-600-series\/carestation-650\" target=\"_blank\" rel=\"noopener\">Enlace de la marca<\/a><\/p>\n","protected":false},"excerpt":{"rendered":"<p>Sistema de anestesia proyectado para adecuarse a los espacios menores.<\/p>\n","protected":false},"featured_media":2203,"comment_status":"open","ping_status":"closed","template":"","meta":[],"product_cat":[45],"product_tag":[],"class_list":{"0":"post-2118","1":"product","2":"type-product","3":"status-publish","4":"has-post-thumbnail","6":"product_cat-anestesia","8":"first","9":"instock","10":"shipping-taxable","11":"purchasable","12":"product-type-simple"},"_links":{"self":[{"href":"https:\/\/blank.net.do\/globalmedica\/es\/wp-json\/wp\/v2\/product\/2118","targetHints":{"allow":["GET"]}}],"collection":[{"href":"https:\/\/blank.net.do\/globalmedica\/es\/wp-json\/wp\/v2\/product"}],"about":[{"href":"https:\/\/blank.net.do\/globalmedica\/es\/wp-json\/wp\/v2\/types\/product"}],"replies":[{"embeddable":true,"href":"https:\/\/blank.net.do\/globalmedica\/es\/wp-json\/wp\/v2\/comments?post=2118"}],"wp:featuredmedia":[{"embeddable":true,"href":"https:\/\/blank.net.do\/globalmedica\/es\/wp-json\/wp\/v2\/media\/2203"}],"wp:attachment":[{"href":"https:\/\/blank.net.do\/globalmedica\/es\/wp-json\/wp\/v2\/media?parent=2118"}],"wp:term":[{"taxonomy":"product_cat","embeddable":true,"href":"https:\/\/blank.net.do\/globalmedica\/es\/wp-json\/wp\/v2\/product_cat?post=2118"},{"taxonomy":"product_tag","embeddable":true,"href":"https:\/\/blank.net.do\/globalmedica\/es\/wp-json\/wp\/v2\/product_tag?post=2118"}],"curies":[{"name":"wp","href":"https:\/\/api.w.org\/{rel}","templated":true}]}}