{"id":2119,"date":"2024-07-05T00:03:35","date_gmt":"2024-07-05T00:03:35","guid":{"rendered":"https:\/\/blank.net.do\/globalmedica\/product\/aysis-cs%c2%b2\/"},"modified":"2024-07-18T08:50:39","modified_gmt":"2024-07-18T08:50:39","slug":"aysis-cs%c2%b2","status":"publish","type":"product","link":"https:\/\/blank.net.do\/globalmedica\/es\/product\/aysis-cs%c2%b2\/","title":{"rendered":"Aysis CS\u00b2"},"content":{"rendered":"<p>El Aisys CS\u00b2 es un sofisticado sistema de anestesia digital Carestation\u2122, cl\u00ednicamente avanzado e intuitivo al tacto. Encuentre todos los recursos en un \u00fanico local para operar su anestesia de GE Healthcare, para que usted tenga la ayuda necesaria para personalizar ela atenci\u00f3n al paciente.<\/p>\n<p>El sistema de administraci\u00f3n de anestesia Aisys CS\u00b2 ofrece una interfaz de usuario elegante e intuitiva, habilitada por una pantalla t\u00e1ctil de 15 pulgadas.<\/p>\n<p>El Aisys CS\u00b2 es modular y actualizable. Con \u00e9l, usted planifica el futuro mientras protege su inversi\u00f3n. El Aisys CS\u00b2 no es apenas un sistema m\u00e1s de administraci\u00f3n de anestesia, tampoco un Carestation m\u00e1s. \u00a1Es el futuro!<\/p>\n<div class=\"rah-static rah-static--height-auto ge-s-curve__title-description-wrapper ge-s-curve__title-description-wrapper--expanded\" aria-hidden=\"false\">\n<div>\n<div>\n<h4 class=\"ge-s-curve__item-title -text--bold\">Beneficios Aisys CS\u00b2<\/h4>\n<div class=\"ge-rtf-module ge-s-curve__description\">\n<div>\n<p>El equipo de anestesia Aisys CS\u00b2 posee una pantalla m\u00f3vil de 15 pulgadas para una experiencia de usuario unificada e inspirada en el CARESCAPE\u2122. Con opciones de selecci\u00f3n r\u00e1pida que ahorran tiempo, men\u00fa simple y alarmas de tunelamiento, el Aisys CS\u00b2 puede ayudarle a proporcionar cuidados precisos con un toque personal.<\/p>\n<p><strong>Control de la concentraci\u00f3n de ox\u00edgeno inspirada:<\/strong><\/p>\n<p>Durante la anestesia de flujo bajo y m\u00ednimo, la visualizaci\u00f3n ecoFLOW exhibe datos de consumo de agentes para ayudar a mitigar el desperdicio. \u00c9l usa menos agente, generando menos gasto de dinero y mayor impacto positivo en los resultados financieros. Este sistema de anestesia tambi\u00e9n opera de forma positiva en el medio ambiente, una vez que promueve la reducci\u00f3n en la emisi\u00f3n de gases residuales.<\/p>\n<p><strong>Gerenciamiento de alarmas:<\/strong><\/p>\n<p>El Aisys CS\u00b2 tiene un software Auto Alarm Limits, que ayuda en el gerenciamiento de alarmas de l\u00edmite de CO\u00b2 y l\u00edmites de alarma de MV\/TV caso a caso.<\/p>\n<\/div>\n<\/div>\n<\/div>\n<\/div>\n<\/div>\n<section id=\"ventajas-y-tecnolog\u00eda\" class=\"ge-s-curve\" data-analytics-link-type=\"S-Curve Module\">\n<div class=\"ge-module__container ge-s-curve__container\">\n<div class=\"ge-s-curve__content\">\n<div>\n<div class=\"rah-static rah-static--height-auto ge-s-curve__title-description-wrapper ge-s-curve__title-description-wrapper--expanded\" aria-hidden=\"false\">\n<div>\n<div>\n<h4 class=\"ge-s-curve__item-title -text--bold\">Tecnolog\u00eda de Aisys CS\u00b2<\/h4>\n<div class=\"ge-rtf-module ge-s-curve__description\">\n<div>\n<ul>\n<li>TCA &#8211; End tidal Control, anestesia controlada por objetivo<\/li>\n<li>TCA &#8211; Plataforma 100% digital<\/li>\n<li>Iluminaci\u00f3n de superficie de trabajo en dos niveles con sistema modular de gas integrado<\/li>\n<li>Elecciones r\u00e1pidas digitales\/electr\u00f3nicas combinadas (O2 e FGF)<\/li>\n<li>Gas Integrado: Tecnolog\u00eda Respiratoria CARESCAPE\n<div class=\"ge-s-curve__content\">\n<div>\n<div class=\"rah-static rah-static--height-auto ge-s-curve__title-description-wrapper ge-s-curve__title-description-wrapper--expanded\" aria-hidden=\"false\">\n<div>\n<div>\n<h4 class=\"ge-s-curve__item-title -text--bold\">Technology<\/h4>\n<div class=\"ge-rtf-module ge-s-curve__description\">\n<div>\n<p>Exceptional Design:<\/p>\n<ul>\n<li>15-inch touch ventilator display<\/li>\n<li>INview 360\u00b0 Patient Displays<\/li>\n<li>Central brake<\/li>\n<li>Integrated Gas: CARESCAPE Respiratory Technology<\/li>\n<li>Metal work surface<\/li>\n<li>Bi-level work surface illumination<\/li>\n<\/ul>\n<p>Workflow features:<\/p>\n<ul>\n<li>Configurable quick picks for FGF settings and O2%<\/li>\n<li>Combination quick picks (O2% and FGF)<\/li>\n<li>Tunneling Alarms guide the clinician to address alarms with a single touch<\/li>\n<li>Compact breathing system designed for low flow to help provide fast gas kinetics for rapid wash-in and wash-out<\/li>\n<\/ul>\n<\/div>\n<\/div>\n<\/div>\n<\/div>\n<\/div>\n<\/div>\n<\/div>\n<div class=\"ge-s-curve__content\">\n<div>\n<div class=\"rah-static rah-static--height-auto ge-s-curve__title-description-wrapper ge-s-curve__title-description-wrapper--expanded\" aria-hidden=\"false\">\n<div>\n<div>\n<h4 class=\"ge-s-curve__item-title -text--bold\">Vaporizaci\u00f3n digital<\/h4>\n<div class=\"ge-rtf-module ge-s-curve__description\">\n<div>\n<div>\n<p><strong>Con Aisys CS\u00b2, la vaporizaci\u00f3n electr\u00f3nica ofrece HASTA 2X A PRECISI\u00d3N*<\/strong><\/p>\n<p>Todos los tres componentes principales (vaporizador, ventilador y suministro de gas) en el Aisys CS\u00b2 son controlados digitalmente. Los m\u00e9dicos pueden estar seguros de que las informaciones exhibidas son realmente medidas &#8211; no estimadas.<\/p>\n<p>*A partir del an\u00e1lisis interno de GE de los padrones de la industria publicados y de las especificaciones de desempe\u00f1o de los productos con datos de vaporizador, comparando los casetes GE Aladin2 con los principales vaporizadores convencionales y electr\u00f3nicos (DOC1426375). An\u00e1lisis de las especificaciones de desempe\u00f1o comparando los casetes GE Aladin2 con Draeger Vapor 2000 (convencional), FLOW-I (digital), Vaporizador de Anestesia Blease Datum serie L (convencional), GE Tec 6 Plus y Tec 7 Vaporizadores (convencional). La comparaci\u00f3n muestra que el Aladin 2 es hasta 2 veces (200%) tan preciso como otros vaporizadores (Draeger Vapor 2000, Blease Datum, Penlon Sigma Elite).<\/p>\n<p><strong>Salida de datos con m\u00e1s de 235 par\u00e1metros:<\/strong><\/p>\n<p>Con el Aisys CS\u00b2, usted obtiene datos sobre configuraciones del flujo total de gas fresco, mediciones de O\u00b2, formas de onda y alarmas, entre otros<\/p>\n<\/div>\n<\/div>\n<\/div>\n<\/div>\n<\/div>\n<\/div>\n<\/div>\n<\/div>\n<\/li>\n<\/ul>\n<\/div>\n<\/div>\n<\/div>\n<\/div>\n<\/div>\n<\/div>\n<\/div>\n<\/div>\n<\/section>\n<section id=\"vaporizaci\u00f3n-digital\" class=\"ge-s-curve\" data-analytics-link-type=\"S-Curve Module\"><\/section>\n<p>&nbsp;<\/p>\n<p>&nbsp;<\/p>\n<p>&nbsp;<\/p>\n<p><a class=\"elboton\" href=\"https:\/\/latam.gehealthcare.com\/products\/anesthesia-delivery\/aisys-cs2\" target=\"_blank\" rel=\"noopener\">Enlace de la marca<\/a><\/p>\n","protected":false},"excerpt":{"rendered":"<p>Sistema de administraci\u00f3n de anestesia<\/p>\n","protected":false},"featured_media":2204,"comment_status":"open","ping_status":"closed","template":"","meta":[],"product_cat":[45],"product_tag":[],"class_list":{"0":"post-2119","1":"product","2":"type-product","3":"status-publish","4":"has-post-thumbnail","6":"product_cat-anestesia","8":"first","9":"instock","10":"shipping-taxable","11":"purchasable","12":"product-type-simple"},"_links":{"self":[{"href":"https:\/\/blank.net.do\/globalmedica\/es\/wp-json\/wp\/v2\/product\/2119","targetHints":{"allow":["GET"]}}],"collection":[{"href":"https:\/\/blank.net.do\/globalmedica\/es\/wp-json\/wp\/v2\/product"}],"about":[{"href":"https:\/\/blank.net.do\/globalmedica\/es\/wp-json\/wp\/v2\/types\/product"}],"replies":[{"embeddable":true,"href":"https:\/\/blank.net.do\/globalmedica\/es\/wp-json\/wp\/v2\/comments?post=2119"}],"wp:featuredmedia":[{"embeddable":true,"href":"https:\/\/blank.net.do\/globalmedica\/es\/wp-json\/wp\/v2\/media\/2204"}],"wp:attachment":[{"href":"https:\/\/blank.net.do\/globalmedica\/es\/wp-json\/wp\/v2\/media?parent=2119"}],"wp:term":[{"taxonomy":"product_cat","embeddable":true,"href":"https:\/\/blank.net.do\/globalmedica\/es\/wp-json\/wp\/v2\/product_cat?post=2119"},{"taxonomy":"product_tag","embeddable":true,"href":"https:\/\/blank.net.do\/globalmedica\/es\/wp-json\/wp\/v2\/product_tag?post=2119"}],"curies":[{"name":"wp","href":"https:\/\/api.w.org\/{rel}","templated":true}]}}